{"id":1037,"date":"2020-10-29T11:44:15","date_gmt":"2020-10-29T11:44:15","guid":{"rendered":"https:\/\/www.indigoverona.com\/?page_id=1037"},"modified":"2021-01-08T11:01:46","modified_gmt":"2021-01-08T11:01:46","slug":"thank-you-page","status":"publish","type":"page","link":"https:\/\/www.indigoverona.com\/de\/thank-you-page\/","title":{"rendered":"Danke, dass sie uns kontaktiert haben!"},"content":{"rendered":"<p style=\"text-align: center\"><strong>Danke, dass sie uns kontaktiert haben!<\/strong><br \/>\nWir werden uns in K\u00fcrze mit Ihnen in Verbindung setzen. Wenn Sie dringend Hilfe bei R\u00fcckmeldungen ben\u00f6tigen, k\u00f6nnen Sie sich gerne an uns wenden<br \/>\nper Telefon <a href=\"tel:+39 045 595 600\">+39 045 595 600<\/a> oder per E-Mail: <a href=\"mailto:info@indigoverona.com\">info@indigoverona.com<\/a><\/p>\n","protected":false},"excerpt":{"rendered":"<p>Danke, dass sie uns kontaktiert haben! Wir werden uns in K\u00fcrze mit Ihnen in Verbindung setzen. Wenn Sie dringend Hilfe bei R\u00fcckmeldungen ben\u00f6tigen, k\u00f6nnen Sie sich gerne an uns wenden per Telefon +39 045 595 600 oder per E-Mail: info@indigoverona.com<\/p>\n","protected":false},"author":9,"featured_media":0,"parent":0,"menu_order":9999,"comment_status":"closed","ping_status":"closed","template":"template-thankyou-page.php","meta":{"footnotes":""},"class_list":["post-1037","page","type-page","status-publish","hentry"],"yoast_head":"<!-- This site is optimized with the Yoast SEO plugin v26.9 - https:\/\/yoast.com\/product\/yoast-seo-wordpress\/ -->\n<title>Danke, dass sie uns kontaktiert haben! - Hotel Indigo Verona - Grand Hotel Des Arts<\/title>\n<meta name=\"robots\" content=\"noindex, follow\" \/>\n<meta property=\"og:locale\" content=\"de_DE\" \/>\n<meta property=\"og:type\" content=\"article\" \/>\n<meta property=\"og:title\" content=\"Danke, dass sie uns kontaktiert haben! - Hotel Indigo Verona - Grand Hotel Des Arts\" \/>\n<meta property=\"og:description\" content=\"Danke, dass sie uns kontaktiert haben! Wir werden uns in K\u00fcrze mit Ihnen in Verbindung setzen. Wenn Sie dringend Hilfe bei R\u00fcckmeldungen ben\u00f6tigen, k\u00f6nnen Sie sich gerne an uns wenden per Telefon +39 045 595 600 oder per E-Mail: info@indigoverona.com\" \/>\n<meta property=\"og:url\" content=\"https:\/\/www.indigoverona.com\/de\/thank-you-page\/\" \/>\n<meta property=\"og:site_name\" content=\"Hotel Indigo Verona - Grand Hotel Des Arts\" \/>\n<meta property=\"article:modified_time\" content=\"2021-01-08T11:01:46+00:00\" \/>\n<meta name=\"twitter:card\" content=\"summary_large_image\" \/>\n<script type=\"application\/ld+json\" class=\"yoast-schema-graph\">{\"@context\":\"https:\/\/schema.org\",\"@graph\":[{\"@type\":\"WebPage\",\"@id\":\"https:\/\/www.indigoverona.com\/de\/thank-you-page\/\",\"url\":\"https:\/\/www.indigoverona.com\/de\/thank-you-page\/\",\"name\":\"Danke, dass sie uns kontaktiert haben! - Hotel Indigo Verona - Grand Hotel Des Arts\",\"isPartOf\":{\"@id\":\"https:\/\/www.indigoverona.com\/de\/#website\"},\"datePublished\":\"2020-10-29T11:44:15+00:00\",\"dateModified\":\"2021-01-08T11:01:46+00:00\",\"breadcrumb\":{\"@id\":\"https:\/\/www.indigoverona.com\/de\/thank-you-page\/#breadcrumb\"},\"inLanguage\":\"de-DE\",\"potentialAction\":[{\"@type\":\"ReadAction\",\"target\":[\"https:\/\/www.indigoverona.com\/de\/thank-you-page\/\"]}]},{\"@type\":\"BreadcrumbList\",\"@id\":\"https:\/\/www.indigoverona.com\/de\/thank-you-page\/#breadcrumb\",\"itemListElement\":[{\"@type\":\"ListItem\",\"position\":1,\"name\":\"Home\",\"item\":\"https:\/\/www.indigoverona.com\/de\/\"},{\"@type\":\"ListItem\",\"position\":2,\"name\":\"Danke, dass sie uns kontaktiert haben!\"}]},{\"@type\":\"WebSite\",\"@id\":\"https:\/\/www.indigoverona.com\/de\/#website\",\"url\":\"https:\/\/www.indigoverona.com\/de\/\",\"name\":\"Hotel Indigo Verona - Grand Hotel Des Arts\",\"description\":\"Just another ms.decms.eu site\",\"potentialAction\":[{\"@type\":\"SearchAction\",\"target\":{\"@type\":\"EntryPoint\",\"urlTemplate\":\"https:\/\/www.indigoverona.com\/de\/?s={search_term_string}\"},\"query-input\":{\"@type\":\"PropertyValueSpecification\",\"valueRequired\":true,\"valueName\":\"search_term_string\"}}],\"inLanguage\":\"de-DE\"}]}<\/script>\n<!-- \/ Yoast SEO plugin. -->","yoast_head_json":{"title":"Danke, dass sie uns kontaktiert haben! - Hotel Indigo Verona - Grand Hotel Des Arts","robots":{"index":"noindex","follow":"follow"},"og_locale":"de_DE","og_type":"article","og_title":"Danke, dass sie uns kontaktiert haben! - Hotel Indigo Verona - Grand Hotel Des Arts","og_description":"Danke, dass sie uns kontaktiert haben! Wir werden uns in K\u00fcrze mit Ihnen in Verbindung setzen. Wenn Sie dringend Hilfe bei R\u00fcckmeldungen ben\u00f6tigen, k\u00f6nnen Sie sich gerne an uns wenden per Telefon +39 045 595 600 oder per E-Mail: info@indigoverona.com","og_url":"https:\/\/www.indigoverona.com\/de\/thank-you-page\/","og_site_name":"Hotel Indigo Verona - Grand Hotel Des Arts","article_modified_time":"2021-01-08T11:01:46+00:00","twitter_card":"summary_large_image","schema":{"@context":"https:\/\/schema.org","@graph":[{"@type":"WebPage","@id":"https:\/\/www.indigoverona.com\/de\/thank-you-page\/","url":"https:\/\/www.indigoverona.com\/de\/thank-you-page\/","name":"Danke, dass sie uns kontaktiert haben! - Hotel Indigo Verona - Grand Hotel Des Arts","isPartOf":{"@id":"https:\/\/www.indigoverona.com\/de\/#website"},"datePublished":"2020-10-29T11:44:15+00:00","dateModified":"2021-01-08T11:01:46+00:00","breadcrumb":{"@id":"https:\/\/www.indigoverona.com\/de\/thank-you-page\/#breadcrumb"},"inLanguage":"de-DE","potentialAction":[{"@type":"ReadAction","target":["https:\/\/www.indigoverona.com\/de\/thank-you-page\/"]}]},{"@type":"BreadcrumbList","@id":"https:\/\/www.indigoverona.com\/de\/thank-you-page\/#breadcrumb","itemListElement":[{"@type":"ListItem","position":1,"name":"Home","item":"https:\/\/www.indigoverona.com\/de\/"},{"@type":"ListItem","position":2,"name":"Danke, dass sie uns kontaktiert haben!"}]},{"@type":"WebSite","@id":"https:\/\/www.indigoverona.com\/de\/#website","url":"https:\/\/www.indigoverona.com\/de\/","name":"Hotel Indigo Verona - Grand Hotel Des Arts","description":"Just another ms.decms.eu site","potentialAction":[{"@type":"SearchAction","target":{"@type":"EntryPoint","urlTemplate":"https:\/\/www.indigoverona.com\/de\/?s={search_term_string}"},"query-input":{"@type":"PropertyValueSpecification","valueRequired":true,"valueName":"search_term_string"}}],"inLanguage":"de-DE"}]}},"acf":[],"_links":{"self":[{"href":"https:\/\/www.indigoverona.com\/de\/wp-json\/wp\/v2\/pages\/1037","targetHints":{"allow":["GET"]}}],"collection":[{"href":"https:\/\/www.indigoverona.com\/de\/wp-json\/wp\/v2\/pages"}],"about":[{"href":"https:\/\/www.indigoverona.com\/de\/wp-json\/wp\/v2\/types\/page"}],"author":[{"embeddable":true,"href":"https:\/\/www.indigoverona.com\/de\/wp-json\/wp\/v2\/users\/9"}],"replies":[{"embeddable":true,"href":"https:\/\/www.indigoverona.com\/de\/wp-json\/wp\/v2\/comments?post=1037"}],"version-history":[{"count":0,"href":"https:\/\/www.indigoverona.com\/de\/wp-json\/wp\/v2\/pages\/1037\/revisions"}],"wp:attachment":[{"href":"https:\/\/www.indigoverona.com\/de\/wp-json\/wp\/v2\/media?parent=1037"}],"curies":[{"name":"wp","href":"https:\/\/api.w.org\/{rel}","templated":true}]}}