{"id":1101,"date":"2020-12-23T15:13:59","date_gmt":"2020-12-23T15:13:59","guid":{"rendered":"https:\/\/www.indigoverona.com\/?page_id=1101"},"modified":"2023-09-29T12:36:56","modified_gmt":"2023-09-29T12:36:56","slug":"unser-bistrot","status":"publish","type":"page","link":"https:\/\/www.indigoverona.com\/de\/arya-bar-mixology\/unser-bistrot\/","title":{"rendered":"Unser Bistrot"},"content":{"rendered":"<h3>Lassen Sie sich verlocken von der K\u00fcche von Arya Bar, dem Bistrot unseres Hotels Indigo Verona, und genie\u00dfen Sie ein ganz anderes Flair als im \u00fcblichen Restaurant.<\/h3>\n<p>Sie suchen nach einem <strong>Hotel mit Restaurant<\/strong>? Die <strong>Arya Bar &amp; Mixology<\/strong> des Hotels Indigo Verona ist ein <strong>Bistrot mit elegantem<\/strong>, erlesenem Look, wo Sie k\u00f6stliche Gerichte der reichhaltigen <strong>traditionellen K\u00fcche Italiens<\/strong> genie\u00dfen k\u00f6nnen.<\/p>\n<p><strong>F\u00fcr die Hotelg\u00e4ste t\u00e4glich von 11.00 bis 23.00 Uhr ge\u00f6ffnet<\/strong> \u2013 auch f\u00fcr ein <strong>Mittag- oder Abendessen im Hotel<\/strong> \u2013, bietet es Ihnen nicht nur die Gelegenheit, vorz\u00fcgliche, <strong>sorgf\u00e4ltig ausgew\u00e4hlte Weine<\/strong> und <strong>raffinierte Cocktails<\/strong> zu kosten, sondern auch die Angebote an <a href=\"https:\/\/foodboard.it\/arya-bar\/menu-bistrot-arya-bar\/?language=en\" target=\"_blank\" rel=\"noopener\"><strong>gesellige und gem\u00fctliche Bistro-Gerichte im <em>Indigo-Stil<\/em><\/strong><\/a>.<\/p>\n<p>Und das in erlesen eingerichteten R\u00e4umlichkeiten mit unverwechselbarem Stil.<\/p>\n<p>Wenn Sie zudem einen k\u00f6stlichen Imbiss in der komfortablen Zur\u00fcckgezogenheit Ihres Zimmers genie\u00dfen m\u00f6chten, ist unser <strong>Zimmerservice<\/strong> f\u00fcr Sie da.<\/p>\n","protected":false},"excerpt":{"rendered":"<p>Lassen Sie sich verlocken von der K\u00fcche von Arya Bar, dem Bistrot unseres Hotels Indigo Verona, und genie\u00dfen Sie ein ganz anderes Flair als im \u00fcblichen Restaurant. Sie suchen nach einem Hotel mit Restaurant? Die Arya Bar &amp; Mixology des Hotels Indigo Verona ist ein Bistrot mit elegantem, erlesenem Look, wo Sie k\u00f6stliche Gerichte der [&hellip;]<\/p>\n","protected":false},"author":4,"featured_media":0,"parent":648,"menu_order":1,"comment_status":"closed","ping_status":"closed","template":"","meta":{"footnotes":""},"class_list":["post-1101","page","type-page","status-publish","hentry"],"yoast_head":"<!-- This site is optimized with the Yoast SEO plugin v26.9 - https:\/\/yoast.com\/product\/yoast-seo-wordpress\/ -->\n<title>Hotel mit Bistrot Restaurant | Hotel Indigo Verona - Grand Hotel Des Arts<\/title>\n<meta name=\"description\" content=\"Das Hotel Indigo Verona empf\u00e4ngt seine G\u00e4ste zum Mittag- und Abendessen: die kulinarische Tradition Veronas erwartet Sie in unserem Bistro-Restaurant!\" \/>\n<meta name=\"robots\" content=\"index, follow, max-snippet:-1, max-image-preview:large, max-video-preview:-1\" \/>\n<link rel=\"canonical\" href=\"https:\/\/www.indigoverona.com\/de\/arya-bar-mixology\/unser-bistrot\/\" \/>\n<meta property=\"og:locale\" content=\"de_DE\" \/>\n<meta property=\"og:type\" content=\"article\" \/>\n<meta property=\"og:title\" content=\"Hotel mit Bistrot Restaurant | Hotel Indigo Verona - Grand Hotel Des Arts\" \/>\n<meta property=\"og:description\" content=\"Das Hotel Indigo Verona empf\u00e4ngt seine G\u00e4ste zum Mittag- und Abendessen: die kulinarische Tradition Veronas erwartet Sie in unserem Bistro-Restaurant!\" \/>\n<meta property=\"og:url\" content=\"https:\/\/www.indigoverona.com\/de\/arya-bar-mixology\/unser-bistrot\/\" \/>\n<meta property=\"og:site_name\" content=\"Hotel Indigo Verona - Grand Hotel Des Arts\" \/>\n<meta property=\"article:modified_time\" content=\"2023-09-29T12:36:56+00:00\" \/>\n<meta name=\"twitter:card\" content=\"summary_large_image\" \/>\n<meta name=\"twitter:label1\" content=\"Gesch\u00e4tzte Lesezeit\" \/>\n\t<meta name=\"twitter:data1\" content=\"1 Minute\" \/>\n<script type=\"application\/ld+json\" class=\"yoast-schema-graph\">{\"@context\":\"https:\/\/schema.org\",\"@graph\":[{\"@type\":\"WebPage\",\"@id\":\"https:\/\/www.indigoverona.com\/de\/arya-bar-mixology\/unser-bistrot\/\",\"url\":\"https:\/\/www.indigoverona.com\/de\/arya-bar-mixology\/unser-bistrot\/\",\"name\":\"Hotel mit Bistrot Restaurant | Hotel Indigo Verona - Grand Hotel Des Arts\",\"isPartOf\":{\"@id\":\"https:\/\/www.indigoverona.com\/de\/#website\"},\"datePublished\":\"2020-12-23T15:13:59+00:00\",\"dateModified\":\"2023-09-29T12:36:56+00:00\",\"description\":\"Das Hotel Indigo Verona empf\u00e4ngt seine G\u00e4ste zum Mittag- und Abendessen: die kulinarische Tradition Veronas erwartet Sie in unserem Bistro-Restaurant!\",\"breadcrumb\":{\"@id\":\"https:\/\/www.indigoverona.com\/de\/arya-bar-mixology\/unser-bistrot\/#breadcrumb\"},\"inLanguage\":\"de-DE\",\"potentialAction\":[{\"@type\":\"ReadAction\",\"target\":[\"https:\/\/www.indigoverona.com\/de\/arya-bar-mixology\/unser-bistrot\/\"]}]},{\"@type\":\"BreadcrumbList\",\"@id\":\"https:\/\/www.indigoverona.com\/de\/arya-bar-mixology\/unser-bistrot\/#breadcrumb\",\"itemListElement\":[{\"@type\":\"ListItem\",\"position\":1,\"name\":\"Home\",\"item\":\"https:\/\/www.indigoverona.com\/de\/\"},{\"@type\":\"ListItem\",\"position\":2,\"name\":\"Arya Bar &amp; Mixology\",\"item\":\"https:\/\/www.indigoverona.com\/de\/arya-bar-mixology\/\"},{\"@type\":\"ListItem\",\"position\":3,\"name\":\"Unser Bistrot\"}]},{\"@type\":\"WebSite\",\"@id\":\"https:\/\/www.indigoverona.com\/de\/#website\",\"url\":\"https:\/\/www.indigoverona.com\/de\/\",\"name\":\"Hotel Indigo Verona - Grand Hotel Des Arts\",\"description\":\"Just another ms.decms.eu site\",\"potentialAction\":[{\"@type\":\"SearchAction\",\"target\":{\"@type\":\"EntryPoint\",\"urlTemplate\":\"https:\/\/www.indigoverona.com\/de\/?s={search_term_string}\"},\"query-input\":{\"@type\":\"PropertyValueSpecification\",\"valueRequired\":true,\"valueName\":\"search_term_string\"}}],\"inLanguage\":\"de-DE\"}]}<\/script>\n<!-- \/ Yoast SEO plugin. -->","yoast_head_json":{"title":"Hotel mit Bistrot Restaurant | Hotel Indigo Verona - Grand Hotel Des Arts","description":"Das Hotel Indigo Verona empf\u00e4ngt seine G\u00e4ste zum Mittag- und Abendessen: die kulinarische Tradition Veronas erwartet Sie in unserem Bistro-Restaurant!","robots":{"index":"index","follow":"follow","max-snippet":"max-snippet:-1","max-image-preview":"max-image-preview:large","max-video-preview":"max-video-preview:-1"},"canonical":"https:\/\/www.indigoverona.com\/de\/arya-bar-mixology\/unser-bistrot\/","og_locale":"de_DE","og_type":"article","og_title":"Hotel mit Bistrot Restaurant | Hotel Indigo Verona - Grand Hotel Des Arts","og_description":"Das Hotel Indigo Verona empf\u00e4ngt seine G\u00e4ste zum Mittag- und Abendessen: die kulinarische Tradition Veronas erwartet Sie in unserem Bistro-Restaurant!","og_url":"https:\/\/www.indigoverona.com\/de\/arya-bar-mixology\/unser-bistrot\/","og_site_name":"Hotel Indigo Verona - Grand Hotel Des Arts","article_modified_time":"2023-09-29T12:36:56+00:00","twitter_card":"summary_large_image","twitter_misc":{"Gesch\u00e4tzte Lesezeit":"1 Minute"},"schema":{"@context":"https:\/\/schema.org","@graph":[{"@type":"WebPage","@id":"https:\/\/www.indigoverona.com\/de\/arya-bar-mixology\/unser-bistrot\/","url":"https:\/\/www.indigoverona.com\/de\/arya-bar-mixology\/unser-bistrot\/","name":"Hotel mit Bistrot Restaurant | Hotel Indigo Verona - Grand Hotel Des Arts","isPartOf":{"@id":"https:\/\/www.indigoverona.com\/de\/#website"},"datePublished":"2020-12-23T15:13:59+00:00","dateModified":"2023-09-29T12:36:56+00:00","description":"Das Hotel Indigo Verona empf\u00e4ngt seine G\u00e4ste zum Mittag- und Abendessen: die kulinarische Tradition Veronas erwartet Sie in unserem Bistro-Restaurant!","breadcrumb":{"@id":"https:\/\/www.indigoverona.com\/de\/arya-bar-mixology\/unser-bistrot\/#breadcrumb"},"inLanguage":"de-DE","potentialAction":[{"@type":"ReadAction","target":["https:\/\/www.indigoverona.com\/de\/arya-bar-mixology\/unser-bistrot\/"]}]},{"@type":"BreadcrumbList","@id":"https:\/\/www.indigoverona.com\/de\/arya-bar-mixology\/unser-bistrot\/#breadcrumb","itemListElement":[{"@type":"ListItem","position":1,"name":"Home","item":"https:\/\/www.indigoverona.com\/de\/"},{"@type":"ListItem","position":2,"name":"Arya Bar &amp; Mixology","item":"https:\/\/www.indigoverona.com\/de\/arya-bar-mixology\/"},{"@type":"ListItem","position":3,"name":"Unser Bistrot"}]},{"@type":"WebSite","@id":"https:\/\/www.indigoverona.com\/de\/#website","url":"https:\/\/www.indigoverona.com\/de\/","name":"Hotel Indigo Verona - Grand Hotel Des Arts","description":"Just another ms.decms.eu site","potentialAction":[{"@type":"SearchAction","target":{"@type":"EntryPoint","urlTemplate":"https:\/\/www.indigoverona.com\/de\/?s={search_term_string}"},"query-input":{"@type":"PropertyValueSpecification","valueRequired":true,"valueName":"search_term_string"}}],"inLanguage":"de-DE"}]}},"acf":[],"_links":{"self":[{"href":"https:\/\/www.indigoverona.com\/de\/wp-json\/wp\/v2\/pages\/1101","targetHints":{"allow":["GET"]}}],"collection":[{"href":"https:\/\/www.indigoverona.com\/de\/wp-json\/wp\/v2\/pages"}],"about":[{"href":"https:\/\/www.indigoverona.com\/de\/wp-json\/wp\/v2\/types\/page"}],"author":[{"embeddable":true,"href":"https:\/\/www.indigoverona.com\/de\/wp-json\/wp\/v2\/users\/4"}],"replies":[{"embeddable":true,"href":"https:\/\/www.indigoverona.com\/de\/wp-json\/wp\/v2\/comments?post=1101"}],"version-history":[{"count":0,"href":"https:\/\/www.indigoverona.com\/de\/wp-json\/wp\/v2\/pages\/1101\/revisions"}],"up":[{"embeddable":true,"href":"https:\/\/www.indigoverona.com\/de\/wp-json\/wp\/v2\/pages\/648"}],"wp:attachment":[{"href":"https:\/\/www.indigoverona.com\/de\/wp-json\/wp\/v2\/media?parent=1101"}],"curies":[{"name":"wp","href":"https:\/\/api.w.org\/{rel}","templated":true}]}}