{"id":1801,"date":"2023-02-07T08:49:31","date_gmt":"2023-02-07T08:49:31","guid":{"rendered":"https:\/\/www.indigoverona.com\/?page_id=1801"},"modified":"2023-02-22T14:23:01","modified_gmt":"2023-02-22T14:23:01","slug":"a-landing-hotel-indigo-verona-grand-hotel-des-arts","status":"publish","type":"page","link":"https:\/\/www.indigoverona.com\/de\/a-landing-hotel-indigo-verona-grand-hotel-des-arts\/","title":{"rendered":"Hotel Indigo Verona &#8211; Grand Hotel Des Arts"},"content":{"rendered":"<p><a name=\"form\"><\/a><\/p>\n<h2 style=\"text-align: center\">Das Boutiquehotel, in dem Gastfreundschaft auf Kunst trifft und etwas Innovatives und Au\u00dfergew\u00f6hnliches entsteht<\/h2>\n<p style=\"text-align: center\">Ob f\u00fcr eine Gesch\u00e4ftsreise zu den Veranstaltungen der <strong>Messe Verona<\/strong> oder f\u00fcr einen unvergesslichen Abend bei den <strong>Opernfestspielen in der Arena<\/strong>, das Hotel Indigo Verona ist bereit, Sie zu empfangen und Ihre Bed\u00fcrfnisse zu erf\u00fcllen mit <strong>vorteilhafte Pakete, ma\u00dfgeschneiderte Dienstleistungen und exklusive Vorteile<\/strong>. F\u00fcllen Sie das Formular mit allen Angaben zu Ihrem Aufenthalt in Verona aus, um eine schnelle und unverbindliche Antwort mit unserem <strong>besten pers\u00f6nlichen Angebot<\/strong> zu erhalten!<\/p>\n<p style=\"text-align: center\">\n                <div class='gf_browser_gecko gform_wrapper' id='gform_wrapper_27' ><div id='gf_27' class='gform_anchor' tabindex='-1'><\/div><form method='post' enctype='multipart\/form-data' target='gform_ajax_frame_27' id='gform_27'  action='\/de\/wp-json\/wp\/v2\/pages\/1801#gf_27'>\n                        <div class='gform_body'><ul id='gform_fields_27' class='gform_fields top_label form_sublabel_below description_below'><li id='field_27_1'  class='gfield gravity_label_request medium gfield_contains_required field_sublabel_below field_description_below gfield_visibility_visible' ><label class='gfield_label' for='input_27_1' >Check in<span class='gfield_required'>*<\/span><\/label><div class='ginput_container ginput_container_date'>\n                            <input name='input_1' id='input_27_1' type='text' value='' class='datepicker medium dmy datepicker_with_icon'    aria-describedby='input_27_1_date_format' \/>\n                            <span id='input_27_1_date_format' class='screen-reader-text'>Date Format: TT Schr\u00e4gstrich MM Schr\u00e4gstrich JJJJ<\/span>\n                        <\/div>\n                        <input type='hidden' id='gforms_calendar_icon_input_27_1' class='gform_hidden' value='https:\/\/www.indigoverona.com\/wp-content\/plugins\/gravityforms\/images\/calendar.png'\/><\/li><li id='field_27_2'  class='gfield gravity_label_request medium gfield_contains_required field_sublabel_below field_description_below gfield_visibility_visible' ><label class='gfield_label' for='input_27_2' >Check out<span class='gfield_required'>*<\/span><\/label><div class='ginput_container ginput_container_date'>\n                            <input name='input_2' id='input_27_2' type='text' value='' class='datepicker medium dmy datepicker_with_icon'    aria-describedby='input_27_2_date_format' \/>\n                            <span id='input_27_2_date_format' class='screen-reader-text'>Date Format: TT Schr\u00e4gstrich MM Schr\u00e4gstrich JJJJ<\/span>\n                        <\/div>\n                        <input type='hidden' id='gforms_calendar_icon_input_27_2' class='gform_hidden' value='https:\/\/www.indigoverona.com\/wp-content\/plugins\/gravityforms\/images\/calendar.png'\/><\/li><li id='field_27_3'  class='gfield gravity_label_request small gfield_contains_required field_sublabel_below field_description_below gfield_visibility_visible' ><label class='gfield_label' for='input_27_3' >Rooms<span class='gfield_required'>*<\/span><\/label><div class='ginput_container ginput_container_select'><select name='input_3' id='input_27_3' class='medium gfield_select'   aria-required=\"true\" aria-invalid=\"false\"><option value='1' selected='selected'>1<\/option><option value='2' >2<\/option><option value='3' >3<\/option><option value='4' >4<\/option><option value='5' >5<\/option><option value='6' >6<\/option><option value='7' >7<\/option><option value='8' >8<\/option><option value='9' >9<\/option><option value='10' >10<\/option><option value='11' >11<\/option><option value='12' >12<\/option><option value='13' >13<\/option><option value='14' >14<\/option><option value='15' >15<\/option><option value='16' >16<\/option><option value='17' >17<\/option><option value='18' >18<\/option><option value='19' >19<\/option><option value='20' >20<\/option><\/select><\/div><\/li><li id='field_27_4'  class='gfield gravity_label_request small gfield_contains_required field_sublabel_below field_description_below gfield_visibility_visible' ><label class='gfield_label' for='input_27_4' >Adults<span class='gfield_required'>*<\/span><\/label><div class='ginput_container ginput_container_select'><select name='input_4' id='input_27_4' class='medium gfield_select'   aria-required=\"true\" aria-invalid=\"false\"><option value='1' >1<\/option><option value='2' selected='selected'>2<\/option><option value='3' >3<\/option><option value='4' >4<\/option><option value='5' >5<\/option><option value='6' >6<\/option><option value='7' >7<\/option><option value='8' >8<\/option><option value='9' >9<\/option><option value='10' >10<\/option><option value='11' >11<\/option><option value='12' >12<\/option><option value='13' >13<\/option><option value='14' >14<\/option><option value='15' >15<\/option><option value='16' >16<\/option><option value='17' >17<\/option><option value='18' >18<\/option><option value='19' >19<\/option><option value='20' >20<\/option><\/select><\/div><\/li><li id='field_27_5'  class='gfield gravity_label_request small gfield_contains_required field_sublabel_below field_description_below gfield_visibility_visible' ><label class='gfield_label' for='input_27_5' >Children<span class='gfield_required'>*<\/span><\/label><div class='ginput_container ginput_container_select'><select name='input_5' id='input_27_5' class='medium gfield_select'   aria-required=\"true\" aria-invalid=\"false\"><option value='0' selected='selected'>0<\/option><option value='1' >1<\/option><option value='2' >2<\/option><option value='3' >3<\/option><option value='4' >4<\/option><option value='5' >5<\/option><option value='6' >6<\/option><option value='7' >7<\/option><option value='8' >8<\/option><option value='9' >9<\/option><option value='10' >10<\/option><\/select><\/div><\/li><li id='field_27_6'  class='gfield gravity_label_request medium gfield_contains_required field_sublabel_below field_description_below gfield_visibility_visible' ><label class='gfield_label' for='input_27_6' >Name<span class='gfield_required'>*<\/span><\/label><div class='ginput_container ginput_container_text'><input name='input_6' id='input_27_6' type='text' value='' class='medium'     aria-required=\"true\" aria-invalid=\"false\" \/><\/div><\/li><li id='field_27_7'  class='gfield gravity_label_request medium gfield_contains_required field_sublabel_below field_description_below gfield_visibility_visible' ><label class='gfield_label' for='input_27_7' >Surname<span class='gfield_required'>*<\/span><\/label><div class='ginput_container ginput_container_text'><input name='input_7' id='input_27_7' type='text' value='' class='medium'     aria-required=\"true\" aria-invalid=\"false\" \/><\/div><\/li><li id='field_27_8'  class='gfield gravity_label_request medium gfield_contains_required field_sublabel_below field_description_below gfield_visibility_visible' ><label class='gfield_label' for='input_27_8' >Email<span class='gfield_required'>*<\/span><\/label><div class='ginput_container ginput_container_email'>\n                            <input name='input_8' id='input_27_8' type='text' value='' class='medium'    aria-required=\"true\" aria-invalid=\"false\" \/>\n                        <\/div><\/li><li id='field_27_9'  class='gfield gravity_label_request medium field_sublabel_below field_description_below gfield_visibility_visible' ><label class='gfield_label' for='input_27_9' >Telephone<\/label><div class='ginput_container ginput_container_phone'><input name='input_9' id='input_27_9' type='text' value='' class='medium'    aria-invalid=\"false\"  \/><\/div><\/li><li id='field_27_10'  class='gfield gravity_label_request full field_sublabel_below field_description_below gfield_visibility_visible' ><label class='gfield_label' for='input_27_10' >Message<\/label><div class='ginput_container ginput_container_textarea'><textarea name='input_10' id='input_27_10' class='textarea medium'      aria-invalid=\"false\"   rows='10' cols='50'><\/textarea><\/div><\/li><li id='field_27_12'  class='gfield gravity_label_request full consent gfield_contains_required field_sublabel_below field_description_below gfield_visibility_visible' ><label class='gfield_label'  >Privacy<span class='gfield_required'>*<\/span><\/label><div class='ginput_container ginput_container_consent'><input name='input_12.1' id='input_27_12_1' type='checkbox' value='1'   aria-required=\"true\" aria-invalid=\"false\"   \/> <label class=\"gfield_consent_label\" for='input_27_12_1' >Ich best\u00e4tige, dass ich die <a href=\"\/privacy\"> Datenschutzerkl\u00e4rung <\/a> gelesen habe und der Verarbeitung meiner personenbezogenen Daten zustimme.<\/label><input type='hidden' name='input_12.2' value='Ich best\u00e4tige, dass ich die &lt;a href=&quot;\/privacy&quot;&gt; Datenschutzerkl\u00e4rung &lt;\/a&gt; gelesen habe und der Verarbeitung meiner personenbezogenen Daten zustimme.' class='gform_hidden' \/><input type='hidden' name='input_12.3' value='3' class='gform_hidden' \/><\/div><\/li><li id='field_27_20'  class='gfield field_sublabel_below field_description_below gfield_visibility_visible' ><label class='gfield_label'  >Newsletter<\/label><div class='ginput_container ginput_container_consent'><input name='input_20.1' id='input_27_20_1' type='checkbox' value='1'    aria-invalid=\"false\"   \/> <label class=\"gfield_consent_label\" for='input_27_20_1' >Ich gebe mein Einverst\u00e4ndnis zum Versand von Newslettern<\/label><input type='hidden' name='input_20.2' value='Ich gebe mein Einverst\u00e4ndnis zum Versand von Newslettern' class='gform_hidden' \/><input type='hidden' name='input_20.3' value='3' class='gform_hidden' \/><\/div><\/li><li id='field_27_13'  class='gfield field_sublabel_below field_description_below gfield_visibility_visible' ><label class='gfield_label' for='input_27_13' >CAPTCHA<\/label><div id='input_27_13' class='ginput_container ginput_recaptcha' data-sitekey='6LfXg9YZAAAAAG_SqMSchbkryOuJ8JDjOaHKV8Xt'  data-theme='light' data-tabindex='0'  data-badge=''><\/div><\/li><li id='field_27_21'  class='gfield gform_validation_container field_sublabel_below field_description_below gfield_visibility_visible' ><label class='gfield_label' for='input_27_21' >Name<\/label><div class='ginput_container'><input name='input_21' id='input_27_21' type='text' value='' \/><\/div><div class='gfield_description' id='gfield_description_27_21'>Dieses Feld dient zur Validierung und sollte nicht ver\u00e4ndert werden.<\/div><\/li>\n                            <\/ul><\/div>\n        <div class='gform_footer top_label'> <input type='submit' id='gform_submit_button_27' class='gform_button button' value='Eine Anfrage stellen'  onclick='if(window[\"gf_submitting_27\"]){return false;}  window[\"gf_submitting_27\"]=true;  ' onkeypress='if( event.keyCode == 13 ){ if(window[\"gf_submitting_27\"]){return false;} window[\"gf_submitting_27\"]=true;  jQuery(\"#gform_27\").trigger(\"submit\",[true]); }' \/> <input type='hidden' name='gform_ajax' value='form_id=27&amp;title=&amp;description=&amp;tabindex=0' \/>\n            <input type='hidden' class='gform_hidden' name='is_submit_27' value='1' \/>\n            <input type='hidden' class='gform_hidden' name='gform_submit' value='27' \/>\n            \n            <input type='hidden' class='gform_hidden' name='gform_unique_id' value='' \/>\n            <input type='hidden' class='gform_hidden' name='state_27' value='WyJ7XCIxMi4xXCI6XCJmMWZjNTIxZWI2ZDIwYTdjZTE3OWMzMDlmZWE4MzdkN1wiLFwiMTIuMlwiOlwiMmJmZjhhN2M0MjgzODk3MGE4NjI3ODgzZWRmZDcyOTJcIixcIjEyLjNcIjpcIjc4NGQyNTA2NDZiMmMyMzQ1NGRlMTQwYTllNGZkNDFhXCIsXCIyMC4xXCI6XCJmMWZjNTIxZWI2ZDIwYTdjZTE3OWMzMDlmZWE4MzdkN1wiLFwiMjAuMlwiOlwiNmYwYWEzN2UxNzU5ZjhjNTA5YWQyMGFkMjE5OTkzZDJcIixcIjIwLjNcIjpcIjc4NGQyNTA2NDZiMmMyMzQ1NGRlMTQwYTllNGZkNDFhXCJ9IiwiOTlkODU3ZDNmYzYyYThmMzg5NmJjZDU3NmU0ZTNkZGQiXQ==' \/>\n            <input type='hidden' class='gform_hidden' name='gform_target_page_number_27' id='gform_target_page_number_27' value='0' \/>\n            <input type='hidden' class='gform_hidden' name='gform_source_page_number_27' id='gform_source_page_number_27' value='1' \/>\n            <input type='hidden' name='gform_field_values' value='' \/>\n            \n        <\/div>\n                        <\/form>\n                        <\/div>\n                <iframe style='display:none;width:0px;height:0px;' src='about:blank' name='gform_ajax_frame_27' id='gform_ajax_frame_27' title='Dieser iframe enth\u00e4lt die erforderliche Logik um Gravity Forms Formulare mit AJAX zu handhaben.'><\/iframe>\n                <script type='text\/javascript'>jQuery(document).ready(function($){gformInitSpinner( 27, 'https:\/\/www.indigoverona.com\/wp-content\/plugins\/gravityforms\/images\/spinner.gif' );jQuery('#gform_ajax_frame_27').on('load',function(){var contents = jQuery(this).contents().find('*').html();var is_postback = contents.indexOf('GF_AJAX_POSTBACK') >= 0;if(!is_postback){return;}var form_content = jQuery(this).contents().find('#gform_wrapper_27');var is_confirmation = jQuery(this).contents().find('#gform_confirmation_wrapper_27').length > 0;var is_redirect = contents.indexOf('gformRedirect(){') >= 0;var is_form = form_content.length > 0 && ! is_redirect && ! is_confirmation;var mt = parseInt(jQuery('html').css('margin-top'), 10) + parseInt(jQuery('body').css('margin-top'), 10) + 100;if(is_form){jQuery('#gform_wrapper_27').html(form_content.html());if(form_content.hasClass('gform_validation_error')){jQuery('#gform_wrapper_27').addClass('gform_validation_error');} else {jQuery('#gform_wrapper_27').removeClass('gform_validation_error');}setTimeout( function() { \/* delay the scroll by 50 milliseconds to fix a bug in chrome *\/ jQuery(document).scrollTop(jQuery('#gform_wrapper_27').offset().top - mt); }, 50 );if(window['gformInitDatepicker']) {gformInitDatepicker();}if(window['gformInitPriceFields']) {gformInitPriceFields();}var current_page = jQuery('#gform_source_page_number_27').val();gformInitSpinner( 27, 'https:\/\/www.indigoverona.com\/wp-content\/plugins\/gravityforms\/images\/spinner.gif' );jQuery(document).trigger('gform_page_loaded', [27, current_page]);window['gf_submitting_27'] = false;}else if(!is_redirect){var confirmation_content = jQuery(this).contents().find('.GF_AJAX_POSTBACK').html();if(!confirmation_content){confirmation_content = contents;}setTimeout(function(){jQuery('#gform_wrapper_27').replaceWith(confirmation_content);jQuery(document).scrollTop(jQuery('#gf_27').offset().top - mt);jQuery(document).trigger('gform_confirmation_loaded', [27]);window['gf_submitting_27'] = false;}, 50);}else{jQuery('#gform_27').append(contents);if(window['gformRedirect']) {gformRedirect();}}jQuery(document).trigger('gform_post_render', [27, current_page]);} );} );<\/script><\/p>\n","protected":false},"excerpt":{"rendered":"<p>Das Boutiquehotel, in dem Gastfreundschaft auf Kunst trifft und etwas Innovatives und Au\u00dfergew\u00f6hnliches entsteht Ob f\u00fcr eine Gesch\u00e4ftsreise zu den Veranstaltungen der Messe Verona oder f\u00fcr einen unvergesslichen Abend bei den Opernfestspielen in der Arena, das Hotel Indigo Verona ist bereit, Sie zu empfangen und Ihre Bed\u00fcrfnisse zu erf\u00fcllen mit vorteilhafte Pakete, ma\u00dfgeschneiderte Dienstleistungen und [&hellip;]<\/p>\n","protected":false},"author":157,"featured_media":0,"parent":0,"menu_order":0,"comment_status":"closed","ping_status":"closed","template":"","meta":{"footnotes":""},"class_list":["post-1801","page","type-page","status-publish","hentry"],"yoast_head":"<!-- This site is optimized with the Yoast SEO plugin v26.9 - https:\/\/yoast.com\/product\/yoast-seo-wordpress\/ -->\n<title>Willkommen im Hotel Indigo Verona - Grand Hotel Des Arts<\/title>\n<meta name=\"description\" content=\"Das 4-Sterne-Boutique-Hotel Indigo Verona befindet sich im Stadtzentrum, in der N\u00e4he der Arena und nur wenige Minuten von der Fiera di Verona entfernt.\" \/>\n<meta name=\"robots\" content=\"noindex, follow\" \/>\n<meta property=\"og:locale\" content=\"de_DE\" \/>\n<meta property=\"og:type\" content=\"article\" \/>\n<meta property=\"og:title\" content=\"Willkommen im Hotel Indigo Verona - Grand Hotel Des Arts\" \/>\n<meta property=\"og:description\" content=\"Das 4-Sterne-Boutique-Hotel Indigo Verona befindet sich im Stadtzentrum, in der N\u00e4he der Arena und nur wenige Minuten von der Fiera di Verona entfernt.\" \/>\n<meta property=\"og:url\" content=\"https:\/\/www.indigoverona.com\/de\/a-landing-hotel-indigo-verona-grand-hotel-des-arts\/\" \/>\n<meta property=\"og:site_name\" content=\"Hotel Indigo Verona - Grand Hotel Des Arts\" \/>\n<meta property=\"article:modified_time\" content=\"2023-02-22T14:23:01+00:00\" \/>\n<meta name=\"twitter:card\" content=\"summary_large_image\" \/>\n<meta name=\"twitter:label1\" content=\"Gesch\u00e4tzte Lesezeit\" \/>\n\t<meta name=\"twitter:data1\" content=\"1 Minute\" \/>\n<script type=\"application\/ld+json\" class=\"yoast-schema-graph\">{\"@context\":\"https:\/\/schema.org\",\"@graph\":[{\"@type\":\"WebPage\",\"@id\":\"https:\/\/www.indigoverona.com\/de\/a-landing-hotel-indigo-verona-grand-hotel-des-arts\/\",\"url\":\"https:\/\/www.indigoverona.com\/de\/a-landing-hotel-indigo-verona-grand-hotel-des-arts\/\",\"name\":\"Willkommen im Hotel Indigo Verona - Grand Hotel Des Arts\",\"isPartOf\":{\"@id\":\"https:\/\/www.indigoverona.com\/de\/#website\"},\"datePublished\":\"2023-02-07T08:49:31+00:00\",\"dateModified\":\"2023-02-22T14:23:01+00:00\",\"description\":\"Das 4-Sterne-Boutique-Hotel Indigo Verona befindet sich im Stadtzentrum, in der N\u00e4he der Arena und nur wenige Minuten von der Fiera di Verona entfernt.\",\"breadcrumb\":{\"@id\":\"https:\/\/www.indigoverona.com\/de\/a-landing-hotel-indigo-verona-grand-hotel-des-arts\/#breadcrumb\"},\"inLanguage\":\"de-DE\",\"potentialAction\":[{\"@type\":\"ReadAction\",\"target\":[\"https:\/\/www.indigoverona.com\/de\/a-landing-hotel-indigo-verona-grand-hotel-des-arts\/\"]}]},{\"@type\":\"BreadcrumbList\",\"@id\":\"https:\/\/www.indigoverona.com\/de\/a-landing-hotel-indigo-verona-grand-hotel-des-arts\/#breadcrumb\",\"itemListElement\":[{\"@type\":\"ListItem\",\"position\":1,\"name\":\"Home\",\"item\":\"https:\/\/www.indigoverona.com\/de\/\"},{\"@type\":\"ListItem\",\"position\":2,\"name\":\"Hotel Indigo Verona &#8211; Grand Hotel Des Arts\"}]},{\"@type\":\"WebSite\",\"@id\":\"https:\/\/www.indigoverona.com\/de\/#website\",\"url\":\"https:\/\/www.indigoverona.com\/de\/\",\"name\":\"Hotel Indigo Verona - Grand Hotel Des Arts\",\"description\":\"Just another ms.decms.eu site\",\"potentialAction\":[{\"@type\":\"SearchAction\",\"target\":{\"@type\":\"EntryPoint\",\"urlTemplate\":\"https:\/\/www.indigoverona.com\/de\/?s={search_term_string}\"},\"query-input\":{\"@type\":\"PropertyValueSpecification\",\"valueRequired\":true,\"valueName\":\"search_term_string\"}}],\"inLanguage\":\"de-DE\"}]}<\/script>\n<!-- \/ Yoast SEO plugin. -->","yoast_head_json":{"title":"Willkommen im Hotel Indigo Verona - Grand Hotel Des Arts","description":"Das 4-Sterne-Boutique-Hotel Indigo Verona befindet sich im Stadtzentrum, in der N\u00e4he der Arena und nur wenige Minuten von der Fiera di Verona entfernt.","robots":{"index":"noindex","follow":"follow"},"og_locale":"de_DE","og_type":"article","og_title":"Willkommen im Hotel Indigo Verona - Grand Hotel Des Arts","og_description":"Das 4-Sterne-Boutique-Hotel Indigo Verona befindet sich im Stadtzentrum, in der N\u00e4he der Arena und nur wenige Minuten von der Fiera di Verona entfernt.","og_url":"https:\/\/www.indigoverona.com\/de\/a-landing-hotel-indigo-verona-grand-hotel-des-arts\/","og_site_name":"Hotel Indigo Verona - Grand Hotel Des Arts","article_modified_time":"2023-02-22T14:23:01+00:00","twitter_card":"summary_large_image","twitter_misc":{"Gesch\u00e4tzte Lesezeit":"1 Minute"},"schema":{"@context":"https:\/\/schema.org","@graph":[{"@type":"WebPage","@id":"https:\/\/www.indigoverona.com\/de\/a-landing-hotel-indigo-verona-grand-hotel-des-arts\/","url":"https:\/\/www.indigoverona.com\/de\/a-landing-hotel-indigo-verona-grand-hotel-des-arts\/","name":"Willkommen im Hotel Indigo Verona - Grand Hotel Des Arts","isPartOf":{"@id":"https:\/\/www.indigoverona.com\/de\/#website"},"datePublished":"2023-02-07T08:49:31+00:00","dateModified":"2023-02-22T14:23:01+00:00","description":"Das 4-Sterne-Boutique-Hotel Indigo Verona befindet sich im Stadtzentrum, in der N\u00e4he der Arena und nur wenige Minuten von der Fiera di Verona entfernt.","breadcrumb":{"@id":"https:\/\/www.indigoverona.com\/de\/a-landing-hotel-indigo-verona-grand-hotel-des-arts\/#breadcrumb"},"inLanguage":"de-DE","potentialAction":[{"@type":"ReadAction","target":["https:\/\/www.indigoverona.com\/de\/a-landing-hotel-indigo-verona-grand-hotel-des-arts\/"]}]},{"@type":"BreadcrumbList","@id":"https:\/\/www.indigoverona.com\/de\/a-landing-hotel-indigo-verona-grand-hotel-des-arts\/#breadcrumb","itemListElement":[{"@type":"ListItem","position":1,"name":"Home","item":"https:\/\/www.indigoverona.com\/de\/"},{"@type":"ListItem","position":2,"name":"Hotel Indigo Verona &#8211; Grand Hotel Des Arts"}]},{"@type":"WebSite","@id":"https:\/\/www.indigoverona.com\/de\/#website","url":"https:\/\/www.indigoverona.com\/de\/","name":"Hotel Indigo Verona - Grand Hotel Des Arts","description":"Just another ms.decms.eu site","potentialAction":[{"@type":"SearchAction","target":{"@type":"EntryPoint","urlTemplate":"https:\/\/www.indigoverona.com\/de\/?s={search_term_string}"},"query-input":{"@type":"PropertyValueSpecification","valueRequired":true,"valueName":"search_term_string"}}],"inLanguage":"de-DE"}]}},"acf":[],"_links":{"self":[{"href":"https:\/\/www.indigoverona.com\/de\/wp-json\/wp\/v2\/pages\/1801","targetHints":{"allow":["GET"]}}],"collection":[{"href":"https:\/\/www.indigoverona.com\/de\/wp-json\/wp\/v2\/pages"}],"about":[{"href":"https:\/\/www.indigoverona.com\/de\/wp-json\/wp\/v2\/types\/page"}],"author":[{"embeddable":true,"href":"https:\/\/www.indigoverona.com\/de\/wp-json\/wp\/v2\/users\/157"}],"replies":[{"embeddable":true,"href":"https:\/\/www.indigoverona.com\/de\/wp-json\/wp\/v2\/comments?post=1801"}],"version-history":[{"count":0,"href":"https:\/\/www.indigoverona.com\/de\/wp-json\/wp\/v2\/pages\/1801\/revisions"}],"wp:attachment":[{"href":"https:\/\/www.indigoverona.com\/de\/wp-json\/wp\/v2\/media?parent=1801"}],"curies":[{"name":"wp","href":"https:\/\/api.w.org\/{rel}","templated":true}]}}