{"id":2073,"date":"2024-05-27T14:21:32","date_gmt":"2024-05-27T14:21:32","guid":{"rendered":"https:\/\/www.indigoverona.com\/?page_id=2073"},"modified":"2026-03-16T13:56:11","modified_gmt":"2026-03-16T13:56:11","slug":"hotel-indigo-verona-grand-hotel-des-arts-angebote-pmax","status":"publish","type":"page","link":"https:\/\/www.indigoverona.com\/de\/hotel-indigo-verona-grand-hotel-des-arts-angebote-pmax\/","title":{"rendered":"Spezielle Angebote f\u00fcr einzigartige Aufenthalte in Verona"},"content":{"rendered":"<p data-start=\"617\" data-end=\"1016\">Nur wenige Schritte von der Arena und der Piazza Bra entfernt liegt das <strong data-start=\"708\" data-end=\"754\">Hotel Indigo Verona \u2013 Grand Hotel des Arts<\/strong>.<br data-start=\"755\" data-end=\"758\" \/>Ein Boutique-Hotel, in dem jedes Detail Eleganz ausstrahlt: <strong data-start=\"818\" data-end=\"856\">62 von der Oper inspirierte Zimmer<\/strong>, drei elegante Tagungsr\u00e4ume f\u00fcr exklusive Events, die stilvolle <strong data-start=\"921\" data-end=\"944\">Arya Bar &amp; Mixology<\/strong> und ein <strong data-start=\"953\" data-end=\"972\">privater Garten<\/strong>, in dem Sie vollkommen entspannen k\u00f6nnen.<\/p>\n<p data-start=\"1018\" data-end=\"1180\"><strong>F\u00fcllen Sie das Formular aus und erhalten Sie Ihr pers\u00f6nliches Angebot f\u00fcr Ihren Aufenthalt \u2014 mit exklusiven Vorteilen, die nur Direktbuchungen vorbehalten sind.<\/strong><\/p>\n","protected":false},"excerpt":{"rendered":"<p>Nur wenige Schritte von der Arena und der Piazza Bra entfernt liegt das Hotel Indigo Verona \u2013 Grand Hotel des Arts.Ein Boutique-Hotel, in dem jedes Detail Eleganz ausstrahlt: 62 von der Oper inspirierte Zimmer, drei elegante Tagungsr\u00e4ume f\u00fcr exklusive Events, die stilvolle Arya Bar &amp; Mixology und ein privater Garten, in dem Sie vollkommen entspannen [&hellip;]<\/p>\n","protected":false},"author":157,"featured_media":0,"parent":0,"menu_order":0,"comment_status":"closed","ping_status":"closed","template":"template-landing_page.php","meta":{"footnotes":""},"class_list":["post-2073","page","type-page","status-publish","hentry"],"yoast_head":"<!-- This site is optimized with the Yoast SEO plugin v26.9 - https:\/\/yoast.com\/product\/yoast-seo-wordpress\/ -->\n<title>Hotel Indigo Verona Grand Hotel Des Arts | Verona erleben dank der Angebote<\/title>\n<meta name=\"description\" content=\"Tauchen Sie ein in den Charme von Verona im Hotel Indigo Verona und entdecken Sie unsere Angebote und Pakete f\u00fcr einen unvergesslichen Aufenthalt!\" \/>\n<meta name=\"robots\" content=\"noindex, follow\" \/>\n<meta property=\"og:locale\" content=\"de_DE\" \/>\n<meta property=\"og:type\" content=\"article\" \/>\n<meta property=\"og:title\" content=\"Hotel Indigo Verona Grand Hotel Des Arts | Verona erleben dank der Angebote\" \/>\n<meta property=\"og:description\" content=\"Tauchen Sie ein in den Charme von Verona im Hotel Indigo Verona und entdecken Sie unsere Angebote und Pakete f\u00fcr einen unvergesslichen Aufenthalt!\" \/>\n<meta property=\"og:url\" content=\"https:\/\/www.indigoverona.com\/de\/hotel-indigo-verona-grand-hotel-des-arts-angebote-pmax\/\" \/>\n<meta property=\"og:site_name\" content=\"Hotel Indigo Verona - Grand Hotel Des Arts\" \/>\n<meta property=\"article:modified_time\" content=\"2026-03-16T13:56:11+00:00\" \/>\n<meta name=\"twitter:card\" content=\"summary_large_image\" \/>\n<meta name=\"twitter:label1\" content=\"Gesch\u00e4tzte Lesezeit\" \/>\n\t<meta name=\"twitter:data1\" content=\"1 Minute\" \/>\n<script type=\"application\/ld+json\" class=\"yoast-schema-graph\">{\"@context\":\"https:\/\/schema.org\",\"@graph\":[{\"@type\":\"WebPage\",\"@id\":\"https:\/\/www.indigoverona.com\/de\/hotel-indigo-verona-grand-hotel-des-arts-angebote-pmax\/\",\"url\":\"https:\/\/www.indigoverona.com\/de\/hotel-indigo-verona-grand-hotel-des-arts-angebote-pmax\/\",\"name\":\"Hotel Indigo Verona Grand Hotel Des Arts | Verona erleben dank der Angebote\",\"isPartOf\":{\"@id\":\"https:\/\/www.indigoverona.com\/de\/#website\"},\"datePublished\":\"2024-05-27T14:21:32+00:00\",\"dateModified\":\"2026-03-16T13:56:11+00:00\",\"description\":\"Tauchen Sie ein in den Charme von Verona im Hotel Indigo Verona und entdecken Sie unsere Angebote und Pakete f\u00fcr einen unvergesslichen Aufenthalt!\",\"breadcrumb\":{\"@id\":\"https:\/\/www.indigoverona.com\/de\/hotel-indigo-verona-grand-hotel-des-arts-angebote-pmax\/#breadcrumb\"},\"inLanguage\":\"de-DE\",\"potentialAction\":[{\"@type\":\"ReadAction\",\"target\":[\"https:\/\/www.indigoverona.com\/de\/hotel-indigo-verona-grand-hotel-des-arts-angebote-pmax\/\"]}]},{\"@type\":\"BreadcrumbList\",\"@id\":\"https:\/\/www.indigoverona.com\/de\/hotel-indigo-verona-grand-hotel-des-arts-angebote-pmax\/#breadcrumb\",\"itemListElement\":[{\"@type\":\"ListItem\",\"position\":1,\"name\":\"Home\",\"item\":\"https:\/\/www.indigoverona.com\/de\/\"},{\"@type\":\"ListItem\",\"position\":2,\"name\":\"Spezielle Angebote f\u00fcr einzigartige Aufenthalte in Verona\"}]},{\"@type\":\"WebSite\",\"@id\":\"https:\/\/www.indigoverona.com\/de\/#website\",\"url\":\"https:\/\/www.indigoverona.com\/de\/\",\"name\":\"Hotel Indigo Verona - Grand Hotel Des Arts\",\"description\":\"Just another ms.decms.eu site\",\"potentialAction\":[{\"@type\":\"SearchAction\",\"target\":{\"@type\":\"EntryPoint\",\"urlTemplate\":\"https:\/\/www.indigoverona.com\/de\/?s={search_term_string}\"},\"query-input\":{\"@type\":\"PropertyValueSpecification\",\"valueRequired\":true,\"valueName\":\"search_term_string\"}}],\"inLanguage\":\"de-DE\"}]}<\/script>\n<!-- \/ Yoast SEO plugin. -->","yoast_head_json":{"title":"Hotel Indigo Verona Grand Hotel Des Arts | Verona erleben dank der Angebote","description":"Tauchen Sie ein in den Charme von Verona im Hotel Indigo Verona und entdecken Sie unsere Angebote und Pakete f\u00fcr einen unvergesslichen Aufenthalt!","robots":{"index":"noindex","follow":"follow"},"og_locale":"de_DE","og_type":"article","og_title":"Hotel Indigo Verona Grand Hotel Des Arts | Verona erleben dank der Angebote","og_description":"Tauchen Sie ein in den Charme von Verona im Hotel Indigo Verona und entdecken Sie unsere Angebote und Pakete f\u00fcr einen unvergesslichen Aufenthalt!","og_url":"https:\/\/www.indigoverona.com\/de\/hotel-indigo-verona-grand-hotel-des-arts-angebote-pmax\/","og_site_name":"Hotel Indigo Verona - Grand Hotel Des Arts","article_modified_time":"2026-03-16T13:56:11+00:00","twitter_card":"summary_large_image","twitter_misc":{"Gesch\u00e4tzte Lesezeit":"1 Minute"},"schema":{"@context":"https:\/\/schema.org","@graph":[{"@type":"WebPage","@id":"https:\/\/www.indigoverona.com\/de\/hotel-indigo-verona-grand-hotel-des-arts-angebote-pmax\/","url":"https:\/\/www.indigoverona.com\/de\/hotel-indigo-verona-grand-hotel-des-arts-angebote-pmax\/","name":"Hotel Indigo Verona Grand Hotel Des Arts | Verona erleben dank der Angebote","isPartOf":{"@id":"https:\/\/www.indigoverona.com\/de\/#website"},"datePublished":"2024-05-27T14:21:32+00:00","dateModified":"2026-03-16T13:56:11+00:00","description":"Tauchen Sie ein in den Charme von Verona im Hotel Indigo Verona und entdecken Sie unsere Angebote und Pakete f\u00fcr einen unvergesslichen Aufenthalt!","breadcrumb":{"@id":"https:\/\/www.indigoverona.com\/de\/hotel-indigo-verona-grand-hotel-des-arts-angebote-pmax\/#breadcrumb"},"inLanguage":"de-DE","potentialAction":[{"@type":"ReadAction","target":["https:\/\/www.indigoverona.com\/de\/hotel-indigo-verona-grand-hotel-des-arts-angebote-pmax\/"]}]},{"@type":"BreadcrumbList","@id":"https:\/\/www.indigoverona.com\/de\/hotel-indigo-verona-grand-hotel-des-arts-angebote-pmax\/#breadcrumb","itemListElement":[{"@type":"ListItem","position":1,"name":"Home","item":"https:\/\/www.indigoverona.com\/de\/"},{"@type":"ListItem","position":2,"name":"Spezielle Angebote f\u00fcr einzigartige Aufenthalte in Verona"}]},{"@type":"WebSite","@id":"https:\/\/www.indigoverona.com\/de\/#website","url":"https:\/\/www.indigoverona.com\/de\/","name":"Hotel Indigo Verona - Grand Hotel Des Arts","description":"Just another ms.decms.eu site","potentialAction":[{"@type":"SearchAction","target":{"@type":"EntryPoint","urlTemplate":"https:\/\/www.indigoverona.com\/de\/?s={search_term_string}"},"query-input":{"@type":"PropertyValueSpecification","valueRequired":true,"valueName":"search_term_string"}}],"inLanguage":"de-DE"}]}},"acf":[],"_links":{"self":[{"href":"https:\/\/www.indigoverona.com\/de\/wp-json\/wp\/v2\/pages\/2073","targetHints":{"allow":["GET"]}}],"collection":[{"href":"https:\/\/www.indigoverona.com\/de\/wp-json\/wp\/v2\/pages"}],"about":[{"href":"https:\/\/www.indigoverona.com\/de\/wp-json\/wp\/v2\/types\/page"}],"author":[{"embeddable":true,"href":"https:\/\/www.indigoverona.com\/de\/wp-json\/wp\/v2\/users\/157"}],"replies":[{"embeddable":true,"href":"https:\/\/www.indigoverona.com\/de\/wp-json\/wp\/v2\/comments?post=2073"}],"version-history":[{"count":0,"href":"https:\/\/www.indigoverona.com\/de\/wp-json\/wp\/v2\/pages\/2073\/revisions"}],"wp:attachment":[{"href":"https:\/\/www.indigoverona.com\/de\/wp-json\/wp\/v2\/media?parent=2073"}],"curies":[{"name":"wp","href":"https:\/\/api.w.org\/{rel}","templated":true}]}}