{"id":2169,"date":"2022-06-13T10:56:55","date_gmt":"2022-06-13T10:56:55","guid":{"rendered":"https:\/\/www.indigoverona.com\/arya-bar-mixology\/arya-cocktail-experience\/"},"modified":"2025-06-27T07:23:48","modified_gmt":"2025-06-27T07:23:48","slug":"arya-cocktail-experience","status":"publish","type":"page","link":"https:\/\/www.indigoverona.com\/de\/arya-bar-mixology\/arya-cocktail-experience\/","title":{"rendered":"Arya Cocktail Experience"},"content":{"rendered":"<p>In der <strong>Arya Bar &amp; Mixology<\/strong> sind wir immer auf der Suche nach einer Mischung aus dem gesch\u00e4ftigen Treiben der Stadt und der pulsierenden Atmosph\u00e4re des Hotels, um unsere G\u00e4ste auf eine Reise durch Kunst, Kultur und die italienische Essens- und Weintradition zu entf\u00fchren, die mit einem Hauch von Kreativit\u00e4t neu interpretiert wird.<\/p>\n<p>Erleben Sie eine einzigartige und unvergessliche Erfahrung im Hotel Indigo Verona &#8211; Grand Hotel Des Arts und lassen Sie sich von uns durch die Arya Cocktail Experience f\u00fchren.<\/p>\n","protected":false},"excerpt":{"rendered":"<p>In der Arya Bar &amp; Mixology sind wir immer auf der Suche nach einer Mischung aus dem gesch\u00e4ftigen Treiben der Stadt und der pulsierenden Atmosph\u00e4re des Hotels, um unsere G\u00e4ste auf eine Reise durch Kunst, Kultur und die italienische Essens- und Weintradition zu entf\u00fchren, die mit einem Hauch von Kreativit\u00e4t neu interpretiert wird. Erleben Sie [&hellip;]<\/p>\n","protected":false},"author":157,"featured_media":0,"parent":648,"menu_order":2,"comment_status":"closed","ping_status":"closed","template":"","meta":{"footnotes":""},"class_list":["post-2169","page","type-page","status-publish","hentry"],"yoast_head":"<!-- This site is optimized with the Yoast SEO plugin v26.9 - https:\/\/yoast.com\/product\/yoast-seo-wordpress\/ -->\n<title>Hotel Indigo Verona | Arya Cocktail Experience<\/title>\n<meta name=\"description\" content=\"Erleben Sie eine einzigartige und unvergessliche Erfahrung im Hotel Indigo Verona - Grand Hotel Des Arts und lassen Sie sich von uns durch die Arya Cocktail Experience f\u00fchren\" \/>\n<meta name=\"robots\" content=\"index, follow, max-snippet:-1, max-image-preview:large, max-video-preview:-1\" \/>\n<link rel=\"canonical\" href=\"https:\/\/www.indigoverona.com\/de\/arya-bar-mixology\/arya-cocktail-experience\/\" \/>\n<meta property=\"og:locale\" content=\"de_DE\" \/>\n<meta property=\"og:type\" content=\"article\" \/>\n<meta property=\"og:title\" content=\"Hotel Indigo Verona | Arya Cocktail Experience\" \/>\n<meta property=\"og:description\" content=\"Erleben Sie eine einzigartige und unvergessliche Erfahrung im Hotel Indigo Verona - Grand Hotel Des Arts und lassen Sie sich von uns durch die Arya Cocktail Experience f\u00fchren\" \/>\n<meta property=\"og:url\" content=\"https:\/\/www.indigoverona.com\/de\/arya-bar-mixology\/arya-cocktail-experience\/\" \/>\n<meta property=\"og:site_name\" content=\"Hotel Indigo Verona - Grand Hotel Des Arts\" \/>\n<meta property=\"article:modified_time\" content=\"2025-06-27T07:23:48+00:00\" \/>\n<meta name=\"twitter:card\" content=\"summary_large_image\" \/>\n<meta name=\"twitter:label1\" content=\"Gesch\u00e4tzte Lesezeit\" \/>\n\t<meta name=\"twitter:data1\" content=\"1 Minute\" \/>\n<script type=\"application\/ld+json\" class=\"yoast-schema-graph\">{\"@context\":\"https:\/\/schema.org\",\"@graph\":[{\"@type\":\"WebPage\",\"@id\":\"https:\/\/www.indigoverona.com\/de\/arya-bar-mixology\/arya-cocktail-experience\/\",\"url\":\"https:\/\/www.indigoverona.com\/de\/arya-bar-mixology\/arya-cocktail-experience\/\",\"name\":\"Hotel Indigo Verona | Arya Cocktail Experience\",\"isPartOf\":{\"@id\":\"https:\/\/www.indigoverona.com\/de\/#website\"},\"datePublished\":\"2022-06-13T10:56:55+00:00\",\"dateModified\":\"2025-06-27T07:23:48+00:00\",\"description\":\"Erleben Sie eine einzigartige und unvergessliche Erfahrung im Hotel Indigo Verona - Grand Hotel Des Arts und lassen Sie sich von uns durch die Arya Cocktail Experience f\u00fchren\",\"breadcrumb\":{\"@id\":\"https:\/\/www.indigoverona.com\/de\/arya-bar-mixology\/arya-cocktail-experience\/#breadcrumb\"},\"inLanguage\":\"de-DE\",\"potentialAction\":[{\"@type\":\"ReadAction\",\"target\":[\"https:\/\/www.indigoverona.com\/de\/arya-bar-mixology\/arya-cocktail-experience\/\"]}]},{\"@type\":\"BreadcrumbList\",\"@id\":\"https:\/\/www.indigoverona.com\/de\/arya-bar-mixology\/arya-cocktail-experience\/#breadcrumb\",\"itemListElement\":[{\"@type\":\"ListItem\",\"position\":1,\"name\":\"Home\",\"item\":\"https:\/\/www.indigoverona.com\/de\/\"},{\"@type\":\"ListItem\",\"position\":2,\"name\":\"Arya Bar &amp; Mixology\",\"item\":\"https:\/\/www.indigoverona.com\/de\/arya-bar-mixology\/\"},{\"@type\":\"ListItem\",\"position\":3,\"name\":\"Arya Cocktail Experience\"}]},{\"@type\":\"WebSite\",\"@id\":\"https:\/\/www.indigoverona.com\/de\/#website\",\"url\":\"https:\/\/www.indigoverona.com\/de\/\",\"name\":\"Hotel Indigo Verona - Grand Hotel Des Arts\",\"description\":\"Just another ms.decms.eu site\",\"potentialAction\":[{\"@type\":\"SearchAction\",\"target\":{\"@type\":\"EntryPoint\",\"urlTemplate\":\"https:\/\/www.indigoverona.com\/de\/?s={search_term_string}\"},\"query-input\":{\"@type\":\"PropertyValueSpecification\",\"valueRequired\":true,\"valueName\":\"search_term_string\"}}],\"inLanguage\":\"de-DE\"}]}<\/script>\n<!-- \/ Yoast SEO plugin. -->","yoast_head_json":{"title":"Hotel Indigo Verona | Arya Cocktail Experience","description":"Erleben Sie eine einzigartige und unvergessliche Erfahrung im Hotel Indigo Verona - Grand Hotel Des Arts und lassen Sie sich von uns durch die Arya Cocktail Experience f\u00fchren","robots":{"index":"index","follow":"follow","max-snippet":"max-snippet:-1","max-image-preview":"max-image-preview:large","max-video-preview":"max-video-preview:-1"},"canonical":"https:\/\/www.indigoverona.com\/de\/arya-bar-mixology\/arya-cocktail-experience\/","og_locale":"de_DE","og_type":"article","og_title":"Hotel Indigo Verona | Arya Cocktail Experience","og_description":"Erleben Sie eine einzigartige und unvergessliche Erfahrung im Hotel Indigo Verona - Grand Hotel Des Arts und lassen Sie sich von uns durch die Arya Cocktail Experience f\u00fchren","og_url":"https:\/\/www.indigoverona.com\/de\/arya-bar-mixology\/arya-cocktail-experience\/","og_site_name":"Hotel Indigo Verona - Grand Hotel Des Arts","article_modified_time":"2025-06-27T07:23:48+00:00","twitter_card":"summary_large_image","twitter_misc":{"Gesch\u00e4tzte Lesezeit":"1 Minute"},"schema":{"@context":"https:\/\/schema.org","@graph":[{"@type":"WebPage","@id":"https:\/\/www.indigoverona.com\/de\/arya-bar-mixology\/arya-cocktail-experience\/","url":"https:\/\/www.indigoverona.com\/de\/arya-bar-mixology\/arya-cocktail-experience\/","name":"Hotel Indigo Verona | Arya Cocktail Experience","isPartOf":{"@id":"https:\/\/www.indigoverona.com\/de\/#website"},"datePublished":"2022-06-13T10:56:55+00:00","dateModified":"2025-06-27T07:23:48+00:00","description":"Erleben Sie eine einzigartige und unvergessliche Erfahrung im Hotel Indigo Verona - Grand Hotel Des Arts und lassen Sie sich von uns durch die Arya Cocktail Experience f\u00fchren","breadcrumb":{"@id":"https:\/\/www.indigoverona.com\/de\/arya-bar-mixology\/arya-cocktail-experience\/#breadcrumb"},"inLanguage":"de-DE","potentialAction":[{"@type":"ReadAction","target":["https:\/\/www.indigoverona.com\/de\/arya-bar-mixology\/arya-cocktail-experience\/"]}]},{"@type":"BreadcrumbList","@id":"https:\/\/www.indigoverona.com\/de\/arya-bar-mixology\/arya-cocktail-experience\/#breadcrumb","itemListElement":[{"@type":"ListItem","position":1,"name":"Home","item":"https:\/\/www.indigoverona.com\/de\/"},{"@type":"ListItem","position":2,"name":"Arya Bar &amp; Mixology","item":"https:\/\/www.indigoverona.com\/de\/arya-bar-mixology\/"},{"@type":"ListItem","position":3,"name":"Arya Cocktail Experience"}]},{"@type":"WebSite","@id":"https:\/\/www.indigoverona.com\/de\/#website","url":"https:\/\/www.indigoverona.com\/de\/","name":"Hotel Indigo Verona - Grand Hotel Des Arts","description":"Just another ms.decms.eu site","potentialAction":[{"@type":"SearchAction","target":{"@type":"EntryPoint","urlTemplate":"https:\/\/www.indigoverona.com\/de\/?s={search_term_string}"},"query-input":{"@type":"PropertyValueSpecification","valueRequired":true,"valueName":"search_term_string"}}],"inLanguage":"de-DE"}]}},"acf":[],"_links":{"self":[{"href":"https:\/\/www.indigoverona.com\/de\/wp-json\/wp\/v2\/pages\/2169","targetHints":{"allow":["GET"]}}],"collection":[{"href":"https:\/\/www.indigoverona.com\/de\/wp-json\/wp\/v2\/pages"}],"about":[{"href":"https:\/\/www.indigoverona.com\/de\/wp-json\/wp\/v2\/types\/page"}],"author":[{"embeddable":true,"href":"https:\/\/www.indigoverona.com\/de\/wp-json\/wp\/v2\/users\/157"}],"replies":[{"embeddable":true,"href":"https:\/\/www.indigoverona.com\/de\/wp-json\/wp\/v2\/comments?post=2169"}],"version-history":[{"count":0,"href":"https:\/\/www.indigoverona.com\/de\/wp-json\/wp\/v2\/pages\/2169\/revisions"}],"up":[{"embeddable":true,"href":"https:\/\/www.indigoverona.com\/de\/wp-json\/wp\/v2\/pages\/648"}],"wp:attachment":[{"href":"https:\/\/www.indigoverona.com\/de\/wp-json\/wp\/v2\/media?parent=2169"}],"curies":[{"name":"wp","href":"https:\/\/api.w.org\/{rel}","templated":true}]}}