{"id":2634,"date":"2025-09-03T09:13:35","date_gmt":"2025-09-03T09:13:35","guid":{"rendered":"https:\/\/www.indigoverona.com\/your-tailor-made-meeting-offer\/"},"modified":"2025-09-05T10:12:32","modified_gmt":"2025-09-05T10:12:32","slug":"exklusives-meeting-angebot-in-verona","status":"publish","type":"page","link":"https:\/\/www.indigoverona.com\/de\/meeting-veranstaltung\/exklusives-meeting-angebot-in-verona\/","title":{"rendered":"Exklusives Meeting-Angebot in Verona"},"content":{"rendered":"<h2 data-start=\"86\" data-end=\"257\">Act I: The Art of Meetings at Hotel Indigo Verona<\/h2>\n<p data-start=\"86\" data-end=\"257\">Planen Sie Ihre n\u00e4chste gesch\u00e4ftliche Veranstaltung in Verona, nur wenige Schritte von der Arena entfernt, in einem Boutique-Ambiente, in dem Design, Kunst und Gastfreundschaft aufeinandertreffen.<\/p>\n<h3 data-start=\"868\" data-end=\"895\">Im Angebot enthalten<\/h3>\n<article class=\"text-token-text-primary w-full focus:outline-none scroll-mt-[calc(var(--header-height)+min(200px,max(70px,20svh)))]\" dir=\"auto\" data-turn-id=\"request-WEB:693d1408-7d2f-4d0a-8768-12029ea50f57-4\" data-testid=\"conversation-turn-10\" data-scroll-anchor=\"true\" data-turn=\"assistant\">\n<div class=\"text-base my-auto mx-auto pb-10 [--thread-content-margin:--spacing(4)] @[37rem]:[--thread-content-margin:--spacing(6)] @[72rem]:[--thread-content-margin:--spacing(16)] px-(--thread-content-margin)\">\n<div class=\"[--thread-content-max-width:32rem] @[34rem]:[--thread-content-max-width:40rem] @[64rem]:[--thread-content-max-width:48rem] mx-auto max-w-(--thread-content-max-width) flex-1 group\/turn-messages focus-visible:outline-hidden relative flex w-full min-w-0 flex-col agent-turn\">\n<div class=\"flex max-w-full flex-col grow\">\n<div class=\"min-h-8 text-message relative flex w-full flex-col items-end gap-2 text-start break-words whitespace-normal [.text-message+&amp;]:mt-5\" dir=\"auto\" data-message-author-role=\"assistant\" data-message-id=\"07bf7c15-f684-4a55-977b-ce6911330790\" data-message-model-slug=\"gpt-5\">\n<div class=\"flex w-full flex-col gap-1 empty:hidden first:pt-[3px]\">\n<div class=\"markdown prose dark:prose-invert w-full break-words light markdown-new-styling\">\n<ul data-start=\"34\" data-end=\"479\" data-is-last-node=\"\" data-is-only-node=\"\">\n<li data-start=\"34\" data-end=\"112\">\n<p data-start=\"36\" data-end=\"112\"><strong data-start=\"36\" data-end=\"55\">20 % Erm\u00e4\u00dfigung<\/strong> auf die Miete des Tagungsraums<\/p>\n<\/li>\n<li data-start=\"113\" data-end=\"180\">\n<p data-start=\"115\" data-end=\"180\"><strong data-start=\"115\" data-end=\"140\">3 kostenlose Upgrades<\/strong> bei mindestens 15 gebuchten Zimmern<\/p>\n<\/li>\n<li data-start=\"181\" data-end=\"232\">\n<p data-start=\"183\" data-end=\"232\"><strong data-start=\"183\" data-end=\"200\">Wasserstation<\/strong> mit S\u00e4ften und Kaffeemaschine<\/p>\n<\/li>\n<li data-start=\"233\" data-end=\"318\">\n<p data-start=\"235\" data-end=\"318\"><strong data-start=\"235\" data-end=\"257\">Willkommensgetr\u00e4nk <\/strong>(willkommenssek) bei mindestens einem F&amp;B-Service (Mittag- oder Abendessen)<\/p>\n<\/li>\n<li data-start=\"319\" data-end=\"422\">\n<p data-start=\"321\" data-end=\"422\"><strong data-start=\"321\" data-end=\"340\">10 % Erm\u00e4\u00dfigung<\/strong> auf Stadterlebnisse mit WaysTour (Verkostungen, Touren, kulturelle Aktivit\u00e4ten)<\/p>\n<\/li>\n<li data-start=\"423\" data-end=\"479\" data-is-last-node=\"\">\n<p data-start=\"425\" data-end=\"479\" data-is-last-node=\"\"><strong data-start=\"425\" data-end=\"451\">IHG One Rewards Punkte<\/strong> f\u00fcr berechtigte Buchungen<\/p>\n<\/li>\n<\/ul>\n<\/div>\n<\/div>\n<\/div>\n<\/div>\n<h3 class=\"flex min-h-[46px] justify-start\">Buchungsbedingungen<\/h3>\n<\/div>\n<\/div>\n<\/article>\n<article class=\"text-token-text-primary w-full focus:outline-none scroll-mt-[calc(var(--header-height)+min(200px,max(70px,20svh)))]\" dir=\"auto\" data-turn-id=\"request-WEB:693d1408-7d2f-4d0a-8768-12029ea50f57-6\" data-testid=\"conversation-turn-14\" data-scroll-anchor=\"true\" data-turn=\"assistant\">\n<div class=\"text-base my-auto mx-auto pb-10 [--thread-content-margin:--spacing(4)] @[37rem]:[--thread-content-margin:--spacing(6)] @[72rem]:[--thread-content-margin:--spacing(16)] px-(--thread-content-margin)\">\n<div class=\"[--thread-content-max-width:32rem] @[34rem]:[--thread-content-max-width:40rem] @[64rem]:[--thread-content-max-width:48rem] mx-auto max-w-(--thread-content-max-width) flex-1 group\/turn-messages focus-visible:outline-hidden relative flex w-full min-w-0 flex-col agent-turn\">\n<div class=\"flex max-w-full flex-col grow\">\n<div class=\"min-h-8 text-message relative flex w-full flex-col items-end gap-2 text-start break-words whitespace-normal [.text-message+&amp;]:mt-5\" dir=\"auto\" data-message-author-role=\"assistant\" data-message-id=\"72bdcb0a-f30f-4824-85c8-543db8042ad2\" data-message-model-slug=\"gpt-5\">\n<div class=\"flex w-full flex-col gap-1 empty:hidden first:pt-[3px]\">\n<div class=\"markdown prose dark:prose-invert w-full break-words light markdown-new-styling\">\n<ul data-start=\"34\" data-end=\"218\" data-is-last-node=\"\" data-is-only-node=\"\">\n<li data-start=\"34\" data-end=\"82\">\n<p data-start=\"36\" data-end=\"82\"><strong data-start=\"36\" data-end=\"80\">Buchung bis sp\u00e4testens 31. Dezember 2025<\/strong><\/p>\n<\/li>\n<li data-start=\"83\" data-end=\"152\">\n<p data-start=\"85\" data-end=\"152\">Veranstaltungen bis<strong> zum 30. April 2026<\/strong> (Angebot nicht g\u00fcltig w\u00e4hrend der Vinitaly-Messe).<\/p>\n<\/li>\n<li data-start=\"153\" data-end=\"181\">\n<p data-start=\"155\" data-end=\"181\"><strong data-start=\"155\" data-end=\"179\">Mindestens 15 Zimmer<\/strong><\/p>\n<\/li>\n<li data-start=\"182\" data-end=\"218\" data-is-last-node=\"\">\n<p data-start=\"184\" data-end=\"218\" data-is-last-node=\"\"><strong data-start=\"184\" data-end=\"216\">Nur g\u00fcltig f\u00fcr neue Anfragen<\/strong><\/p>\n<\/li>\n<li data-start=\"182\" data-end=\"218\" data-is-last-node=\"\">Angebot vorbehaltlich der Verf\u00fcgbarkeit, nicht mit anderen Aktionen kombinierbar.<\/li>\n<\/ul>\n<\/div>\n<\/div>\n<\/div>\n<\/div>\n<\/div>\n<\/div>\n<\/article>\n<h3 data-start=\"489\" data-end=\"510\">Buchen Sie Ihre Veranstaltung<\/h3>\n<p data-start=\"511\" data-end=\"716\">Bringen Sie Ihr Team in ein Ambiente, in dem Business auf Kunst trifft. Fordern Sie ein Angebot an, indem Sie die Promotion \u201e<strong>Act I: The Art of Meetings at Hotel Indigo Verona<\/strong>\u201c erw\u00e4hnen, und reservieren Sie den Raum, der am besten zu Ihren Zielen passt.<\/p>\n","protected":false},"excerpt":{"rendered":"<p>Act I: The Art of Meetings at Hotel Indigo Verona Planen Sie Ihre n\u00e4chste gesch\u00e4ftliche Veranstaltung in Verona, nur wenige Schritte von der Arena entfernt, in einem Boutique-Ambiente, in dem Design, Kunst und Gastfreundschaft aufeinandertreffen. Im Angebot enthalten 20 % Erm\u00e4\u00dfigung auf die Miete des Tagungsraums 3 kostenlose Upgrades bei mindestens 15 gebuchten Zimmern Wasserstation [&hellip;]<\/p>\n","protected":false},"author":157,"featured_media":0,"parent":653,"menu_order":3,"comment_status":"closed","ping_status":"closed","template":"","meta":{"footnotes":""},"class_list":["post-2634","page","type-page","status-publish","hentry"],"yoast_head":"<!-- This site is optimized with the Yoast SEO plugin v26.9 - https:\/\/yoast.com\/product\/yoast-seo-wordpress\/ -->\n<title>Exklusives Meeting-Angebot in Verona - Hotel Indigo Verona - Grand Hotel Des Arts<\/title>\n<meta name=\"description\" content=\"Planen Sie Ihre n\u00e4chste Veranstaltung im Hotel Indigo Verona: 20 % Erm\u00e4\u00dfigung auf Tagungsr\u00e4ume, exklusive Vorteile und einzigartige R\u00e4ume, inspiriert von Kunst und Kultur. Buchen Sie jetzt.\" \/>\n<meta name=\"robots\" content=\"index, follow, max-snippet:-1, max-image-preview:large, max-video-preview:-1\" \/>\n<link rel=\"canonical\" href=\"https:\/\/www.indigoverona.com\/de\/meeting-veranstaltung\/exklusives-meeting-angebot-in-verona\/\" \/>\n<meta property=\"og:locale\" content=\"de_DE\" \/>\n<meta property=\"og:type\" content=\"article\" \/>\n<meta property=\"og:title\" content=\"Exklusives Meeting-Angebot in Verona - Hotel Indigo Verona - Grand Hotel Des Arts\" \/>\n<meta property=\"og:description\" content=\"Planen Sie Ihre n\u00e4chste Veranstaltung im Hotel Indigo Verona: 20 % Erm\u00e4\u00dfigung auf Tagungsr\u00e4ume, exklusive Vorteile und einzigartige R\u00e4ume, inspiriert von Kunst und Kultur. Buchen Sie jetzt.\" \/>\n<meta property=\"og:url\" content=\"https:\/\/www.indigoverona.com\/de\/meeting-veranstaltung\/exklusives-meeting-angebot-in-verona\/\" \/>\n<meta property=\"og:site_name\" content=\"Hotel Indigo Verona - Grand Hotel Des Arts\" \/>\n<meta property=\"article:modified_time\" content=\"2025-09-05T10:12:32+00:00\" \/>\n<meta name=\"twitter:card\" content=\"summary_large_image\" \/>\n<meta name=\"twitter:label1\" content=\"Gesch\u00e4tzte Lesezeit\" \/>\n\t<meta name=\"twitter:data1\" content=\"1 Minute\" \/>\n<script type=\"application\/ld+json\" class=\"yoast-schema-graph\">{\"@context\":\"https:\/\/schema.org\",\"@graph\":[{\"@type\":\"WebPage\",\"@id\":\"https:\/\/www.indigoverona.com\/de\/meeting-veranstaltung\/exklusives-meeting-angebot-in-verona\/\",\"url\":\"https:\/\/www.indigoverona.com\/de\/meeting-veranstaltung\/exklusives-meeting-angebot-in-verona\/\",\"name\":\"Exklusives Meeting-Angebot in Verona - Hotel Indigo Verona - Grand Hotel Des Arts\",\"isPartOf\":{\"@id\":\"https:\/\/www.indigoverona.com\/de\/#website\"},\"datePublished\":\"2025-09-03T09:13:35+00:00\",\"dateModified\":\"2025-09-05T10:12:32+00:00\",\"description\":\"Planen Sie Ihre n\u00e4chste Veranstaltung im Hotel Indigo Verona: 20 % Erm\u00e4\u00dfigung auf Tagungsr\u00e4ume, exklusive Vorteile und einzigartige R\u00e4ume, inspiriert von Kunst und Kultur. Buchen Sie jetzt.\",\"breadcrumb\":{\"@id\":\"https:\/\/www.indigoverona.com\/de\/meeting-veranstaltung\/exklusives-meeting-angebot-in-verona\/#breadcrumb\"},\"inLanguage\":\"de-DE\",\"potentialAction\":[{\"@type\":\"ReadAction\",\"target\":[\"https:\/\/www.indigoverona.com\/de\/meeting-veranstaltung\/exklusives-meeting-angebot-in-verona\/\"]}]},{\"@type\":\"BreadcrumbList\",\"@id\":\"https:\/\/www.indigoverona.com\/de\/meeting-veranstaltung\/exklusives-meeting-angebot-in-verona\/#breadcrumb\",\"itemListElement\":[{\"@type\":\"ListItem\",\"position\":1,\"name\":\"Home\",\"item\":\"https:\/\/www.indigoverona.com\/de\/\"},{\"@type\":\"ListItem\",\"position\":2,\"name\":\"Exklusives Meeting-Angebot in Verona\"}]},{\"@type\":\"WebSite\",\"@id\":\"https:\/\/www.indigoverona.com\/de\/#website\",\"url\":\"https:\/\/www.indigoverona.com\/de\/\",\"name\":\"Hotel Indigo Verona - Grand Hotel Des Arts\",\"description\":\"Just another ms.decms.eu site\",\"potentialAction\":[{\"@type\":\"SearchAction\",\"target\":{\"@type\":\"EntryPoint\",\"urlTemplate\":\"https:\/\/www.indigoverona.com\/de\/?s={search_term_string}\"},\"query-input\":{\"@type\":\"PropertyValueSpecification\",\"valueRequired\":true,\"valueName\":\"search_term_string\"}}],\"inLanguage\":\"de-DE\"}]}<\/script>\n<!-- \/ Yoast SEO plugin. -->","yoast_head_json":{"title":"Exklusives Meeting-Angebot in Verona - Hotel Indigo Verona - Grand Hotel Des Arts","description":"Planen Sie Ihre n\u00e4chste Veranstaltung im Hotel Indigo Verona: 20 % Erm\u00e4\u00dfigung auf Tagungsr\u00e4ume, exklusive Vorteile und einzigartige R\u00e4ume, inspiriert von Kunst und Kultur. Buchen Sie jetzt.","robots":{"index":"index","follow":"follow","max-snippet":"max-snippet:-1","max-image-preview":"max-image-preview:large","max-video-preview":"max-video-preview:-1"},"canonical":"https:\/\/www.indigoverona.com\/de\/meeting-veranstaltung\/exklusives-meeting-angebot-in-verona\/","og_locale":"de_DE","og_type":"article","og_title":"Exklusives Meeting-Angebot in Verona - Hotel Indigo Verona - Grand Hotel Des Arts","og_description":"Planen Sie Ihre n\u00e4chste Veranstaltung im Hotel Indigo Verona: 20 % Erm\u00e4\u00dfigung auf Tagungsr\u00e4ume, exklusive Vorteile und einzigartige R\u00e4ume, inspiriert von Kunst und Kultur. Buchen Sie jetzt.","og_url":"https:\/\/www.indigoverona.com\/de\/meeting-veranstaltung\/exklusives-meeting-angebot-in-verona\/","og_site_name":"Hotel Indigo Verona - Grand Hotel Des Arts","article_modified_time":"2025-09-05T10:12:32+00:00","twitter_card":"summary_large_image","twitter_misc":{"Gesch\u00e4tzte Lesezeit":"1 Minute"},"schema":{"@context":"https:\/\/schema.org","@graph":[{"@type":"WebPage","@id":"https:\/\/www.indigoverona.com\/de\/meeting-veranstaltung\/exklusives-meeting-angebot-in-verona\/","url":"https:\/\/www.indigoverona.com\/de\/meeting-veranstaltung\/exklusives-meeting-angebot-in-verona\/","name":"Exklusives Meeting-Angebot in Verona - Hotel Indigo Verona - Grand Hotel Des Arts","isPartOf":{"@id":"https:\/\/www.indigoverona.com\/de\/#website"},"datePublished":"2025-09-03T09:13:35+00:00","dateModified":"2025-09-05T10:12:32+00:00","description":"Planen Sie Ihre n\u00e4chste Veranstaltung im Hotel Indigo Verona: 20 % Erm\u00e4\u00dfigung auf Tagungsr\u00e4ume, exklusive Vorteile und einzigartige R\u00e4ume, inspiriert von Kunst und Kultur. Buchen Sie jetzt.","breadcrumb":{"@id":"https:\/\/www.indigoverona.com\/de\/meeting-veranstaltung\/exklusives-meeting-angebot-in-verona\/#breadcrumb"},"inLanguage":"de-DE","potentialAction":[{"@type":"ReadAction","target":["https:\/\/www.indigoverona.com\/de\/meeting-veranstaltung\/exklusives-meeting-angebot-in-verona\/"]}]},{"@type":"BreadcrumbList","@id":"https:\/\/www.indigoverona.com\/de\/meeting-veranstaltung\/exklusives-meeting-angebot-in-verona\/#breadcrumb","itemListElement":[{"@type":"ListItem","position":1,"name":"Home","item":"https:\/\/www.indigoverona.com\/de\/"},{"@type":"ListItem","position":2,"name":"Exklusives Meeting-Angebot in Verona"}]},{"@type":"WebSite","@id":"https:\/\/www.indigoverona.com\/de\/#website","url":"https:\/\/www.indigoverona.com\/de\/","name":"Hotel Indigo Verona - Grand Hotel Des Arts","description":"Just another ms.decms.eu site","potentialAction":[{"@type":"SearchAction","target":{"@type":"EntryPoint","urlTemplate":"https:\/\/www.indigoverona.com\/de\/?s={search_term_string}"},"query-input":{"@type":"PropertyValueSpecification","valueRequired":true,"valueName":"search_term_string"}}],"inLanguage":"de-DE"}]}},"acf":[],"_links":{"self":[{"href":"https:\/\/www.indigoverona.com\/de\/wp-json\/wp\/v2\/pages\/2634","targetHints":{"allow":["GET"]}}],"collection":[{"href":"https:\/\/www.indigoverona.com\/de\/wp-json\/wp\/v2\/pages"}],"about":[{"href":"https:\/\/www.indigoverona.com\/de\/wp-json\/wp\/v2\/types\/page"}],"author":[{"embeddable":true,"href":"https:\/\/www.indigoverona.com\/de\/wp-json\/wp\/v2\/users\/157"}],"replies":[{"embeddable":true,"href":"https:\/\/www.indigoverona.com\/de\/wp-json\/wp\/v2\/comments?post=2634"}],"version-history":[{"count":0,"href":"https:\/\/www.indigoverona.com\/de\/wp-json\/wp\/v2\/pages\/2634\/revisions"}],"up":[{"embeddable":true,"href":"https:\/\/www.indigoverona.com\/de\/wp-json\/wp\/v2\/pages\/653"}],"wp:attachment":[{"href":"https:\/\/www.indigoverona.com\/de\/wp-json\/wp\/v2\/media?parent=2634"}],"curies":[{"name":"wp","href":"https:\/\/api.w.org\/{rel}","templated":true}]}}