{"id":4,"date":"2020-04-27T08:13:37","date_gmt":"2020-04-27T08:13:37","guid":{"rendered":"http:\/\/des-art-indigo-verona.ms.decms.eu\/?page_id=4"},"modified":"2026-02-20T13:39:41","modified_gmt":"2026-02-20T13:39:41","slug":"hotel-indigo-verona-grand-hotel-des-arts","status":"publish","type":"page","link":"https:\/\/www.indigoverona.com\/de\/","title":{"rendered":"Indigo Verona &#8211; Grand Hotel Des Arts"},"content":{"rendered":"<p>Das <strong>Boutique Hotel<\/strong>, wo man eine ganze neue Luft atmen kann.<\/p>\n<p><strong>Hotel Indigo Verona <\/strong>ist ein faszinierendes und charaktervolles Boutique Hotel, das in der N\u00e4he vom Bahnhof <strong>Porta Nuova<\/strong>, <strong>Piazza Bra<\/strong> und die <strong>Arena<\/strong> liegt: die perfekte L\u00f6sung f\u00fcr den Reisenden, die nach einem Ort in einer <strong>priviligierten Position<\/strong> suchen, und die keine Kompromissen mit der Qualit\u00e4t der Dienste, Stil und Komfort machen wollen.<\/p>\n<p>Das Hotel bietet <strong><a title=\"Zimmer und Suiten - Hotel Indigo Verona\" href=\"https:\/\/www.indigoverona.com\/de\/zimmer-und-suite\/\">62 Zimmer<\/a><\/strong> in der Arten Standard, Premium und Suite an, sowie <strong><a title=\"Meeting Veranstaltung - Hotel Indigo Verona\" href=\"https:\/\/www.indigoverona.com\/de\/meeting-veranstaltung\/\">drei Tagungsr\u00e4umen<\/a><\/strong>\u00a0f\u00fcr gr\u00f6\u03b2e und kleine Veranstaltungen <strong>modulierbar<\/strong>, und <a title=\"Arya Bar &amp; Mixology - Hotel Indigo Verona\" href=\"https:\/\/www.indigoverona.com\/de\/arya-bar-mixology\/\"><strong>Arya Bar &amp; Mixology<\/strong><\/a> mit seiner interessanten Vorschl\u00e4gen; hinzus\u00e4tzlich bieten wir ein akkurates Dienst und unseren herzlichen Empfang. <strong>Hotel Indigo Verona \u2013 Grande Hotel des Arts <\/strong>zu erleben wird sicherlich unvergessbar.<\/p>\n","protected":false},"excerpt":{"rendered":"<p>Das Boutique Hotel, wo man eine ganze neue Luft atmen kann. Hotel Indigo Verona ist ein faszinierendes und charaktervolles Boutique Hotel, das in der N\u00e4he vom Bahnhof Porta Nuova, Piazza Bra und die Arena liegt: die perfekte L\u00f6sung f\u00fcr den Reisenden, die nach einem Ort in einer priviligierten Position suchen, und die keine Kompromissen mit [&hellip;]<\/p>\n","protected":false},"author":7,"featured_media":0,"parent":0,"menu_order":0,"comment_status":"closed","ping_status":"closed","template":"","meta":{"footnotes":""},"class_list":["post-4","page","type-page","status-publish","hentry"],"yoast_head":"<!-- This site is optimized with the Yoast SEO plugin v26.9 - https:\/\/yoast.com\/product\/yoast-seo-wordpress\/ -->\n<title>Hotel Indigo Verona | Grand Hotel Des Arts 4 Sterne<\/title>\n<meta name=\"description\" content=\"Das 4-Stern-Boutique Hotel Indigo Verona liegt im Zentrum von Verona, nahe der Arena und wenige Minuten von den wichtigsten Sehensw\u00fcrdigkeiten entfernt.\" \/>\n<meta name=\"robots\" content=\"index, follow, max-snippet:-1, max-image-preview:large, max-video-preview:-1\" \/>\n<link rel=\"canonical\" href=\"https:\/\/www.indigoverona.com\/de\/\" \/>\n<meta property=\"og:locale\" content=\"de_DE\" \/>\n<meta property=\"og:type\" content=\"article\" \/>\n<meta property=\"og:title\" content=\"Hotel Indigo Verona | Grand Hotel Des Arts 4 Sterne\" \/>\n<meta property=\"og:description\" content=\"Das 4-Stern-Boutique Hotel Indigo Verona liegt im Zentrum von Verona, nahe der Arena und wenige Minuten von den wichtigsten Sehensw\u00fcrdigkeiten entfernt.\" \/>\n<meta property=\"og:url\" content=\"https:\/\/www.indigoverona.com\/de\/\" \/>\n<meta property=\"og:site_name\" content=\"Hotel Indigo Verona - Grand Hotel Des Arts\" \/>\n<meta property=\"article:modified_time\" content=\"2026-02-20T13:39:41+00:00\" \/>\n<meta name=\"twitter:card\" content=\"summary_large_image\" \/>\n<meta name=\"twitter:label1\" content=\"Gesch\u00e4tzte Lesezeit\" \/>\n\t<meta name=\"twitter:data1\" content=\"1 Minute\" \/>\n<script type=\"application\/ld+json\" class=\"yoast-schema-graph\">{\"@context\":\"https:\/\/schema.org\",\"@graph\":[{\"@type\":\"WebPage\",\"@id\":\"https:\/\/www.indigoverona.com\/de\/\",\"url\":\"https:\/\/www.indigoverona.com\/de\/\",\"name\":\"Hotel Indigo Verona | Grand Hotel Des Arts 4 Sterne\",\"isPartOf\":{\"@id\":\"https:\/\/www.indigoverona.com\/de\/#website\"},\"datePublished\":\"2020-04-27T08:13:37+00:00\",\"dateModified\":\"2026-02-20T13:39:41+00:00\",\"description\":\"Das 4-Stern-Boutique Hotel Indigo Verona liegt im Zentrum von Verona, nahe der Arena und wenige Minuten von den wichtigsten Sehensw\u00fcrdigkeiten entfernt.\",\"breadcrumb\":{\"@id\":\"https:\/\/www.indigoverona.com\/de\/#breadcrumb\"},\"inLanguage\":\"de-DE\",\"potentialAction\":[{\"@type\":\"ReadAction\",\"target\":[\"https:\/\/www.indigoverona.com\/de\/\"]}]},{\"@type\":\"BreadcrumbList\",\"@id\":\"https:\/\/www.indigoverona.com\/de\/#breadcrumb\",\"itemListElement\":[{\"@type\":\"ListItem\",\"position\":1,\"name\":\"Home\",\"item\":\"https:\/\/www.indigoverona.com\/de\/\"},{\"@type\":\"ListItem\",\"position\":2,\"name\":\"Indigo Verona &#8211; Grand Hotel Des Arts\"}]},{\"@type\":\"WebSite\",\"@id\":\"https:\/\/www.indigoverona.com\/de\/#website\",\"url\":\"https:\/\/www.indigoverona.com\/de\/\",\"name\":\"Hotel Indigo Verona - Grand Hotel Des Arts\",\"description\":\"Just another ms.decms.eu site\",\"potentialAction\":[{\"@type\":\"SearchAction\",\"target\":{\"@type\":\"EntryPoint\",\"urlTemplate\":\"https:\/\/www.indigoverona.com\/de\/?s={search_term_string}\"},\"query-input\":{\"@type\":\"PropertyValueSpecification\",\"valueRequired\":true,\"valueName\":\"search_term_string\"}}],\"inLanguage\":\"de-DE\"}]}<\/script>\n<!-- \/ Yoast SEO plugin. -->","yoast_head_json":{"title":"Hotel Indigo Verona | Grand Hotel Des Arts 4 Sterne","description":"Das 4-Stern-Boutique Hotel Indigo Verona liegt im Zentrum von Verona, nahe der Arena und wenige Minuten von den wichtigsten Sehensw\u00fcrdigkeiten entfernt.","robots":{"index":"index","follow":"follow","max-snippet":"max-snippet:-1","max-image-preview":"max-image-preview:large","max-video-preview":"max-video-preview:-1"},"canonical":"https:\/\/www.indigoverona.com\/de\/","og_locale":"de_DE","og_type":"article","og_title":"Hotel Indigo Verona | Grand Hotel Des Arts 4 Sterne","og_description":"Das 4-Stern-Boutique Hotel Indigo Verona liegt im Zentrum von Verona, nahe der Arena und wenige Minuten von den wichtigsten Sehensw\u00fcrdigkeiten entfernt.","og_url":"https:\/\/www.indigoverona.com\/de\/","og_site_name":"Hotel Indigo Verona - Grand Hotel Des Arts","article_modified_time":"2026-02-20T13:39:41+00:00","twitter_card":"summary_large_image","twitter_misc":{"Gesch\u00e4tzte Lesezeit":"1 Minute"},"schema":{"@context":"https:\/\/schema.org","@graph":[{"@type":"WebPage","@id":"https:\/\/www.indigoverona.com\/de\/","url":"https:\/\/www.indigoverona.com\/de\/","name":"Hotel Indigo Verona | Grand Hotel Des Arts 4 Sterne","isPartOf":{"@id":"https:\/\/www.indigoverona.com\/de\/#website"},"datePublished":"2020-04-27T08:13:37+00:00","dateModified":"2026-02-20T13:39:41+00:00","description":"Das 4-Stern-Boutique Hotel Indigo Verona liegt im Zentrum von Verona, nahe der Arena und wenige Minuten von den wichtigsten Sehensw\u00fcrdigkeiten entfernt.","breadcrumb":{"@id":"https:\/\/www.indigoverona.com\/de\/#breadcrumb"},"inLanguage":"de-DE","potentialAction":[{"@type":"ReadAction","target":["https:\/\/www.indigoverona.com\/de\/"]}]},{"@type":"BreadcrumbList","@id":"https:\/\/www.indigoverona.com\/de\/#breadcrumb","itemListElement":[{"@type":"ListItem","position":1,"name":"Home","item":"https:\/\/www.indigoverona.com\/de\/"},{"@type":"ListItem","position":2,"name":"Indigo Verona &#8211; Grand Hotel Des Arts"}]},{"@type":"WebSite","@id":"https:\/\/www.indigoverona.com\/de\/#website","url":"https:\/\/www.indigoverona.com\/de\/","name":"Hotel Indigo Verona - Grand Hotel Des Arts","description":"Just another ms.decms.eu site","potentialAction":[{"@type":"SearchAction","target":{"@type":"EntryPoint","urlTemplate":"https:\/\/www.indigoverona.com\/de\/?s={search_term_string}"},"query-input":{"@type":"PropertyValueSpecification","valueRequired":true,"valueName":"search_term_string"}}],"inLanguage":"de-DE"}]}},"acf":[],"_links":{"self":[{"href":"https:\/\/www.indigoverona.com\/de\/wp-json\/wp\/v2\/pages\/4","targetHints":{"allow":["GET"]}}],"collection":[{"href":"https:\/\/www.indigoverona.com\/de\/wp-json\/wp\/v2\/pages"}],"about":[{"href":"https:\/\/www.indigoverona.com\/de\/wp-json\/wp\/v2\/types\/page"}],"author":[{"embeddable":true,"href":"https:\/\/www.indigoverona.com\/de\/wp-json\/wp\/v2\/users\/7"}],"replies":[{"embeddable":true,"href":"https:\/\/www.indigoverona.com\/de\/wp-json\/wp\/v2\/comments?post=4"}],"version-history":[{"count":0,"href":"https:\/\/www.indigoverona.com\/de\/wp-json\/wp\/v2\/pages\/4\/revisions"}],"wp:attachment":[{"href":"https:\/\/www.indigoverona.com\/de\/wp-json\/wp\/v2\/media?parent=4"}],"curies":[{"name":"wp","href":"https:\/\/api.w.org\/{rel}","templated":true}]}}