{"id":598,"date":"2020-05-11T13:10:04","date_gmt":"2020-05-11T13:10:04","guid":{"rendered":"https:\/\/www.indigoverona.com\/the-hotel\/"},"modified":"2025-07-11T10:21:34","modified_gmt":"2025-07-11T10:21:34","slug":"das-hotel","status":"publish","type":"page","link":"https:\/\/www.indigoverona.com\/de\/das-hotel\/","title":{"rendered":"Das hotel"},"content":{"rendered":"<p>Das Hotel liegt am <strong>Corso Porta Nuova<\/strong>, weit weg von ihrer Chaos aber nahe der Stadt genug, um einen privilegierten Ausgangspunkt f\u00fcr Ausfl\u00fcge ins Stadtzentrum sowie in die Umgebung zu bieten. Es z\u00e4hlt <strong>62 Zimmer<\/strong>, die in Einrichtung und Design komplett renoviert wurden, und ist die ideale Wahl f\u00fcr die Reisenden, die den besten Kompromiss zwischen Zweckm\u00e4\u00dfigkeit, Gastfreundschaft und Eleganz suchen.<\/p>\n<p>Die Zimmer sind in den Versionen <strong><a title=\"Standard Zimmer - Hotel Indigo Verona\" href=\"https:\/\/www.indigoverona.com\/de\/zimmer-und-suite\/standard-zimmer\/\">Standard<\/a>, <a title=\"Premium Zimmer - Hotel Indigo Verona\" href=\"https:\/\/www.indigoverona.com\/de\/zimmer-und-suite\/premium-zimmer\/\">Premium<\/a> oder <a title=\"Suite - Hotel Indigo Verona\" href=\"https:\/\/www.indigoverona.com\/de\/zimmer-und-suite\/suite\/\">Suite<\/a><\/strong>\u00a0erh\u00e4ltlich. Sie sind alle Nichtraucherzimmer mit einem privaten Bad im SPA-Stil und bequemen Betten ausgestattet, und bieten einen privilegierten Blick auf die Stadt oder den Innengarten.<\/p>\n<p>Verbringen Sie Zeit in der ruhigen und entspannenden Atmosph\u00e4re des <strong>Hotel Indigo Verona &#8211; Grand Hotel des Arts<\/strong>: es wird ein unvergessliches Erlebnis sein!<\/p>\n","protected":false},"excerpt":{"rendered":"<p>Das Hotel liegt am Corso Porta Nuova, weit weg von ihrer Chaos aber nahe der Stadt genug, um einen privilegierten Ausgangspunkt f\u00fcr Ausfl\u00fcge ins Stadtzentrum sowie in die Umgebung zu bieten. Es z\u00e4hlt 62 Zimmer, die in Einrichtung und Design komplett renoviert wurden, und ist die ideale Wahl f\u00fcr die Reisenden, die den besten Kompromiss [&hellip;]<\/p>\n","protected":false},"author":7,"featured_media":0,"parent":0,"menu_order":1,"comment_status":"closed","ping_status":"closed","template":"","meta":{"footnotes":""},"class_list":["post-598","page","type-page","status-publish","hentry"],"yoast_head":"<!-- This site is optimized with the Yoast SEO plugin v26.9 - https:\/\/yoast.com\/product\/yoast-seo-wordpress\/ -->\n<title>Zimmer, Service und Angebote | Boutique Hotel Indigo Verona<\/title>\n<meta name=\"description\" content=\"Das Hotel Indigo Verona im Herzen der Stadt bietet Zimmer, Serviceleistungen und individuelle Angebote f\u00fcr jeden Bedarf. Entdecken Sie unsere Zimmer!\" \/>\n<meta name=\"robots\" content=\"index, follow, max-snippet:-1, max-image-preview:large, max-video-preview:-1\" \/>\n<link rel=\"canonical\" href=\"https:\/\/www.indigoverona.com\/de\/das-hotel\/\" \/>\n<meta property=\"og:locale\" content=\"de_DE\" \/>\n<meta property=\"og:type\" content=\"article\" \/>\n<meta property=\"og:title\" content=\"Zimmer, Service und Angebote | Boutique Hotel Indigo Verona\" \/>\n<meta property=\"og:description\" content=\"Das Hotel Indigo Verona im Herzen der Stadt bietet Zimmer, Serviceleistungen und individuelle Angebote f\u00fcr jeden Bedarf. Entdecken Sie unsere Zimmer!\" \/>\n<meta property=\"og:url\" content=\"https:\/\/www.indigoverona.com\/de\/das-hotel\/\" \/>\n<meta property=\"og:site_name\" content=\"Hotel Indigo Verona - Grand Hotel Des Arts\" \/>\n<meta property=\"article:modified_time\" content=\"2025-07-11T10:21:34+00:00\" \/>\n<meta name=\"twitter:card\" content=\"summary_large_image\" \/>\n<meta name=\"twitter:label1\" content=\"Gesch\u00e4tzte Lesezeit\" \/>\n\t<meta name=\"twitter:data1\" content=\"1 Minute\" \/>\n<script type=\"application\/ld+json\" class=\"yoast-schema-graph\">{\"@context\":\"https:\/\/schema.org\",\"@graph\":[{\"@type\":\"WebPage\",\"@id\":\"https:\/\/www.indigoverona.com\/de\/das-hotel\/\",\"url\":\"https:\/\/www.indigoverona.com\/de\/das-hotel\/\",\"name\":\"Zimmer, Service und Angebote | Boutique Hotel Indigo Verona\",\"isPartOf\":{\"@id\":\"https:\/\/www.indigoverona.com\/de\/#website\"},\"datePublished\":\"2020-05-11T13:10:04+00:00\",\"dateModified\":\"2025-07-11T10:21:34+00:00\",\"description\":\"Das Hotel Indigo Verona im Herzen der Stadt bietet Zimmer, Serviceleistungen und individuelle Angebote f\u00fcr jeden Bedarf. Entdecken Sie unsere Zimmer!\",\"breadcrumb\":{\"@id\":\"https:\/\/www.indigoverona.com\/de\/das-hotel\/#breadcrumb\"},\"inLanguage\":\"de-DE\",\"potentialAction\":[{\"@type\":\"ReadAction\",\"target\":[\"https:\/\/www.indigoverona.com\/de\/das-hotel\/\"]}]},{\"@type\":\"BreadcrumbList\",\"@id\":\"https:\/\/www.indigoverona.com\/de\/das-hotel\/#breadcrumb\",\"itemListElement\":[{\"@type\":\"ListItem\",\"position\":1,\"name\":\"Home\",\"item\":\"https:\/\/www.indigoverona.com\/de\/\"},{\"@type\":\"ListItem\",\"position\":2,\"name\":\"Das hotel\"}]},{\"@type\":\"WebSite\",\"@id\":\"https:\/\/www.indigoverona.com\/de\/#website\",\"url\":\"https:\/\/www.indigoverona.com\/de\/\",\"name\":\"Hotel Indigo Verona - Grand Hotel Des Arts\",\"description\":\"Just another ms.decms.eu site\",\"potentialAction\":[{\"@type\":\"SearchAction\",\"target\":{\"@type\":\"EntryPoint\",\"urlTemplate\":\"https:\/\/www.indigoverona.com\/de\/?s={search_term_string}\"},\"query-input\":{\"@type\":\"PropertyValueSpecification\",\"valueRequired\":true,\"valueName\":\"search_term_string\"}}],\"inLanguage\":\"de-DE\"}]}<\/script>\n<!-- \/ Yoast SEO plugin. -->","yoast_head_json":{"title":"Zimmer, Service und Angebote | Boutique Hotel Indigo Verona","description":"Das Hotel Indigo Verona im Herzen der Stadt bietet Zimmer, Serviceleistungen und individuelle Angebote f\u00fcr jeden Bedarf. Entdecken Sie unsere Zimmer!","robots":{"index":"index","follow":"follow","max-snippet":"max-snippet:-1","max-image-preview":"max-image-preview:large","max-video-preview":"max-video-preview:-1"},"canonical":"https:\/\/www.indigoverona.com\/de\/das-hotel\/","og_locale":"de_DE","og_type":"article","og_title":"Zimmer, Service und Angebote | Boutique Hotel Indigo Verona","og_description":"Das Hotel Indigo Verona im Herzen der Stadt bietet Zimmer, Serviceleistungen und individuelle Angebote f\u00fcr jeden Bedarf. Entdecken Sie unsere Zimmer!","og_url":"https:\/\/www.indigoverona.com\/de\/das-hotel\/","og_site_name":"Hotel Indigo Verona - Grand Hotel Des Arts","article_modified_time":"2025-07-11T10:21:34+00:00","twitter_card":"summary_large_image","twitter_misc":{"Gesch\u00e4tzte Lesezeit":"1 Minute"},"schema":{"@context":"https:\/\/schema.org","@graph":[{"@type":"WebPage","@id":"https:\/\/www.indigoverona.com\/de\/das-hotel\/","url":"https:\/\/www.indigoverona.com\/de\/das-hotel\/","name":"Zimmer, Service und Angebote | Boutique Hotel Indigo Verona","isPartOf":{"@id":"https:\/\/www.indigoverona.com\/de\/#website"},"datePublished":"2020-05-11T13:10:04+00:00","dateModified":"2025-07-11T10:21:34+00:00","description":"Das Hotel Indigo Verona im Herzen der Stadt bietet Zimmer, Serviceleistungen und individuelle Angebote f\u00fcr jeden Bedarf. Entdecken Sie unsere Zimmer!","breadcrumb":{"@id":"https:\/\/www.indigoverona.com\/de\/das-hotel\/#breadcrumb"},"inLanguage":"de-DE","potentialAction":[{"@type":"ReadAction","target":["https:\/\/www.indigoverona.com\/de\/das-hotel\/"]}]},{"@type":"BreadcrumbList","@id":"https:\/\/www.indigoverona.com\/de\/das-hotel\/#breadcrumb","itemListElement":[{"@type":"ListItem","position":1,"name":"Home","item":"https:\/\/www.indigoverona.com\/de\/"},{"@type":"ListItem","position":2,"name":"Das hotel"}]},{"@type":"WebSite","@id":"https:\/\/www.indigoverona.com\/de\/#website","url":"https:\/\/www.indigoverona.com\/de\/","name":"Hotel Indigo Verona - Grand Hotel Des Arts","description":"Just another ms.decms.eu site","potentialAction":[{"@type":"SearchAction","target":{"@type":"EntryPoint","urlTemplate":"https:\/\/www.indigoverona.com\/de\/?s={search_term_string}"},"query-input":{"@type":"PropertyValueSpecification","valueRequired":true,"valueName":"search_term_string"}}],"inLanguage":"de-DE"}]}},"acf":[],"_links":{"self":[{"href":"https:\/\/www.indigoverona.com\/de\/wp-json\/wp\/v2\/pages\/598","targetHints":{"allow":["GET"]}}],"collection":[{"href":"https:\/\/www.indigoverona.com\/de\/wp-json\/wp\/v2\/pages"}],"about":[{"href":"https:\/\/www.indigoverona.com\/de\/wp-json\/wp\/v2\/types\/page"}],"author":[{"embeddable":true,"href":"https:\/\/www.indigoverona.com\/de\/wp-json\/wp\/v2\/users\/7"}],"replies":[{"embeddable":true,"href":"https:\/\/www.indigoverona.com\/de\/wp-json\/wp\/v2\/comments?post=598"}],"version-history":[{"count":0,"href":"https:\/\/www.indigoverona.com\/de\/wp-json\/wp\/v2\/pages\/598\/revisions"}],"wp:attachment":[{"href":"https:\/\/www.indigoverona.com\/de\/wp-json\/wp\/v2\/media?parent=598"}],"curies":[{"name":"wp","href":"https:\/\/api.w.org\/{rel}","templated":true}]}}