{"id":607,"date":"2020-05-12T08:35:56","date_gmt":"2020-05-12T08:35:56","guid":{"rendered":"https:\/\/www.indigoverona.com\/das-hotel\/design-concept\/"},"modified":"2025-05-26T10:17:27","modified_gmt":"2025-05-26T10:17:27","slug":"die-umgebungen","status":"publish","type":"page","link":"https:\/\/www.indigoverona.com\/de\/das-hotel\/die-umgebungen\/","title":{"rendered":"Die Umgebungen"},"content":{"rendered":"<p>Das Hotel Indigo Verona bietet <a title=\"Zimmer und Suiten - Hotel Indigo Verona\" href=\"https:\/\/www.indigoverona.com\/de\/zimmer-und-suite\/\"><strong><u>62 Zimmer<\/u><\/strong><\/a> <strong>von<\/strong> <strong>verschiedenen Arten<\/strong>, 3 <strong>modulierbare <a title=\"Meetingr\u00e4ume - Hotel Indigo Verona\" href=\"https:\/\/www.indigoverona.com\/de\/meeting-veranstaltung\/meetingraeume\/\"><u>Tagungsr\u00e4ume<\/u><\/a><\/strong>, die <a title=\"Arya Bar &amp; Mixology - Hotel Indigo Verona\" href=\"https:\/\/www.indigoverona.com\/de\/arya-bar-mixology\/\"><strong><u>Arya Bar &amp; Mixology<\/u><\/strong><\/a>, einen <a title=\"Innengarten - Hotel Indigo Verona\" href=\"https:\/\/www.indigoverona.com\/de\/das-hotel\/der-innengarten\/\"><strong><u>privaten Garten<\/u><\/strong><\/a> mit <strong>Solarium<\/strong>, Terrasse und Bereiche, die mit den geeignetsten Dienstleistungen ausgestattet sind, um die Bed\u00fcrfnisse der anspruchsvollsten Kunden zu treffen.<\/p>\n<p>Die Salbei- und Gr\u00fcnt\u00f6ne, die hellen Graut\u00f6ne und die feinen Ausstattungen der R\u00e4ume f\u00f6rdern die Konzentration und geben Ruhe: genau die Stimmung, die Sie brauchen, um die Verpflichtungen des Alltags zu erf\u00fcllen, sowohl es sich um Gesch\u00e4fte als auch um Freizeit handelt.<\/p>\n<p>Die <strong>Kunstwerken<\/strong>, die in nachdenklicher Meditation in den Gemeinschaftsr\u00e4umen des Hotels \u2018Halt machen\u2019, sind mit ihrer diskreten und eindrucksvollen Pr\u00e4senz gemeint, Ihnen w\u00e4hrend Ihres Aufenthalts Gesellschaft zu leisten.<\/p>\n<p>Sie werden in der Lobby, neben der Rezeption, in der Bar nie allein sein, und werden Sie sich nie dort langweilen. Es wird immer eine kreative Inspiration dabei sein, die Sie inspirieren wird.<\/p>\n","protected":false},"excerpt":{"rendered":"<p>Das Hotel Indigo Verona bietet 62 Zimmer von verschiedenen Arten, 3 modulierbare Tagungsr\u00e4ume, die Arya Bar &amp; Mixology, einen privaten Garten mit Solarium, Terrasse und Bereiche, die mit den geeignetsten Dienstleistungen ausgestattet sind, um die Bed\u00fcrfnisse der anspruchsvollsten Kunden zu treffen. Die Salbei- und Gr\u00fcnt\u00f6ne, die hellen Graut\u00f6ne und die feinen Ausstattungen der R\u00e4ume f\u00f6rdern [&hellip;]<\/p>\n","protected":false},"author":7,"featured_media":0,"parent":598,"menu_order":2,"comment_status":"closed","ping_status":"closed","template":"","meta":{"footnotes":""},"class_list":["post-607","page","type-page","status-publish","hentry"],"yoast_head":"<!-- This site is optimized with the Yoast SEO plugin v26.9 - https:\/\/yoast.com\/product\/yoast-seo-wordpress\/ -->\n<title>Ambiente des 4-Stern-Boutique Hotels Verona | Hotel Indigo<\/title>\n<meta name=\"description\" content=\"Zwischen Gem\u00e4lden und Skulpturen umfasst das elegante Hotel des Arts zahlreiche Ambiente. Entdecken Sie die Zimmer, Suiten, den Meeting-Raum und die Bar.\" \/>\n<meta name=\"robots\" content=\"index, follow, max-snippet:-1, max-image-preview:large, max-video-preview:-1\" \/>\n<link rel=\"canonical\" href=\"https:\/\/www.indigoverona.com\/de\/das-hotel\/die-umgebungen\/\" \/>\n<meta property=\"og:locale\" content=\"de_DE\" \/>\n<meta property=\"og:type\" content=\"article\" \/>\n<meta property=\"og:title\" content=\"Ambiente des 4-Stern-Boutique Hotels Verona | Hotel Indigo\" \/>\n<meta property=\"og:description\" content=\"Zwischen Gem\u00e4lden und Skulpturen umfasst das elegante Hotel des Arts zahlreiche Ambiente. Entdecken Sie die Zimmer, Suiten, den Meeting-Raum und die Bar.\" \/>\n<meta property=\"og:url\" content=\"https:\/\/www.indigoverona.com\/de\/das-hotel\/die-umgebungen\/\" \/>\n<meta property=\"og:site_name\" content=\"Hotel Indigo Verona - Grand Hotel Des Arts\" \/>\n<meta property=\"article:modified_time\" content=\"2025-05-26T10:17:27+00:00\" \/>\n<meta name=\"twitter:card\" content=\"summary_large_image\" \/>\n<meta name=\"twitter:label1\" content=\"Gesch\u00e4tzte Lesezeit\" \/>\n\t<meta name=\"twitter:data1\" content=\"1 Minute\" \/>\n<script type=\"application\/ld+json\" class=\"yoast-schema-graph\">{\"@context\":\"https:\/\/schema.org\",\"@graph\":[{\"@type\":\"WebPage\",\"@id\":\"https:\/\/www.indigoverona.com\/de\/das-hotel\/die-umgebungen\/\",\"url\":\"https:\/\/www.indigoverona.com\/de\/das-hotel\/die-umgebungen\/\",\"name\":\"Ambiente des 4-Stern-Boutique Hotels Verona | Hotel Indigo\",\"isPartOf\":{\"@id\":\"https:\/\/www.indigoverona.com\/de\/#website\"},\"datePublished\":\"2020-05-12T08:35:56+00:00\",\"dateModified\":\"2025-05-26T10:17:27+00:00\",\"description\":\"Zwischen Gem\u00e4lden und Skulpturen umfasst das elegante Hotel des Arts zahlreiche Ambiente. Entdecken Sie die Zimmer, Suiten, den Meeting-Raum und die Bar.\",\"breadcrumb\":{\"@id\":\"https:\/\/www.indigoverona.com\/de\/das-hotel\/die-umgebungen\/#breadcrumb\"},\"inLanguage\":\"de-DE\",\"potentialAction\":[{\"@type\":\"ReadAction\",\"target\":[\"https:\/\/www.indigoverona.com\/de\/das-hotel\/die-umgebungen\/\"]}]},{\"@type\":\"BreadcrumbList\",\"@id\":\"https:\/\/www.indigoverona.com\/de\/das-hotel\/die-umgebungen\/#breadcrumb\",\"itemListElement\":[{\"@type\":\"ListItem\",\"position\":1,\"name\":\"Home\",\"item\":\"https:\/\/www.indigoverona.com\/de\/\"},{\"@type\":\"ListItem\",\"position\":2,\"name\":\"Das hotel\",\"item\":\"https:\/\/www.indigoverona.com\/de\/das-hotel\/\"},{\"@type\":\"ListItem\",\"position\":3,\"name\":\"Die Umgebungen\"}]},{\"@type\":\"WebSite\",\"@id\":\"https:\/\/www.indigoverona.com\/de\/#website\",\"url\":\"https:\/\/www.indigoverona.com\/de\/\",\"name\":\"Hotel Indigo Verona - Grand Hotel Des Arts\",\"description\":\"Just another ms.decms.eu site\",\"potentialAction\":[{\"@type\":\"SearchAction\",\"target\":{\"@type\":\"EntryPoint\",\"urlTemplate\":\"https:\/\/www.indigoverona.com\/de\/?s={search_term_string}\"},\"query-input\":{\"@type\":\"PropertyValueSpecification\",\"valueRequired\":true,\"valueName\":\"search_term_string\"}}],\"inLanguage\":\"de-DE\"}]}<\/script>\n<!-- \/ Yoast SEO plugin. -->","yoast_head_json":{"title":"Ambiente des 4-Stern-Boutique Hotels Verona | Hotel Indigo","description":"Zwischen Gem\u00e4lden und Skulpturen umfasst das elegante Hotel des Arts zahlreiche Ambiente. Entdecken Sie die Zimmer, Suiten, den Meeting-Raum und die Bar.","robots":{"index":"index","follow":"follow","max-snippet":"max-snippet:-1","max-image-preview":"max-image-preview:large","max-video-preview":"max-video-preview:-1"},"canonical":"https:\/\/www.indigoverona.com\/de\/das-hotel\/die-umgebungen\/","og_locale":"de_DE","og_type":"article","og_title":"Ambiente des 4-Stern-Boutique Hotels Verona | Hotel Indigo","og_description":"Zwischen Gem\u00e4lden und Skulpturen umfasst das elegante Hotel des Arts zahlreiche Ambiente. Entdecken Sie die Zimmer, Suiten, den Meeting-Raum und die Bar.","og_url":"https:\/\/www.indigoverona.com\/de\/das-hotel\/die-umgebungen\/","og_site_name":"Hotel Indigo Verona - Grand Hotel Des Arts","article_modified_time":"2025-05-26T10:17:27+00:00","twitter_card":"summary_large_image","twitter_misc":{"Gesch\u00e4tzte Lesezeit":"1 Minute"},"schema":{"@context":"https:\/\/schema.org","@graph":[{"@type":"WebPage","@id":"https:\/\/www.indigoverona.com\/de\/das-hotel\/die-umgebungen\/","url":"https:\/\/www.indigoverona.com\/de\/das-hotel\/die-umgebungen\/","name":"Ambiente des 4-Stern-Boutique Hotels Verona | Hotel Indigo","isPartOf":{"@id":"https:\/\/www.indigoverona.com\/de\/#website"},"datePublished":"2020-05-12T08:35:56+00:00","dateModified":"2025-05-26T10:17:27+00:00","description":"Zwischen Gem\u00e4lden und Skulpturen umfasst das elegante Hotel des Arts zahlreiche Ambiente. Entdecken Sie die Zimmer, Suiten, den Meeting-Raum und die Bar.","breadcrumb":{"@id":"https:\/\/www.indigoverona.com\/de\/das-hotel\/die-umgebungen\/#breadcrumb"},"inLanguage":"de-DE","potentialAction":[{"@type":"ReadAction","target":["https:\/\/www.indigoverona.com\/de\/das-hotel\/die-umgebungen\/"]}]},{"@type":"BreadcrumbList","@id":"https:\/\/www.indigoverona.com\/de\/das-hotel\/die-umgebungen\/#breadcrumb","itemListElement":[{"@type":"ListItem","position":1,"name":"Home","item":"https:\/\/www.indigoverona.com\/de\/"},{"@type":"ListItem","position":2,"name":"Das hotel","item":"https:\/\/www.indigoverona.com\/de\/das-hotel\/"},{"@type":"ListItem","position":3,"name":"Die Umgebungen"}]},{"@type":"WebSite","@id":"https:\/\/www.indigoverona.com\/de\/#website","url":"https:\/\/www.indigoverona.com\/de\/","name":"Hotel Indigo Verona - Grand Hotel Des Arts","description":"Just another ms.decms.eu site","potentialAction":[{"@type":"SearchAction","target":{"@type":"EntryPoint","urlTemplate":"https:\/\/www.indigoverona.com\/de\/?s={search_term_string}"},"query-input":{"@type":"PropertyValueSpecification","valueRequired":true,"valueName":"search_term_string"}}],"inLanguage":"de-DE"}]}},"acf":[],"_links":{"self":[{"href":"https:\/\/www.indigoverona.com\/de\/wp-json\/wp\/v2\/pages\/607","targetHints":{"allow":["GET"]}}],"collection":[{"href":"https:\/\/www.indigoverona.com\/de\/wp-json\/wp\/v2\/pages"}],"about":[{"href":"https:\/\/www.indigoverona.com\/de\/wp-json\/wp\/v2\/types\/page"}],"author":[{"embeddable":true,"href":"https:\/\/www.indigoverona.com\/de\/wp-json\/wp\/v2\/users\/7"}],"replies":[{"embeddable":true,"href":"https:\/\/www.indigoverona.com\/de\/wp-json\/wp\/v2\/comments?post=607"}],"version-history":[{"count":0,"href":"https:\/\/www.indigoverona.com\/de\/wp-json\/wp\/v2\/pages\/607\/revisions"}],"up":[{"embeddable":true,"href":"https:\/\/www.indigoverona.com\/de\/wp-json\/wp\/v2\/pages\/598"}],"wp:attachment":[{"href":"https:\/\/www.indigoverona.com\/de\/wp-json\/wp\/v2\/media?parent=607"}],"curies":[{"name":"wp","href":"https:\/\/api.w.org\/{rel}","templated":true}]}}