{"id":612,"date":"2020-07-22T09:30:22","date_gmt":"2020-07-22T09:30:22","guid":{"rendered":"https:\/\/www.indigoverona.com\/?page_id=612"},"modified":"2025-08-18T11:04:25","modified_gmt":"2025-08-18T11:04:25","slug":"der-innengarten","status":"publish","type":"page","link":"https:\/\/www.indigoverona.com\/de\/das-hotel\/der-innengarten\/","title":{"rendered":"Der Innengarten"},"content":{"rendered":"<p>Wenn das Wetter sch\u00f6n wird, raten wir Ihnen, einen Spaziergang in unserem Innengarten zu machen, sich im <strong>Solarium <\/strong>zu entspannen oder sich f\u00fcr ein paar Minuten zu erholen, sowie die leckeren Cocktails unserer <a title=\"Arya Bar &amp; Mixology - Hotel Indigo Verona\" href=\"https:\/\/www.indigoverona.com\/de\/arya-bar-mixology\/\"><strong>Arya Bar &amp; Mixology<\/strong><\/a> zu schmecken. Das musikalische Rauschen der Bl\u00e4tter und die Kunstwerke, die hier ungest\u00f6rt ihren Urlaub genie\u00dfen k\u00f6nnen, werden Ihnen in der ruhigen und meditativen Atmosph\u00e4re des <strong>Innenhofs<\/strong> Gesellschaft leisten.<\/p>\n<p>Unser Innengarten ist mit Tischen, Liegest\u00fchlen und Sonnenschirmen ausgestattet, und bietet Ihnen eine einzigartige Gelegenheit, <strong>sich beim sch\u00f6nen Wetter <\/strong>zu entspannen: Sie werden dort ein ruhiger Ort finden, der von dem Chaos und der Eile der Stadt gesch\u00fctzt ist, in der man Nachmittage in der Sonne und entspannende Momente verbringen kann.<\/p>\n","protected":false},"excerpt":{"rendered":"<p>Wenn das Wetter sch\u00f6n wird, raten wir Ihnen, einen Spaziergang in unserem Innengarten zu machen, sich im Solarium zu entspannen oder sich f\u00fcr ein paar Minuten zu erholen, sowie die leckeren Cocktails unserer Arya Bar &amp; Mixology zu schmecken. Das musikalische Rauschen der Bl\u00e4tter und die Kunstwerke, die hier ungest\u00f6rt ihren Urlaub genie\u00dfen k\u00f6nnen, werden [&hellip;]<\/p>\n","protected":false},"author":7,"featured_media":0,"parent":598,"menu_order":3,"comment_status":"closed","ping_status":"closed","template":"","meta":{"footnotes":""},"class_list":["post-612","page","type-page","status-publish","hentry"],"yoast_head":"<!-- This site is optimized with the Yoast SEO plugin v26.9 - https:\/\/yoast.com\/product\/yoast-seo-wordpress\/ -->\n<title>Innengarten | Hotel Indigo Grand des Arts Verona<\/title>\n<meta name=\"description\" content=\"Im Boutique Hotel Indigo Verona befindet sich ein romantischer Innengarten mit bequemen Sofas, Chaiselongues und Couchtischen.\" \/>\n<meta name=\"robots\" content=\"index, follow, max-snippet:-1, max-image-preview:large, max-video-preview:-1\" \/>\n<link rel=\"canonical\" href=\"https:\/\/www.indigoverona.com\/de\/das-hotel\/der-innengarten\/\" \/>\n<meta property=\"og:locale\" content=\"de_DE\" \/>\n<meta property=\"og:type\" content=\"article\" \/>\n<meta property=\"og:title\" content=\"Innengarten | Hotel Indigo Grand des Arts Verona\" \/>\n<meta property=\"og:description\" content=\"Im Boutique Hotel Indigo Verona befindet sich ein romantischer Innengarten mit bequemen Sofas, Chaiselongues und Couchtischen.\" \/>\n<meta property=\"og:url\" content=\"https:\/\/www.indigoverona.com\/de\/das-hotel\/der-innengarten\/\" \/>\n<meta property=\"og:site_name\" content=\"Hotel Indigo Verona - Grand Hotel Des Arts\" \/>\n<meta property=\"article:modified_time\" content=\"2025-08-18T11:04:25+00:00\" \/>\n<meta name=\"twitter:card\" content=\"summary_large_image\" \/>\n<meta name=\"twitter:label1\" content=\"Gesch\u00e4tzte Lesezeit\" \/>\n\t<meta name=\"twitter:data1\" content=\"1 Minute\" \/>\n<script type=\"application\/ld+json\" class=\"yoast-schema-graph\">{\"@context\":\"https:\/\/schema.org\",\"@graph\":[{\"@type\":\"WebPage\",\"@id\":\"https:\/\/www.indigoverona.com\/de\/das-hotel\/der-innengarten\/\",\"url\":\"https:\/\/www.indigoverona.com\/de\/das-hotel\/der-innengarten\/\",\"name\":\"Innengarten | Hotel Indigo Grand des Arts Verona\",\"isPartOf\":{\"@id\":\"https:\/\/www.indigoverona.com\/de\/#website\"},\"datePublished\":\"2020-07-22T09:30:22+00:00\",\"dateModified\":\"2025-08-18T11:04:25+00:00\",\"description\":\"Im Boutique Hotel Indigo Verona befindet sich ein romantischer Innengarten mit bequemen Sofas, Chaiselongues und Couchtischen.\",\"breadcrumb\":{\"@id\":\"https:\/\/www.indigoverona.com\/de\/das-hotel\/der-innengarten\/#breadcrumb\"},\"inLanguage\":\"de-DE\",\"potentialAction\":[{\"@type\":\"ReadAction\",\"target\":[\"https:\/\/www.indigoverona.com\/de\/das-hotel\/der-innengarten\/\"]}]},{\"@type\":\"BreadcrumbList\",\"@id\":\"https:\/\/www.indigoverona.com\/de\/das-hotel\/der-innengarten\/#breadcrumb\",\"itemListElement\":[{\"@type\":\"ListItem\",\"position\":1,\"name\":\"Home\",\"item\":\"https:\/\/www.indigoverona.com\/de\/\"},{\"@type\":\"ListItem\",\"position\":2,\"name\":\"Das hotel\",\"item\":\"https:\/\/www.indigoverona.com\/de\/das-hotel\/\"},{\"@type\":\"ListItem\",\"position\":3,\"name\":\"Der Innengarten\"}]},{\"@type\":\"WebSite\",\"@id\":\"https:\/\/www.indigoverona.com\/de\/#website\",\"url\":\"https:\/\/www.indigoverona.com\/de\/\",\"name\":\"Hotel Indigo Verona - Grand Hotel Des Arts\",\"description\":\"Just another ms.decms.eu site\",\"potentialAction\":[{\"@type\":\"SearchAction\",\"target\":{\"@type\":\"EntryPoint\",\"urlTemplate\":\"https:\/\/www.indigoverona.com\/de\/?s={search_term_string}\"},\"query-input\":{\"@type\":\"PropertyValueSpecification\",\"valueRequired\":true,\"valueName\":\"search_term_string\"}}],\"inLanguage\":\"de-DE\"}]}<\/script>\n<!-- \/ Yoast SEO plugin. -->","yoast_head_json":{"title":"Innengarten | Hotel Indigo Grand des Arts Verona","description":"Im Boutique Hotel Indigo Verona befindet sich ein romantischer Innengarten mit bequemen Sofas, Chaiselongues und Couchtischen.","robots":{"index":"index","follow":"follow","max-snippet":"max-snippet:-1","max-image-preview":"max-image-preview:large","max-video-preview":"max-video-preview:-1"},"canonical":"https:\/\/www.indigoverona.com\/de\/das-hotel\/der-innengarten\/","og_locale":"de_DE","og_type":"article","og_title":"Innengarten | Hotel Indigo Grand des Arts Verona","og_description":"Im Boutique Hotel Indigo Verona befindet sich ein romantischer Innengarten mit bequemen Sofas, Chaiselongues und Couchtischen.","og_url":"https:\/\/www.indigoverona.com\/de\/das-hotel\/der-innengarten\/","og_site_name":"Hotel Indigo Verona - Grand Hotel Des Arts","article_modified_time":"2025-08-18T11:04:25+00:00","twitter_card":"summary_large_image","twitter_misc":{"Gesch\u00e4tzte Lesezeit":"1 Minute"},"schema":{"@context":"https:\/\/schema.org","@graph":[{"@type":"WebPage","@id":"https:\/\/www.indigoverona.com\/de\/das-hotel\/der-innengarten\/","url":"https:\/\/www.indigoverona.com\/de\/das-hotel\/der-innengarten\/","name":"Innengarten | Hotel Indigo Grand des Arts Verona","isPartOf":{"@id":"https:\/\/www.indigoverona.com\/de\/#website"},"datePublished":"2020-07-22T09:30:22+00:00","dateModified":"2025-08-18T11:04:25+00:00","description":"Im Boutique Hotel Indigo Verona befindet sich ein romantischer Innengarten mit bequemen Sofas, Chaiselongues und Couchtischen.","breadcrumb":{"@id":"https:\/\/www.indigoverona.com\/de\/das-hotel\/der-innengarten\/#breadcrumb"},"inLanguage":"de-DE","potentialAction":[{"@type":"ReadAction","target":["https:\/\/www.indigoverona.com\/de\/das-hotel\/der-innengarten\/"]}]},{"@type":"BreadcrumbList","@id":"https:\/\/www.indigoverona.com\/de\/das-hotel\/der-innengarten\/#breadcrumb","itemListElement":[{"@type":"ListItem","position":1,"name":"Home","item":"https:\/\/www.indigoverona.com\/de\/"},{"@type":"ListItem","position":2,"name":"Das hotel","item":"https:\/\/www.indigoverona.com\/de\/das-hotel\/"},{"@type":"ListItem","position":3,"name":"Der Innengarten"}]},{"@type":"WebSite","@id":"https:\/\/www.indigoverona.com\/de\/#website","url":"https:\/\/www.indigoverona.com\/de\/","name":"Hotel Indigo Verona - Grand Hotel Des Arts","description":"Just another ms.decms.eu site","potentialAction":[{"@type":"SearchAction","target":{"@type":"EntryPoint","urlTemplate":"https:\/\/www.indigoverona.com\/de\/?s={search_term_string}"},"query-input":{"@type":"PropertyValueSpecification","valueRequired":true,"valueName":"search_term_string"}}],"inLanguage":"de-DE"}]}},"acf":[],"_links":{"self":[{"href":"https:\/\/www.indigoverona.com\/de\/wp-json\/wp\/v2\/pages\/612","targetHints":{"allow":["GET"]}}],"collection":[{"href":"https:\/\/www.indigoverona.com\/de\/wp-json\/wp\/v2\/pages"}],"about":[{"href":"https:\/\/www.indigoverona.com\/de\/wp-json\/wp\/v2\/types\/page"}],"author":[{"embeddable":true,"href":"https:\/\/www.indigoverona.com\/de\/wp-json\/wp\/v2\/users\/7"}],"replies":[{"embeddable":true,"href":"https:\/\/www.indigoverona.com\/de\/wp-json\/wp\/v2\/comments?post=612"}],"version-history":[{"count":0,"href":"https:\/\/www.indigoverona.com\/de\/wp-json\/wp\/v2\/pages\/612\/revisions"}],"up":[{"embeddable":true,"href":"https:\/\/www.indigoverona.com\/de\/wp-json\/wp\/v2\/pages\/598"}],"wp:attachment":[{"href":"https:\/\/www.indigoverona.com\/de\/wp-json\/wp\/v2\/media?parent=612"}],"curies":[{"name":"wp","href":"https:\/\/api.w.org\/{rel}","templated":true}]}}