{"id":619,"date":"2020-05-11T15:53:02","date_gmt":"2020-05-11T15:53:02","guid":{"rendered":"https:\/\/www.indigoverona.com\/das-hotel\/services\/"},"modified":"2024-06-05T11:26:11","modified_gmt":"2024-06-05T11:26:11","slug":"unsere-dienstleistungen","status":"publish","type":"page","link":"https:\/\/www.indigoverona.com\/de\/das-hotel\/unsere-dienstleistungen\/","title":{"rendered":"Unsere Dienstleistungen"},"content":{"rendered":"<p>Die Zimmer des <strong>Hotel Indigo Verona &#8211; Grand Hotel des Arts<\/strong> sowie seine Gemeinschaftsr\u00e4ume sind eingerichtet, um unseren G\u00e4sten f\u00fcr <strong>entspannende Momente<\/strong> und <strong>Wohlfuhlgef\u00fchle<\/strong> zu sorgen: sie bieten eine ruhige und komfortable Erholung, und sind ein gem\u00fctlicher Ort, wo Sie sich nach einem langen Tag sich vollst\u00e4ndig erholen k\u00f6nnen.<\/p>\n<p>Wir empfehlen Ihnen auch einigen Minuten in der R\u00fche unseres <a title=\"Innengarten - Hotel Indigo Verona\" href=\"https:\/\/www.indigoverona.com\/de\/das-hotel\/der-innengarten\/\"><strong><u>Innergartens<\/u><\/strong><\/a> zu verbringen, oder einen geschmacksvollen <strong>Aperitif<\/strong>, entweder in unserem <a title=\"Arya Bar &amp; Mixology - Hotel Indigo Verona\" href=\"https:\/\/www.indigoverona.com\/de\/arya-bar-mixology\/\"><strong><u>Arya Bar &amp; Mixology<\/u><\/strong><\/a> oder <strong>auf der Terrasse<\/strong> in der w\u00e4rmen Jahreszeit, zu schmecken: beide wirken gegen schw\u00e4rtzester Stimmung Wunder, und werden euch helfen, den Stress und die M\u00fcdigkeit eines langen Tages loszulassen.<\/p>\n<p>Sie haben auch die Gelegenheit, ein wunderbares Fr\u00fchst\u00fcck im Bett zu genie\u00dfen: lassen Sie sich von uns verw\u00f6hnen!<\/p>\n","protected":false},"excerpt":{"rendered":"<p>Die Zimmer des Hotel Indigo Verona &#8211; Grand Hotel des Arts sowie seine Gemeinschaftsr\u00e4ume sind eingerichtet, um unseren G\u00e4sten f\u00fcr entspannende Momente und Wohlfuhlgef\u00fchle zu sorgen: sie bieten eine ruhige und komfortable Erholung, und sind ein gem\u00fctlicher Ort, wo Sie sich nach einem langen Tag sich vollst\u00e4ndig erholen k\u00f6nnen. Wir empfehlen Ihnen auch einigen Minuten [&hellip;]<\/p>\n","protected":false},"author":7,"featured_media":0,"parent":598,"menu_order":1,"comment_status":"closed","ping_status":"closed","template":"","meta":{"footnotes":""},"class_list":["post-619","page","type-page","status-publish","hentry"],"yoast_head":"<!-- This site is optimized with the Yoast SEO plugin v26.9 - https:\/\/yoast.com\/product\/yoast-seo-wordpress\/ -->\n<title>Individueller Service Hotel Indigo | Grand Hotel Des Arts<\/title>\n<meta name=\"description\" content=\"Lassen Sie sich vom individuellen Service im Grand Hotel des Arts Verona verw\u00f6hnen. Gastfreundschaft, tierfreundlich, Internet, Radservice &amp; vieles mehr.\" \/>\n<meta name=\"robots\" content=\"index, follow, max-snippet:-1, max-image-preview:large, max-video-preview:-1\" \/>\n<link rel=\"canonical\" href=\"https:\/\/www.indigoverona.com\/de\/das-hotel\/unsere-dienstleistungen\/\" \/>\n<meta property=\"og:locale\" content=\"de_DE\" \/>\n<meta property=\"og:type\" content=\"article\" \/>\n<meta property=\"og:title\" content=\"Individueller Service Hotel Indigo | Grand Hotel Des Arts\" \/>\n<meta property=\"og:description\" content=\"Lassen Sie sich vom individuellen Service im Grand Hotel des Arts Verona verw\u00f6hnen. Gastfreundschaft, tierfreundlich, Internet, Radservice &amp; vieles mehr.\" \/>\n<meta property=\"og:url\" content=\"https:\/\/www.indigoverona.com\/de\/das-hotel\/unsere-dienstleistungen\/\" \/>\n<meta property=\"og:site_name\" content=\"Hotel Indigo Verona - Grand Hotel Des Arts\" \/>\n<meta property=\"article:modified_time\" content=\"2024-06-05T11:26:11+00:00\" \/>\n<meta name=\"twitter:card\" content=\"summary_large_image\" \/>\n<meta name=\"twitter:label1\" content=\"Gesch\u00e4tzte Lesezeit\" \/>\n\t<meta name=\"twitter:data1\" content=\"1 Minute\" \/>\n<script type=\"application\/ld+json\" class=\"yoast-schema-graph\">{\"@context\":\"https:\/\/schema.org\",\"@graph\":[{\"@type\":\"WebPage\",\"@id\":\"https:\/\/www.indigoverona.com\/de\/das-hotel\/unsere-dienstleistungen\/\",\"url\":\"https:\/\/www.indigoverona.com\/de\/das-hotel\/unsere-dienstleistungen\/\",\"name\":\"Individueller Service Hotel Indigo | Grand Hotel Des Arts\",\"isPartOf\":{\"@id\":\"https:\/\/www.indigoverona.com\/de\/#website\"},\"datePublished\":\"2020-05-11T15:53:02+00:00\",\"dateModified\":\"2024-06-05T11:26:11+00:00\",\"description\":\"Lassen Sie sich vom individuellen Service im Grand Hotel des Arts Verona verw\u00f6hnen. Gastfreundschaft, tierfreundlich, Internet, Radservice & vieles mehr.\",\"breadcrumb\":{\"@id\":\"https:\/\/www.indigoverona.com\/de\/das-hotel\/unsere-dienstleistungen\/#breadcrumb\"},\"inLanguage\":\"de-DE\",\"potentialAction\":[{\"@type\":\"ReadAction\",\"target\":[\"https:\/\/www.indigoverona.com\/de\/das-hotel\/unsere-dienstleistungen\/\"]}]},{\"@type\":\"BreadcrumbList\",\"@id\":\"https:\/\/www.indigoverona.com\/de\/das-hotel\/unsere-dienstleistungen\/#breadcrumb\",\"itemListElement\":[{\"@type\":\"ListItem\",\"position\":1,\"name\":\"Home\",\"item\":\"https:\/\/www.indigoverona.com\/de\/\"},{\"@type\":\"ListItem\",\"position\":2,\"name\":\"Das hotel\",\"item\":\"https:\/\/www.indigoverona.com\/de\/das-hotel\/\"},{\"@type\":\"ListItem\",\"position\":3,\"name\":\"Unsere Dienstleistungen\"}]},{\"@type\":\"WebSite\",\"@id\":\"https:\/\/www.indigoverona.com\/de\/#website\",\"url\":\"https:\/\/www.indigoverona.com\/de\/\",\"name\":\"Hotel Indigo Verona - Grand Hotel Des Arts\",\"description\":\"Just another ms.decms.eu site\",\"potentialAction\":[{\"@type\":\"SearchAction\",\"target\":{\"@type\":\"EntryPoint\",\"urlTemplate\":\"https:\/\/www.indigoverona.com\/de\/?s={search_term_string}\"},\"query-input\":{\"@type\":\"PropertyValueSpecification\",\"valueRequired\":true,\"valueName\":\"search_term_string\"}}],\"inLanguage\":\"de-DE\"}]}<\/script>\n<!-- \/ Yoast SEO plugin. -->","yoast_head_json":{"title":"Individueller Service Hotel Indigo | Grand Hotel Des Arts","description":"Lassen Sie sich vom individuellen Service im Grand Hotel des Arts Verona verw\u00f6hnen. Gastfreundschaft, tierfreundlich, Internet, Radservice & vieles mehr.","robots":{"index":"index","follow":"follow","max-snippet":"max-snippet:-1","max-image-preview":"max-image-preview:large","max-video-preview":"max-video-preview:-1"},"canonical":"https:\/\/www.indigoverona.com\/de\/das-hotel\/unsere-dienstleistungen\/","og_locale":"de_DE","og_type":"article","og_title":"Individueller Service Hotel Indigo | Grand Hotel Des Arts","og_description":"Lassen Sie sich vom individuellen Service im Grand Hotel des Arts Verona verw\u00f6hnen. Gastfreundschaft, tierfreundlich, Internet, Radservice & vieles mehr.","og_url":"https:\/\/www.indigoverona.com\/de\/das-hotel\/unsere-dienstleistungen\/","og_site_name":"Hotel Indigo Verona - Grand Hotel Des Arts","article_modified_time":"2024-06-05T11:26:11+00:00","twitter_card":"summary_large_image","twitter_misc":{"Gesch\u00e4tzte Lesezeit":"1 Minute"},"schema":{"@context":"https:\/\/schema.org","@graph":[{"@type":"WebPage","@id":"https:\/\/www.indigoverona.com\/de\/das-hotel\/unsere-dienstleistungen\/","url":"https:\/\/www.indigoverona.com\/de\/das-hotel\/unsere-dienstleistungen\/","name":"Individueller Service Hotel Indigo | Grand Hotel Des Arts","isPartOf":{"@id":"https:\/\/www.indigoverona.com\/de\/#website"},"datePublished":"2020-05-11T15:53:02+00:00","dateModified":"2024-06-05T11:26:11+00:00","description":"Lassen Sie sich vom individuellen Service im Grand Hotel des Arts Verona verw\u00f6hnen. Gastfreundschaft, tierfreundlich, Internet, Radservice & vieles mehr.","breadcrumb":{"@id":"https:\/\/www.indigoverona.com\/de\/das-hotel\/unsere-dienstleistungen\/#breadcrumb"},"inLanguage":"de-DE","potentialAction":[{"@type":"ReadAction","target":["https:\/\/www.indigoverona.com\/de\/das-hotel\/unsere-dienstleistungen\/"]}]},{"@type":"BreadcrumbList","@id":"https:\/\/www.indigoverona.com\/de\/das-hotel\/unsere-dienstleistungen\/#breadcrumb","itemListElement":[{"@type":"ListItem","position":1,"name":"Home","item":"https:\/\/www.indigoverona.com\/de\/"},{"@type":"ListItem","position":2,"name":"Das hotel","item":"https:\/\/www.indigoverona.com\/de\/das-hotel\/"},{"@type":"ListItem","position":3,"name":"Unsere Dienstleistungen"}]},{"@type":"WebSite","@id":"https:\/\/www.indigoverona.com\/de\/#website","url":"https:\/\/www.indigoverona.com\/de\/","name":"Hotel Indigo Verona - Grand Hotel Des Arts","description":"Just another ms.decms.eu site","potentialAction":[{"@type":"SearchAction","target":{"@type":"EntryPoint","urlTemplate":"https:\/\/www.indigoverona.com\/de\/?s={search_term_string}"},"query-input":{"@type":"PropertyValueSpecification","valueRequired":true,"valueName":"search_term_string"}}],"inLanguage":"de-DE"}]}},"acf":[],"_links":{"self":[{"href":"https:\/\/www.indigoverona.com\/de\/wp-json\/wp\/v2\/pages\/619","targetHints":{"allow":["GET"]}}],"collection":[{"href":"https:\/\/www.indigoverona.com\/de\/wp-json\/wp\/v2\/pages"}],"about":[{"href":"https:\/\/www.indigoverona.com\/de\/wp-json\/wp\/v2\/types\/page"}],"author":[{"embeddable":true,"href":"https:\/\/www.indigoverona.com\/de\/wp-json\/wp\/v2\/users\/7"}],"replies":[{"embeddable":true,"href":"https:\/\/www.indigoverona.com\/de\/wp-json\/wp\/v2\/comments?post=619"}],"version-history":[{"count":0,"href":"https:\/\/www.indigoverona.com\/de\/wp-json\/wp\/v2\/pages\/619\/revisions"}],"up":[{"embeddable":true,"href":"https:\/\/www.indigoverona.com\/de\/wp-json\/wp\/v2\/pages\/598"}],"wp:attachment":[{"href":"https:\/\/www.indigoverona.com\/de\/wp-json\/wp\/v2\/media?parent=619"}],"curies":[{"name":"wp","href":"https:\/\/api.w.org\/{rel}","templated":true}]}}