{"id":624,"date":"2020-05-13T09:39:09","date_gmt":"2020-05-13T09:39:09","guid":{"rendered":"https:\/\/www.indigoverona.com\/rooms-suites\/"},"modified":"2025-07-11T10:24:32","modified_gmt":"2025-07-11T10:24:32","slug":"zimmer-und-suite","status":"publish","type":"page","link":"https:\/\/www.indigoverona.com\/de\/zimmer-und-suite\/","title":{"rendered":"Zimmer und Suite"},"content":{"rendered":"<p>Nur wenige Schritte von der Arena und vom Zentrum von Verona entfernt, in einem anregenden Kontext, aber fernab vom Trubel der Stadt, um die Reisenden, die auf der Suche nach einer abgeschiedenen und entspannten Atmosph\u00e4re sind, nicht zu st\u00f6ren, wei\u00df das <strong>Hotel Indigo Verona<\/strong> durch sein Design, seinen Komfort und seine Originalit\u00e4t zu \u00fcberzeugen.<\/p>\n<p>Das Geb\u00e4ude im Liberty-Stil aus den 1920er Jahren wurde k\u00fcrzlich einer &#8222;Remise en forme&#8220; unterzogen, die zwar sein Design modernisiert, aber seine Atmosph\u00e4re bewahrt hat: Eine inspirierte Entscheidung, die unsere Zimmer zu einer perfekten Verschmelzung aus Komfort und Dynamik macht. Der ideale Ort, um vom Alltagsstress Zuflucht zu suchen und sich von einem anstrengenden Tag zu erholen. Elegant renoviert und dekoriert, sind die Zimmer mit M\u00f6beln im zeitgen\u00f6ssischen Stil und allem erdenklichen Komfort ausgestattet, um einen unvergesslichen Aufenthalt in Verona zu erleben. Au\u00dferdem erzeugen die hohen Decken und der eklektische Stil der Original-Architektur eine einzigartige Atmosph\u00e4re. Die Zimmer zeichnen sich durch starke Farbkontraste zwischen den W\u00e4nden und den Kopfteilen der Betten aus. Deren \u00fcppige Verzierungen machen sie zum zentralen Element.<\/p>\n<p>Die Liebe zum Detail ist in jedem Zimmer zu sp\u00fcren:\u00a0Ob <a href=\"https:\/\/www.indigoverona.com\/de\/zimmer-und-suite\/standard-zimmer\/\"><strong>Standard<\/strong><\/a>, <a href=\"https:\/\/www.indigoverona.com\/de\/zimmer-und-suite\/premium-zimmer\/\"><strong>Premium<\/strong> <\/a>oder <a href=\"https:\/\/www.indigoverona.com\/de\/zimmer-und-suite\/suite\/\"><strong>Suite<\/strong><\/a> &#8211; sie haben alle ein eigenes Badezimmer f\u00fcr lange, wohlverdiente Momente der Entspannung und bequeme Betten f\u00fcr einen sanften, erholsamen Schlaf. Serviceleistungen wie zus\u00e4tzliche Kissen und Sets f\u00fcr die Tee- und Kaffeezubereitung sind das gewisse Extra, das Ihren Aufenthalt noch besonderer macht.<\/p>\n","protected":false},"excerpt":{"rendered":"<p>Nur wenige Schritte von der Arena und vom Zentrum von Verona entfernt, in einem anregenden Kontext, aber fernab vom Trubel der Stadt, um die Reisenden, die auf der Suche nach einer abgeschiedenen und entspannten Atmosph\u00e4re sind, nicht zu st\u00f6ren, wei\u00df das Hotel Indigo Verona durch sein Design, seinen Komfort und seine Originalit\u00e4t zu \u00fcberzeugen. Das [&hellip;]<\/p>\n","protected":false},"author":7,"featured_media":0,"parent":0,"menu_order":2,"comment_status":"closed","ping_status":"closed","template":"template-rooms.php","meta":{"footnotes":""},"class_list":["post-624","page","type-page","status-publish","hentry"],"yoast_head":"<!-- This site is optimized with the Yoast SEO plugin v26.9 - https:\/\/yoast.com\/product\/yoast-seo-wordpress\/ -->\n<title>Zimmer und Suiten Boutique Hotel Indigo | Des Arts Verona<\/title>\n<meta name=\"description\" content=\"Das Hotel Indigo Des Arts ist die ideale L\u00f6sung f\u00fcr eine oder mehrere N\u00e4chte im Zentrum von Verona inmitten von Eleganz und Komfort.\" \/>\n<meta name=\"robots\" content=\"index, follow, max-snippet:-1, max-image-preview:large, max-video-preview:-1\" \/>\n<link rel=\"canonical\" href=\"https:\/\/www.indigoverona.com\/de\/zimmer-und-suite\/\" \/>\n<meta property=\"og:locale\" content=\"de_DE\" \/>\n<meta property=\"og:type\" content=\"article\" \/>\n<meta property=\"og:title\" content=\"Zimmer und Suiten Boutique Hotel Indigo | Des Arts Verona\" \/>\n<meta property=\"og:description\" content=\"Das Hotel Indigo Des Arts ist die ideale L\u00f6sung f\u00fcr eine oder mehrere N\u00e4chte im Zentrum von Verona inmitten von Eleganz und Komfort.\" \/>\n<meta property=\"og:url\" content=\"https:\/\/www.indigoverona.com\/de\/zimmer-und-suite\/\" \/>\n<meta property=\"og:site_name\" content=\"Hotel Indigo Verona - Grand Hotel Des Arts\" \/>\n<meta property=\"article:modified_time\" content=\"2025-07-11T10:24:32+00:00\" \/>\n<meta name=\"twitter:card\" content=\"summary_large_image\" \/>\n<meta name=\"twitter:label1\" content=\"Gesch\u00e4tzte Lesezeit\" \/>\n\t<meta name=\"twitter:data1\" content=\"2 Minuten\" \/>\n<script type=\"application\/ld+json\" class=\"yoast-schema-graph\">{\"@context\":\"https:\/\/schema.org\",\"@graph\":[{\"@type\":\"WebPage\",\"@id\":\"https:\/\/www.indigoverona.com\/de\/zimmer-und-suite\/\",\"url\":\"https:\/\/www.indigoverona.com\/de\/zimmer-und-suite\/\",\"name\":\"Zimmer und Suiten Boutique Hotel Indigo | Des Arts Verona\",\"isPartOf\":{\"@id\":\"https:\/\/www.indigoverona.com\/de\/#website\"},\"datePublished\":\"2020-05-13T09:39:09+00:00\",\"dateModified\":\"2025-07-11T10:24:32+00:00\",\"description\":\"Das Hotel Indigo Des Arts ist die ideale L\u00f6sung f\u00fcr eine oder mehrere N\u00e4chte im Zentrum von Verona inmitten von Eleganz und Komfort.\",\"breadcrumb\":{\"@id\":\"https:\/\/www.indigoverona.com\/de\/zimmer-und-suite\/#breadcrumb\"},\"inLanguage\":\"de-DE\",\"potentialAction\":[{\"@type\":\"ReadAction\",\"target\":[\"https:\/\/www.indigoverona.com\/de\/zimmer-und-suite\/\"]}]},{\"@type\":\"BreadcrumbList\",\"@id\":\"https:\/\/www.indigoverona.com\/de\/zimmer-und-suite\/#breadcrumb\",\"itemListElement\":[{\"@type\":\"ListItem\",\"position\":1,\"name\":\"Home\",\"item\":\"https:\/\/www.indigoverona.com\/de\/\"},{\"@type\":\"ListItem\",\"position\":2,\"name\":\"Zimmer und Suite\"}]},{\"@type\":\"WebSite\",\"@id\":\"https:\/\/www.indigoverona.com\/de\/#website\",\"url\":\"https:\/\/www.indigoverona.com\/de\/\",\"name\":\"Hotel Indigo Verona - Grand Hotel Des Arts\",\"description\":\"Just another ms.decms.eu site\",\"potentialAction\":[{\"@type\":\"SearchAction\",\"target\":{\"@type\":\"EntryPoint\",\"urlTemplate\":\"https:\/\/www.indigoverona.com\/de\/?s={search_term_string}\"},\"query-input\":{\"@type\":\"PropertyValueSpecification\",\"valueRequired\":true,\"valueName\":\"search_term_string\"}}],\"inLanguage\":\"de-DE\"}]}<\/script>\n<!-- \/ Yoast SEO plugin. -->","yoast_head_json":{"title":"Zimmer und Suiten Boutique Hotel Indigo | Des Arts Verona","description":"Das Hotel Indigo Des Arts ist die ideale L\u00f6sung f\u00fcr eine oder mehrere N\u00e4chte im Zentrum von Verona inmitten von Eleganz und Komfort.","robots":{"index":"index","follow":"follow","max-snippet":"max-snippet:-1","max-image-preview":"max-image-preview:large","max-video-preview":"max-video-preview:-1"},"canonical":"https:\/\/www.indigoverona.com\/de\/zimmer-und-suite\/","og_locale":"de_DE","og_type":"article","og_title":"Zimmer und Suiten Boutique Hotel Indigo | Des Arts Verona","og_description":"Das Hotel Indigo Des Arts ist die ideale L\u00f6sung f\u00fcr eine oder mehrere N\u00e4chte im Zentrum von Verona inmitten von Eleganz und Komfort.","og_url":"https:\/\/www.indigoverona.com\/de\/zimmer-und-suite\/","og_site_name":"Hotel Indigo Verona - Grand Hotel Des Arts","article_modified_time":"2025-07-11T10:24:32+00:00","twitter_card":"summary_large_image","twitter_misc":{"Gesch\u00e4tzte Lesezeit":"2 Minuten"},"schema":{"@context":"https:\/\/schema.org","@graph":[{"@type":"WebPage","@id":"https:\/\/www.indigoverona.com\/de\/zimmer-und-suite\/","url":"https:\/\/www.indigoverona.com\/de\/zimmer-und-suite\/","name":"Zimmer und Suiten Boutique Hotel Indigo | Des Arts Verona","isPartOf":{"@id":"https:\/\/www.indigoverona.com\/de\/#website"},"datePublished":"2020-05-13T09:39:09+00:00","dateModified":"2025-07-11T10:24:32+00:00","description":"Das Hotel Indigo Des Arts ist die ideale L\u00f6sung f\u00fcr eine oder mehrere N\u00e4chte im Zentrum von Verona inmitten von Eleganz und Komfort.","breadcrumb":{"@id":"https:\/\/www.indigoverona.com\/de\/zimmer-und-suite\/#breadcrumb"},"inLanguage":"de-DE","potentialAction":[{"@type":"ReadAction","target":["https:\/\/www.indigoverona.com\/de\/zimmer-und-suite\/"]}]},{"@type":"BreadcrumbList","@id":"https:\/\/www.indigoverona.com\/de\/zimmer-und-suite\/#breadcrumb","itemListElement":[{"@type":"ListItem","position":1,"name":"Home","item":"https:\/\/www.indigoverona.com\/de\/"},{"@type":"ListItem","position":2,"name":"Zimmer und Suite"}]},{"@type":"WebSite","@id":"https:\/\/www.indigoverona.com\/de\/#website","url":"https:\/\/www.indigoverona.com\/de\/","name":"Hotel Indigo Verona - Grand Hotel Des Arts","description":"Just another ms.decms.eu site","potentialAction":[{"@type":"SearchAction","target":{"@type":"EntryPoint","urlTemplate":"https:\/\/www.indigoverona.com\/de\/?s={search_term_string}"},"query-input":{"@type":"PropertyValueSpecification","valueRequired":true,"valueName":"search_term_string"}}],"inLanguage":"de-DE"}]}},"acf":[],"_links":{"self":[{"href":"https:\/\/www.indigoverona.com\/de\/wp-json\/wp\/v2\/pages\/624","targetHints":{"allow":["GET"]}}],"collection":[{"href":"https:\/\/www.indigoverona.com\/de\/wp-json\/wp\/v2\/pages"}],"about":[{"href":"https:\/\/www.indigoverona.com\/de\/wp-json\/wp\/v2\/types\/page"}],"author":[{"embeddable":true,"href":"https:\/\/www.indigoverona.com\/de\/wp-json\/wp\/v2\/users\/7"}],"replies":[{"embeddable":true,"href":"https:\/\/www.indigoverona.com\/de\/wp-json\/wp\/v2\/comments?post=624"}],"version-history":[{"count":0,"href":"https:\/\/www.indigoverona.com\/de\/wp-json\/wp\/v2\/pages\/624\/revisions"}],"wp:attachment":[{"href":"https:\/\/www.indigoverona.com\/de\/wp-json\/wp\/v2\/media?parent=624"}],"curies":[{"name":"wp","href":"https:\/\/api.w.org\/{rel}","templated":true}]}}