{"id":636,"date":"2020-05-13T13:29:02","date_gmt":"2020-05-13T13:29:02","guid":{"rendered":"https:\/\/www.indigoverona.com\/zimmer-und-suite\/premium-rooms\/"},"modified":"2022-06-03T14:15:09","modified_gmt":"2022-06-03T14:15:09","slug":"premium-zimmer","status":"publish","type":"page","link":"https:\/\/www.indigoverona.com\/de\/zimmer-und-suite\/premium-zimmer\/","title":{"rendered":"Premium Zimmer"},"content":{"rendered":"<p>Die Premium Zimmer sind mit erlesenen dunkelroten und grauen Farbt\u00f6nen dekoriert und mit eleganten Verweisen auf Veroneses Fresken, die die Landschaft rund um die Stadt abbilden, eingerichtet.<\/p>\n<p>Premium Zimmer sind die ideale Wahl, f\u00fcr G\u00e4sten, die sich Komfort sch\u00e4tzen;ein gr\u00f6\u03b2eres Format, ein ger\u00e4umigeres Bett, ein kleiner Balkom mit Blick auf die Stadt.<\/p>\n<p>Die <strong>Premium<\/strong> Zimmer sind auch in den Varianten mit King Size Bett und mit zwei Einzelbetten erh\u00e4ltlich; au\u03b2erdem sind alle mit kostenloser Internet Verbindung, Klimaanlage, Schreibtisch und Stuhl, LCD Fernseher mit Chromecast und Sky Kan\u00e4len, Kaffee und Teemaschine sowie Minibar mit kostenlosem Wasser ausgestattet.<\/p>\n<p>Die Badezimmer sind mit entweder mit Dusche oder Badewanne, sowie mit Hausschue und G\u00e4ste-K\u00f6rperpflegeset ausgestattet.<\/p>\n<p>Verf\u00fcgbar mit <strong>zwei Einzelbetten<\/strong>\u00a0oder einem luxuri\u00f6sen\u00a0<strong>King-Size-Bett<\/strong>.<\/p>\n","protected":false},"excerpt":{"rendered":"<p>Die Premium Zimmer sind mit erlesenen dunkelroten und grauen Farbt\u00f6nen dekoriert und mit eleganten Verweisen auf Veroneses Fresken, die die Landschaft rund um die Stadt abbilden, eingerichtet. Premium Zimmer sind die ideale Wahl, f\u00fcr G\u00e4sten, die sich Komfort sch\u00e4tzen;ein gr\u00f6\u03b2eres Format, ein ger\u00e4umigeres Bett, ein kleiner Balkom mit Blick auf die Stadt. Die Premium Zimmer [&hellip;]<\/p>\n","protected":false},"author":7,"featured_media":0,"parent":624,"menu_order":2,"comment_status":"closed","ping_status":"closed","template":"template-single-room.php","meta":{"footnotes":""},"class_list":["post-636","page","type-page","status-publish","hentry"],"yoast_head":"<!-- This site is optimized with the Yoast SEO plugin v26.9 - https:\/\/yoast.com\/product\/yoast-seo-wordpress\/ -->\n<title>Premium-Zimmer Hotel Indigo | 4-Stern-Boutique Hotel Verona<\/title>\n<meta name=\"description\" content=\"Die Premium-Zimmer im Hotel Indigo mit Balkon auf den Corso Porta Nuova zeichnen sich durch Eleganz, Raffinesse und eine einzigartige Atmosph\u00e4re aus.\" \/>\n<meta name=\"robots\" content=\"index, follow, max-snippet:-1, max-image-preview:large, max-video-preview:-1\" \/>\n<link rel=\"canonical\" href=\"https:\/\/www.indigoverona.com\/de\/zimmer-und-suite\/premium-zimmer\/\" \/>\n<meta property=\"og:locale\" content=\"de_DE\" \/>\n<meta property=\"og:type\" content=\"article\" \/>\n<meta property=\"og:title\" content=\"Premium-Zimmer Hotel Indigo | 4-Stern-Boutique Hotel Verona\" \/>\n<meta property=\"og:description\" content=\"Die Premium-Zimmer im Hotel Indigo mit Balkon auf den Corso Porta Nuova zeichnen sich durch Eleganz, Raffinesse und eine einzigartige Atmosph\u00e4re aus.\" \/>\n<meta property=\"og:url\" content=\"https:\/\/www.indigoverona.com\/de\/zimmer-und-suite\/premium-zimmer\/\" \/>\n<meta property=\"og:site_name\" content=\"Hotel Indigo Verona - Grand Hotel Des Arts\" \/>\n<meta property=\"article:modified_time\" content=\"2022-06-03T14:15:09+00:00\" \/>\n<meta name=\"twitter:card\" content=\"summary_large_image\" \/>\n<meta name=\"twitter:label1\" content=\"Gesch\u00e4tzte Lesezeit\" \/>\n\t<meta name=\"twitter:data1\" content=\"1 Minute\" \/>\n<script type=\"application\/ld+json\" class=\"yoast-schema-graph\">{\"@context\":\"https:\/\/schema.org\",\"@graph\":[{\"@type\":\"WebPage\",\"@id\":\"https:\/\/www.indigoverona.com\/de\/zimmer-und-suite\/premium-zimmer\/\",\"url\":\"https:\/\/www.indigoverona.com\/de\/zimmer-und-suite\/premium-zimmer\/\",\"name\":\"Premium-Zimmer Hotel Indigo | 4-Stern-Boutique Hotel Verona\",\"isPartOf\":{\"@id\":\"https:\/\/www.indigoverona.com\/de\/#website\"},\"datePublished\":\"2020-05-13T13:29:02+00:00\",\"dateModified\":\"2022-06-03T14:15:09+00:00\",\"description\":\"Die Premium-Zimmer im Hotel Indigo mit Balkon auf den Corso Porta Nuova zeichnen sich durch Eleganz, Raffinesse und eine einzigartige Atmosph\u00e4re aus.\",\"breadcrumb\":{\"@id\":\"https:\/\/www.indigoverona.com\/de\/zimmer-und-suite\/premium-zimmer\/#breadcrumb\"},\"inLanguage\":\"de-DE\",\"potentialAction\":[{\"@type\":\"ReadAction\",\"target\":[\"https:\/\/www.indigoverona.com\/de\/zimmer-und-suite\/premium-zimmer\/\"]}]},{\"@type\":\"BreadcrumbList\",\"@id\":\"https:\/\/www.indigoverona.com\/de\/zimmer-und-suite\/premium-zimmer\/#breadcrumb\",\"itemListElement\":[{\"@type\":\"ListItem\",\"position\":1,\"name\":\"Home\",\"item\":\"https:\/\/www.indigoverona.com\/de\/\"},{\"@type\":\"ListItem\",\"position\":2,\"name\":\"Zimmer und Suite\",\"item\":\"https:\/\/www.indigoverona.com\/de\/zimmer-und-suite\/\"},{\"@type\":\"ListItem\",\"position\":3,\"name\":\"Premium Zimmer\"}]},{\"@type\":\"WebSite\",\"@id\":\"https:\/\/www.indigoverona.com\/de\/#website\",\"url\":\"https:\/\/www.indigoverona.com\/de\/\",\"name\":\"Hotel Indigo Verona - Grand Hotel Des Arts\",\"description\":\"Just another ms.decms.eu site\",\"potentialAction\":[{\"@type\":\"SearchAction\",\"target\":{\"@type\":\"EntryPoint\",\"urlTemplate\":\"https:\/\/www.indigoverona.com\/de\/?s={search_term_string}\"},\"query-input\":{\"@type\":\"PropertyValueSpecification\",\"valueRequired\":true,\"valueName\":\"search_term_string\"}}],\"inLanguage\":\"de-DE\"}]}<\/script>\n<!-- \/ Yoast SEO plugin. -->","yoast_head_json":{"title":"Premium-Zimmer Hotel Indigo | 4-Stern-Boutique Hotel Verona","description":"Die Premium-Zimmer im Hotel Indigo mit Balkon auf den Corso Porta Nuova zeichnen sich durch Eleganz, Raffinesse und eine einzigartige Atmosph\u00e4re aus.","robots":{"index":"index","follow":"follow","max-snippet":"max-snippet:-1","max-image-preview":"max-image-preview:large","max-video-preview":"max-video-preview:-1"},"canonical":"https:\/\/www.indigoverona.com\/de\/zimmer-und-suite\/premium-zimmer\/","og_locale":"de_DE","og_type":"article","og_title":"Premium-Zimmer Hotel Indigo | 4-Stern-Boutique Hotel Verona","og_description":"Die Premium-Zimmer im Hotel Indigo mit Balkon auf den Corso Porta Nuova zeichnen sich durch Eleganz, Raffinesse und eine einzigartige Atmosph\u00e4re aus.","og_url":"https:\/\/www.indigoverona.com\/de\/zimmer-und-suite\/premium-zimmer\/","og_site_name":"Hotel Indigo Verona - Grand Hotel Des Arts","article_modified_time":"2022-06-03T14:15:09+00:00","twitter_card":"summary_large_image","twitter_misc":{"Gesch\u00e4tzte Lesezeit":"1 Minute"},"schema":{"@context":"https:\/\/schema.org","@graph":[{"@type":"WebPage","@id":"https:\/\/www.indigoverona.com\/de\/zimmer-und-suite\/premium-zimmer\/","url":"https:\/\/www.indigoverona.com\/de\/zimmer-und-suite\/premium-zimmer\/","name":"Premium-Zimmer Hotel Indigo | 4-Stern-Boutique Hotel Verona","isPartOf":{"@id":"https:\/\/www.indigoverona.com\/de\/#website"},"datePublished":"2020-05-13T13:29:02+00:00","dateModified":"2022-06-03T14:15:09+00:00","description":"Die Premium-Zimmer im Hotel Indigo mit Balkon auf den Corso Porta Nuova zeichnen sich durch Eleganz, Raffinesse und eine einzigartige Atmosph\u00e4re aus.","breadcrumb":{"@id":"https:\/\/www.indigoverona.com\/de\/zimmer-und-suite\/premium-zimmer\/#breadcrumb"},"inLanguage":"de-DE","potentialAction":[{"@type":"ReadAction","target":["https:\/\/www.indigoverona.com\/de\/zimmer-und-suite\/premium-zimmer\/"]}]},{"@type":"BreadcrumbList","@id":"https:\/\/www.indigoverona.com\/de\/zimmer-und-suite\/premium-zimmer\/#breadcrumb","itemListElement":[{"@type":"ListItem","position":1,"name":"Home","item":"https:\/\/www.indigoverona.com\/de\/"},{"@type":"ListItem","position":2,"name":"Zimmer und Suite","item":"https:\/\/www.indigoverona.com\/de\/zimmer-und-suite\/"},{"@type":"ListItem","position":3,"name":"Premium Zimmer"}]},{"@type":"WebSite","@id":"https:\/\/www.indigoverona.com\/de\/#website","url":"https:\/\/www.indigoverona.com\/de\/","name":"Hotel Indigo Verona - Grand Hotel Des Arts","description":"Just another ms.decms.eu site","potentialAction":[{"@type":"SearchAction","target":{"@type":"EntryPoint","urlTemplate":"https:\/\/www.indigoverona.com\/de\/?s={search_term_string}"},"query-input":{"@type":"PropertyValueSpecification","valueRequired":true,"valueName":"search_term_string"}}],"inLanguage":"de-DE"}]}},"acf":[],"_links":{"self":[{"href":"https:\/\/www.indigoverona.com\/de\/wp-json\/wp\/v2\/pages\/636","targetHints":{"allow":["GET"]}}],"collection":[{"href":"https:\/\/www.indigoverona.com\/de\/wp-json\/wp\/v2\/pages"}],"about":[{"href":"https:\/\/www.indigoverona.com\/de\/wp-json\/wp\/v2\/types\/page"}],"author":[{"embeddable":true,"href":"https:\/\/www.indigoverona.com\/de\/wp-json\/wp\/v2\/users\/7"}],"replies":[{"embeddable":true,"href":"https:\/\/www.indigoverona.com\/de\/wp-json\/wp\/v2\/comments?post=636"}],"version-history":[{"count":0,"href":"https:\/\/www.indigoverona.com\/de\/wp-json\/wp\/v2\/pages\/636\/revisions"}],"up":[{"embeddable":true,"href":"https:\/\/www.indigoverona.com\/de\/wp-json\/wp\/v2\/pages\/624"}],"wp:attachment":[{"href":"https:\/\/www.indigoverona.com\/de\/wp-json\/wp\/v2\/media?parent=636"}],"curies":[{"name":"wp","href":"https:\/\/api.w.org\/{rel}","templated":true}]}}