{"id":642,"date":"2020-05-13T14:41:42","date_gmt":"2020-05-13T14:41:42","guid":{"rendered":"https:\/\/www.indigoverona.com\/zimmer-und-suite\/suite\/"},"modified":"2022-06-03T14:20:57","modified_gmt":"2022-06-03T14:20:57","slug":"suite","status":"publish","type":"page","link":"https:\/\/www.indigoverona.com\/de\/zimmer-und-suite\/suite\/","title":{"rendered":"Suite mit Living Area"},"content":{"rendered":"<p>Unsere ger\u00e4umige, helle und mit Erlesenheit eingerichtete Junior Zimmer sind die beste Entscheidung f\u00fcr alle, die auch untwergens auf keinen Reisekomfort verzichten wollen.<\/p>\n<p>Die St\u00e4rken unserer <strong>Suite<\/strong> bestehen in der weiten Gro\u03b2z\u00fcgigkeit(30 Quadratmeter), in dem separaten Wohnbereich mit Schlafcouch, in dem Blick auf den Innengarten und in dem Komfort unserer Queen-Size Doppelbetten.<\/p>\n<p>Die <strong>Suite<\/strong> sind nicht nur mit kostenloser Internet Verbindung, Klimaanlage, Schreibtisch und Stuhl, LCD Fernseher mit Chromecast und Sky Kan\u00e4len, Kaffee und Teemaschine sowie Minibar mit kostenlosem Wasser ausgesttatet; die erhalten auch exklusive Dienstleistungen: in jeder Zimmer stehen unseren G\u00e4sten eine Nespresso Kaffeemaschine mit Kaffeekapseln, sowie Frotteebadem\u00e4ntel, Hausschue und G\u00e4ste-K\u00f6rperpflegeset in den Badezimmern zur Verf\u00fcgung.<\/p>\n<p>Verf\u00fcgbar mit einem luxuri\u00f6sen\u00a0<strong>King-Size-Bett<\/strong>.<\/p>\n","protected":false},"excerpt":{"rendered":"<p>Unsere ger\u00e4umige, helle und mit Erlesenheit eingerichtete Junior Zimmer sind die beste Entscheidung f\u00fcr alle, die auch untwergens auf keinen Reisekomfort verzichten wollen. Die St\u00e4rken unserer Suite bestehen in der weiten Gro\u03b2z\u00fcgigkeit(30 Quadratmeter), in dem separaten Wohnbereich mit Schlafcouch, in dem Blick auf den Innengarten und in dem Komfort unserer Queen-Size Doppelbetten. Die Suite sind [&hellip;]<\/p>\n","protected":false},"author":7,"featured_media":0,"parent":624,"menu_order":4,"comment_status":"closed","ping_status":"closed","template":"template-single-room.php","meta":{"footnotes":""},"class_list":["post-642","page","type-page","status-publish","hentry"],"yoast_head":"<!-- This site is optimized with the Yoast SEO plugin v26.9 - https:\/\/yoast.com\/product\/yoast-seo-wordpress\/ -->\n<title>Suite Hotel Indigo Verona | Grand Hotel Des Arts<\/title>\n<meta name=\"description\" content=\"Die Suiten im Hotel Indigo Verona sind f\u00fcr anspruchsvolle Kunden gedacht: raffinierter und exklusiver Stil im Herzen der Stadt der Liebe.\" \/>\n<meta name=\"robots\" content=\"index, follow, max-snippet:-1, max-image-preview:large, max-video-preview:-1\" \/>\n<link rel=\"canonical\" href=\"https:\/\/www.indigoverona.com\/de\/zimmer-und-suite\/suite\/\" \/>\n<meta property=\"og:locale\" content=\"de_DE\" \/>\n<meta property=\"og:type\" content=\"article\" \/>\n<meta property=\"og:title\" content=\"Suite Hotel Indigo Verona | Grand Hotel Des Arts\" \/>\n<meta property=\"og:description\" content=\"Die Suiten im Hotel Indigo Verona sind f\u00fcr anspruchsvolle Kunden gedacht: raffinierter und exklusiver Stil im Herzen der Stadt der Liebe.\" \/>\n<meta property=\"og:url\" content=\"https:\/\/www.indigoverona.com\/de\/zimmer-und-suite\/suite\/\" \/>\n<meta property=\"og:site_name\" content=\"Hotel Indigo Verona - Grand Hotel Des Arts\" \/>\n<meta property=\"article:modified_time\" content=\"2022-06-03T14:20:57+00:00\" \/>\n<meta name=\"twitter:card\" content=\"summary_large_image\" \/>\n<meta name=\"twitter:label1\" content=\"Gesch\u00e4tzte Lesezeit\" \/>\n\t<meta name=\"twitter:data1\" content=\"1 Minute\" \/>\n<script type=\"application\/ld+json\" class=\"yoast-schema-graph\">{\"@context\":\"https:\/\/schema.org\",\"@graph\":[{\"@type\":\"WebPage\",\"@id\":\"https:\/\/www.indigoverona.com\/de\/zimmer-und-suite\/suite\/\",\"url\":\"https:\/\/www.indigoverona.com\/de\/zimmer-und-suite\/suite\/\",\"name\":\"Suite Hotel Indigo Verona | Grand Hotel Des Arts\",\"isPartOf\":{\"@id\":\"https:\/\/www.indigoverona.com\/de\/#website\"},\"datePublished\":\"2020-05-13T14:41:42+00:00\",\"dateModified\":\"2022-06-03T14:20:57+00:00\",\"description\":\"Die Suiten im Hotel Indigo Verona sind f\u00fcr anspruchsvolle Kunden gedacht: raffinierter und exklusiver Stil im Herzen der Stadt der Liebe.\",\"breadcrumb\":{\"@id\":\"https:\/\/www.indigoverona.com\/de\/zimmer-und-suite\/suite\/#breadcrumb\"},\"inLanguage\":\"de-DE\",\"potentialAction\":[{\"@type\":\"ReadAction\",\"target\":[\"https:\/\/www.indigoverona.com\/de\/zimmer-und-suite\/suite\/\"]}]},{\"@type\":\"BreadcrumbList\",\"@id\":\"https:\/\/www.indigoverona.com\/de\/zimmer-und-suite\/suite\/#breadcrumb\",\"itemListElement\":[{\"@type\":\"ListItem\",\"position\":1,\"name\":\"Home\",\"item\":\"https:\/\/www.indigoverona.com\/de\/\"},{\"@type\":\"ListItem\",\"position\":2,\"name\":\"Zimmer und Suite\",\"item\":\"https:\/\/www.indigoverona.com\/de\/zimmer-und-suite\/\"},{\"@type\":\"ListItem\",\"position\":3,\"name\":\"Suite mit Living Area\"}]},{\"@type\":\"WebSite\",\"@id\":\"https:\/\/www.indigoverona.com\/de\/#website\",\"url\":\"https:\/\/www.indigoverona.com\/de\/\",\"name\":\"Hotel Indigo Verona - Grand Hotel Des Arts\",\"description\":\"Just another ms.decms.eu site\",\"potentialAction\":[{\"@type\":\"SearchAction\",\"target\":{\"@type\":\"EntryPoint\",\"urlTemplate\":\"https:\/\/www.indigoverona.com\/de\/?s={search_term_string}\"},\"query-input\":{\"@type\":\"PropertyValueSpecification\",\"valueRequired\":true,\"valueName\":\"search_term_string\"}}],\"inLanguage\":\"de-DE\"}]}<\/script>\n<!-- \/ Yoast SEO plugin. -->","yoast_head_json":{"title":"Suite Hotel Indigo Verona | Grand Hotel Des Arts","description":"Die Suiten im Hotel Indigo Verona sind f\u00fcr anspruchsvolle Kunden gedacht: raffinierter und exklusiver Stil im Herzen der Stadt der Liebe.","robots":{"index":"index","follow":"follow","max-snippet":"max-snippet:-1","max-image-preview":"max-image-preview:large","max-video-preview":"max-video-preview:-1"},"canonical":"https:\/\/www.indigoverona.com\/de\/zimmer-und-suite\/suite\/","og_locale":"de_DE","og_type":"article","og_title":"Suite Hotel Indigo Verona | Grand Hotel Des Arts","og_description":"Die Suiten im Hotel Indigo Verona sind f\u00fcr anspruchsvolle Kunden gedacht: raffinierter und exklusiver Stil im Herzen der Stadt der Liebe.","og_url":"https:\/\/www.indigoverona.com\/de\/zimmer-und-suite\/suite\/","og_site_name":"Hotel Indigo Verona - Grand Hotel Des Arts","article_modified_time":"2022-06-03T14:20:57+00:00","twitter_card":"summary_large_image","twitter_misc":{"Gesch\u00e4tzte Lesezeit":"1 Minute"},"schema":{"@context":"https:\/\/schema.org","@graph":[{"@type":"WebPage","@id":"https:\/\/www.indigoverona.com\/de\/zimmer-und-suite\/suite\/","url":"https:\/\/www.indigoverona.com\/de\/zimmer-und-suite\/suite\/","name":"Suite Hotel Indigo Verona | Grand Hotel Des Arts","isPartOf":{"@id":"https:\/\/www.indigoverona.com\/de\/#website"},"datePublished":"2020-05-13T14:41:42+00:00","dateModified":"2022-06-03T14:20:57+00:00","description":"Die Suiten im Hotel Indigo Verona sind f\u00fcr anspruchsvolle Kunden gedacht: raffinierter und exklusiver Stil im Herzen der Stadt der Liebe.","breadcrumb":{"@id":"https:\/\/www.indigoverona.com\/de\/zimmer-und-suite\/suite\/#breadcrumb"},"inLanguage":"de-DE","potentialAction":[{"@type":"ReadAction","target":["https:\/\/www.indigoverona.com\/de\/zimmer-und-suite\/suite\/"]}]},{"@type":"BreadcrumbList","@id":"https:\/\/www.indigoverona.com\/de\/zimmer-und-suite\/suite\/#breadcrumb","itemListElement":[{"@type":"ListItem","position":1,"name":"Home","item":"https:\/\/www.indigoverona.com\/de\/"},{"@type":"ListItem","position":2,"name":"Zimmer und Suite","item":"https:\/\/www.indigoverona.com\/de\/zimmer-und-suite\/"},{"@type":"ListItem","position":3,"name":"Suite mit Living Area"}]},{"@type":"WebSite","@id":"https:\/\/www.indigoverona.com\/de\/#website","url":"https:\/\/www.indigoverona.com\/de\/","name":"Hotel Indigo Verona - Grand Hotel Des Arts","description":"Just another ms.decms.eu site","potentialAction":[{"@type":"SearchAction","target":{"@type":"EntryPoint","urlTemplate":"https:\/\/www.indigoverona.com\/de\/?s={search_term_string}"},"query-input":{"@type":"PropertyValueSpecification","valueRequired":true,"valueName":"search_term_string"}}],"inLanguage":"de-DE"}]}},"acf":[],"_links":{"self":[{"href":"https:\/\/www.indigoverona.com\/de\/wp-json\/wp\/v2\/pages\/642","targetHints":{"allow":["GET"]}}],"collection":[{"href":"https:\/\/www.indigoverona.com\/de\/wp-json\/wp\/v2\/pages"}],"about":[{"href":"https:\/\/www.indigoverona.com\/de\/wp-json\/wp\/v2\/types\/page"}],"author":[{"embeddable":true,"href":"https:\/\/www.indigoverona.com\/de\/wp-json\/wp\/v2\/users\/7"}],"replies":[{"embeddable":true,"href":"https:\/\/www.indigoverona.com\/de\/wp-json\/wp\/v2\/comments?post=642"}],"version-history":[{"count":0,"href":"https:\/\/www.indigoverona.com\/de\/wp-json\/wp\/v2\/pages\/642\/revisions"}],"up":[{"embeddable":true,"href":"https:\/\/www.indigoverona.com\/de\/wp-json\/wp\/v2\/pages\/624"}],"wp:attachment":[{"href":"https:\/\/www.indigoverona.com\/de\/wp-json\/wp\/v2\/media?parent=642"}],"curies":[{"name":"wp","href":"https:\/\/api.w.org\/{rel}","templated":true}]}}