{"id":648,"date":"2020-07-22T14:55:24","date_gmt":"2020-07-22T14:55:24","guid":{"rendered":"https:\/\/www.indigoverona.com\/?page_id=648"},"modified":"2025-07-11T10:14:41","modified_gmt":"2025-07-11T10:14:41","slug":"arya-bar-mixology","status":"publish","type":"page","link":"https:\/\/www.indigoverona.com\/de\/arya-bar-mixology\/","title":{"rendered":"Arya Bar &amp; Mixology"},"content":{"rendered":"<p>T\u00e4glich von 7:00 zu 23:00 ge\u00f6ffnet,<strong> Arya Bar &amp; Mixology <\/strong>\u00a0\u00fcberrascht die G\u00e4ste des Indigo Hotels Verona mit einer Auswahl an Snacks, Kaffees und Tees am Tag, und Abends mit unserer Weinkarte, Cocktails und Aperitifs, die die Sinne als und mehr als eine gut orchestrierte Symphonie verzaubern sollen. Lassen Sie sich nach einem erlebnisreichen Tag in Verona von den Gerichten der leckeren Auswahl unserer <a href=\"https:\/\/foodboard.it\/arya-bar\/menu-bistrot-arya-bar\/?language=en\" target=\"_blank\" rel=\"noopener\"><strong>Bistrotk\u00fcche<\/strong><\/a> verf\u00fchren.<\/p>\n<p>Details sind uns sehr wichtig. Das Design unserer Bars ist von den lyrischen Stimmungen der Opera und von der \u00fcberw\u00e4ltigenden Liebesgeschichte von Romeo und Julia inspiriert. Unserer Bar ist der perfekte Ort, wo Sie sich erholen sowie Erfrischung vom Alltagsstress suchen k\u00f6nnen.<\/p>\n<p><em><strong>Arya Bar &amp; Mixology ist f\u00fcr Hotelg\u00e4ste ge\u00f6ffnet<\/strong><\/em><\/p>\n","protected":false},"excerpt":{"rendered":"<p>T\u00e4glich von 7:00 zu 23:00 ge\u00f6ffnet, Arya Bar &amp; Mixology \u00a0\u00fcberrascht die G\u00e4ste des Indigo Hotels Verona mit einer Auswahl an Snacks, Kaffees und Tees am Tag, und Abends mit unserer Weinkarte, Cocktails und Aperitifs, die die Sinne als und mehr als eine gut orchestrierte Symphonie verzaubern sollen. Lassen Sie sich nach einem erlebnisreichen Tag [&hellip;]<\/p>\n","protected":false},"author":7,"featured_media":0,"parent":0,"menu_order":3,"comment_status":"closed","ping_status":"closed","template":"","meta":{"footnotes":""},"class_list":["post-648","page","type-page","status-publish","hentry"],"yoast_head":"<!-- This site is optimized with the Yoast SEO plugin v26.9 - https:\/\/yoast.com\/product\/yoast-seo-wordpress\/ -->\n<title>ARYA BAR &amp; Mixology | Grand Hotel Des Arts Verona<\/title>\n<meta name=\"description\" content=\"Entdecken Sie ARYA BAR &amp; Mixology und tauchen Sie ein in ein Ambiente, das vom zweiten Akt der romantischen Geschichte von Romeo und Julia inspiriert ist.\" \/>\n<meta name=\"robots\" content=\"index, follow, max-snippet:-1, max-image-preview:large, max-video-preview:-1\" \/>\n<link rel=\"canonical\" href=\"https:\/\/www.indigoverona.com\/de\/arya-bar-mixology\/\" \/>\n<meta property=\"og:locale\" content=\"de_DE\" \/>\n<meta property=\"og:type\" content=\"article\" \/>\n<meta property=\"og:title\" content=\"ARYA BAR &amp; Mixology | Grand Hotel Des Arts Verona\" \/>\n<meta property=\"og:description\" content=\"Entdecken Sie ARYA BAR &amp; Mixology und tauchen Sie ein in ein Ambiente, das vom zweiten Akt der romantischen Geschichte von Romeo und Julia inspiriert ist.\" \/>\n<meta property=\"og:url\" content=\"https:\/\/www.indigoverona.com\/de\/arya-bar-mixology\/\" \/>\n<meta property=\"og:site_name\" content=\"Hotel Indigo Verona - Grand Hotel Des Arts\" \/>\n<meta property=\"article:modified_time\" content=\"2025-07-11T10:14:41+00:00\" \/>\n<meta name=\"twitter:card\" content=\"summary_large_image\" \/>\n<meta name=\"twitter:label1\" content=\"Gesch\u00e4tzte Lesezeit\" \/>\n\t<meta name=\"twitter:data1\" content=\"1 Minute\" \/>\n<script type=\"application\/ld+json\" class=\"yoast-schema-graph\">{\"@context\":\"https:\/\/schema.org\",\"@graph\":[{\"@type\":\"WebPage\",\"@id\":\"https:\/\/www.indigoverona.com\/de\/arya-bar-mixology\/\",\"url\":\"https:\/\/www.indigoverona.com\/de\/arya-bar-mixology\/\",\"name\":\"ARYA BAR & Mixology | Grand Hotel Des Arts Verona\",\"isPartOf\":{\"@id\":\"https:\/\/www.indigoverona.com\/de\/#website\"},\"datePublished\":\"2020-07-22T14:55:24+00:00\",\"dateModified\":\"2025-07-11T10:14:41+00:00\",\"description\":\"Entdecken Sie ARYA BAR & Mixology und tauchen Sie ein in ein Ambiente, das vom zweiten Akt der romantischen Geschichte von Romeo und Julia inspiriert ist.\",\"breadcrumb\":{\"@id\":\"https:\/\/www.indigoverona.com\/de\/arya-bar-mixology\/#breadcrumb\"},\"inLanguage\":\"de-DE\",\"potentialAction\":[{\"@type\":\"ReadAction\",\"target\":[\"https:\/\/www.indigoverona.com\/de\/arya-bar-mixology\/\"]}]},{\"@type\":\"BreadcrumbList\",\"@id\":\"https:\/\/www.indigoverona.com\/de\/arya-bar-mixology\/#breadcrumb\",\"itemListElement\":[{\"@type\":\"ListItem\",\"position\":1,\"name\":\"Home\",\"item\":\"https:\/\/www.indigoverona.com\/de\/\"},{\"@type\":\"ListItem\",\"position\":2,\"name\":\"Arya Bar &amp; Mixology\"}]},{\"@type\":\"WebSite\",\"@id\":\"https:\/\/www.indigoverona.com\/de\/#website\",\"url\":\"https:\/\/www.indigoverona.com\/de\/\",\"name\":\"Hotel Indigo Verona - Grand Hotel Des Arts\",\"description\":\"Just another ms.decms.eu site\",\"potentialAction\":[{\"@type\":\"SearchAction\",\"target\":{\"@type\":\"EntryPoint\",\"urlTemplate\":\"https:\/\/www.indigoverona.com\/de\/?s={search_term_string}\"},\"query-input\":{\"@type\":\"PropertyValueSpecification\",\"valueRequired\":true,\"valueName\":\"search_term_string\"}}],\"inLanguage\":\"de-DE\"}]}<\/script>\n<!-- \/ Yoast SEO plugin. -->","yoast_head_json":{"title":"ARYA BAR & Mixology | Grand Hotel Des Arts Verona","description":"Entdecken Sie ARYA BAR & Mixology und tauchen Sie ein in ein Ambiente, das vom zweiten Akt der romantischen Geschichte von Romeo und Julia inspiriert ist.","robots":{"index":"index","follow":"follow","max-snippet":"max-snippet:-1","max-image-preview":"max-image-preview:large","max-video-preview":"max-video-preview:-1"},"canonical":"https:\/\/www.indigoverona.com\/de\/arya-bar-mixology\/","og_locale":"de_DE","og_type":"article","og_title":"ARYA BAR & Mixology | Grand Hotel Des Arts Verona","og_description":"Entdecken Sie ARYA BAR & Mixology und tauchen Sie ein in ein Ambiente, das vom zweiten Akt der romantischen Geschichte von Romeo und Julia inspiriert ist.","og_url":"https:\/\/www.indigoverona.com\/de\/arya-bar-mixology\/","og_site_name":"Hotel Indigo Verona - Grand Hotel Des Arts","article_modified_time":"2025-07-11T10:14:41+00:00","twitter_card":"summary_large_image","twitter_misc":{"Gesch\u00e4tzte Lesezeit":"1 Minute"},"schema":{"@context":"https:\/\/schema.org","@graph":[{"@type":"WebPage","@id":"https:\/\/www.indigoverona.com\/de\/arya-bar-mixology\/","url":"https:\/\/www.indigoverona.com\/de\/arya-bar-mixology\/","name":"ARYA BAR & Mixology | Grand Hotel Des Arts Verona","isPartOf":{"@id":"https:\/\/www.indigoverona.com\/de\/#website"},"datePublished":"2020-07-22T14:55:24+00:00","dateModified":"2025-07-11T10:14:41+00:00","description":"Entdecken Sie ARYA BAR & Mixology und tauchen Sie ein in ein Ambiente, das vom zweiten Akt der romantischen Geschichte von Romeo und Julia inspiriert ist.","breadcrumb":{"@id":"https:\/\/www.indigoverona.com\/de\/arya-bar-mixology\/#breadcrumb"},"inLanguage":"de-DE","potentialAction":[{"@type":"ReadAction","target":["https:\/\/www.indigoverona.com\/de\/arya-bar-mixology\/"]}]},{"@type":"BreadcrumbList","@id":"https:\/\/www.indigoverona.com\/de\/arya-bar-mixology\/#breadcrumb","itemListElement":[{"@type":"ListItem","position":1,"name":"Home","item":"https:\/\/www.indigoverona.com\/de\/"},{"@type":"ListItem","position":2,"name":"Arya Bar &amp; Mixology"}]},{"@type":"WebSite","@id":"https:\/\/www.indigoverona.com\/de\/#website","url":"https:\/\/www.indigoverona.com\/de\/","name":"Hotel Indigo Verona - Grand Hotel Des Arts","description":"Just another ms.decms.eu site","potentialAction":[{"@type":"SearchAction","target":{"@type":"EntryPoint","urlTemplate":"https:\/\/www.indigoverona.com\/de\/?s={search_term_string}"},"query-input":{"@type":"PropertyValueSpecification","valueRequired":true,"valueName":"search_term_string"}}],"inLanguage":"de-DE"}]}},"acf":[],"_links":{"self":[{"href":"https:\/\/www.indigoverona.com\/de\/wp-json\/wp\/v2\/pages\/648","targetHints":{"allow":["GET"]}}],"collection":[{"href":"https:\/\/www.indigoverona.com\/de\/wp-json\/wp\/v2\/pages"}],"about":[{"href":"https:\/\/www.indigoverona.com\/de\/wp-json\/wp\/v2\/types\/page"}],"author":[{"embeddable":true,"href":"https:\/\/www.indigoverona.com\/de\/wp-json\/wp\/v2\/users\/7"}],"replies":[{"embeddable":true,"href":"https:\/\/www.indigoverona.com\/de\/wp-json\/wp\/v2\/comments?post=648"}],"version-history":[{"count":0,"href":"https:\/\/www.indigoverona.com\/de\/wp-json\/wp\/v2\/pages\/648\/revisions"}],"wp:attachment":[{"href":"https:\/\/www.indigoverona.com\/de\/wp-json\/wp\/v2\/media?parent=648"}],"curies":[{"name":"wp","href":"https:\/\/api.w.org\/{rel}","templated":true}]}}