{"id":653,"date":"2020-05-13T15:40:27","date_gmt":"2020-05-13T15:40:27","guid":{"rendered":"https:\/\/www.indigoverona.com\/meeting-events\/"},"modified":"2025-07-11T08:14:39","modified_gmt":"2025-07-11T08:14:39","slug":"meeting-veranstaltung","status":"publish","type":"page","link":"https:\/\/www.indigoverona.com\/de\/meeting-veranstaltung\/","title":{"rendered":"Meeting Veranstaltung"},"content":{"rendered":"<p>Ein vielseitig nutzbarer Innenbereich, modular gestaltbar nach Ihren Anforderungen, <strong data-start=\"1315\" data-end=\"1354\">2 Tagungsr\u00e4ume, einer davon modular<\/strong>, mit einer <strong data-start=\"1366\" data-end=\"1405\">maximalen Kapazit\u00e4t von 90 Personen<\/strong>, sowie ein Innenhof mit angrenzendem Patio, der den perfekten Rahmen f\u00fcr Pausen zwischen Arbeitssitzungen bietet, machen den Meetingbereich des <strong data-start=\"1550\" data-end=\"1596\">Hotel Indigo Verona \u2013 Grand Hotel des Arts<\/strong> zur idealen Wahl f\u00fcr kleine und gro\u00dfe Veranstaltungen.<\/p>\n","protected":false},"excerpt":{"rendered":"<p>Ein vielseitig nutzbarer Innenbereich, modular gestaltbar nach Ihren Anforderungen, 2 Tagungsr\u00e4ume, einer davon modular, mit einer maximalen Kapazit\u00e4t von 90 Personen, sowie ein Innenhof mit angrenzendem Patio, der den perfekten Rahmen f\u00fcr Pausen zwischen Arbeitssitzungen bietet, machen den Meetingbereich des Hotel Indigo Verona \u2013 Grand Hotel des Arts zur idealen Wahl f\u00fcr kleine und gro\u00dfe [&hellip;]<\/p>\n","protected":false},"author":7,"featured_media":0,"parent":0,"menu_order":4,"comment_status":"closed","ping_status":"closed","template":"","meta":{"footnotes":""},"class_list":["post-653","page","type-page","status-publish","hentry"],"yoast_head":"<!-- This site is optimized with the Yoast SEO plugin v26.9 - https:\/\/yoast.com\/product\/yoast-seo-wordpress\/ -->\n<title>R\u00e4ume f\u00fcr Meetings und Events | 4-Stern-Hotel Indigo Verona<\/title>\n<meta name=\"description\" content=\"M\u00f6chten Sie ein Firmenmeeting organisieren? Unser Hotel verf\u00fcgt \u00fcber mehrere R\u00e4ume f\u00fcr die Organisation von Firmenmeetings im Stadtzentrum.\" \/>\n<meta name=\"robots\" content=\"index, follow, max-snippet:-1, max-image-preview:large, max-video-preview:-1\" \/>\n<link rel=\"canonical\" href=\"https:\/\/www.indigoverona.com\/de\/meeting-veranstaltung\/\" \/>\n<meta property=\"og:locale\" content=\"de_DE\" \/>\n<meta property=\"og:type\" content=\"article\" \/>\n<meta property=\"og:title\" content=\"R\u00e4ume f\u00fcr Meetings und Events | 4-Stern-Hotel Indigo Verona\" \/>\n<meta property=\"og:description\" content=\"M\u00f6chten Sie ein Firmenmeeting organisieren? Unser Hotel verf\u00fcgt \u00fcber mehrere R\u00e4ume f\u00fcr die Organisation von Firmenmeetings im Stadtzentrum.\" \/>\n<meta property=\"og:url\" content=\"https:\/\/www.indigoverona.com\/de\/meeting-veranstaltung\/\" \/>\n<meta property=\"og:site_name\" content=\"Hotel Indigo Verona - Grand Hotel Des Arts\" \/>\n<meta property=\"article:modified_time\" content=\"2025-07-11T08:14:39+00:00\" \/>\n<meta name=\"twitter:card\" content=\"summary_large_image\" \/>\n<meta name=\"twitter:label1\" content=\"Gesch\u00e4tzte Lesezeit\" \/>\n\t<meta name=\"twitter:data1\" content=\"1 Minute\" \/>\n<script type=\"application\/ld+json\" class=\"yoast-schema-graph\">{\"@context\":\"https:\/\/schema.org\",\"@graph\":[{\"@type\":\"WebPage\",\"@id\":\"https:\/\/www.indigoverona.com\/de\/meeting-veranstaltung\/\",\"url\":\"https:\/\/www.indigoverona.com\/de\/meeting-veranstaltung\/\",\"name\":\"R\u00e4ume f\u00fcr Meetings und Events | 4-Stern-Hotel Indigo Verona\",\"isPartOf\":{\"@id\":\"https:\/\/www.indigoverona.com\/de\/#website\"},\"datePublished\":\"2020-05-13T15:40:27+00:00\",\"dateModified\":\"2025-07-11T08:14:39+00:00\",\"description\":\"M\u00f6chten Sie ein Firmenmeeting organisieren? Unser Hotel verf\u00fcgt \u00fcber mehrere R\u00e4ume f\u00fcr die Organisation von Firmenmeetings im Stadtzentrum.\",\"breadcrumb\":{\"@id\":\"https:\/\/www.indigoverona.com\/de\/meeting-veranstaltung\/#breadcrumb\"},\"inLanguage\":\"de-DE\",\"potentialAction\":[{\"@type\":\"ReadAction\",\"target\":[\"https:\/\/www.indigoverona.com\/de\/meeting-veranstaltung\/\"]}]},{\"@type\":\"BreadcrumbList\",\"@id\":\"https:\/\/www.indigoverona.com\/de\/meeting-veranstaltung\/#breadcrumb\",\"itemListElement\":[{\"@type\":\"ListItem\",\"position\":1,\"name\":\"Home\",\"item\":\"https:\/\/www.indigoverona.com\/de\/\"},{\"@type\":\"ListItem\",\"position\":2,\"name\":\"Meeting Veranstaltung\"}]},{\"@type\":\"WebSite\",\"@id\":\"https:\/\/www.indigoverona.com\/de\/#website\",\"url\":\"https:\/\/www.indigoverona.com\/de\/\",\"name\":\"Hotel Indigo Verona - Grand Hotel Des Arts\",\"description\":\"Just another ms.decms.eu site\",\"potentialAction\":[{\"@type\":\"SearchAction\",\"target\":{\"@type\":\"EntryPoint\",\"urlTemplate\":\"https:\/\/www.indigoverona.com\/de\/?s={search_term_string}\"},\"query-input\":{\"@type\":\"PropertyValueSpecification\",\"valueRequired\":true,\"valueName\":\"search_term_string\"}}],\"inLanguage\":\"de-DE\"}]}<\/script>\n<!-- \/ Yoast SEO plugin. -->","yoast_head_json":{"title":"R\u00e4ume f\u00fcr Meetings und Events | 4-Stern-Hotel Indigo Verona","description":"M\u00f6chten Sie ein Firmenmeeting organisieren? Unser Hotel verf\u00fcgt \u00fcber mehrere R\u00e4ume f\u00fcr die Organisation von Firmenmeetings im Stadtzentrum.","robots":{"index":"index","follow":"follow","max-snippet":"max-snippet:-1","max-image-preview":"max-image-preview:large","max-video-preview":"max-video-preview:-1"},"canonical":"https:\/\/www.indigoverona.com\/de\/meeting-veranstaltung\/","og_locale":"de_DE","og_type":"article","og_title":"R\u00e4ume f\u00fcr Meetings und Events | 4-Stern-Hotel Indigo Verona","og_description":"M\u00f6chten Sie ein Firmenmeeting organisieren? Unser Hotel verf\u00fcgt \u00fcber mehrere R\u00e4ume f\u00fcr die Organisation von Firmenmeetings im Stadtzentrum.","og_url":"https:\/\/www.indigoverona.com\/de\/meeting-veranstaltung\/","og_site_name":"Hotel Indigo Verona - Grand Hotel Des Arts","article_modified_time":"2025-07-11T08:14:39+00:00","twitter_card":"summary_large_image","twitter_misc":{"Gesch\u00e4tzte Lesezeit":"1 Minute"},"schema":{"@context":"https:\/\/schema.org","@graph":[{"@type":"WebPage","@id":"https:\/\/www.indigoverona.com\/de\/meeting-veranstaltung\/","url":"https:\/\/www.indigoverona.com\/de\/meeting-veranstaltung\/","name":"R\u00e4ume f\u00fcr Meetings und Events | 4-Stern-Hotel Indigo Verona","isPartOf":{"@id":"https:\/\/www.indigoverona.com\/de\/#website"},"datePublished":"2020-05-13T15:40:27+00:00","dateModified":"2025-07-11T08:14:39+00:00","description":"M\u00f6chten Sie ein Firmenmeeting organisieren? Unser Hotel verf\u00fcgt \u00fcber mehrere R\u00e4ume f\u00fcr die Organisation von Firmenmeetings im Stadtzentrum.","breadcrumb":{"@id":"https:\/\/www.indigoverona.com\/de\/meeting-veranstaltung\/#breadcrumb"},"inLanguage":"de-DE","potentialAction":[{"@type":"ReadAction","target":["https:\/\/www.indigoverona.com\/de\/meeting-veranstaltung\/"]}]},{"@type":"BreadcrumbList","@id":"https:\/\/www.indigoverona.com\/de\/meeting-veranstaltung\/#breadcrumb","itemListElement":[{"@type":"ListItem","position":1,"name":"Home","item":"https:\/\/www.indigoverona.com\/de\/"},{"@type":"ListItem","position":2,"name":"Meeting Veranstaltung"}]},{"@type":"WebSite","@id":"https:\/\/www.indigoverona.com\/de\/#website","url":"https:\/\/www.indigoverona.com\/de\/","name":"Hotel Indigo Verona - Grand Hotel Des Arts","description":"Just another ms.decms.eu site","potentialAction":[{"@type":"SearchAction","target":{"@type":"EntryPoint","urlTemplate":"https:\/\/www.indigoverona.com\/de\/?s={search_term_string}"},"query-input":{"@type":"PropertyValueSpecification","valueRequired":true,"valueName":"search_term_string"}}],"inLanguage":"de-DE"}]}},"acf":[],"_links":{"self":[{"href":"https:\/\/www.indigoverona.com\/de\/wp-json\/wp\/v2\/pages\/653","targetHints":{"allow":["GET"]}}],"collection":[{"href":"https:\/\/www.indigoverona.com\/de\/wp-json\/wp\/v2\/pages"}],"about":[{"href":"https:\/\/www.indigoverona.com\/de\/wp-json\/wp\/v2\/types\/page"}],"author":[{"embeddable":true,"href":"https:\/\/www.indigoverona.com\/de\/wp-json\/wp\/v2\/users\/7"}],"replies":[{"embeddable":true,"href":"https:\/\/www.indigoverona.com\/de\/wp-json\/wp\/v2\/comments?post=653"}],"version-history":[{"count":0,"href":"https:\/\/www.indigoverona.com\/de\/wp-json\/wp\/v2\/pages\/653\/revisions"}],"wp:attachment":[{"href":"https:\/\/www.indigoverona.com\/de\/wp-json\/wp\/v2\/media?parent=653"}],"curies":[{"name":"wp","href":"https:\/\/api.w.org\/{rel}","templated":true}]}}