{"id":658,"date":"2020-05-14T10:00:02","date_gmt":"2020-05-14T10:00:02","guid":{"rendered":"https:\/\/www.indigoverona.com\/meeting-veranstaltung\/meeting-rooms\/"},"modified":"2025-07-15T10:20:23","modified_gmt":"2025-07-15T10:20:23","slug":"meetingraeume","status":"publish","type":"page","link":"https:\/\/www.indigoverona.com\/de\/meeting-veranstaltung\/meetingraeume\/","title":{"rendered":"Meetingr\u00e4ume"},"content":{"rendered":"<p>Beim <strong>Hotel Indigo Verona \u2013 Grand Hotel des Arts<\/strong> k\u00fcmmern wir uns um die kleine Details und wir streben uns danach, den besten und am vielfaltigsten Kongress-Service zu liefern.<\/p>\n<p>Alle von unseren R\u00e4umen sind mit der modernsten und am <strong>flexiblesten Technologie<\/strong> in dem Ausma\u03b2 sowie in der Raumanordnung ausgestattet und k\u00f6nnen owohl in Gr\u00f6\u00dfe als auch im Grundriss moduliert werden: Ob Parkett, Hufeisen, Schulbank oder K\u00f6nigstisch, wir sind bereit, Ihre W\u00fcnsche zu erf\u00fcllen.<\/p>\n<p>Wir denken nicht nur an der Arbeitszeit, sondern auch an den Pausen, <strong>die Ihnen w\u00e4hrend des Tages Sie erfrischen werden<\/strong>. Es stehen Ihnen viele Kombinationen von Aperitifs, Kaffeepausen, Arbeitsfr\u00fchst\u00fccken zur Verf\u00fcgung, die Ihrem Geschmack und Zeitplanung angepasst sind.<\/p>\n","protected":false},"excerpt":{"rendered":"<p>Beim Hotel Indigo Verona \u2013 Grand Hotel des Arts k\u00fcmmern wir uns um die kleine Details und wir streben uns danach, den besten und am vielfaltigsten Kongress-Service zu liefern. Alle von unseren R\u00e4umen sind mit der modernsten und am flexiblesten Technologie in dem Ausma\u03b2 sowie in der Raumanordnung ausgestattet und k\u00f6nnen owohl in Gr\u00f6\u00dfe als [&hellip;]<\/p>\n","protected":false},"author":7,"featured_media":0,"parent":653,"menu_order":0,"comment_status":"closed","ping_status":"closed","template":"template-meeting-form.php","meta":{"footnotes":""},"class_list":["post-658","page","type-page","status-publish","hentry"],"yoast_head":"<!-- This site is optimized with the Yoast SEO plugin v26.9 - https:\/\/yoast.com\/product\/yoast-seo-wordpress\/ -->\n<title>Meeting-R\u00e4ume Hotel Indigo Verona | Grand Hotel Des Arts<\/title>\n<meta name=\"description\" content=\"Die Meeting-R\u00e4ume im Hotel Indigo des Arts Verona sind f\u00fcr Meetings in unmittelbarer N\u00e4he der Arena gedacht.\" \/>\n<meta name=\"robots\" content=\"index, follow, max-snippet:-1, max-image-preview:large, max-video-preview:-1\" \/>\n<link rel=\"canonical\" href=\"https:\/\/www.indigoverona.com\/de\/meeting-veranstaltung\/meetingraeume\/\" \/>\n<meta property=\"og:locale\" content=\"de_DE\" \/>\n<meta property=\"og:type\" content=\"article\" \/>\n<meta property=\"og:title\" content=\"Meeting-R\u00e4ume Hotel Indigo Verona | Grand Hotel Des Arts\" \/>\n<meta property=\"og:description\" content=\"Die Meeting-R\u00e4ume im Hotel Indigo des Arts Verona sind f\u00fcr Meetings in unmittelbarer N\u00e4he der Arena gedacht.\" \/>\n<meta property=\"og:url\" content=\"https:\/\/www.indigoverona.com\/de\/meeting-veranstaltung\/meetingraeume\/\" \/>\n<meta property=\"og:site_name\" content=\"Hotel Indigo Verona - Grand Hotel Des Arts\" \/>\n<meta property=\"article:modified_time\" content=\"2025-07-15T10:20:23+00:00\" \/>\n<meta name=\"twitter:card\" content=\"summary_large_image\" \/>\n<meta name=\"twitter:label1\" content=\"Gesch\u00e4tzte Lesezeit\" \/>\n\t<meta name=\"twitter:data1\" content=\"1 Minute\" \/>\n<script type=\"application\/ld+json\" class=\"yoast-schema-graph\">{\"@context\":\"https:\/\/schema.org\",\"@graph\":[{\"@type\":\"WebPage\",\"@id\":\"https:\/\/www.indigoverona.com\/de\/meeting-veranstaltung\/meetingraeume\/\",\"url\":\"https:\/\/www.indigoverona.com\/de\/meeting-veranstaltung\/meetingraeume\/\",\"name\":\"Meeting-R\u00e4ume Hotel Indigo Verona | Grand Hotel Des Arts\",\"isPartOf\":{\"@id\":\"https:\/\/www.indigoverona.com\/de\/#website\"},\"datePublished\":\"2020-05-14T10:00:02+00:00\",\"dateModified\":\"2025-07-15T10:20:23+00:00\",\"description\":\"Die Meeting-R\u00e4ume im Hotel Indigo des Arts Verona sind f\u00fcr Meetings in unmittelbarer N\u00e4he der Arena gedacht.\",\"breadcrumb\":{\"@id\":\"https:\/\/www.indigoverona.com\/de\/meeting-veranstaltung\/meetingraeume\/#breadcrumb\"},\"inLanguage\":\"de-DE\",\"potentialAction\":[{\"@type\":\"ReadAction\",\"target\":[\"https:\/\/www.indigoverona.com\/de\/meeting-veranstaltung\/meetingraeume\/\"]}]},{\"@type\":\"BreadcrumbList\",\"@id\":\"https:\/\/www.indigoverona.com\/de\/meeting-veranstaltung\/meetingraeume\/#breadcrumb\",\"itemListElement\":[{\"@type\":\"ListItem\",\"position\":1,\"name\":\"Home\",\"item\":\"https:\/\/www.indigoverona.com\/de\/\"},{\"@type\":\"ListItem\",\"position\":2,\"name\":\"Meeting Veranstaltung\",\"item\":\"https:\/\/www.indigoverona.com\/de\/meeting-veranstaltung\/\"},{\"@type\":\"ListItem\",\"position\":3,\"name\":\"Meetingr\u00e4ume\"}]},{\"@type\":\"WebSite\",\"@id\":\"https:\/\/www.indigoverona.com\/de\/#website\",\"url\":\"https:\/\/www.indigoverona.com\/de\/\",\"name\":\"Hotel Indigo Verona - Grand Hotel Des Arts\",\"description\":\"Just another ms.decms.eu site\",\"potentialAction\":[{\"@type\":\"SearchAction\",\"target\":{\"@type\":\"EntryPoint\",\"urlTemplate\":\"https:\/\/www.indigoverona.com\/de\/?s={search_term_string}\"},\"query-input\":{\"@type\":\"PropertyValueSpecification\",\"valueRequired\":true,\"valueName\":\"search_term_string\"}}],\"inLanguage\":\"de-DE\"}]}<\/script>\n<!-- \/ Yoast SEO plugin. -->","yoast_head_json":{"title":"Meeting-R\u00e4ume Hotel Indigo Verona | Grand Hotel Des Arts","description":"Die Meeting-R\u00e4ume im Hotel Indigo des Arts Verona sind f\u00fcr Meetings in unmittelbarer N\u00e4he der Arena gedacht.","robots":{"index":"index","follow":"follow","max-snippet":"max-snippet:-1","max-image-preview":"max-image-preview:large","max-video-preview":"max-video-preview:-1"},"canonical":"https:\/\/www.indigoverona.com\/de\/meeting-veranstaltung\/meetingraeume\/","og_locale":"de_DE","og_type":"article","og_title":"Meeting-R\u00e4ume Hotel Indigo Verona | Grand Hotel Des Arts","og_description":"Die Meeting-R\u00e4ume im Hotel Indigo des Arts Verona sind f\u00fcr Meetings in unmittelbarer N\u00e4he der Arena gedacht.","og_url":"https:\/\/www.indigoverona.com\/de\/meeting-veranstaltung\/meetingraeume\/","og_site_name":"Hotel Indigo Verona - Grand Hotel Des Arts","article_modified_time":"2025-07-15T10:20:23+00:00","twitter_card":"summary_large_image","twitter_misc":{"Gesch\u00e4tzte Lesezeit":"1 Minute"},"schema":{"@context":"https:\/\/schema.org","@graph":[{"@type":"WebPage","@id":"https:\/\/www.indigoverona.com\/de\/meeting-veranstaltung\/meetingraeume\/","url":"https:\/\/www.indigoverona.com\/de\/meeting-veranstaltung\/meetingraeume\/","name":"Meeting-R\u00e4ume Hotel Indigo Verona | Grand Hotel Des Arts","isPartOf":{"@id":"https:\/\/www.indigoverona.com\/de\/#website"},"datePublished":"2020-05-14T10:00:02+00:00","dateModified":"2025-07-15T10:20:23+00:00","description":"Die Meeting-R\u00e4ume im Hotel Indigo des Arts Verona sind f\u00fcr Meetings in unmittelbarer N\u00e4he der Arena gedacht.","breadcrumb":{"@id":"https:\/\/www.indigoverona.com\/de\/meeting-veranstaltung\/meetingraeume\/#breadcrumb"},"inLanguage":"de-DE","potentialAction":[{"@type":"ReadAction","target":["https:\/\/www.indigoverona.com\/de\/meeting-veranstaltung\/meetingraeume\/"]}]},{"@type":"BreadcrumbList","@id":"https:\/\/www.indigoverona.com\/de\/meeting-veranstaltung\/meetingraeume\/#breadcrumb","itemListElement":[{"@type":"ListItem","position":1,"name":"Home","item":"https:\/\/www.indigoverona.com\/de\/"},{"@type":"ListItem","position":2,"name":"Meeting Veranstaltung","item":"https:\/\/www.indigoverona.com\/de\/meeting-veranstaltung\/"},{"@type":"ListItem","position":3,"name":"Meetingr\u00e4ume"}]},{"@type":"WebSite","@id":"https:\/\/www.indigoverona.com\/de\/#website","url":"https:\/\/www.indigoverona.com\/de\/","name":"Hotel Indigo Verona - Grand Hotel Des Arts","description":"Just another ms.decms.eu site","potentialAction":[{"@type":"SearchAction","target":{"@type":"EntryPoint","urlTemplate":"https:\/\/www.indigoverona.com\/de\/?s={search_term_string}"},"query-input":{"@type":"PropertyValueSpecification","valueRequired":true,"valueName":"search_term_string"}}],"inLanguage":"de-DE"}]}},"acf":[],"_links":{"self":[{"href":"https:\/\/www.indigoverona.com\/de\/wp-json\/wp\/v2\/pages\/658","targetHints":{"allow":["GET"]}}],"collection":[{"href":"https:\/\/www.indigoverona.com\/de\/wp-json\/wp\/v2\/pages"}],"about":[{"href":"https:\/\/www.indigoverona.com\/de\/wp-json\/wp\/v2\/types\/page"}],"author":[{"embeddable":true,"href":"https:\/\/www.indigoverona.com\/de\/wp-json\/wp\/v2\/users\/7"}],"replies":[{"embeddable":true,"href":"https:\/\/www.indigoverona.com\/de\/wp-json\/wp\/v2\/comments?post=658"}],"version-history":[{"count":0,"href":"https:\/\/www.indigoverona.com\/de\/wp-json\/wp\/v2\/pages\/658\/revisions"}],"up":[{"embeddable":true,"href":"https:\/\/www.indigoverona.com\/de\/wp-json\/wp\/v2\/pages\/653"}],"wp:attachment":[{"href":"https:\/\/www.indigoverona.com\/de\/wp-json\/wp\/v2\/media?parent=658"}],"curies":[{"name":"wp","href":"https:\/\/api.w.org\/{rel}","templated":true}]}}