{"id":675,"date":"2020-07-23T13:59:02","date_gmt":"2020-07-23T13:59:02","guid":{"rendered":"https:\/\/www.indigoverona.com\/?page_id=675"},"modified":"2024-06-05T15:01:40","modified_gmt":"2024-06-05T15:01:40","slug":"verona","status":"publish","type":"page","link":"https:\/\/www.indigoverona.com\/de\/verona\/","title":{"rendered":"Verona"},"content":{"rendered":"<p><strong>Verona ist die<\/strong> <strong>Stadt der Liebe<\/strong>, aber vor allem ist Verona <strong>eine Stadt, die sich<\/strong> <strong>lieben l\u00e4sst.<\/strong> Verona ist magisch im Winter, lebendig im Sommer, faul beim Aufwachen aber vielversprechend in Fr\u00fchling, sorglos im Herbst.<\/p>\n<p>Verona ist die ideale Stadt f\u00fcr die Leute, die keine Angst davon haben, Angesicht zu Angesicht, oder noch besser Schritt vor Schritt sie zu begegnen.<\/p>\n<p>Machen Sie einen kleinen Spaziergang im Stadtszentrum und genie\u03b2en Sie die spezielle Atmosph\u00e4re ihrer Stra\u03b2en. Lassen Sie von den Pl\u00e4tzen, von den historischen Pal\u00e4sten und ihren wundersch\u00f6nen gemalten Fassaden, von den Brunnen, von den Statuen und von den mit Zinnen versehenen T\u00fcrmen verzaubern.<\/p>\n<p>Lassen Sie Ihnen Zeit um die Stadt nach und nach zu entdecken. Folgen Sie <strong>den Lauf der Etsch<\/strong> und ihre bekannte Br\u00fccke, gehen Sie ins Herz der Stadt und Sie werden mit einem bereicherten Geist wiederkommen.<\/p>\n<p>Lassen Sie sich von der sch\u00f6nen Verona verwundern und erobern!<\/p>\n","protected":false},"excerpt":{"rendered":"<p>Verona ist die Stadt der Liebe, aber vor allem ist Verona eine Stadt, die sich lieben l\u00e4sst. Verona ist magisch im Winter, lebendig im Sommer, faul beim Aufwachen aber vielversprechend in Fr\u00fchling, sorglos im Herbst. Verona ist die ideale Stadt f\u00fcr die Leute, die keine Angst davon haben, Angesicht zu Angesicht, oder noch besser Schritt [&hellip;]<\/p>\n","protected":false},"author":7,"featured_media":0,"parent":0,"menu_order":7,"comment_status":"closed","ping_status":"closed","template":"","meta":{"footnotes":""},"class_list":["post-675","page","type-page","status-publish","hentry"],"yoast_head":"<!-- This site is optimized with the Yoast SEO plugin v26.9 - https:\/\/yoast.com\/product\/yoast-seo-wordpress\/ -->\n<title>Boutique Hotel Indigo Verona | Grand Hotel Des Arts<\/title>\n<meta name=\"description\" content=\"Entdecken Sie das historische 4-Stern-Boutique Hotel im Zentrum von Verona; Dank seiner Gem\u00e4lde und Skulpturen hat es einen unverwechselbar eleganten Stil.\" \/>\n<meta name=\"robots\" content=\"index, follow, max-snippet:-1, max-image-preview:large, max-video-preview:-1\" \/>\n<link rel=\"canonical\" href=\"https:\/\/www.indigoverona.com\/de\/verona\/\" \/>\n<meta property=\"og:locale\" content=\"de_DE\" \/>\n<meta property=\"og:type\" content=\"article\" \/>\n<meta property=\"og:title\" content=\"Boutique Hotel Indigo Verona | Grand Hotel Des Arts\" \/>\n<meta property=\"og:description\" content=\"Entdecken Sie das historische 4-Stern-Boutique Hotel im Zentrum von Verona; Dank seiner Gem\u00e4lde und Skulpturen hat es einen unverwechselbar eleganten Stil.\" \/>\n<meta property=\"og:url\" content=\"https:\/\/www.indigoverona.com\/de\/verona\/\" \/>\n<meta property=\"og:site_name\" content=\"Hotel Indigo Verona - Grand Hotel Des Arts\" \/>\n<meta property=\"article:modified_time\" content=\"2024-06-05T15:01:40+00:00\" \/>\n<meta name=\"twitter:card\" content=\"summary_large_image\" \/>\n<meta name=\"twitter:label1\" content=\"Gesch\u00e4tzte Lesezeit\" \/>\n\t<meta name=\"twitter:data1\" content=\"1 Minute\" \/>\n<script type=\"application\/ld+json\" class=\"yoast-schema-graph\">{\"@context\":\"https:\/\/schema.org\",\"@graph\":[{\"@type\":\"WebPage\",\"@id\":\"https:\/\/www.indigoverona.com\/de\/verona\/\",\"url\":\"https:\/\/www.indigoverona.com\/de\/verona\/\",\"name\":\"Boutique Hotel Indigo Verona | Grand Hotel Des Arts\",\"isPartOf\":{\"@id\":\"https:\/\/www.indigoverona.com\/de\/#website\"},\"datePublished\":\"2020-07-23T13:59:02+00:00\",\"dateModified\":\"2024-06-05T15:01:40+00:00\",\"description\":\"Entdecken Sie das historische 4-Stern-Boutique Hotel im Zentrum von Verona; Dank seiner Gem\u00e4lde und Skulpturen hat es einen unverwechselbar eleganten Stil.\",\"breadcrumb\":{\"@id\":\"https:\/\/www.indigoverona.com\/de\/verona\/#breadcrumb\"},\"inLanguage\":\"de-DE\",\"potentialAction\":[{\"@type\":\"ReadAction\",\"target\":[\"https:\/\/www.indigoverona.com\/de\/verona\/\"]}]},{\"@type\":\"BreadcrumbList\",\"@id\":\"https:\/\/www.indigoverona.com\/de\/verona\/#breadcrumb\",\"itemListElement\":[{\"@type\":\"ListItem\",\"position\":1,\"name\":\"Home\",\"item\":\"https:\/\/www.indigoverona.com\/de\/\"},{\"@type\":\"ListItem\",\"position\":2,\"name\":\"Verona\"}]},{\"@type\":\"WebSite\",\"@id\":\"https:\/\/www.indigoverona.com\/de\/#website\",\"url\":\"https:\/\/www.indigoverona.com\/de\/\",\"name\":\"Hotel Indigo Verona - Grand Hotel Des Arts\",\"description\":\"Just another ms.decms.eu site\",\"potentialAction\":[{\"@type\":\"SearchAction\",\"target\":{\"@type\":\"EntryPoint\",\"urlTemplate\":\"https:\/\/www.indigoverona.com\/de\/?s={search_term_string}\"},\"query-input\":{\"@type\":\"PropertyValueSpecification\",\"valueRequired\":true,\"valueName\":\"search_term_string\"}}],\"inLanguage\":\"de-DE\"}]}<\/script>\n<!-- \/ Yoast SEO plugin. -->","yoast_head_json":{"title":"Boutique Hotel Indigo Verona | Grand Hotel Des Arts","description":"Entdecken Sie das historische 4-Stern-Boutique Hotel im Zentrum von Verona; Dank seiner Gem\u00e4lde und Skulpturen hat es einen unverwechselbar eleganten Stil.","robots":{"index":"index","follow":"follow","max-snippet":"max-snippet:-1","max-image-preview":"max-image-preview:large","max-video-preview":"max-video-preview:-1"},"canonical":"https:\/\/www.indigoverona.com\/de\/verona\/","og_locale":"de_DE","og_type":"article","og_title":"Boutique Hotel Indigo Verona | Grand Hotel Des Arts","og_description":"Entdecken Sie das historische 4-Stern-Boutique Hotel im Zentrum von Verona; Dank seiner Gem\u00e4lde und Skulpturen hat es einen unverwechselbar eleganten Stil.","og_url":"https:\/\/www.indigoverona.com\/de\/verona\/","og_site_name":"Hotel Indigo Verona - Grand Hotel Des Arts","article_modified_time":"2024-06-05T15:01:40+00:00","twitter_card":"summary_large_image","twitter_misc":{"Gesch\u00e4tzte Lesezeit":"1 Minute"},"schema":{"@context":"https:\/\/schema.org","@graph":[{"@type":"WebPage","@id":"https:\/\/www.indigoverona.com\/de\/verona\/","url":"https:\/\/www.indigoverona.com\/de\/verona\/","name":"Boutique Hotel Indigo Verona | Grand Hotel Des Arts","isPartOf":{"@id":"https:\/\/www.indigoverona.com\/de\/#website"},"datePublished":"2020-07-23T13:59:02+00:00","dateModified":"2024-06-05T15:01:40+00:00","description":"Entdecken Sie das historische 4-Stern-Boutique Hotel im Zentrum von Verona; Dank seiner Gem\u00e4lde und Skulpturen hat es einen unverwechselbar eleganten Stil.","breadcrumb":{"@id":"https:\/\/www.indigoverona.com\/de\/verona\/#breadcrumb"},"inLanguage":"de-DE","potentialAction":[{"@type":"ReadAction","target":["https:\/\/www.indigoverona.com\/de\/verona\/"]}]},{"@type":"BreadcrumbList","@id":"https:\/\/www.indigoverona.com\/de\/verona\/#breadcrumb","itemListElement":[{"@type":"ListItem","position":1,"name":"Home","item":"https:\/\/www.indigoverona.com\/de\/"},{"@type":"ListItem","position":2,"name":"Verona"}]},{"@type":"WebSite","@id":"https:\/\/www.indigoverona.com\/de\/#website","url":"https:\/\/www.indigoverona.com\/de\/","name":"Hotel Indigo Verona - Grand Hotel Des Arts","description":"Just another ms.decms.eu site","potentialAction":[{"@type":"SearchAction","target":{"@type":"EntryPoint","urlTemplate":"https:\/\/www.indigoverona.com\/de\/?s={search_term_string}"},"query-input":{"@type":"PropertyValueSpecification","valueRequired":true,"valueName":"search_term_string"}}],"inLanguage":"de-DE"}]}},"acf":[],"_links":{"self":[{"href":"https:\/\/www.indigoverona.com\/de\/wp-json\/wp\/v2\/pages\/675","targetHints":{"allow":["GET"]}}],"collection":[{"href":"https:\/\/www.indigoverona.com\/de\/wp-json\/wp\/v2\/pages"}],"about":[{"href":"https:\/\/www.indigoverona.com\/de\/wp-json\/wp\/v2\/types\/page"}],"author":[{"embeddable":true,"href":"https:\/\/www.indigoverona.com\/de\/wp-json\/wp\/v2\/users\/7"}],"replies":[{"embeddable":true,"href":"https:\/\/www.indigoverona.com\/de\/wp-json\/wp\/v2\/comments?post=675"}],"version-history":[{"count":0,"href":"https:\/\/www.indigoverona.com\/de\/wp-json\/wp\/v2\/pages\/675\/revisions"}],"wp:attachment":[{"href":"https:\/\/www.indigoverona.com\/de\/wp-json\/wp\/v2\/media?parent=675"}],"curies":[{"name":"wp","href":"https:\/\/api.w.org\/{rel}","templated":true}]}}