{"id":679,"date":"2020-07-23T14:16:04","date_gmt":"2020-07-23T14:16:04","guid":{"rendered":"https:\/\/www.indigoverona.com\/?page_id=679"},"modified":"2023-09-29T15:48:18","modified_gmt":"2023-09-29T15:48:18","slug":"die-sehenswuerdigkeiten","status":"publish","type":"page","link":"https:\/\/www.indigoverona.com\/de\/verona\/die-sehenswuerdigkeiten\/","title":{"rendered":"Die Sehensw\u00fcrdigkeiten"},"content":{"rendered":"<p>In <strong>Verona<\/strong> haben Sie die Qual der Wahl: es steht zur Ihren Verf\u00fcgung Denkmale wie <strong><a title=\"Romeo und Julia - Hotel Indigo Verona\" href=\"https:\/\/www.indigoverona.com\/de\/verona\/die-sehenswuerdigkeiten\/romeo-und-julia\/\">die H\u00e4user von Romeo und Julia<\/a><u>,<\/u><\/strong> Schlosse, Festungen, Br\u00fccken und mittelalterlichen Pal\u00e4ste, sowie das R\u00f6mische Amphiteater als <a title=\"Die Arena und Piazza Bra - Hotel Indigo Verona\" href=\"https:\/\/www.indigoverona.com\/de\/verona\/die-sehenswuerdigkeiten\/die-arena-und-piazza-bra\/\"><strong><u>Arena <\/u><\/strong><\/a>bekannt; Pl\u00e4tze mit breitenden Perspektiven wie Piazza Bra und mit zeitlosem Charme wie <a title=\"Piazza delle Erbe - Hotel Indigo Verona\" href=\"https:\/\/www.indigoverona.com\/de\/verona\/die-sehenswuerdigkeiten\/piazza-delle-erbe\/\"><strong><u>Piazza delle Erbe<\/u> <\/strong><\/a>oder <strong><u><a title=\"Piazza dei Signori - Hotel Indigo Verona\" href=\"https:\/\/www.indigoverona.com\/de\/verona\/die-sehenswuerdigkeiten\/piazza-dei-signori\/\">Piazza dei Signori<\/a>, <\/u><\/strong>Museen wie die <a title=\"Palazzo della Gran Guardia - Hotel Indigo Verona\" href=\"https:\/\/www.indigoverona.com\/de\/verona\/die-sehenswuerdigkeiten\/palazzo-gran-guardia\/\"><strong><u>Gran Guardia<\/u><\/strong><\/a> und <a title=\"Castelvecchio - Hotel Indigo Verona\" href=\"https:\/\/www.indigoverona.com\/de\/verona\/die-sehenswuerdigkeiten\/museo-di-castelvecchio\/\"><strong><u>Castelvecchio<\/u><\/strong><\/a>, die Ausstellungen von Modernen und Antiken Kunst ausrichten; es gibt noch Kirchen und Gr\u00e4berfelden sowie, zum Schluss, der atemraubender <strong><u><a title=\"Castel San Pietro - Hotel Indigo Verona\" href=\"https:\/\/www.indigoverona.com\/de\/verona\/die-sehenswuerdigkeiten\/castel-san-pietro\/\">Castel San Pietro<\/a>.<\/u><\/strong><\/p>\n<p>Sie werden sich nicht langweilen, wenn Sie Ihre Freizeit in Verona verbringen werden.<\/p>\n","protected":false},"excerpt":{"rendered":"<p>In Verona haben Sie die Qual der Wahl: es steht zur Ihren Verf\u00fcgung Denkmale wie die H\u00e4user von Romeo und Julia, Schlosse, Festungen, Br\u00fccken und mittelalterlichen Pal\u00e4ste, sowie das R\u00f6mische Amphiteater als Arena bekannt; Pl\u00e4tze mit breitenden Perspektiven wie Piazza Bra und mit zeitlosem Charme wie Piazza delle Erbe oder Piazza dei Signori, Museen wie [&hellip;]<\/p>\n","protected":false},"author":7,"featured_media":0,"parent":675,"menu_order":0,"comment_status":"closed","ping_status":"closed","template":"template-venice.php","meta":{"footnotes":""},"class_list":["post-679","page","type-page","status-publish","hentry"],"yoast_head":"<!-- This site is optimized with the Yoast SEO plugin v26.9 - https:\/\/yoast.com\/product\/yoast-seo-wordpress\/ -->\n<title>Sehensw\u00fcrdigkeiten in Verona | Hotel Indigo Verona<\/title>\n<meta name=\"description\" content=\"Geschichte, Tradition, Kultur: Entdecken Sie mit uns alle Informationen zu den Sehensw\u00fcrdigkeiten in Verona!\" \/>\n<meta name=\"robots\" content=\"index, follow, max-snippet:-1, max-image-preview:large, max-video-preview:-1\" \/>\n<link rel=\"canonical\" href=\"https:\/\/www.indigoverona.com\/de\/verona\/die-sehenswuerdigkeiten\/\" \/>\n<meta property=\"og:locale\" content=\"de_DE\" \/>\n<meta property=\"og:type\" content=\"article\" \/>\n<meta property=\"og:title\" content=\"Sehensw\u00fcrdigkeiten in Verona | Hotel Indigo Verona\" \/>\n<meta property=\"og:description\" content=\"Geschichte, Tradition, Kultur: Entdecken Sie mit uns alle Informationen zu den Sehensw\u00fcrdigkeiten in Verona!\" \/>\n<meta property=\"og:url\" content=\"https:\/\/www.indigoverona.com\/de\/verona\/die-sehenswuerdigkeiten\/\" \/>\n<meta property=\"og:site_name\" content=\"Hotel Indigo Verona - Grand Hotel Des Arts\" \/>\n<meta property=\"article:modified_time\" content=\"2023-09-29T15:48:18+00:00\" \/>\n<meta name=\"twitter:card\" content=\"summary_large_image\" \/>\n<meta name=\"twitter:label1\" content=\"Gesch\u00e4tzte Lesezeit\" \/>\n\t<meta name=\"twitter:data1\" content=\"1 Minute\" \/>\n<script type=\"application\/ld+json\" class=\"yoast-schema-graph\">{\"@context\":\"https:\/\/schema.org\",\"@graph\":[{\"@type\":\"WebPage\",\"@id\":\"https:\/\/www.indigoverona.com\/de\/verona\/die-sehenswuerdigkeiten\/\",\"url\":\"https:\/\/www.indigoverona.com\/de\/verona\/die-sehenswuerdigkeiten\/\",\"name\":\"Sehensw\u00fcrdigkeiten in Verona | Hotel Indigo Verona\",\"isPartOf\":{\"@id\":\"https:\/\/www.indigoverona.com\/de\/#website\"},\"datePublished\":\"2020-07-23T14:16:04+00:00\",\"dateModified\":\"2023-09-29T15:48:18+00:00\",\"description\":\"Geschichte, Tradition, Kultur: Entdecken Sie mit uns alle Informationen zu den Sehensw\u00fcrdigkeiten in Verona!\",\"breadcrumb\":{\"@id\":\"https:\/\/www.indigoverona.com\/de\/verona\/die-sehenswuerdigkeiten\/#breadcrumb\"},\"inLanguage\":\"de-DE\",\"potentialAction\":[{\"@type\":\"ReadAction\",\"target\":[\"https:\/\/www.indigoverona.com\/de\/verona\/die-sehenswuerdigkeiten\/\"]}]},{\"@type\":\"BreadcrumbList\",\"@id\":\"https:\/\/www.indigoverona.com\/de\/verona\/die-sehenswuerdigkeiten\/#breadcrumb\",\"itemListElement\":[{\"@type\":\"ListItem\",\"position\":1,\"name\":\"Home\",\"item\":\"https:\/\/www.indigoverona.com\/de\/\"},{\"@type\":\"ListItem\",\"position\":2,\"name\":\"Verona\",\"item\":\"https:\/\/www.indigoverona.com\/de\/verona\/\"},{\"@type\":\"ListItem\",\"position\":3,\"name\":\"Die Sehensw\u00fcrdigkeiten\"}]},{\"@type\":\"WebSite\",\"@id\":\"https:\/\/www.indigoverona.com\/de\/#website\",\"url\":\"https:\/\/www.indigoverona.com\/de\/\",\"name\":\"Hotel Indigo Verona - Grand Hotel Des Arts\",\"description\":\"Just another ms.decms.eu site\",\"potentialAction\":[{\"@type\":\"SearchAction\",\"target\":{\"@type\":\"EntryPoint\",\"urlTemplate\":\"https:\/\/www.indigoverona.com\/de\/?s={search_term_string}\"},\"query-input\":{\"@type\":\"PropertyValueSpecification\",\"valueRequired\":true,\"valueName\":\"search_term_string\"}}],\"inLanguage\":\"de-DE\"}]}<\/script>\n<!-- \/ Yoast SEO plugin. -->","yoast_head_json":{"title":"Sehensw\u00fcrdigkeiten in Verona | Hotel Indigo Verona","description":"Geschichte, Tradition, Kultur: Entdecken Sie mit uns alle Informationen zu den Sehensw\u00fcrdigkeiten in Verona!","robots":{"index":"index","follow":"follow","max-snippet":"max-snippet:-1","max-image-preview":"max-image-preview:large","max-video-preview":"max-video-preview:-1"},"canonical":"https:\/\/www.indigoverona.com\/de\/verona\/die-sehenswuerdigkeiten\/","og_locale":"de_DE","og_type":"article","og_title":"Sehensw\u00fcrdigkeiten in Verona | Hotel Indigo Verona","og_description":"Geschichte, Tradition, Kultur: Entdecken Sie mit uns alle Informationen zu den Sehensw\u00fcrdigkeiten in Verona!","og_url":"https:\/\/www.indigoverona.com\/de\/verona\/die-sehenswuerdigkeiten\/","og_site_name":"Hotel Indigo Verona - Grand Hotel Des Arts","article_modified_time":"2023-09-29T15:48:18+00:00","twitter_card":"summary_large_image","twitter_misc":{"Gesch\u00e4tzte Lesezeit":"1 Minute"},"schema":{"@context":"https:\/\/schema.org","@graph":[{"@type":"WebPage","@id":"https:\/\/www.indigoverona.com\/de\/verona\/die-sehenswuerdigkeiten\/","url":"https:\/\/www.indigoverona.com\/de\/verona\/die-sehenswuerdigkeiten\/","name":"Sehensw\u00fcrdigkeiten in Verona | Hotel Indigo Verona","isPartOf":{"@id":"https:\/\/www.indigoverona.com\/de\/#website"},"datePublished":"2020-07-23T14:16:04+00:00","dateModified":"2023-09-29T15:48:18+00:00","description":"Geschichte, Tradition, Kultur: Entdecken Sie mit uns alle Informationen zu den Sehensw\u00fcrdigkeiten in Verona!","breadcrumb":{"@id":"https:\/\/www.indigoverona.com\/de\/verona\/die-sehenswuerdigkeiten\/#breadcrumb"},"inLanguage":"de-DE","potentialAction":[{"@type":"ReadAction","target":["https:\/\/www.indigoverona.com\/de\/verona\/die-sehenswuerdigkeiten\/"]}]},{"@type":"BreadcrumbList","@id":"https:\/\/www.indigoverona.com\/de\/verona\/die-sehenswuerdigkeiten\/#breadcrumb","itemListElement":[{"@type":"ListItem","position":1,"name":"Home","item":"https:\/\/www.indigoverona.com\/de\/"},{"@type":"ListItem","position":2,"name":"Verona","item":"https:\/\/www.indigoverona.com\/de\/verona\/"},{"@type":"ListItem","position":3,"name":"Die Sehensw\u00fcrdigkeiten"}]},{"@type":"WebSite","@id":"https:\/\/www.indigoverona.com\/de\/#website","url":"https:\/\/www.indigoverona.com\/de\/","name":"Hotel Indigo Verona - Grand Hotel Des Arts","description":"Just another ms.decms.eu site","potentialAction":[{"@type":"SearchAction","target":{"@type":"EntryPoint","urlTemplate":"https:\/\/www.indigoverona.com\/de\/?s={search_term_string}"},"query-input":{"@type":"PropertyValueSpecification","valueRequired":true,"valueName":"search_term_string"}}],"inLanguage":"de-DE"}]}},"acf":[],"_links":{"self":[{"href":"https:\/\/www.indigoverona.com\/de\/wp-json\/wp\/v2\/pages\/679","targetHints":{"allow":["GET"]}}],"collection":[{"href":"https:\/\/www.indigoverona.com\/de\/wp-json\/wp\/v2\/pages"}],"about":[{"href":"https:\/\/www.indigoverona.com\/de\/wp-json\/wp\/v2\/types\/page"}],"author":[{"embeddable":true,"href":"https:\/\/www.indigoverona.com\/de\/wp-json\/wp\/v2\/users\/7"}],"replies":[{"embeddable":true,"href":"https:\/\/www.indigoverona.com\/de\/wp-json\/wp\/v2\/comments?post=679"}],"version-history":[{"count":0,"href":"https:\/\/www.indigoverona.com\/de\/wp-json\/wp\/v2\/pages\/679\/revisions"}],"up":[{"embeddable":true,"href":"https:\/\/www.indigoverona.com\/de\/wp-json\/wp\/v2\/pages\/675"}],"wp:attachment":[{"href":"https:\/\/www.indigoverona.com\/de\/wp-json\/wp\/v2\/media?parent=679"}],"curies":[{"name":"wp","href":"https:\/\/api.w.org\/{rel}","templated":true}]}}