{"id":682,"date":"2020-05-15T14:01:31","date_gmt":"2020-05-15T14:01:31","guid":{"rendered":"https:\/\/www.indigoverona.com\/verona\/die-sehenswuerdigkeiten\/arena-and-piazza-bra\/"},"modified":"2021-01-11T12:23:23","modified_gmt":"2021-01-11T12:23:23","slug":"die-arena-und-piazza-bra","status":"publish","type":"page","link":"https:\/\/www.indigoverona.com\/de\/verona\/die-sehenswuerdigkeiten\/die-arena-und-piazza-bra\/","title":{"rendered":"Die Arena und Piazza Bra"},"content":{"rendered":"<p>Das R\u00f6mische Amphiteater als <strong>Arena di Verona<\/strong> bekannt, ist ein wunderbares Beispiel r\u00f6mischer Architektur aus dem ersten Jahrhundert n. Chr., das dank der zahlreichen und sorgf\u00e4ltigen Restaurierungsarbeiten, die es seit dem sechzehnten Jahrhundert durchlaufen hat, gut erhalten ist.<\/p>\n<p>Seit 1913, dem Datum des ersten Konzert, ist sie exklusiver Austragungsort der <a title=\"Opernfestspiele in der Arena - Hotel Indigo Verona\" href=\"https:\/\/www.indigoverona.com\/de\/verona_events\/opernsaison-areniana\/\"><strong><u>Opernfestspiele in der Arena<\/u><\/strong><\/a>, und wir k\u00f6nnen mit Sicherheit sagen, dass die <strong>Arena<\/strong>, auch wenn sich ihr Aussehen im Laufe der Zeit erheblich ver\u00e4ndert hat, ihren Status und ihre Funktion als Symbol und privilegierter Treffpunkt in der Stadt bewahrt hat.<\/p>\n","protected":false},"excerpt":{"rendered":"<p>Das R\u00f6mische Amphiteater als Arena di Verona bekannt, ist ein wunderbares Beispiel r\u00f6mischer Architektur aus dem ersten Jahrhundert n. Chr., das dank der zahlreichen und sorgf\u00e4ltigen Restaurierungsarbeiten, die es seit dem sechzehnten Jahrhundert durchlaufen hat, gut erhalten ist. Seit 1913, dem Datum des ersten Konzert, ist sie exklusiver Austragungsort der Opernfestspiele in der Arena, und [&hellip;]<\/p>\n","protected":false},"author":7,"featured_media":0,"parent":679,"menu_order":0,"comment_status":"closed","ping_status":"closed","template":"template-venice-theme.php","meta":{"footnotes":""},"class_list":["post-682","page","type-page","status-publish","hentry"],"yoast_head":"<!-- This site is optimized with the Yoast SEO plugin v26.9 - https:\/\/yoast.com\/product\/yoast-seo-wordpress\/ -->\n<title>Arena von Verona und Piazza Bra | Hotel Indigo Verona<\/title>\n<meta name=\"description\" content=\"Die historische Arena von Verona befindet sich nur wenige Schritte von unserem Hotel Indigo - Grand Hotel des Arts. Besuchen Sie uns!\" \/>\n<meta name=\"robots\" content=\"index, follow, max-snippet:-1, max-image-preview:large, max-video-preview:-1\" \/>\n<link rel=\"canonical\" href=\"https:\/\/www.indigoverona.com\/de\/verona\/die-sehenswuerdigkeiten\/die-arena-und-piazza-bra\/\" \/>\n<meta property=\"og:locale\" content=\"de_DE\" \/>\n<meta property=\"og:type\" content=\"article\" \/>\n<meta property=\"og:title\" content=\"Arena von Verona und Piazza Bra | Hotel Indigo Verona\" \/>\n<meta property=\"og:description\" content=\"Die historische Arena von Verona befindet sich nur wenige Schritte von unserem Hotel Indigo - Grand Hotel des Arts. Besuchen Sie uns!\" \/>\n<meta property=\"og:url\" content=\"https:\/\/www.indigoverona.com\/de\/verona\/die-sehenswuerdigkeiten\/die-arena-und-piazza-bra\/\" \/>\n<meta property=\"og:site_name\" content=\"Hotel Indigo Verona - Grand Hotel Des Arts\" \/>\n<meta property=\"article:modified_time\" content=\"2021-01-11T12:23:23+00:00\" \/>\n<meta name=\"twitter:card\" content=\"summary_large_image\" \/>\n<script type=\"application\/ld+json\" class=\"yoast-schema-graph\">{\"@context\":\"https:\/\/schema.org\",\"@graph\":[{\"@type\":\"WebPage\",\"@id\":\"https:\/\/www.indigoverona.com\/de\/verona\/die-sehenswuerdigkeiten\/die-arena-und-piazza-bra\/\",\"url\":\"https:\/\/www.indigoverona.com\/de\/verona\/die-sehenswuerdigkeiten\/die-arena-und-piazza-bra\/\",\"name\":\"Arena von Verona und Piazza Bra | Hotel Indigo Verona\",\"isPartOf\":{\"@id\":\"https:\/\/www.indigoverona.com\/de\/#website\"},\"datePublished\":\"2020-05-15T14:01:31+00:00\",\"dateModified\":\"2021-01-11T12:23:23+00:00\",\"description\":\"Die historische Arena von Verona befindet sich nur wenige Schritte von unserem Hotel Indigo - Grand Hotel des Arts. Besuchen Sie uns!\",\"breadcrumb\":{\"@id\":\"https:\/\/www.indigoverona.com\/de\/verona\/die-sehenswuerdigkeiten\/die-arena-und-piazza-bra\/#breadcrumb\"},\"inLanguage\":\"de-DE\",\"potentialAction\":[{\"@type\":\"ReadAction\",\"target\":[\"https:\/\/www.indigoverona.com\/de\/verona\/die-sehenswuerdigkeiten\/die-arena-und-piazza-bra\/\"]}]},{\"@type\":\"BreadcrumbList\",\"@id\":\"https:\/\/www.indigoverona.com\/de\/verona\/die-sehenswuerdigkeiten\/die-arena-und-piazza-bra\/#breadcrumb\",\"itemListElement\":[{\"@type\":\"ListItem\",\"position\":1,\"name\":\"Home\",\"item\":\"https:\/\/www.indigoverona.com\/de\/\"},{\"@type\":\"ListItem\",\"position\":2,\"name\":\"Verona\",\"item\":\"https:\/\/www.indigoverona.com\/de\/verona\/\"},{\"@type\":\"ListItem\",\"position\":3,\"name\":\"Die Sehensw\u00fcrdigkeiten\",\"item\":\"https:\/\/www.indigoverona.com\/de\/verona\/die-sehenswuerdigkeiten\/\"},{\"@type\":\"ListItem\",\"position\":4,\"name\":\"Die Arena und Piazza Bra\"}]},{\"@type\":\"WebSite\",\"@id\":\"https:\/\/www.indigoverona.com\/de\/#website\",\"url\":\"https:\/\/www.indigoverona.com\/de\/\",\"name\":\"Hotel Indigo Verona - Grand Hotel Des Arts\",\"description\":\"Just another ms.decms.eu site\",\"potentialAction\":[{\"@type\":\"SearchAction\",\"target\":{\"@type\":\"EntryPoint\",\"urlTemplate\":\"https:\/\/www.indigoverona.com\/de\/?s={search_term_string}\"},\"query-input\":{\"@type\":\"PropertyValueSpecification\",\"valueRequired\":true,\"valueName\":\"search_term_string\"}}],\"inLanguage\":\"de-DE\"}]}<\/script>\n<!-- \/ Yoast SEO plugin. -->","yoast_head_json":{"title":"Arena von Verona und Piazza Bra | Hotel Indigo Verona","description":"Die historische Arena von Verona befindet sich nur wenige Schritte von unserem Hotel Indigo - Grand Hotel des Arts. Besuchen Sie uns!","robots":{"index":"index","follow":"follow","max-snippet":"max-snippet:-1","max-image-preview":"max-image-preview:large","max-video-preview":"max-video-preview:-1"},"canonical":"https:\/\/www.indigoverona.com\/de\/verona\/die-sehenswuerdigkeiten\/die-arena-und-piazza-bra\/","og_locale":"de_DE","og_type":"article","og_title":"Arena von Verona und Piazza Bra | Hotel Indigo Verona","og_description":"Die historische Arena von Verona befindet sich nur wenige Schritte von unserem Hotel Indigo - Grand Hotel des Arts. Besuchen Sie uns!","og_url":"https:\/\/www.indigoverona.com\/de\/verona\/die-sehenswuerdigkeiten\/die-arena-und-piazza-bra\/","og_site_name":"Hotel Indigo Verona - Grand Hotel Des Arts","article_modified_time":"2021-01-11T12:23:23+00:00","twitter_card":"summary_large_image","schema":{"@context":"https:\/\/schema.org","@graph":[{"@type":"WebPage","@id":"https:\/\/www.indigoverona.com\/de\/verona\/die-sehenswuerdigkeiten\/die-arena-und-piazza-bra\/","url":"https:\/\/www.indigoverona.com\/de\/verona\/die-sehenswuerdigkeiten\/die-arena-und-piazza-bra\/","name":"Arena von Verona und Piazza Bra | Hotel Indigo Verona","isPartOf":{"@id":"https:\/\/www.indigoverona.com\/de\/#website"},"datePublished":"2020-05-15T14:01:31+00:00","dateModified":"2021-01-11T12:23:23+00:00","description":"Die historische Arena von Verona befindet sich nur wenige Schritte von unserem Hotel Indigo - Grand Hotel des Arts. Besuchen Sie uns!","breadcrumb":{"@id":"https:\/\/www.indigoverona.com\/de\/verona\/die-sehenswuerdigkeiten\/die-arena-und-piazza-bra\/#breadcrumb"},"inLanguage":"de-DE","potentialAction":[{"@type":"ReadAction","target":["https:\/\/www.indigoverona.com\/de\/verona\/die-sehenswuerdigkeiten\/die-arena-und-piazza-bra\/"]}]},{"@type":"BreadcrumbList","@id":"https:\/\/www.indigoverona.com\/de\/verona\/die-sehenswuerdigkeiten\/die-arena-und-piazza-bra\/#breadcrumb","itemListElement":[{"@type":"ListItem","position":1,"name":"Home","item":"https:\/\/www.indigoverona.com\/de\/"},{"@type":"ListItem","position":2,"name":"Verona","item":"https:\/\/www.indigoverona.com\/de\/verona\/"},{"@type":"ListItem","position":3,"name":"Die Sehensw\u00fcrdigkeiten","item":"https:\/\/www.indigoverona.com\/de\/verona\/die-sehenswuerdigkeiten\/"},{"@type":"ListItem","position":4,"name":"Die Arena und Piazza Bra"}]},{"@type":"WebSite","@id":"https:\/\/www.indigoverona.com\/de\/#website","url":"https:\/\/www.indigoverona.com\/de\/","name":"Hotel Indigo Verona - Grand Hotel Des Arts","description":"Just another ms.decms.eu site","potentialAction":[{"@type":"SearchAction","target":{"@type":"EntryPoint","urlTemplate":"https:\/\/www.indigoverona.com\/de\/?s={search_term_string}"},"query-input":{"@type":"PropertyValueSpecification","valueRequired":true,"valueName":"search_term_string"}}],"inLanguage":"de-DE"}]}},"acf":[],"_links":{"self":[{"href":"https:\/\/www.indigoverona.com\/de\/wp-json\/wp\/v2\/pages\/682","targetHints":{"allow":["GET"]}}],"collection":[{"href":"https:\/\/www.indigoverona.com\/de\/wp-json\/wp\/v2\/pages"}],"about":[{"href":"https:\/\/www.indigoverona.com\/de\/wp-json\/wp\/v2\/types\/page"}],"author":[{"embeddable":true,"href":"https:\/\/www.indigoverona.com\/de\/wp-json\/wp\/v2\/users\/7"}],"replies":[{"embeddable":true,"href":"https:\/\/www.indigoverona.com\/de\/wp-json\/wp\/v2\/comments?post=682"}],"version-history":[{"count":0,"href":"https:\/\/www.indigoverona.com\/de\/wp-json\/wp\/v2\/pages\/682\/revisions"}],"up":[{"embeddable":true,"href":"https:\/\/www.indigoverona.com\/de\/wp-json\/wp\/v2\/pages\/679"}],"wp:attachment":[{"href":"https:\/\/www.indigoverona.com\/de\/wp-json\/wp\/v2\/media?parent=682"}],"curies":[{"name":"wp","href":"https:\/\/api.w.org\/{rel}","templated":true}]}}