{"id":691,"date":"2020-05-15T14:55:50","date_gmt":"2020-05-15T14:55:50","guid":{"rendered":"https:\/\/www.indigoverona.com\/verona\/die-sehenswuerdigkeiten\/romeo-juliet\/"},"modified":"2021-01-11T13:28:39","modified_gmt":"2021-01-11T13:28:39","slug":"romeo-und-julia","status":"publish","type":"page","link":"https:\/\/www.indigoverona.com\/de\/verona\/die-sehenswuerdigkeiten\/romeo-und-julia\/","title":{"rendered":"Romeo und Julia"},"content":{"rendered":"<p>Man kann Verona nicht besichtigen, ohne zu den Orten zu pilgern, an denen die Phantasie von Shakespeare die Ereignisse der gleichnamigen Trag\u00f6die stattgefunden haben will: das <strong>Haus von Romeo<\/strong> oder das <strong>der Julia<\/strong>, oder auch <strong>das Grab der Julia<\/strong> (das nicht die sterblichen \u00dcberreste enth\u00e4lt, aber nicht weniger faszinierend f\u00fcr Besucher aller Altersgruppen und Nationalit\u00e4ten ist).<\/p>\n<p><strong>Das Haus des Romeo <\/strong>befindet sich im Zentrum, in der N\u00e4he der <strong>Scaliger-Grabm\u00e4ler<\/strong> (ein gotisches Grabdenkmal, das auch von Touristen besonders gesch\u00e4tzt wird). Es ist ein charmantes mittelalterliches Geb\u00e4ude mit Zinnen und gotischen Details, das man leider nur von au\u00dfen bewundern kann. Da sie sich in Privatbesitz befindet, ist es eigentlich nicht m\u00f6glich, das Innere zu besuchen.<\/p>\n","protected":false},"excerpt":{"rendered":"<p>Man kann Verona nicht besichtigen, ohne zu den Orten zu pilgern, an denen die Phantasie von Shakespeare die Ereignisse der gleichnamigen Trag\u00f6die stattgefunden haben will: das Haus von Romeo oder das der Julia, oder auch das Grab der Julia (das nicht die sterblichen \u00dcberreste enth\u00e4lt, aber nicht weniger faszinierend f\u00fcr Besucher aller Altersgruppen und Nationalit\u00e4ten [&hellip;]<\/p>\n","protected":false},"author":7,"featured_media":0,"parent":679,"menu_order":1,"comment_status":"closed","ping_status":"closed","template":"template-venice-theme.php","meta":{"footnotes":""},"class_list":["post-691","page","type-page","status-publish","hentry"],"yoast_head":"<!-- This site is optimized with the Yoast SEO plugin v26.9 - https:\/\/yoast.com\/product\/yoast-seo-wordpress\/ -->\n<title>Romeo und Julia | Hotel Indigo Verona<\/title>\n<meta name=\"description\" content=\"Der Balkon von Romeo und Julia liegt im Herzen der Stadt, in der N\u00e4he von Piazza delle Erbe und Piazza Bra. Entdecken Sie mit uns all seine Geheimnisse.\" \/>\n<meta name=\"robots\" content=\"index, follow, max-snippet:-1, max-image-preview:large, max-video-preview:-1\" \/>\n<link rel=\"canonical\" href=\"https:\/\/www.indigoverona.com\/de\/verona\/die-sehenswuerdigkeiten\/romeo-und-julia\/\" \/>\n<meta property=\"og:locale\" content=\"de_DE\" \/>\n<meta property=\"og:type\" content=\"article\" \/>\n<meta property=\"og:title\" content=\"Romeo und Julia | Hotel Indigo Verona\" \/>\n<meta property=\"og:description\" content=\"Der Balkon von Romeo und Julia liegt im Herzen der Stadt, in der N\u00e4he von Piazza delle Erbe und Piazza Bra. Entdecken Sie mit uns all seine Geheimnisse.\" \/>\n<meta property=\"og:url\" content=\"https:\/\/www.indigoverona.com\/de\/verona\/die-sehenswuerdigkeiten\/romeo-und-julia\/\" \/>\n<meta property=\"og:site_name\" content=\"Hotel Indigo Verona - Grand Hotel Des Arts\" \/>\n<meta property=\"article:modified_time\" content=\"2021-01-11T13:28:39+00:00\" \/>\n<meta name=\"twitter:card\" content=\"summary_large_image\" \/>\n<meta name=\"twitter:label1\" content=\"Gesch\u00e4tzte Lesezeit\" \/>\n\t<meta name=\"twitter:data1\" content=\"1 Minute\" \/>\n<script type=\"application\/ld+json\" class=\"yoast-schema-graph\">{\"@context\":\"https:\/\/schema.org\",\"@graph\":[{\"@type\":\"WebPage\",\"@id\":\"https:\/\/www.indigoverona.com\/de\/verona\/die-sehenswuerdigkeiten\/romeo-und-julia\/\",\"url\":\"https:\/\/www.indigoverona.com\/de\/verona\/die-sehenswuerdigkeiten\/romeo-und-julia\/\",\"name\":\"Romeo und Julia | Hotel Indigo Verona\",\"isPartOf\":{\"@id\":\"https:\/\/www.indigoverona.com\/de\/#website\"},\"datePublished\":\"2020-05-15T14:55:50+00:00\",\"dateModified\":\"2021-01-11T13:28:39+00:00\",\"description\":\"Der Balkon von Romeo und Julia liegt im Herzen der Stadt, in der N\u00e4he von Piazza delle Erbe und Piazza Bra. Entdecken Sie mit uns all seine Geheimnisse.\",\"breadcrumb\":{\"@id\":\"https:\/\/www.indigoverona.com\/de\/verona\/die-sehenswuerdigkeiten\/romeo-und-julia\/#breadcrumb\"},\"inLanguage\":\"de-DE\",\"potentialAction\":[{\"@type\":\"ReadAction\",\"target\":[\"https:\/\/www.indigoverona.com\/de\/verona\/die-sehenswuerdigkeiten\/romeo-und-julia\/\"]}]},{\"@type\":\"BreadcrumbList\",\"@id\":\"https:\/\/www.indigoverona.com\/de\/verona\/die-sehenswuerdigkeiten\/romeo-und-julia\/#breadcrumb\",\"itemListElement\":[{\"@type\":\"ListItem\",\"position\":1,\"name\":\"Home\",\"item\":\"https:\/\/www.indigoverona.com\/de\/\"},{\"@type\":\"ListItem\",\"position\":2,\"name\":\"Verona\",\"item\":\"https:\/\/www.indigoverona.com\/de\/verona\/\"},{\"@type\":\"ListItem\",\"position\":3,\"name\":\"Die Sehensw\u00fcrdigkeiten\",\"item\":\"https:\/\/www.indigoverona.com\/de\/verona\/die-sehenswuerdigkeiten\/\"},{\"@type\":\"ListItem\",\"position\":4,\"name\":\"Romeo und Julia\"}]},{\"@type\":\"WebSite\",\"@id\":\"https:\/\/www.indigoverona.com\/de\/#website\",\"url\":\"https:\/\/www.indigoverona.com\/de\/\",\"name\":\"Hotel Indigo Verona - Grand Hotel Des Arts\",\"description\":\"Just another ms.decms.eu site\",\"potentialAction\":[{\"@type\":\"SearchAction\",\"target\":{\"@type\":\"EntryPoint\",\"urlTemplate\":\"https:\/\/www.indigoverona.com\/de\/?s={search_term_string}\"},\"query-input\":{\"@type\":\"PropertyValueSpecification\",\"valueRequired\":true,\"valueName\":\"search_term_string\"}}],\"inLanguage\":\"de-DE\"}]}<\/script>\n<!-- \/ Yoast SEO plugin. -->","yoast_head_json":{"title":"Romeo und Julia | Hotel Indigo Verona","description":"Der Balkon von Romeo und Julia liegt im Herzen der Stadt, in der N\u00e4he von Piazza delle Erbe und Piazza Bra. Entdecken Sie mit uns all seine Geheimnisse.","robots":{"index":"index","follow":"follow","max-snippet":"max-snippet:-1","max-image-preview":"max-image-preview:large","max-video-preview":"max-video-preview:-1"},"canonical":"https:\/\/www.indigoverona.com\/de\/verona\/die-sehenswuerdigkeiten\/romeo-und-julia\/","og_locale":"de_DE","og_type":"article","og_title":"Romeo und Julia | Hotel Indigo Verona","og_description":"Der Balkon von Romeo und Julia liegt im Herzen der Stadt, in der N\u00e4he von Piazza delle Erbe und Piazza Bra. Entdecken Sie mit uns all seine Geheimnisse.","og_url":"https:\/\/www.indigoverona.com\/de\/verona\/die-sehenswuerdigkeiten\/romeo-und-julia\/","og_site_name":"Hotel Indigo Verona - Grand Hotel Des Arts","article_modified_time":"2021-01-11T13:28:39+00:00","twitter_card":"summary_large_image","twitter_misc":{"Gesch\u00e4tzte Lesezeit":"1 Minute"},"schema":{"@context":"https:\/\/schema.org","@graph":[{"@type":"WebPage","@id":"https:\/\/www.indigoverona.com\/de\/verona\/die-sehenswuerdigkeiten\/romeo-und-julia\/","url":"https:\/\/www.indigoverona.com\/de\/verona\/die-sehenswuerdigkeiten\/romeo-und-julia\/","name":"Romeo und Julia | Hotel Indigo Verona","isPartOf":{"@id":"https:\/\/www.indigoverona.com\/de\/#website"},"datePublished":"2020-05-15T14:55:50+00:00","dateModified":"2021-01-11T13:28:39+00:00","description":"Der Balkon von Romeo und Julia liegt im Herzen der Stadt, in der N\u00e4he von Piazza delle Erbe und Piazza Bra. Entdecken Sie mit uns all seine Geheimnisse.","breadcrumb":{"@id":"https:\/\/www.indigoverona.com\/de\/verona\/die-sehenswuerdigkeiten\/romeo-und-julia\/#breadcrumb"},"inLanguage":"de-DE","potentialAction":[{"@type":"ReadAction","target":["https:\/\/www.indigoverona.com\/de\/verona\/die-sehenswuerdigkeiten\/romeo-und-julia\/"]}]},{"@type":"BreadcrumbList","@id":"https:\/\/www.indigoverona.com\/de\/verona\/die-sehenswuerdigkeiten\/romeo-und-julia\/#breadcrumb","itemListElement":[{"@type":"ListItem","position":1,"name":"Home","item":"https:\/\/www.indigoverona.com\/de\/"},{"@type":"ListItem","position":2,"name":"Verona","item":"https:\/\/www.indigoverona.com\/de\/verona\/"},{"@type":"ListItem","position":3,"name":"Die Sehensw\u00fcrdigkeiten","item":"https:\/\/www.indigoverona.com\/de\/verona\/die-sehenswuerdigkeiten\/"},{"@type":"ListItem","position":4,"name":"Romeo und Julia"}]},{"@type":"WebSite","@id":"https:\/\/www.indigoverona.com\/de\/#website","url":"https:\/\/www.indigoverona.com\/de\/","name":"Hotel Indigo Verona - Grand Hotel Des Arts","description":"Just another ms.decms.eu site","potentialAction":[{"@type":"SearchAction","target":{"@type":"EntryPoint","urlTemplate":"https:\/\/www.indigoverona.com\/de\/?s={search_term_string}"},"query-input":{"@type":"PropertyValueSpecification","valueRequired":true,"valueName":"search_term_string"}}],"inLanguage":"de-DE"}]}},"acf":[],"_links":{"self":[{"href":"https:\/\/www.indigoverona.com\/de\/wp-json\/wp\/v2\/pages\/691","targetHints":{"allow":["GET"]}}],"collection":[{"href":"https:\/\/www.indigoverona.com\/de\/wp-json\/wp\/v2\/pages"}],"about":[{"href":"https:\/\/www.indigoverona.com\/de\/wp-json\/wp\/v2\/types\/page"}],"author":[{"embeddable":true,"href":"https:\/\/www.indigoverona.com\/de\/wp-json\/wp\/v2\/users\/7"}],"replies":[{"embeddable":true,"href":"https:\/\/www.indigoverona.com\/de\/wp-json\/wp\/v2\/comments?post=691"}],"version-history":[{"count":0,"href":"https:\/\/www.indigoverona.com\/de\/wp-json\/wp\/v2\/pages\/691\/revisions"}],"up":[{"embeddable":true,"href":"https:\/\/www.indigoverona.com\/de\/wp-json\/wp\/v2\/pages\/679"}],"wp:attachment":[{"href":"https:\/\/www.indigoverona.com\/de\/wp-json\/wp\/v2\/media?parent=691"}],"curies":[{"name":"wp","href":"https:\/\/api.w.org\/{rel}","templated":true}]}}