{"id":697,"date":"2020-05-15T15:27:50","date_gmt":"2020-05-15T15:27:50","guid":{"rendered":"https:\/\/www.indigoverona.com\/verona\/die-sehenswuerdigkeiten\/piazza-delle-erbe\/"},"modified":"2020-07-23T16:17:11","modified_gmt":"2020-07-23T16:17:11","slug":"piazza-delle-erbe","status":"publish","type":"page","link":"https:\/\/www.indigoverona.com\/de\/verona\/die-sehenswuerdigkeiten\/piazza-delle-erbe\/","title":{"rendered":"Piazza delle Erbe"},"content":{"rendered":"<p>Die <strong>Piazza delle Erbe <\/strong>war damals das Zentrum des politischen und wirtschaftlichen Lebens der Stadt, und beherbergt auf beiden Seiten eine Reihe von Denkm\u00e4lern, Pal\u00e4sten und Patrizierh\u00e4usern, die wie Juwelen auf einer Krone den Stadt bereichern.\u00a0 An der Nordseite befinden sich das alte Rathaus, Casa dei Giudici, die H\u00e4user der Mazzanti und der Lamberti-Turm.<\/p>\n<p>Auf der Westseite findet ma den Palazzo Maffei, im Barockstil und mit wei\u00dfen Statuen griechischer G\u00f6tter, die das Interesse und die Neugierde der Touristen wecken sollen. Daneben steht der Gardello-Turm, der mit Stolz die erste Glockenuhr der Stadt zeigt. Auf der S\u00fcdseite befindet sich die Casa dei Mercanti, w\u00e4hrend die nordwestliche Seite auf dem antiken Campidoglio basiert, das auf das r\u00f6mische Forum blickte, von dem heute leider nur noch die Erinnerung daran geblieben ist.<\/p>\n","protected":false},"excerpt":{"rendered":"<p>Die Piazza delle Erbe war damals das Zentrum des politischen und wirtschaftlichen Lebens der Stadt, und beherbergt auf beiden Seiten eine Reihe von Denkm\u00e4lern, Pal\u00e4sten und Patrizierh\u00e4usern, die wie Juwelen auf einer Krone den Stadt bereichern.\u00a0 An der Nordseite befinden sich das alte Rathaus, Casa dei Giudici, die H\u00e4user der Mazzanti und der Lamberti-Turm. Auf [&hellip;]<\/p>\n","protected":false},"author":7,"featured_media":0,"parent":679,"menu_order":2,"comment_status":"closed","ping_status":"closed","template":"template-venice-theme.php","meta":{"footnotes":""},"class_list":["post-697","page","type-page","status-publish","hentry"],"yoast_head":"<!-- This site is optimized with the Yoast SEO plugin v26.9 - https:\/\/yoast.com\/product\/yoast-seo-wordpress\/ -->\n<title>Piazza delle Erbe | Hotel Indigo Verona<\/title>\n<meta name=\"description\" content=\"Entdecken Sie mit uns einen der sch\u00f6nsten Pl\u00e4tze der Stadt. Piazza delle Erbe, nur wenige Schritte vom Hotel Indigo des Arts entfernt.\" \/>\n<meta name=\"robots\" content=\"index, follow, max-snippet:-1, max-image-preview:large, max-video-preview:-1\" \/>\n<link rel=\"canonical\" href=\"https:\/\/www.indigoverona.com\/de\/verona\/die-sehenswuerdigkeiten\/piazza-delle-erbe\/\" \/>\n<meta property=\"og:locale\" content=\"de_DE\" \/>\n<meta property=\"og:type\" content=\"article\" \/>\n<meta property=\"og:title\" content=\"Piazza delle Erbe | Hotel Indigo Verona\" \/>\n<meta property=\"og:description\" content=\"Entdecken Sie mit uns einen der sch\u00f6nsten Pl\u00e4tze der Stadt. Piazza delle Erbe, nur wenige Schritte vom Hotel Indigo des Arts entfernt.\" \/>\n<meta property=\"og:url\" content=\"https:\/\/www.indigoverona.com\/de\/verona\/die-sehenswuerdigkeiten\/piazza-delle-erbe\/\" \/>\n<meta property=\"og:site_name\" content=\"Hotel Indigo Verona - Grand Hotel Des Arts\" \/>\n<meta property=\"article:modified_time\" content=\"2020-07-23T16:17:11+00:00\" \/>\n<meta name=\"twitter:card\" content=\"summary_large_image\" \/>\n<meta name=\"twitter:label1\" content=\"Gesch\u00e4tzte Lesezeit\" \/>\n\t<meta name=\"twitter:data1\" content=\"1 Minute\" \/>\n<script type=\"application\/ld+json\" class=\"yoast-schema-graph\">{\"@context\":\"https:\/\/schema.org\",\"@graph\":[{\"@type\":\"WebPage\",\"@id\":\"https:\/\/www.indigoverona.com\/de\/verona\/die-sehenswuerdigkeiten\/piazza-delle-erbe\/\",\"url\":\"https:\/\/www.indigoverona.com\/de\/verona\/die-sehenswuerdigkeiten\/piazza-delle-erbe\/\",\"name\":\"Piazza delle Erbe | Hotel Indigo Verona\",\"isPartOf\":{\"@id\":\"https:\/\/www.indigoverona.com\/de\/#website\"},\"datePublished\":\"2020-05-15T15:27:50+00:00\",\"dateModified\":\"2020-07-23T16:17:11+00:00\",\"description\":\"Entdecken Sie mit uns einen der sch\u00f6nsten Pl\u00e4tze der Stadt. Piazza delle Erbe, nur wenige Schritte vom Hotel Indigo des Arts entfernt.\",\"breadcrumb\":{\"@id\":\"https:\/\/www.indigoverona.com\/de\/verona\/die-sehenswuerdigkeiten\/piazza-delle-erbe\/#breadcrumb\"},\"inLanguage\":\"de-DE\",\"potentialAction\":[{\"@type\":\"ReadAction\",\"target\":[\"https:\/\/www.indigoverona.com\/de\/verona\/die-sehenswuerdigkeiten\/piazza-delle-erbe\/\"]}]},{\"@type\":\"BreadcrumbList\",\"@id\":\"https:\/\/www.indigoverona.com\/de\/verona\/die-sehenswuerdigkeiten\/piazza-delle-erbe\/#breadcrumb\",\"itemListElement\":[{\"@type\":\"ListItem\",\"position\":1,\"name\":\"Home\",\"item\":\"https:\/\/www.indigoverona.com\/de\/\"},{\"@type\":\"ListItem\",\"position\":2,\"name\":\"Verona\",\"item\":\"https:\/\/www.indigoverona.com\/de\/verona\/\"},{\"@type\":\"ListItem\",\"position\":3,\"name\":\"Die Sehensw\u00fcrdigkeiten\",\"item\":\"https:\/\/www.indigoverona.com\/de\/verona\/die-sehenswuerdigkeiten\/\"},{\"@type\":\"ListItem\",\"position\":4,\"name\":\"Piazza delle Erbe\"}]},{\"@type\":\"WebSite\",\"@id\":\"https:\/\/www.indigoverona.com\/de\/#website\",\"url\":\"https:\/\/www.indigoverona.com\/de\/\",\"name\":\"Hotel Indigo Verona - Grand Hotel Des Arts\",\"description\":\"Just another ms.decms.eu site\",\"potentialAction\":[{\"@type\":\"SearchAction\",\"target\":{\"@type\":\"EntryPoint\",\"urlTemplate\":\"https:\/\/www.indigoverona.com\/de\/?s={search_term_string}\"},\"query-input\":{\"@type\":\"PropertyValueSpecification\",\"valueRequired\":true,\"valueName\":\"search_term_string\"}}],\"inLanguage\":\"de-DE\"}]}<\/script>\n<!-- \/ Yoast SEO plugin. -->","yoast_head_json":{"title":"Piazza delle Erbe | Hotel Indigo Verona","description":"Entdecken Sie mit uns einen der sch\u00f6nsten Pl\u00e4tze der Stadt. Piazza delle Erbe, nur wenige Schritte vom Hotel Indigo des Arts entfernt.","robots":{"index":"index","follow":"follow","max-snippet":"max-snippet:-1","max-image-preview":"max-image-preview:large","max-video-preview":"max-video-preview:-1"},"canonical":"https:\/\/www.indigoverona.com\/de\/verona\/die-sehenswuerdigkeiten\/piazza-delle-erbe\/","og_locale":"de_DE","og_type":"article","og_title":"Piazza delle Erbe | Hotel Indigo Verona","og_description":"Entdecken Sie mit uns einen der sch\u00f6nsten Pl\u00e4tze der Stadt. Piazza delle Erbe, nur wenige Schritte vom Hotel Indigo des Arts entfernt.","og_url":"https:\/\/www.indigoverona.com\/de\/verona\/die-sehenswuerdigkeiten\/piazza-delle-erbe\/","og_site_name":"Hotel Indigo Verona - Grand Hotel Des Arts","article_modified_time":"2020-07-23T16:17:11+00:00","twitter_card":"summary_large_image","twitter_misc":{"Gesch\u00e4tzte Lesezeit":"1 Minute"},"schema":{"@context":"https:\/\/schema.org","@graph":[{"@type":"WebPage","@id":"https:\/\/www.indigoverona.com\/de\/verona\/die-sehenswuerdigkeiten\/piazza-delle-erbe\/","url":"https:\/\/www.indigoverona.com\/de\/verona\/die-sehenswuerdigkeiten\/piazza-delle-erbe\/","name":"Piazza delle Erbe | Hotel Indigo Verona","isPartOf":{"@id":"https:\/\/www.indigoverona.com\/de\/#website"},"datePublished":"2020-05-15T15:27:50+00:00","dateModified":"2020-07-23T16:17:11+00:00","description":"Entdecken Sie mit uns einen der sch\u00f6nsten Pl\u00e4tze der Stadt. Piazza delle Erbe, nur wenige Schritte vom Hotel Indigo des Arts entfernt.","breadcrumb":{"@id":"https:\/\/www.indigoverona.com\/de\/verona\/die-sehenswuerdigkeiten\/piazza-delle-erbe\/#breadcrumb"},"inLanguage":"de-DE","potentialAction":[{"@type":"ReadAction","target":["https:\/\/www.indigoverona.com\/de\/verona\/die-sehenswuerdigkeiten\/piazza-delle-erbe\/"]}]},{"@type":"BreadcrumbList","@id":"https:\/\/www.indigoverona.com\/de\/verona\/die-sehenswuerdigkeiten\/piazza-delle-erbe\/#breadcrumb","itemListElement":[{"@type":"ListItem","position":1,"name":"Home","item":"https:\/\/www.indigoverona.com\/de\/"},{"@type":"ListItem","position":2,"name":"Verona","item":"https:\/\/www.indigoverona.com\/de\/verona\/"},{"@type":"ListItem","position":3,"name":"Die Sehensw\u00fcrdigkeiten","item":"https:\/\/www.indigoverona.com\/de\/verona\/die-sehenswuerdigkeiten\/"},{"@type":"ListItem","position":4,"name":"Piazza delle Erbe"}]},{"@type":"WebSite","@id":"https:\/\/www.indigoverona.com\/de\/#website","url":"https:\/\/www.indigoverona.com\/de\/","name":"Hotel Indigo Verona - Grand Hotel Des Arts","description":"Just another ms.decms.eu site","potentialAction":[{"@type":"SearchAction","target":{"@type":"EntryPoint","urlTemplate":"https:\/\/www.indigoverona.com\/de\/?s={search_term_string}"},"query-input":{"@type":"PropertyValueSpecification","valueRequired":true,"valueName":"search_term_string"}}],"inLanguage":"de-DE"}]}},"acf":[],"_links":{"self":[{"href":"https:\/\/www.indigoverona.com\/de\/wp-json\/wp\/v2\/pages\/697","targetHints":{"allow":["GET"]}}],"collection":[{"href":"https:\/\/www.indigoverona.com\/de\/wp-json\/wp\/v2\/pages"}],"about":[{"href":"https:\/\/www.indigoverona.com\/de\/wp-json\/wp\/v2\/types\/page"}],"author":[{"embeddable":true,"href":"https:\/\/www.indigoverona.com\/de\/wp-json\/wp\/v2\/users\/7"}],"replies":[{"embeddable":true,"href":"https:\/\/www.indigoverona.com\/de\/wp-json\/wp\/v2\/comments?post=697"}],"version-history":[{"count":0,"href":"https:\/\/www.indigoverona.com\/de\/wp-json\/wp\/v2\/pages\/697\/revisions"}],"up":[{"embeddable":true,"href":"https:\/\/www.indigoverona.com\/de\/wp-json\/wp\/v2\/pages\/679"}],"wp:attachment":[{"href":"https:\/\/www.indigoverona.com\/de\/wp-json\/wp\/v2\/media?parent=697"}],"curies":[{"name":"wp","href":"https:\/\/api.w.org\/{rel}","templated":true}]}}