{"id":703,"date":"2020-05-18T12:23:40","date_gmt":"2020-05-18T12:23:40","guid":{"rendered":"https:\/\/www.indigoverona.com\/verona\/die-sehenswuerdigkeiten\/piazza-dei-signori\/"},"modified":"2021-01-11T13:34:55","modified_gmt":"2021-01-11T13:34:55","slug":"piazza-dei-signori","status":"publish","type":"page","link":"https:\/\/www.indigoverona.com\/de\/verona\/die-sehenswuerdigkeiten\/piazza-dei-signori\/","title":{"rendered":"Piazza dei Signori"},"content":{"rendered":"<p>Die Piazza dei Signori befindet sich nur wenige Schritte <a title=\"Romeo und Julia - Hotel Indigo Verona\" href=\"https:\/\/www.indigoverona.com\/de\/verona\/die-sehenswuerdigkeiten\/romeo-und-julia\/\"><strong><u>von den H\u00e4usern von Romeo und Julia<\/u><\/strong><\/a>, dem historischen <strong>Ponte di Pietra<\/strong> und<strong> Ponte Nuovo <\/strong>an der Etsch entfernt.<\/p>\n<p>Die ber\u00fchmtesten Geb\u00e4ude, die sich an den Seiten der <strong>Piazza dei Signori <\/strong>befinden, sind <strong>Palazzo della Ragione<\/strong>, mit seinem privilegierten Zugang zum Mercato Vecchio und der m\u00e4chtigen Silhouette des Torre Lamberti, der sich als stiller W\u00e4chter \u00fcber die Stadt erhebt; <strong>Palazzo di Cansignorio und die Kirche Santa Maria Antica<\/strong>, in der die sterblichen \u00dcberreste der ber\u00fchmtesten Vertreter der Familie Della Scala (daher der Name &#8222;Stadt der Scala&#8220;) ruhen: Mastino II della Scala, Cansignorio und Cangrande I della Scala; und schlie\u00dflich <strong>Palazzo del Podest\u00e0 und Loggia del Consiglio<\/strong>, die auch Loggia di fra&#8216; Giocondo genannt wird.<\/p>\n","protected":false},"excerpt":{"rendered":"<p>Die Piazza dei Signori befindet sich nur wenige Schritte von den H\u00e4usern von Romeo und Julia, dem historischen Ponte di Pietra und Ponte Nuovo an der Etsch entfernt. Die ber\u00fchmtesten Geb\u00e4ude, die sich an den Seiten der Piazza dei Signori befinden, sind Palazzo della Ragione, mit seinem privilegierten Zugang zum Mercato Vecchio und der m\u00e4chtigen [&hellip;]<\/p>\n","protected":false},"author":7,"featured_media":0,"parent":679,"menu_order":3,"comment_status":"closed","ping_status":"closed","template":"template-venice-theme.php","meta":{"footnotes":""},"class_list":["post-703","page","type-page","status-publish","hentry"],"yoast_head":"<!-- This site is optimized with the Yoast SEO plugin v26.9 - https:\/\/yoast.com\/product\/yoast-seo-wordpress\/ -->\n<title>Piazza dei Signori | Hotel Indigo Verona<\/title>\n<meta name=\"description\" content=\"Die Piazza dei Signori, auch als Piazza Dante bekannt, grenzt an alle wichtigen Pl\u00e4tze von Verona. Entdecken Sie sie mit uns.\" \/>\n<meta name=\"robots\" content=\"index, follow, max-snippet:-1, max-image-preview:large, max-video-preview:-1\" \/>\n<link rel=\"canonical\" href=\"https:\/\/www.indigoverona.com\/de\/verona\/die-sehenswuerdigkeiten\/piazza-dei-signori\/\" \/>\n<meta property=\"og:locale\" content=\"de_DE\" \/>\n<meta property=\"og:type\" content=\"article\" \/>\n<meta property=\"og:title\" content=\"Piazza dei Signori | Hotel Indigo Verona\" \/>\n<meta property=\"og:description\" content=\"Die Piazza dei Signori, auch als Piazza Dante bekannt, grenzt an alle wichtigen Pl\u00e4tze von Verona. Entdecken Sie sie mit uns.\" \/>\n<meta property=\"og:url\" content=\"https:\/\/www.indigoverona.com\/de\/verona\/die-sehenswuerdigkeiten\/piazza-dei-signori\/\" \/>\n<meta property=\"og:site_name\" content=\"Hotel Indigo Verona - Grand Hotel Des Arts\" \/>\n<meta property=\"article:modified_time\" content=\"2021-01-11T13:34:55+00:00\" \/>\n<meta name=\"twitter:card\" content=\"summary_large_image\" \/>\n<meta name=\"twitter:label1\" content=\"Gesch\u00e4tzte Lesezeit\" \/>\n\t<meta name=\"twitter:data1\" content=\"1 Minute\" \/>\n<script type=\"application\/ld+json\" class=\"yoast-schema-graph\">{\"@context\":\"https:\/\/schema.org\",\"@graph\":[{\"@type\":\"WebPage\",\"@id\":\"https:\/\/www.indigoverona.com\/de\/verona\/die-sehenswuerdigkeiten\/piazza-dei-signori\/\",\"url\":\"https:\/\/www.indigoverona.com\/de\/verona\/die-sehenswuerdigkeiten\/piazza-dei-signori\/\",\"name\":\"Piazza dei Signori | Hotel Indigo Verona\",\"isPartOf\":{\"@id\":\"https:\/\/www.indigoverona.com\/de\/#website\"},\"datePublished\":\"2020-05-18T12:23:40+00:00\",\"dateModified\":\"2021-01-11T13:34:55+00:00\",\"description\":\"Die Piazza dei Signori, auch als Piazza Dante bekannt, grenzt an alle wichtigen Pl\u00e4tze von Verona. Entdecken Sie sie mit uns.\",\"breadcrumb\":{\"@id\":\"https:\/\/www.indigoverona.com\/de\/verona\/die-sehenswuerdigkeiten\/piazza-dei-signori\/#breadcrumb\"},\"inLanguage\":\"de-DE\",\"potentialAction\":[{\"@type\":\"ReadAction\",\"target\":[\"https:\/\/www.indigoverona.com\/de\/verona\/die-sehenswuerdigkeiten\/piazza-dei-signori\/\"]}]},{\"@type\":\"BreadcrumbList\",\"@id\":\"https:\/\/www.indigoverona.com\/de\/verona\/die-sehenswuerdigkeiten\/piazza-dei-signori\/#breadcrumb\",\"itemListElement\":[{\"@type\":\"ListItem\",\"position\":1,\"name\":\"Home\",\"item\":\"https:\/\/www.indigoverona.com\/de\/\"},{\"@type\":\"ListItem\",\"position\":2,\"name\":\"Verona\",\"item\":\"https:\/\/www.indigoverona.com\/de\/verona\/\"},{\"@type\":\"ListItem\",\"position\":3,\"name\":\"Die Sehensw\u00fcrdigkeiten\",\"item\":\"https:\/\/www.indigoverona.com\/de\/verona\/die-sehenswuerdigkeiten\/\"},{\"@type\":\"ListItem\",\"position\":4,\"name\":\"Piazza dei Signori\"}]},{\"@type\":\"WebSite\",\"@id\":\"https:\/\/www.indigoverona.com\/de\/#website\",\"url\":\"https:\/\/www.indigoverona.com\/de\/\",\"name\":\"Hotel Indigo Verona - Grand Hotel Des Arts\",\"description\":\"Just another ms.decms.eu site\",\"potentialAction\":[{\"@type\":\"SearchAction\",\"target\":{\"@type\":\"EntryPoint\",\"urlTemplate\":\"https:\/\/www.indigoverona.com\/de\/?s={search_term_string}\"},\"query-input\":{\"@type\":\"PropertyValueSpecification\",\"valueRequired\":true,\"valueName\":\"search_term_string\"}}],\"inLanguage\":\"de-DE\"}]}<\/script>\n<!-- \/ Yoast SEO plugin. -->","yoast_head_json":{"title":"Piazza dei Signori | Hotel Indigo Verona","description":"Die Piazza dei Signori, auch als Piazza Dante bekannt, grenzt an alle wichtigen Pl\u00e4tze von Verona. Entdecken Sie sie mit uns.","robots":{"index":"index","follow":"follow","max-snippet":"max-snippet:-1","max-image-preview":"max-image-preview:large","max-video-preview":"max-video-preview:-1"},"canonical":"https:\/\/www.indigoverona.com\/de\/verona\/die-sehenswuerdigkeiten\/piazza-dei-signori\/","og_locale":"de_DE","og_type":"article","og_title":"Piazza dei Signori | Hotel Indigo Verona","og_description":"Die Piazza dei Signori, auch als Piazza Dante bekannt, grenzt an alle wichtigen Pl\u00e4tze von Verona. Entdecken Sie sie mit uns.","og_url":"https:\/\/www.indigoverona.com\/de\/verona\/die-sehenswuerdigkeiten\/piazza-dei-signori\/","og_site_name":"Hotel Indigo Verona - Grand Hotel Des Arts","article_modified_time":"2021-01-11T13:34:55+00:00","twitter_card":"summary_large_image","twitter_misc":{"Gesch\u00e4tzte Lesezeit":"1 Minute"},"schema":{"@context":"https:\/\/schema.org","@graph":[{"@type":"WebPage","@id":"https:\/\/www.indigoverona.com\/de\/verona\/die-sehenswuerdigkeiten\/piazza-dei-signori\/","url":"https:\/\/www.indigoverona.com\/de\/verona\/die-sehenswuerdigkeiten\/piazza-dei-signori\/","name":"Piazza dei Signori | Hotel Indigo Verona","isPartOf":{"@id":"https:\/\/www.indigoverona.com\/de\/#website"},"datePublished":"2020-05-18T12:23:40+00:00","dateModified":"2021-01-11T13:34:55+00:00","description":"Die Piazza dei Signori, auch als Piazza Dante bekannt, grenzt an alle wichtigen Pl\u00e4tze von Verona. Entdecken Sie sie mit uns.","breadcrumb":{"@id":"https:\/\/www.indigoverona.com\/de\/verona\/die-sehenswuerdigkeiten\/piazza-dei-signori\/#breadcrumb"},"inLanguage":"de-DE","potentialAction":[{"@type":"ReadAction","target":["https:\/\/www.indigoverona.com\/de\/verona\/die-sehenswuerdigkeiten\/piazza-dei-signori\/"]}]},{"@type":"BreadcrumbList","@id":"https:\/\/www.indigoverona.com\/de\/verona\/die-sehenswuerdigkeiten\/piazza-dei-signori\/#breadcrumb","itemListElement":[{"@type":"ListItem","position":1,"name":"Home","item":"https:\/\/www.indigoverona.com\/de\/"},{"@type":"ListItem","position":2,"name":"Verona","item":"https:\/\/www.indigoverona.com\/de\/verona\/"},{"@type":"ListItem","position":3,"name":"Die Sehensw\u00fcrdigkeiten","item":"https:\/\/www.indigoverona.com\/de\/verona\/die-sehenswuerdigkeiten\/"},{"@type":"ListItem","position":4,"name":"Piazza dei Signori"}]},{"@type":"WebSite","@id":"https:\/\/www.indigoverona.com\/de\/#website","url":"https:\/\/www.indigoverona.com\/de\/","name":"Hotel Indigo Verona - Grand Hotel Des Arts","description":"Just another ms.decms.eu site","potentialAction":[{"@type":"SearchAction","target":{"@type":"EntryPoint","urlTemplate":"https:\/\/www.indigoverona.com\/de\/?s={search_term_string}"},"query-input":{"@type":"PropertyValueSpecification","valueRequired":true,"valueName":"search_term_string"}}],"inLanguage":"de-DE"}]}},"acf":[],"_links":{"self":[{"href":"https:\/\/www.indigoverona.com\/de\/wp-json\/wp\/v2\/pages\/703","targetHints":{"allow":["GET"]}}],"collection":[{"href":"https:\/\/www.indigoverona.com\/de\/wp-json\/wp\/v2\/pages"}],"about":[{"href":"https:\/\/www.indigoverona.com\/de\/wp-json\/wp\/v2\/types\/page"}],"author":[{"embeddable":true,"href":"https:\/\/www.indigoverona.com\/de\/wp-json\/wp\/v2\/users\/7"}],"replies":[{"embeddable":true,"href":"https:\/\/www.indigoverona.com\/de\/wp-json\/wp\/v2\/comments?post=703"}],"version-history":[{"count":0,"href":"https:\/\/www.indigoverona.com\/de\/wp-json\/wp\/v2\/pages\/703\/revisions"}],"up":[{"embeddable":true,"href":"https:\/\/www.indigoverona.com\/de\/wp-json\/wp\/v2\/pages\/679"}],"wp:attachment":[{"href":"https:\/\/www.indigoverona.com\/de\/wp-json\/wp\/v2\/media?parent=703"}],"curies":[{"name":"wp","href":"https:\/\/api.w.org\/{rel}","templated":true}]}}