{"id":714,"date":"2020-05-19T08:27:47","date_gmt":"2020-05-19T08:27:47","guid":{"rendered":"https:\/\/www.indigoverona.com\/verona\/die-sehenswuerdigkeiten\/palazzo-gran-guardia\/"},"modified":"2021-01-11T13:44:59","modified_gmt":"2021-01-11T13:44:59","slug":"palazzo-gran-guardia","status":"publish","type":"page","link":"https:\/\/www.indigoverona.com\/de\/verona\/die-sehenswuerdigkeiten\/palazzo-gran-guardia\/","title":{"rendered":"Palazzo Gran Guardia"},"content":{"rendered":"<p>Der Palazzo della Gran Guardia befindet sich auf der <a title=\"Die Arena und Piazza Bra - Hotel Indigo Verona\" href=\"https:\/\/www.indigoverona.com\/de\/verona\/die-sehenswuerdigkeiten\/die-arena-und-piazza-bra\/\"><strong>Piazza Bra<\/strong><\/a>, jenseits der G\u00e4rten, die ihn von der <strong>Arena<\/strong> trennen. Der Palazzo della Gran Guardia ist ein architektonischer Komplex mit strengen Linien und beeindruckenden Dimensionen, der h\u00e4ufig f\u00fcr die Ausrichtung von Konferenzen, Tagungen, <strong>Ausstellungen und Veranstaltungen gew\u00e4hlt wird<\/strong>.<\/p>\n<p>Zwei H\u00f6henebenen, die durch die beeindruckende bogenf\u00f6rmige Kolonnade und die \u00d6ffnungen der gro\u00dfen rechteckigen Fenster gekennzeichnet sind, garantieren den Besuchern einen eindrucksvollen Blick.<\/p>\n<p>Der Palast zeigt wertvolle mittelalterliche Details, die restauriert und in ihrer Originalit\u00e4t erhalten wurden, die auch an die anderen in der Stadt vorhandenen Architekturen erinnern: die <strong>Adelspal\u00e4ste Guastaverza und Bevilacqua, Palazzo Barbieri<\/strong>, die nahe gelegene Arena.<\/p>\n","protected":false},"excerpt":{"rendered":"<p>Der Palazzo della Gran Guardia befindet sich auf der Piazza Bra, jenseits der G\u00e4rten, die ihn von der Arena trennen. Der Palazzo della Gran Guardia ist ein architektonischer Komplex mit strengen Linien und beeindruckenden Dimensionen, der h\u00e4ufig f\u00fcr die Ausrichtung von Konferenzen, Tagungen, Ausstellungen und Veranstaltungen gew\u00e4hlt wird. Zwei H\u00f6henebenen, die durch die beeindruckende bogenf\u00f6rmige [&hellip;]<\/p>\n","protected":false},"author":7,"featured_media":0,"parent":679,"menu_order":5,"comment_status":"closed","ping_status":"closed","template":"template-venice-theme.php","meta":{"footnotes":""},"class_list":["post-714","page","type-page","status-publish","hentry"],"yoast_head":"<!-- This site is optimized with the Yoast SEO plugin v26.9 - https:\/\/yoast.com\/product\/yoast-seo-wordpress\/ -->\n<title>Palazzo Gran Guardia | Hotel Indigo Verona<\/title>\n<meta name=\"description\" content=\"An der sch\u00f6nsten Piazza Europas gelegen, ist der elegante Palazzo Gran Guardia Veranstalter von Ausstellungen, Kongressen und Events.\" \/>\n<meta name=\"robots\" content=\"index, follow, max-snippet:-1, max-image-preview:large, max-video-preview:-1\" \/>\n<link rel=\"canonical\" href=\"https:\/\/www.indigoverona.com\/de\/verona\/die-sehenswuerdigkeiten\/palazzo-gran-guardia\/\" \/>\n<meta property=\"og:locale\" content=\"de_DE\" \/>\n<meta property=\"og:type\" content=\"article\" \/>\n<meta property=\"og:title\" content=\"Palazzo Gran Guardia | Hotel Indigo Verona\" \/>\n<meta property=\"og:description\" content=\"An der sch\u00f6nsten Piazza Europas gelegen, ist der elegante Palazzo Gran Guardia Veranstalter von Ausstellungen, Kongressen und Events.\" \/>\n<meta property=\"og:url\" content=\"https:\/\/www.indigoverona.com\/de\/verona\/die-sehenswuerdigkeiten\/palazzo-gran-guardia\/\" \/>\n<meta property=\"og:site_name\" content=\"Hotel Indigo Verona - Grand Hotel Des Arts\" \/>\n<meta property=\"article:modified_time\" content=\"2021-01-11T13:44:59+00:00\" \/>\n<meta name=\"twitter:card\" content=\"summary_large_image\" \/>\n<meta name=\"twitter:label1\" content=\"Gesch\u00e4tzte Lesezeit\" \/>\n\t<meta name=\"twitter:data1\" content=\"1 Minute\" \/>\n<script type=\"application\/ld+json\" class=\"yoast-schema-graph\">{\"@context\":\"https:\/\/schema.org\",\"@graph\":[{\"@type\":\"WebPage\",\"@id\":\"https:\/\/www.indigoverona.com\/de\/verona\/die-sehenswuerdigkeiten\/palazzo-gran-guardia\/\",\"url\":\"https:\/\/www.indigoverona.com\/de\/verona\/die-sehenswuerdigkeiten\/palazzo-gran-guardia\/\",\"name\":\"Palazzo Gran Guardia | Hotel Indigo Verona\",\"isPartOf\":{\"@id\":\"https:\/\/www.indigoverona.com\/de\/#website\"},\"datePublished\":\"2020-05-19T08:27:47+00:00\",\"dateModified\":\"2021-01-11T13:44:59+00:00\",\"description\":\"An der sch\u00f6nsten Piazza Europas gelegen, ist der elegante Palazzo Gran Guardia Veranstalter von Ausstellungen, Kongressen und Events.\",\"breadcrumb\":{\"@id\":\"https:\/\/www.indigoverona.com\/de\/verona\/die-sehenswuerdigkeiten\/palazzo-gran-guardia\/#breadcrumb\"},\"inLanguage\":\"de-DE\",\"potentialAction\":[{\"@type\":\"ReadAction\",\"target\":[\"https:\/\/www.indigoverona.com\/de\/verona\/die-sehenswuerdigkeiten\/palazzo-gran-guardia\/\"]}]},{\"@type\":\"BreadcrumbList\",\"@id\":\"https:\/\/www.indigoverona.com\/de\/verona\/die-sehenswuerdigkeiten\/palazzo-gran-guardia\/#breadcrumb\",\"itemListElement\":[{\"@type\":\"ListItem\",\"position\":1,\"name\":\"Home\",\"item\":\"https:\/\/www.indigoverona.com\/de\/\"},{\"@type\":\"ListItem\",\"position\":2,\"name\":\"Verona\",\"item\":\"https:\/\/www.indigoverona.com\/de\/verona\/\"},{\"@type\":\"ListItem\",\"position\":3,\"name\":\"Die Sehensw\u00fcrdigkeiten\",\"item\":\"https:\/\/www.indigoverona.com\/de\/verona\/die-sehenswuerdigkeiten\/\"},{\"@type\":\"ListItem\",\"position\":4,\"name\":\"Palazzo Gran Guardia\"}]},{\"@type\":\"WebSite\",\"@id\":\"https:\/\/www.indigoverona.com\/de\/#website\",\"url\":\"https:\/\/www.indigoverona.com\/de\/\",\"name\":\"Hotel Indigo Verona - Grand Hotel Des Arts\",\"description\":\"Just another ms.decms.eu site\",\"potentialAction\":[{\"@type\":\"SearchAction\",\"target\":{\"@type\":\"EntryPoint\",\"urlTemplate\":\"https:\/\/www.indigoverona.com\/de\/?s={search_term_string}\"},\"query-input\":{\"@type\":\"PropertyValueSpecification\",\"valueRequired\":true,\"valueName\":\"search_term_string\"}}],\"inLanguage\":\"de-DE\"}]}<\/script>\n<!-- \/ Yoast SEO plugin. -->","yoast_head_json":{"title":"Palazzo Gran Guardia | Hotel Indigo Verona","description":"An der sch\u00f6nsten Piazza Europas gelegen, ist der elegante Palazzo Gran Guardia Veranstalter von Ausstellungen, Kongressen und Events.","robots":{"index":"index","follow":"follow","max-snippet":"max-snippet:-1","max-image-preview":"max-image-preview:large","max-video-preview":"max-video-preview:-1"},"canonical":"https:\/\/www.indigoverona.com\/de\/verona\/die-sehenswuerdigkeiten\/palazzo-gran-guardia\/","og_locale":"de_DE","og_type":"article","og_title":"Palazzo Gran Guardia | Hotel Indigo Verona","og_description":"An der sch\u00f6nsten Piazza Europas gelegen, ist der elegante Palazzo Gran Guardia Veranstalter von Ausstellungen, Kongressen und Events.","og_url":"https:\/\/www.indigoverona.com\/de\/verona\/die-sehenswuerdigkeiten\/palazzo-gran-guardia\/","og_site_name":"Hotel Indigo Verona - Grand Hotel Des Arts","article_modified_time":"2021-01-11T13:44:59+00:00","twitter_card":"summary_large_image","twitter_misc":{"Gesch\u00e4tzte Lesezeit":"1 Minute"},"schema":{"@context":"https:\/\/schema.org","@graph":[{"@type":"WebPage","@id":"https:\/\/www.indigoverona.com\/de\/verona\/die-sehenswuerdigkeiten\/palazzo-gran-guardia\/","url":"https:\/\/www.indigoverona.com\/de\/verona\/die-sehenswuerdigkeiten\/palazzo-gran-guardia\/","name":"Palazzo Gran Guardia | Hotel Indigo Verona","isPartOf":{"@id":"https:\/\/www.indigoverona.com\/de\/#website"},"datePublished":"2020-05-19T08:27:47+00:00","dateModified":"2021-01-11T13:44:59+00:00","description":"An der sch\u00f6nsten Piazza Europas gelegen, ist der elegante Palazzo Gran Guardia Veranstalter von Ausstellungen, Kongressen und Events.","breadcrumb":{"@id":"https:\/\/www.indigoverona.com\/de\/verona\/die-sehenswuerdigkeiten\/palazzo-gran-guardia\/#breadcrumb"},"inLanguage":"de-DE","potentialAction":[{"@type":"ReadAction","target":["https:\/\/www.indigoverona.com\/de\/verona\/die-sehenswuerdigkeiten\/palazzo-gran-guardia\/"]}]},{"@type":"BreadcrumbList","@id":"https:\/\/www.indigoverona.com\/de\/verona\/die-sehenswuerdigkeiten\/palazzo-gran-guardia\/#breadcrumb","itemListElement":[{"@type":"ListItem","position":1,"name":"Home","item":"https:\/\/www.indigoverona.com\/de\/"},{"@type":"ListItem","position":2,"name":"Verona","item":"https:\/\/www.indigoverona.com\/de\/verona\/"},{"@type":"ListItem","position":3,"name":"Die Sehensw\u00fcrdigkeiten","item":"https:\/\/www.indigoverona.com\/de\/verona\/die-sehenswuerdigkeiten\/"},{"@type":"ListItem","position":4,"name":"Palazzo Gran Guardia"}]},{"@type":"WebSite","@id":"https:\/\/www.indigoverona.com\/de\/#website","url":"https:\/\/www.indigoverona.com\/de\/","name":"Hotel Indigo Verona - Grand Hotel Des Arts","description":"Just another ms.decms.eu site","potentialAction":[{"@type":"SearchAction","target":{"@type":"EntryPoint","urlTemplate":"https:\/\/www.indigoverona.com\/de\/?s={search_term_string}"},"query-input":{"@type":"PropertyValueSpecification","valueRequired":true,"valueName":"search_term_string"}}],"inLanguage":"de-DE"}]}},"acf":[],"_links":{"self":[{"href":"https:\/\/www.indigoverona.com\/de\/wp-json\/wp\/v2\/pages\/714","targetHints":{"allow":["GET"]}}],"collection":[{"href":"https:\/\/www.indigoverona.com\/de\/wp-json\/wp\/v2\/pages"}],"about":[{"href":"https:\/\/www.indigoverona.com\/de\/wp-json\/wp\/v2\/types\/page"}],"author":[{"embeddable":true,"href":"https:\/\/www.indigoverona.com\/de\/wp-json\/wp\/v2\/users\/7"}],"replies":[{"embeddable":true,"href":"https:\/\/www.indigoverona.com\/de\/wp-json\/wp\/v2\/comments?post=714"}],"version-history":[{"count":0,"href":"https:\/\/www.indigoverona.com\/de\/wp-json\/wp\/v2\/pages\/714\/revisions"}],"up":[{"embeddable":true,"href":"https:\/\/www.indigoverona.com\/de\/wp-json\/wp\/v2\/pages\/679"}],"wp:attachment":[{"href":"https:\/\/www.indigoverona.com\/de\/wp-json\/wp\/v2\/media?parent=714"}],"curies":[{"name":"wp","href":"https:\/\/api.w.org\/{rel}","templated":true}]}}