{"id":720,"date":"2020-05-19T09:04:41","date_gmt":"2020-05-19T09:04:41","guid":{"rendered":"https:\/\/www.indigoverona.com\/verona\/die-sehenswuerdigkeiten\/castel-san-pietro\/"},"modified":"2020-07-24T09:51:08","modified_gmt":"2020-07-24T09:51:08","slug":"castel-san-pietro","status":"publish","type":"page","link":"https:\/\/www.indigoverona.com\/de\/verona\/die-sehenswuerdigkeiten\/castel-san-pietro\/","title":{"rendered":"Castel San Pietro"},"content":{"rendered":"<p><strong>Castel San Pietro<\/strong> ist ein befestigtes Geb\u00e4ude, das auf dem gleichnamigen H\u00fcgel von Verona steht und sich in einer privilegierten Position befindet, um die ganze Stadt von oben zu \u00fcberwachen. Aus diesem Grund war es im Laufe der Jahrhunderte oft Gegenstand von Scharm\u00fctzeln um die Kontrolle des Gebietes: von der R\u00f6merzeit bis zum Mittelalter, <strong>von der Herrschaft der Visconti<\/strong> bis zur Ansiedlung der Serenissima, von den Angriffen in der napoleonischen Epoche bis zur Umwandlung in eine Kaserne, die die Feldmarschall Radetzky in der zweiten H\u00e4lfte des neunzehnten Jahrhunderts aufbauen wollte, um die \u00f6sterreichischen Truppen unterzubringen.<\/p>\n<p>Das Innere des Schlosses wird als \u00f6ffentlicher Park genutzt, das \u00c4u\u00dfere ist ein beliebtes Ziel f\u00fcr Touristen und B\u00fcrger, die den H\u00fcgel besteigen, um die besondere Aussicht auf die Stadt zu genie\u00dfen.<\/p>\n","protected":false},"excerpt":{"rendered":"<p>Castel San Pietro ist ein befestigtes Geb\u00e4ude, das auf dem gleichnamigen H\u00fcgel von Verona steht und sich in einer privilegierten Position befindet, um die ganze Stadt von oben zu \u00fcberwachen. Aus diesem Grund war es im Laufe der Jahrhunderte oft Gegenstand von Scharm\u00fctzeln um die Kontrolle des Gebietes: von der R\u00f6merzeit bis zum Mittelalter, von [&hellip;]<\/p>\n","protected":false},"author":7,"featured_media":0,"parent":679,"menu_order":6,"comment_status":"closed","ping_status":"closed","template":"template-venice-theme.php","meta":{"footnotes":""},"class_list":["post-720","page","type-page","status-publish","hentry"],"yoast_head":"<!-- This site is optimized with the Yoast SEO plugin v26.9 - https:\/\/yoast.com\/product\/yoast-seo-wordpress\/ -->\n<title>Castel San Pietro | Hotel Indigo Verona<\/title>\n<meta name=\"description\" content=\"Von dieser Panoramaterrasse genie\u00dft man einen wundersch\u00f6nen Blick auf Verona. Ein romantischer Ort in unmittelbarer N\u00e4he des Zentrums.\" \/>\n<meta name=\"robots\" content=\"index, follow, max-snippet:-1, max-image-preview:large, max-video-preview:-1\" \/>\n<link rel=\"canonical\" href=\"https:\/\/www.indigoverona.com\/de\/verona\/die-sehenswuerdigkeiten\/castel-san-pietro\/\" \/>\n<meta property=\"og:locale\" content=\"de_DE\" \/>\n<meta property=\"og:type\" content=\"article\" \/>\n<meta property=\"og:title\" content=\"Castel San Pietro | Hotel Indigo Verona\" \/>\n<meta property=\"og:description\" content=\"Von dieser Panoramaterrasse genie\u00dft man einen wundersch\u00f6nen Blick auf Verona. Ein romantischer Ort in unmittelbarer N\u00e4he des Zentrums.\" \/>\n<meta property=\"og:url\" content=\"https:\/\/www.indigoverona.com\/de\/verona\/die-sehenswuerdigkeiten\/castel-san-pietro\/\" \/>\n<meta property=\"og:site_name\" content=\"Hotel Indigo Verona - Grand Hotel Des Arts\" \/>\n<meta property=\"article:modified_time\" content=\"2020-07-24T09:51:08+00:00\" \/>\n<meta name=\"twitter:card\" content=\"summary_large_image\" \/>\n<meta name=\"twitter:label1\" content=\"Gesch\u00e4tzte Lesezeit\" \/>\n\t<meta name=\"twitter:data1\" content=\"1 Minute\" \/>\n<script type=\"application\/ld+json\" class=\"yoast-schema-graph\">{\"@context\":\"https:\/\/schema.org\",\"@graph\":[{\"@type\":\"WebPage\",\"@id\":\"https:\/\/www.indigoverona.com\/de\/verona\/die-sehenswuerdigkeiten\/castel-san-pietro\/\",\"url\":\"https:\/\/www.indigoverona.com\/de\/verona\/die-sehenswuerdigkeiten\/castel-san-pietro\/\",\"name\":\"Castel San Pietro | Hotel Indigo Verona\",\"isPartOf\":{\"@id\":\"https:\/\/www.indigoverona.com\/de\/#website\"},\"datePublished\":\"2020-05-19T09:04:41+00:00\",\"dateModified\":\"2020-07-24T09:51:08+00:00\",\"description\":\"Von dieser Panoramaterrasse genie\u00dft man einen wundersch\u00f6nen Blick auf Verona. Ein romantischer Ort in unmittelbarer N\u00e4he des Zentrums.\",\"breadcrumb\":{\"@id\":\"https:\/\/www.indigoverona.com\/de\/verona\/die-sehenswuerdigkeiten\/castel-san-pietro\/#breadcrumb\"},\"inLanguage\":\"de-DE\",\"potentialAction\":[{\"@type\":\"ReadAction\",\"target\":[\"https:\/\/www.indigoverona.com\/de\/verona\/die-sehenswuerdigkeiten\/castel-san-pietro\/\"]}]},{\"@type\":\"BreadcrumbList\",\"@id\":\"https:\/\/www.indigoverona.com\/de\/verona\/die-sehenswuerdigkeiten\/castel-san-pietro\/#breadcrumb\",\"itemListElement\":[{\"@type\":\"ListItem\",\"position\":1,\"name\":\"Home\",\"item\":\"https:\/\/www.indigoverona.com\/de\/\"},{\"@type\":\"ListItem\",\"position\":2,\"name\":\"Verona\",\"item\":\"https:\/\/www.indigoverona.com\/de\/verona\/\"},{\"@type\":\"ListItem\",\"position\":3,\"name\":\"Die Sehensw\u00fcrdigkeiten\",\"item\":\"https:\/\/www.indigoverona.com\/de\/verona\/die-sehenswuerdigkeiten\/\"},{\"@type\":\"ListItem\",\"position\":4,\"name\":\"Castel San Pietro\"}]},{\"@type\":\"WebSite\",\"@id\":\"https:\/\/www.indigoverona.com\/de\/#website\",\"url\":\"https:\/\/www.indigoverona.com\/de\/\",\"name\":\"Hotel Indigo Verona - Grand Hotel Des Arts\",\"description\":\"Just another ms.decms.eu site\",\"potentialAction\":[{\"@type\":\"SearchAction\",\"target\":{\"@type\":\"EntryPoint\",\"urlTemplate\":\"https:\/\/www.indigoverona.com\/de\/?s={search_term_string}\"},\"query-input\":{\"@type\":\"PropertyValueSpecification\",\"valueRequired\":true,\"valueName\":\"search_term_string\"}}],\"inLanguage\":\"de-DE\"}]}<\/script>\n<!-- \/ Yoast SEO plugin. -->","yoast_head_json":{"title":"Castel San Pietro | Hotel Indigo Verona","description":"Von dieser Panoramaterrasse genie\u00dft man einen wundersch\u00f6nen Blick auf Verona. Ein romantischer Ort in unmittelbarer N\u00e4he des Zentrums.","robots":{"index":"index","follow":"follow","max-snippet":"max-snippet:-1","max-image-preview":"max-image-preview:large","max-video-preview":"max-video-preview:-1"},"canonical":"https:\/\/www.indigoverona.com\/de\/verona\/die-sehenswuerdigkeiten\/castel-san-pietro\/","og_locale":"de_DE","og_type":"article","og_title":"Castel San Pietro | Hotel Indigo Verona","og_description":"Von dieser Panoramaterrasse genie\u00dft man einen wundersch\u00f6nen Blick auf Verona. Ein romantischer Ort in unmittelbarer N\u00e4he des Zentrums.","og_url":"https:\/\/www.indigoverona.com\/de\/verona\/die-sehenswuerdigkeiten\/castel-san-pietro\/","og_site_name":"Hotel Indigo Verona - Grand Hotel Des Arts","article_modified_time":"2020-07-24T09:51:08+00:00","twitter_card":"summary_large_image","twitter_misc":{"Gesch\u00e4tzte Lesezeit":"1 Minute"},"schema":{"@context":"https:\/\/schema.org","@graph":[{"@type":"WebPage","@id":"https:\/\/www.indigoverona.com\/de\/verona\/die-sehenswuerdigkeiten\/castel-san-pietro\/","url":"https:\/\/www.indigoverona.com\/de\/verona\/die-sehenswuerdigkeiten\/castel-san-pietro\/","name":"Castel San Pietro | Hotel Indigo Verona","isPartOf":{"@id":"https:\/\/www.indigoverona.com\/de\/#website"},"datePublished":"2020-05-19T09:04:41+00:00","dateModified":"2020-07-24T09:51:08+00:00","description":"Von dieser Panoramaterrasse genie\u00dft man einen wundersch\u00f6nen Blick auf Verona. Ein romantischer Ort in unmittelbarer N\u00e4he des Zentrums.","breadcrumb":{"@id":"https:\/\/www.indigoverona.com\/de\/verona\/die-sehenswuerdigkeiten\/castel-san-pietro\/#breadcrumb"},"inLanguage":"de-DE","potentialAction":[{"@type":"ReadAction","target":["https:\/\/www.indigoverona.com\/de\/verona\/die-sehenswuerdigkeiten\/castel-san-pietro\/"]}]},{"@type":"BreadcrumbList","@id":"https:\/\/www.indigoverona.com\/de\/verona\/die-sehenswuerdigkeiten\/castel-san-pietro\/#breadcrumb","itemListElement":[{"@type":"ListItem","position":1,"name":"Home","item":"https:\/\/www.indigoverona.com\/de\/"},{"@type":"ListItem","position":2,"name":"Verona","item":"https:\/\/www.indigoverona.com\/de\/verona\/"},{"@type":"ListItem","position":3,"name":"Die Sehensw\u00fcrdigkeiten","item":"https:\/\/www.indigoverona.com\/de\/verona\/die-sehenswuerdigkeiten\/"},{"@type":"ListItem","position":4,"name":"Castel San Pietro"}]},{"@type":"WebSite","@id":"https:\/\/www.indigoverona.com\/de\/#website","url":"https:\/\/www.indigoverona.com\/de\/","name":"Hotel Indigo Verona - Grand Hotel Des Arts","description":"Just another ms.decms.eu site","potentialAction":[{"@type":"SearchAction","target":{"@type":"EntryPoint","urlTemplate":"https:\/\/www.indigoverona.com\/de\/?s={search_term_string}"},"query-input":{"@type":"PropertyValueSpecification","valueRequired":true,"valueName":"search_term_string"}}],"inLanguage":"de-DE"}]}},"acf":[],"_links":{"self":[{"href":"https:\/\/www.indigoverona.com\/de\/wp-json\/wp\/v2\/pages\/720","targetHints":{"allow":["GET"]}}],"collection":[{"href":"https:\/\/www.indigoverona.com\/de\/wp-json\/wp\/v2\/pages"}],"about":[{"href":"https:\/\/www.indigoverona.com\/de\/wp-json\/wp\/v2\/types\/page"}],"author":[{"embeddable":true,"href":"https:\/\/www.indigoverona.com\/de\/wp-json\/wp\/v2\/users\/7"}],"replies":[{"embeddable":true,"href":"https:\/\/www.indigoverona.com\/de\/wp-json\/wp\/v2\/comments?post=720"}],"version-history":[{"count":0,"href":"https:\/\/www.indigoverona.com\/de\/wp-json\/wp\/v2\/pages\/720\/revisions"}],"up":[{"embeddable":true,"href":"https:\/\/www.indigoverona.com\/de\/wp-json\/wp\/v2\/pages\/679"}],"wp:attachment":[{"href":"https:\/\/www.indigoverona.com\/de\/wp-json\/wp\/v2\/media?parent=720"}],"curies":[{"name":"wp","href":"https:\/\/api.w.org\/{rel}","templated":true}]}}