{"id":726,"date":"2020-05-19T10:31:26","date_gmt":"2020-05-19T10:31:26","guid":{"rendered":"https:\/\/www.indigoverona.com\/verona\/die-sehenswuerdigkeiten\/verona-fairground\/"},"modified":"2020-07-24T10:08:32","modified_gmt":"2020-07-24T10:08:32","slug":"verona-messe","status":"publish","type":"page","link":"https:\/\/www.indigoverona.com\/de\/verona\/die-sehenswuerdigkeiten\/verona-messe\/","title":{"rendered":"Verona Messe"},"content":{"rendered":"<p><strong>Ein hochmodernes Ausstellungszentrum<\/strong>, 309.000 Quadratmeter Gesamtausstellungsfl\u00e4che, die zu gleichen Teilen auf Au\u00dfen- und Innenfl\u00e4chen verteilt sind, 13 Pavillons, 10.000 Parkpl\u00e4tze, exklusive Dienstleistungen f\u00fcr Aussteller und Besucher, hervorragende Verbindungen und Zug\u00e4nglichkeit: Aus diesem Grund kommen die wichtigsten nationalen und internationalen Messen des Sektors nach Verona.<\/p>\n<p>Als Zugangsschl\u00fcssel zu den wichtigsten Richtlinien, <strong>die von Nord- nach S\u00fcdeuropa<\/strong> (Stockholm-Palermo) und von Ost nach West (Barcelona-Kiew) f\u00fchren, ist Verona ein grundlegender logistischer Knotenpunkt, ein wesentlicher Treffpunkt.<\/p>\n","protected":false},"excerpt":{"rendered":"<p>Ein hochmodernes Ausstellungszentrum, 309.000 Quadratmeter Gesamtausstellungsfl\u00e4che, die zu gleichen Teilen auf Au\u00dfen- und Innenfl\u00e4chen verteilt sind, 13 Pavillons, 10.000 Parkpl\u00e4tze, exklusive Dienstleistungen f\u00fcr Aussteller und Besucher, hervorragende Verbindungen und Zug\u00e4nglichkeit: Aus diesem Grund kommen die wichtigsten nationalen und internationalen Messen des Sektors nach Verona. Als Zugangsschl\u00fcssel zu den wichtigsten Richtlinien, die von Nord- nach S\u00fcdeuropa [&hellip;]<\/p>\n","protected":false},"author":7,"featured_media":0,"parent":679,"menu_order":7,"comment_status":"closed","ping_status":"closed","template":"template-venice-theme.php","meta":{"footnotes":""},"class_list":["post-726","page","type-page","status-publish","hentry"],"yoast_head":"<!-- This site is optimized with the Yoast SEO plugin v26.9 - https:\/\/yoast.com\/product\/yoast-seo-wordpress\/ -->\n<title>Messe Verona | Hotel Indigo Verona<\/title>\n<meta name=\"description\" content=\"Veronafiere veranstaltet das ganze Jahr \u00fcber viele Events: Expo, FieraCavalli, Vinitaly, JobOrienta und mehr. Bleiben Sie mit uns auf dem Laufenden!\" \/>\n<meta name=\"robots\" content=\"index, follow, max-snippet:-1, max-image-preview:large, max-video-preview:-1\" \/>\n<link rel=\"canonical\" href=\"https:\/\/www.indigoverona.com\/de\/verona\/die-sehenswuerdigkeiten\/verona-messe\/\" \/>\n<meta property=\"og:locale\" content=\"de_DE\" \/>\n<meta property=\"og:type\" content=\"article\" \/>\n<meta property=\"og:title\" content=\"Messe Verona | Hotel Indigo Verona\" \/>\n<meta property=\"og:description\" content=\"Veronafiere veranstaltet das ganze Jahr \u00fcber viele Events: Expo, FieraCavalli, Vinitaly, JobOrienta und mehr. Bleiben Sie mit uns auf dem Laufenden!\" \/>\n<meta property=\"og:url\" content=\"https:\/\/www.indigoverona.com\/de\/verona\/die-sehenswuerdigkeiten\/verona-messe\/\" \/>\n<meta property=\"og:site_name\" content=\"Hotel Indigo Verona - Grand Hotel Des Arts\" \/>\n<meta property=\"article:modified_time\" content=\"2020-07-24T10:08:32+00:00\" \/>\n<meta name=\"twitter:card\" content=\"summary_large_image\" \/>\n<script type=\"application\/ld+json\" class=\"yoast-schema-graph\">{\"@context\":\"https:\/\/schema.org\",\"@graph\":[{\"@type\":\"WebPage\",\"@id\":\"https:\/\/www.indigoverona.com\/de\/verona\/die-sehenswuerdigkeiten\/verona-messe\/\",\"url\":\"https:\/\/www.indigoverona.com\/de\/verona\/die-sehenswuerdigkeiten\/verona-messe\/\",\"name\":\"Messe Verona | Hotel Indigo Verona\",\"isPartOf\":{\"@id\":\"https:\/\/www.indigoverona.com\/de\/#website\"},\"datePublished\":\"2020-05-19T10:31:26+00:00\",\"dateModified\":\"2020-07-24T10:08:32+00:00\",\"description\":\"Veronafiere veranstaltet das ganze Jahr \u00fcber viele Events: Expo, FieraCavalli, Vinitaly, JobOrienta und mehr. Bleiben Sie mit uns auf dem Laufenden!\",\"breadcrumb\":{\"@id\":\"https:\/\/www.indigoverona.com\/de\/verona\/die-sehenswuerdigkeiten\/verona-messe\/#breadcrumb\"},\"inLanguage\":\"de-DE\",\"potentialAction\":[{\"@type\":\"ReadAction\",\"target\":[\"https:\/\/www.indigoverona.com\/de\/verona\/die-sehenswuerdigkeiten\/verona-messe\/\"]}]},{\"@type\":\"BreadcrumbList\",\"@id\":\"https:\/\/www.indigoverona.com\/de\/verona\/die-sehenswuerdigkeiten\/verona-messe\/#breadcrumb\",\"itemListElement\":[{\"@type\":\"ListItem\",\"position\":1,\"name\":\"Home\",\"item\":\"https:\/\/www.indigoverona.com\/de\/\"},{\"@type\":\"ListItem\",\"position\":2,\"name\":\"Verona\",\"item\":\"https:\/\/www.indigoverona.com\/de\/verona\/\"},{\"@type\":\"ListItem\",\"position\":3,\"name\":\"Die Sehensw\u00fcrdigkeiten\",\"item\":\"https:\/\/www.indigoverona.com\/de\/verona\/die-sehenswuerdigkeiten\/\"},{\"@type\":\"ListItem\",\"position\":4,\"name\":\"Verona Messe\"}]},{\"@type\":\"WebSite\",\"@id\":\"https:\/\/www.indigoverona.com\/de\/#website\",\"url\":\"https:\/\/www.indigoverona.com\/de\/\",\"name\":\"Hotel Indigo Verona - Grand Hotel Des Arts\",\"description\":\"Just another ms.decms.eu site\",\"potentialAction\":[{\"@type\":\"SearchAction\",\"target\":{\"@type\":\"EntryPoint\",\"urlTemplate\":\"https:\/\/www.indigoverona.com\/de\/?s={search_term_string}\"},\"query-input\":{\"@type\":\"PropertyValueSpecification\",\"valueRequired\":true,\"valueName\":\"search_term_string\"}}],\"inLanguage\":\"de-DE\"}]}<\/script>\n<!-- \/ Yoast SEO plugin. -->","yoast_head_json":{"title":"Messe Verona | Hotel Indigo Verona","description":"Veronafiere veranstaltet das ganze Jahr \u00fcber viele Events: Expo, FieraCavalli, Vinitaly, JobOrienta und mehr. Bleiben Sie mit uns auf dem Laufenden!","robots":{"index":"index","follow":"follow","max-snippet":"max-snippet:-1","max-image-preview":"max-image-preview:large","max-video-preview":"max-video-preview:-1"},"canonical":"https:\/\/www.indigoverona.com\/de\/verona\/die-sehenswuerdigkeiten\/verona-messe\/","og_locale":"de_DE","og_type":"article","og_title":"Messe Verona | Hotel Indigo Verona","og_description":"Veronafiere veranstaltet das ganze Jahr \u00fcber viele Events: Expo, FieraCavalli, Vinitaly, JobOrienta und mehr. Bleiben Sie mit uns auf dem Laufenden!","og_url":"https:\/\/www.indigoverona.com\/de\/verona\/die-sehenswuerdigkeiten\/verona-messe\/","og_site_name":"Hotel Indigo Verona - Grand Hotel Des Arts","article_modified_time":"2020-07-24T10:08:32+00:00","twitter_card":"summary_large_image","schema":{"@context":"https:\/\/schema.org","@graph":[{"@type":"WebPage","@id":"https:\/\/www.indigoverona.com\/de\/verona\/die-sehenswuerdigkeiten\/verona-messe\/","url":"https:\/\/www.indigoverona.com\/de\/verona\/die-sehenswuerdigkeiten\/verona-messe\/","name":"Messe Verona | Hotel Indigo Verona","isPartOf":{"@id":"https:\/\/www.indigoverona.com\/de\/#website"},"datePublished":"2020-05-19T10:31:26+00:00","dateModified":"2020-07-24T10:08:32+00:00","description":"Veronafiere veranstaltet das ganze Jahr \u00fcber viele Events: Expo, FieraCavalli, Vinitaly, JobOrienta und mehr. Bleiben Sie mit uns auf dem Laufenden!","breadcrumb":{"@id":"https:\/\/www.indigoverona.com\/de\/verona\/die-sehenswuerdigkeiten\/verona-messe\/#breadcrumb"},"inLanguage":"de-DE","potentialAction":[{"@type":"ReadAction","target":["https:\/\/www.indigoverona.com\/de\/verona\/die-sehenswuerdigkeiten\/verona-messe\/"]}]},{"@type":"BreadcrumbList","@id":"https:\/\/www.indigoverona.com\/de\/verona\/die-sehenswuerdigkeiten\/verona-messe\/#breadcrumb","itemListElement":[{"@type":"ListItem","position":1,"name":"Home","item":"https:\/\/www.indigoverona.com\/de\/"},{"@type":"ListItem","position":2,"name":"Verona","item":"https:\/\/www.indigoverona.com\/de\/verona\/"},{"@type":"ListItem","position":3,"name":"Die Sehensw\u00fcrdigkeiten","item":"https:\/\/www.indigoverona.com\/de\/verona\/die-sehenswuerdigkeiten\/"},{"@type":"ListItem","position":4,"name":"Verona Messe"}]},{"@type":"WebSite","@id":"https:\/\/www.indigoverona.com\/de\/#website","url":"https:\/\/www.indigoverona.com\/de\/","name":"Hotel Indigo Verona - Grand Hotel Des Arts","description":"Just another ms.decms.eu site","potentialAction":[{"@type":"SearchAction","target":{"@type":"EntryPoint","urlTemplate":"https:\/\/www.indigoverona.com\/de\/?s={search_term_string}"},"query-input":{"@type":"PropertyValueSpecification","valueRequired":true,"valueName":"search_term_string"}}],"inLanguage":"de-DE"}]}},"acf":[],"_links":{"self":[{"href":"https:\/\/www.indigoverona.com\/de\/wp-json\/wp\/v2\/pages\/726","targetHints":{"allow":["GET"]}}],"collection":[{"href":"https:\/\/www.indigoverona.com\/de\/wp-json\/wp\/v2\/pages"}],"about":[{"href":"https:\/\/www.indigoverona.com\/de\/wp-json\/wp\/v2\/types\/page"}],"author":[{"embeddable":true,"href":"https:\/\/www.indigoverona.com\/de\/wp-json\/wp\/v2\/users\/7"}],"replies":[{"embeddable":true,"href":"https:\/\/www.indigoverona.com\/de\/wp-json\/wp\/v2\/comments?post=726"}],"version-history":[{"count":0,"href":"https:\/\/www.indigoverona.com\/de\/wp-json\/wp\/v2\/pages\/726\/revisions"}],"up":[{"embeddable":true,"href":"https:\/\/www.indigoverona.com\/de\/wp-json\/wp\/v2\/pages\/679"}],"wp:attachment":[{"href":"https:\/\/www.indigoverona.com\/de\/wp-json\/wp\/v2\/media?parent=726"}],"curies":[{"name":"wp","href":"https:\/\/api.w.org\/{rel}","templated":true}]}}