{"id":732,"date":"2020-05-19T12:04:43","date_gmt":"2020-05-19T12:04:43","guid":{"rendered":"https:\/\/www.indigoverona.com\/verona\/die-sehenswuerdigkeiten\/around-verona\/"},"modified":"2021-01-10T23:16:17","modified_gmt":"2021-01-10T23:16:17","slug":"die-umgebung-von-verona","status":"publish","type":"page","link":"https:\/\/www.indigoverona.com\/de\/verona\/die-sehenswuerdigkeiten\/die-umgebung-von-verona\/","title":{"rendered":"Around Verona"},"content":{"rendered":"<p>Alles, was Sie brauchen, <strong>um Ihren Aufenthalt in Verona unvergesslich zu machen<\/strong>, ist bereits vorhanden, aber wenn Sie Ihren Horizont erweitern m\u00f6chten, finden Sie in der ganzen Stadt echte Perlen.<\/p>\n<p>Der Gardasee mit seinen malerischen Aussichten und Themenparks, die sich f\u00fcr die Unterhaltung der ganzen Familie eignen, aber auch die bezauberndsten mittelalterlichen D\u00f6rfer und St\u00e4dte, die Sie besuchen werden, wie <strong>Lazise<\/strong>, <strong>Malcesine<\/strong>, <strong>Torri del Benaco<\/strong>, <strong>Valeggio sul Mincio<\/strong>, sind ein Muss f\u00fcr Besucher, die auf der Suche nach einzigartigen <strong>Emotionen und Atmosph\u00e4ren sind<\/strong>.<\/p>\n","protected":false},"excerpt":{"rendered":"<p>Alles, was Sie brauchen, um Ihren Aufenthalt in Verona unvergesslich zu machen, ist bereits vorhanden, aber wenn Sie Ihren Horizont erweitern m\u00f6chten, finden Sie in der ganzen Stadt echte Perlen. Der Gardasee mit seinen malerischen Aussichten und Themenparks, die sich f\u00fcr die Unterhaltung der ganzen Familie eignen, aber auch die bezauberndsten mittelalterlichen D\u00f6rfer und St\u00e4dte, [&hellip;]<\/p>\n","protected":false},"author":7,"featured_media":0,"parent":679,"menu_order":8,"comment_status":"closed","ping_status":"closed","template":"template-venice-theme.php","meta":{"footnotes":""},"class_list":["post-732","page","type-page","status-publish","hentry"],"yoast_head":"<!-- This site is optimized with the Yoast SEO plugin v26.9 - https:\/\/yoast.com\/product\/yoast-seo-wordpress\/ -->\n<title>In der Umgebung von Verona | Hotel Indigo Verona<\/title>\n<meta name=\"description\" content=\"Die strategische Position von Verona erm\u00f6glicht Ausfl\u00fcge zu wunderbaren Orten. Erfahren Sie, was Sie in der Umgebung von Verona sehen k\u00f6nnen!\" \/>\n<meta name=\"robots\" content=\"index, follow, max-snippet:-1, max-image-preview:large, max-video-preview:-1\" \/>\n<link rel=\"canonical\" href=\"https:\/\/www.indigoverona.com\/de\/verona\/die-sehenswuerdigkeiten\/die-umgebung-von-verona\/\" \/>\n<meta property=\"og:locale\" content=\"de_DE\" \/>\n<meta property=\"og:type\" content=\"article\" \/>\n<meta property=\"og:title\" content=\"In der Umgebung von Verona | Hotel Indigo Verona\" \/>\n<meta property=\"og:description\" content=\"Die strategische Position von Verona erm\u00f6glicht Ausfl\u00fcge zu wunderbaren Orten. Erfahren Sie, was Sie in der Umgebung von Verona sehen k\u00f6nnen!\" \/>\n<meta property=\"og:url\" content=\"https:\/\/www.indigoverona.com\/de\/verona\/die-sehenswuerdigkeiten\/die-umgebung-von-verona\/\" \/>\n<meta property=\"og:site_name\" content=\"Hotel Indigo Verona - Grand Hotel Des Arts\" \/>\n<meta property=\"article:modified_time\" content=\"2021-01-10T23:16:17+00:00\" \/>\n<meta name=\"twitter:card\" content=\"summary_large_image\" \/>\n<script type=\"application\/ld+json\" class=\"yoast-schema-graph\">{\"@context\":\"https:\/\/schema.org\",\"@graph\":[{\"@type\":\"WebPage\",\"@id\":\"https:\/\/www.indigoverona.com\/de\/verona\/die-sehenswuerdigkeiten\/die-umgebung-von-verona\/\",\"url\":\"https:\/\/www.indigoverona.com\/de\/verona\/die-sehenswuerdigkeiten\/die-umgebung-von-verona\/\",\"name\":\"In der Umgebung von Verona | Hotel Indigo Verona\",\"isPartOf\":{\"@id\":\"https:\/\/www.indigoverona.com\/de\/#website\"},\"datePublished\":\"2020-05-19T12:04:43+00:00\",\"dateModified\":\"2021-01-10T23:16:17+00:00\",\"description\":\"Die strategische Position von Verona erm\u00f6glicht Ausfl\u00fcge zu wunderbaren Orten. Erfahren Sie, was Sie in der Umgebung von Verona sehen k\u00f6nnen!\",\"breadcrumb\":{\"@id\":\"https:\/\/www.indigoverona.com\/de\/verona\/die-sehenswuerdigkeiten\/die-umgebung-von-verona\/#breadcrumb\"},\"inLanguage\":\"de-DE\",\"potentialAction\":[{\"@type\":\"ReadAction\",\"target\":[\"https:\/\/www.indigoverona.com\/de\/verona\/die-sehenswuerdigkeiten\/die-umgebung-von-verona\/\"]}]},{\"@type\":\"BreadcrumbList\",\"@id\":\"https:\/\/www.indigoverona.com\/de\/verona\/die-sehenswuerdigkeiten\/die-umgebung-von-verona\/#breadcrumb\",\"itemListElement\":[{\"@type\":\"ListItem\",\"position\":1,\"name\":\"Home\",\"item\":\"https:\/\/www.indigoverona.com\/de\/\"},{\"@type\":\"ListItem\",\"position\":2,\"name\":\"Verona\",\"item\":\"https:\/\/www.indigoverona.com\/de\/verona\/\"},{\"@type\":\"ListItem\",\"position\":3,\"name\":\"Die Sehensw\u00fcrdigkeiten\",\"item\":\"https:\/\/www.indigoverona.com\/de\/verona\/die-sehenswuerdigkeiten\/\"},{\"@type\":\"ListItem\",\"position\":4,\"name\":\"Around Verona\"}]},{\"@type\":\"WebSite\",\"@id\":\"https:\/\/www.indigoverona.com\/de\/#website\",\"url\":\"https:\/\/www.indigoverona.com\/de\/\",\"name\":\"Hotel Indigo Verona - Grand Hotel Des Arts\",\"description\":\"Just another ms.decms.eu site\",\"potentialAction\":[{\"@type\":\"SearchAction\",\"target\":{\"@type\":\"EntryPoint\",\"urlTemplate\":\"https:\/\/www.indigoverona.com\/de\/?s={search_term_string}\"},\"query-input\":{\"@type\":\"PropertyValueSpecification\",\"valueRequired\":true,\"valueName\":\"search_term_string\"}}],\"inLanguage\":\"de-DE\"}]}<\/script>\n<!-- \/ Yoast SEO plugin. -->","yoast_head_json":{"title":"In der Umgebung von Verona | Hotel Indigo Verona","description":"Die strategische Position von Verona erm\u00f6glicht Ausfl\u00fcge zu wunderbaren Orten. Erfahren Sie, was Sie in der Umgebung von Verona sehen k\u00f6nnen!","robots":{"index":"index","follow":"follow","max-snippet":"max-snippet:-1","max-image-preview":"max-image-preview:large","max-video-preview":"max-video-preview:-1"},"canonical":"https:\/\/www.indigoverona.com\/de\/verona\/die-sehenswuerdigkeiten\/die-umgebung-von-verona\/","og_locale":"de_DE","og_type":"article","og_title":"In der Umgebung von Verona | Hotel Indigo Verona","og_description":"Die strategische Position von Verona erm\u00f6glicht Ausfl\u00fcge zu wunderbaren Orten. Erfahren Sie, was Sie in der Umgebung von Verona sehen k\u00f6nnen!","og_url":"https:\/\/www.indigoverona.com\/de\/verona\/die-sehenswuerdigkeiten\/die-umgebung-von-verona\/","og_site_name":"Hotel Indigo Verona - Grand Hotel Des Arts","article_modified_time":"2021-01-10T23:16:17+00:00","twitter_card":"summary_large_image","schema":{"@context":"https:\/\/schema.org","@graph":[{"@type":"WebPage","@id":"https:\/\/www.indigoverona.com\/de\/verona\/die-sehenswuerdigkeiten\/die-umgebung-von-verona\/","url":"https:\/\/www.indigoverona.com\/de\/verona\/die-sehenswuerdigkeiten\/die-umgebung-von-verona\/","name":"In der Umgebung von Verona | Hotel Indigo Verona","isPartOf":{"@id":"https:\/\/www.indigoverona.com\/de\/#website"},"datePublished":"2020-05-19T12:04:43+00:00","dateModified":"2021-01-10T23:16:17+00:00","description":"Die strategische Position von Verona erm\u00f6glicht Ausfl\u00fcge zu wunderbaren Orten. Erfahren Sie, was Sie in der Umgebung von Verona sehen k\u00f6nnen!","breadcrumb":{"@id":"https:\/\/www.indigoverona.com\/de\/verona\/die-sehenswuerdigkeiten\/die-umgebung-von-verona\/#breadcrumb"},"inLanguage":"de-DE","potentialAction":[{"@type":"ReadAction","target":["https:\/\/www.indigoverona.com\/de\/verona\/die-sehenswuerdigkeiten\/die-umgebung-von-verona\/"]}]},{"@type":"BreadcrumbList","@id":"https:\/\/www.indigoverona.com\/de\/verona\/die-sehenswuerdigkeiten\/die-umgebung-von-verona\/#breadcrumb","itemListElement":[{"@type":"ListItem","position":1,"name":"Home","item":"https:\/\/www.indigoverona.com\/de\/"},{"@type":"ListItem","position":2,"name":"Verona","item":"https:\/\/www.indigoverona.com\/de\/verona\/"},{"@type":"ListItem","position":3,"name":"Die Sehensw\u00fcrdigkeiten","item":"https:\/\/www.indigoverona.com\/de\/verona\/die-sehenswuerdigkeiten\/"},{"@type":"ListItem","position":4,"name":"Around Verona"}]},{"@type":"WebSite","@id":"https:\/\/www.indigoverona.com\/de\/#website","url":"https:\/\/www.indigoverona.com\/de\/","name":"Hotel Indigo Verona - Grand Hotel Des Arts","description":"Just another ms.decms.eu site","potentialAction":[{"@type":"SearchAction","target":{"@type":"EntryPoint","urlTemplate":"https:\/\/www.indigoverona.com\/de\/?s={search_term_string}"},"query-input":{"@type":"PropertyValueSpecification","valueRequired":true,"valueName":"search_term_string"}}],"inLanguage":"de-DE"}]}},"acf":[],"_links":{"self":[{"href":"https:\/\/www.indigoverona.com\/de\/wp-json\/wp\/v2\/pages\/732","targetHints":{"allow":["GET"]}}],"collection":[{"href":"https:\/\/www.indigoverona.com\/de\/wp-json\/wp\/v2\/pages"}],"about":[{"href":"https:\/\/www.indigoverona.com\/de\/wp-json\/wp\/v2\/types\/page"}],"author":[{"embeddable":true,"href":"https:\/\/www.indigoverona.com\/de\/wp-json\/wp\/v2\/users\/7"}],"replies":[{"embeddable":true,"href":"https:\/\/www.indigoverona.com\/de\/wp-json\/wp\/v2\/comments?post=732"}],"version-history":[{"count":0,"href":"https:\/\/www.indigoverona.com\/de\/wp-json\/wp\/v2\/pages\/732\/revisions"}],"up":[{"embeddable":true,"href":"https:\/\/www.indigoverona.com\/de\/wp-json\/wp\/v2\/pages\/679"}],"wp:attachment":[{"href":"https:\/\/www.indigoverona.com\/de\/wp-json\/wp\/v2\/media?parent=732"}],"curies":[{"name":"wp","href":"https:\/\/api.w.org\/{rel}","templated":true}]}}