{"id":765,"date":"2020-05-14T14:05:21","date_gmt":"2020-05-14T14:05:21","guid":{"rendered":"https:\/\/www.indigoverona.com\/our-location\/"},"modified":"2022-07-22T12:55:11","modified_gmt":"2022-07-22T12:55:11","slug":"wo-wir-sind","status":"publish","type":"page","link":"https:\/\/www.indigoverona.com\/de\/wo-wir-sind\/","title":{"rendered":"Wo wir sind"},"content":{"rendered":"<p>Das Hotel befindet sich auf dem <a title=\"Corso Porta Nuova - Hotel Indigo Verona\" href=\"https:\/\/www.indigoverona.com\/de\/wo-wir-sind\/discover-unique\/\"><strong><u>Corso Porta Nuova<\/u><\/strong>,<\/a> der Stra\u03b2e der von der Porta Nuova zu die <a title=\" Die Arena und Piazza Bra - Hotel Indigo Verona\" href=\"https:\/\/www.indigoverona.com\/de\/verona\/die-sehenswuerdigkeiten\/die-arena-und-piazza-bra\/\"><strong><u>Arena<\/u><\/strong>, zum <strong><u>Piazza Bra<\/u><\/strong><\/a> und die <a title=\"Palazzo della Gran Guardia - Hotel Indigo Verona\" href=\"https:\/\/www.indigoverona.com\/de\/verona\/die-sehenswuerdigkeiten\/palazzo-gran-guardia\/\"><strong><u>Gran Guardia<\/u><\/strong><\/a> f\u00fchrt.<\/p>\n<p>Nach einem kurzen Spaziergang kommen Sie von hier aus direkt ins Stadtszentrum \u2013 auf die <a title=\"Piazza delle Erbe - Hotel Indigo Verona\" href=\"https:\/\/www.indigoverona.com\/de\/verona\/die-sehenswuerdigkeiten\/piazza-delle-erbe\/\"><strong><u>Piazza delle Erbe<\/u><\/strong><\/a>\u00a0 und <a title=\"Piazza dei Signori - Hotel Indigo Verona\" href=\"https:\/\/www.indigoverona.com\/de\/verona\/die-sehenswuerdigkeiten\/piazza-dei-signori\/\"><strong><u>Piazza dei Signori<\/u><\/strong><\/a> , wo Sie Restauranten, Gesch\u00e4ften, Bars und Weinhandlungen, sowie die wichtigsten historischen und kulturellen Sehensw\u00fcrdigkeiten finden.<\/p>\n<p><strong>Hotel Indigo Verona <\/strong>liegt auch unmittelbarer N\u00e4he des Banhofs Porta Nuova und des Autobahnkreuzes das sowohl direkt in die Stadt als auch aus der Stadt heraus zu den\u00a0 wichtigsten Flugh\u00e4fen und den andere Provinzhaupst\u00e4dten f\u00fchrt.<\/p>\n","protected":false},"excerpt":{"rendered":"<p>Das Hotel befindet sich auf dem Corso Porta Nuova, der Stra\u03b2e der von der Porta Nuova zu die Arena, zum Piazza Bra und die Gran Guardia f\u00fchrt. Nach einem kurzen Spaziergang kommen Sie von hier aus direkt ins Stadtszentrum \u2013 auf die Piazza delle Erbe\u00a0 und Piazza dei Signori , wo Sie Restauranten, Gesch\u00e4ften, Bars [&hellip;]<\/p>\n","protected":false},"author":7,"featured_media":0,"parent":0,"menu_order":6,"comment_status":"closed","ping_status":"closed","template":"template-location.php","meta":{"footnotes":""},"class_list":["post-765","page","type-page","status-publish","hentry"],"yoast_head":"<!-- This site is optimized with the Yoast SEO plugin v26.9 - https:\/\/yoast.com\/product\/yoast-seo-wordpress\/ -->\n<title>Hotel Indigo Verona nahe der Arena | Grand Hotel des Arts<\/title>\n<meta name=\"description\" content=\"Das 4-Stern-Boutique Hotel Indigo Verona befindet sich in unmittelbarer N\u00e4he zur Arena und den gro\u00dfen Pl\u00e4tzen. Entdecken Sie seine herrliche Lage.\" \/>\n<meta name=\"robots\" content=\"index, follow, max-snippet:-1, max-image-preview:large, max-video-preview:-1\" \/>\n<link rel=\"canonical\" href=\"https:\/\/www.indigoverona.com\/de\/wo-wir-sind\/\" \/>\n<meta property=\"og:locale\" content=\"de_DE\" \/>\n<meta property=\"og:type\" content=\"article\" \/>\n<meta property=\"og:title\" content=\"Hotel Indigo Verona nahe der Arena | Grand Hotel des Arts\" \/>\n<meta property=\"og:description\" content=\"Das 4-Stern-Boutique Hotel Indigo Verona befindet sich in unmittelbarer N\u00e4he zur Arena und den gro\u00dfen Pl\u00e4tzen. Entdecken Sie seine herrliche Lage.\" \/>\n<meta property=\"og:url\" content=\"https:\/\/www.indigoverona.com\/de\/wo-wir-sind\/\" \/>\n<meta property=\"og:site_name\" content=\"Hotel Indigo Verona - Grand Hotel Des Arts\" \/>\n<meta property=\"article:modified_time\" content=\"2022-07-22T12:55:11+00:00\" \/>\n<meta name=\"twitter:card\" content=\"summary_large_image\" \/>\n<meta name=\"twitter:label1\" content=\"Gesch\u00e4tzte Lesezeit\" \/>\n\t<meta name=\"twitter:data1\" content=\"1 Minute\" \/>\n<script type=\"application\/ld+json\" class=\"yoast-schema-graph\">{\"@context\":\"https:\/\/schema.org\",\"@graph\":[{\"@type\":\"WebPage\",\"@id\":\"https:\/\/www.indigoverona.com\/de\/wo-wir-sind\/\",\"url\":\"https:\/\/www.indigoverona.com\/de\/wo-wir-sind\/\",\"name\":\"Hotel Indigo Verona nahe der Arena | Grand Hotel des Arts\",\"isPartOf\":{\"@id\":\"https:\/\/www.indigoverona.com\/de\/#website\"},\"datePublished\":\"2020-05-14T14:05:21+00:00\",\"dateModified\":\"2022-07-22T12:55:11+00:00\",\"description\":\"Das 4-Stern-Boutique Hotel Indigo Verona befindet sich in unmittelbarer N\u00e4he zur Arena und den gro\u00dfen Pl\u00e4tzen. Entdecken Sie seine herrliche Lage.\",\"breadcrumb\":{\"@id\":\"https:\/\/www.indigoverona.com\/de\/wo-wir-sind\/#breadcrumb\"},\"inLanguage\":\"de-DE\",\"potentialAction\":[{\"@type\":\"ReadAction\",\"target\":[\"https:\/\/www.indigoverona.com\/de\/wo-wir-sind\/\"]}]},{\"@type\":\"BreadcrumbList\",\"@id\":\"https:\/\/www.indigoverona.com\/de\/wo-wir-sind\/#breadcrumb\",\"itemListElement\":[{\"@type\":\"ListItem\",\"position\":1,\"name\":\"Home\",\"item\":\"https:\/\/www.indigoverona.com\/de\/\"},{\"@type\":\"ListItem\",\"position\":2,\"name\":\"Wo wir sind\"}]},{\"@type\":\"WebSite\",\"@id\":\"https:\/\/www.indigoverona.com\/de\/#website\",\"url\":\"https:\/\/www.indigoverona.com\/de\/\",\"name\":\"Hotel Indigo Verona - Grand Hotel Des Arts\",\"description\":\"Just another ms.decms.eu site\",\"potentialAction\":[{\"@type\":\"SearchAction\",\"target\":{\"@type\":\"EntryPoint\",\"urlTemplate\":\"https:\/\/www.indigoverona.com\/de\/?s={search_term_string}\"},\"query-input\":{\"@type\":\"PropertyValueSpecification\",\"valueRequired\":true,\"valueName\":\"search_term_string\"}}],\"inLanguage\":\"de-DE\"}]}<\/script>\n<!-- \/ Yoast SEO plugin. -->","yoast_head_json":{"title":"Hotel Indigo Verona nahe der Arena | Grand Hotel des Arts","description":"Das 4-Stern-Boutique Hotel Indigo Verona befindet sich in unmittelbarer N\u00e4he zur Arena und den gro\u00dfen Pl\u00e4tzen. Entdecken Sie seine herrliche Lage.","robots":{"index":"index","follow":"follow","max-snippet":"max-snippet:-1","max-image-preview":"max-image-preview:large","max-video-preview":"max-video-preview:-1"},"canonical":"https:\/\/www.indigoverona.com\/de\/wo-wir-sind\/","og_locale":"de_DE","og_type":"article","og_title":"Hotel Indigo Verona nahe der Arena | Grand Hotel des Arts","og_description":"Das 4-Stern-Boutique Hotel Indigo Verona befindet sich in unmittelbarer N\u00e4he zur Arena und den gro\u00dfen Pl\u00e4tzen. Entdecken Sie seine herrliche Lage.","og_url":"https:\/\/www.indigoverona.com\/de\/wo-wir-sind\/","og_site_name":"Hotel Indigo Verona - Grand Hotel Des Arts","article_modified_time":"2022-07-22T12:55:11+00:00","twitter_card":"summary_large_image","twitter_misc":{"Gesch\u00e4tzte Lesezeit":"1 Minute"},"schema":{"@context":"https:\/\/schema.org","@graph":[{"@type":"WebPage","@id":"https:\/\/www.indigoverona.com\/de\/wo-wir-sind\/","url":"https:\/\/www.indigoverona.com\/de\/wo-wir-sind\/","name":"Hotel Indigo Verona nahe der Arena | Grand Hotel des Arts","isPartOf":{"@id":"https:\/\/www.indigoverona.com\/de\/#website"},"datePublished":"2020-05-14T14:05:21+00:00","dateModified":"2022-07-22T12:55:11+00:00","description":"Das 4-Stern-Boutique Hotel Indigo Verona befindet sich in unmittelbarer N\u00e4he zur Arena und den gro\u00dfen Pl\u00e4tzen. Entdecken Sie seine herrliche Lage.","breadcrumb":{"@id":"https:\/\/www.indigoverona.com\/de\/wo-wir-sind\/#breadcrumb"},"inLanguage":"de-DE","potentialAction":[{"@type":"ReadAction","target":["https:\/\/www.indigoverona.com\/de\/wo-wir-sind\/"]}]},{"@type":"BreadcrumbList","@id":"https:\/\/www.indigoverona.com\/de\/wo-wir-sind\/#breadcrumb","itemListElement":[{"@type":"ListItem","position":1,"name":"Home","item":"https:\/\/www.indigoverona.com\/de\/"},{"@type":"ListItem","position":2,"name":"Wo wir sind"}]},{"@type":"WebSite","@id":"https:\/\/www.indigoverona.com\/de\/#website","url":"https:\/\/www.indigoverona.com\/de\/","name":"Hotel Indigo Verona - Grand Hotel Des Arts","description":"Just another ms.decms.eu site","potentialAction":[{"@type":"SearchAction","target":{"@type":"EntryPoint","urlTemplate":"https:\/\/www.indigoverona.com\/de\/?s={search_term_string}"},"query-input":{"@type":"PropertyValueSpecification","valueRequired":true,"valueName":"search_term_string"}}],"inLanguage":"de-DE"}]}},"acf":[],"_links":{"self":[{"href":"https:\/\/www.indigoverona.com\/de\/wp-json\/wp\/v2\/pages\/765","targetHints":{"allow":["GET"]}}],"collection":[{"href":"https:\/\/www.indigoverona.com\/de\/wp-json\/wp\/v2\/pages"}],"about":[{"href":"https:\/\/www.indigoverona.com\/de\/wp-json\/wp\/v2\/types\/page"}],"author":[{"embeddable":true,"href":"https:\/\/www.indigoverona.com\/de\/wp-json\/wp\/v2\/users\/7"}],"replies":[{"embeddable":true,"href":"https:\/\/www.indigoverona.com\/de\/wp-json\/wp\/v2\/comments?post=765"}],"version-history":[{"count":0,"href":"https:\/\/www.indigoverona.com\/de\/wp-json\/wp\/v2\/pages\/765\/revisions"}],"wp:attachment":[{"href":"https:\/\/www.indigoverona.com\/de\/wp-json\/wp\/v2\/media?parent=765"}],"curies":[{"name":"wp","href":"https:\/\/api.w.org\/{rel}","templated":true}]}}