{"id":769,"date":"2020-05-14T14:45:02","date_gmt":"2020-05-14T14:45:02","guid":{"rendered":"https:\/\/www.indigoverona.com\/our-location\/how-to-reach-us\/"},"modified":"2024-05-07T08:45:04","modified_gmt":"2024-05-07T08:45:04","slug":"wie-sie-uns-erreichen","status":"publish","type":"page","link":"https:\/\/www.indigoverona.com\/de\/wo-wir-sind\/wie-sie-uns-erreichen\/","title":{"rendered":"Wie Sie Uns Erreichen"},"content":{"rendered":"<p>Machen Sie sich keine Sorgeund w\u00e4hlen Sie Ihren beliebtesten Modus, uns zu erreichen. Sie werden jedenfalls keine Schwierigkeiten haben.<\/p>\n<p>Est ist ganz leichter, entweder <strong>zu Fu\u03b2 gehen<\/strong> oder <strong>mit dem Fahrrad<\/strong>, als mit dem Auto in Verona zu <strong>erreichen<\/strong>. Trotz seiner h\u00f6hen Zug\u00e4nglichkeit, aber um seine Lebensqualit\u00e4t und Sch\u00f6nheit zu sch\u00fctzen, ist tats\u00e4chlich das Stadtszentrum <strong>f\u00fcr den motorisierten Verkehr st\u00e4ndig gesperrt<\/strong>.<\/p>\n<p>Es ist bevorz\u00fcglich in der N\u00e4he zu parken, und einen sch\u00f6nen und gesunden Spaziergang zu genie\u03b2en.<\/p>\n","protected":false},"excerpt":{"rendered":"<p>Machen Sie sich keine Sorgeund w\u00e4hlen Sie Ihren beliebtesten Modus, uns zu erreichen. Sie werden jedenfalls keine Schwierigkeiten haben. Est ist ganz leichter, entweder zu Fu\u03b2 gehen oder mit dem Fahrrad, als mit dem Auto in Verona zu erreichen. Trotz seiner h\u00f6hen Zug\u00e4nglichkeit, aber um seine Lebensqualit\u00e4t und Sch\u00f6nheit zu sch\u00fctzen, ist tats\u00e4chlich das Stadtszentrum [&hellip;]<\/p>\n","protected":false},"author":7,"featured_media":0,"parent":765,"menu_order":0,"comment_status":"closed","ping_status":"closed","template":"","meta":{"footnotes":""},"class_list":["post-769","page","type-page","status-publish","hentry"],"yoast_head":"<!-- This site is optimized with the Yoast SEO plugin v26.9 - https:\/\/yoast.com\/product\/yoast-seo-wordpress\/ -->\n<title>Anfahrt | Hotel Indigo Verona<\/title>\n<meta name=\"description\" content=\"Das Boutique Hotel Indigo Verona befindet sich nahe der Arena am Corso Porta Nuova, nur wenige Schritte vom Bahnhof entfernt.\" \/>\n<meta name=\"robots\" content=\"index, follow, max-snippet:-1, max-image-preview:large, max-video-preview:-1\" \/>\n<link rel=\"canonical\" href=\"https:\/\/www.indigoverona.com\/de\/wo-wir-sind\/wie-sie-uns-erreichen\/\" \/>\n<meta property=\"og:locale\" content=\"de_DE\" \/>\n<meta property=\"og:type\" content=\"article\" \/>\n<meta property=\"og:title\" content=\"Anfahrt | Hotel Indigo Verona\" \/>\n<meta property=\"og:description\" content=\"Das Boutique Hotel Indigo Verona befindet sich nahe der Arena am Corso Porta Nuova, nur wenige Schritte vom Bahnhof entfernt.\" \/>\n<meta property=\"og:url\" content=\"https:\/\/www.indigoverona.com\/de\/wo-wir-sind\/wie-sie-uns-erreichen\/\" \/>\n<meta property=\"og:site_name\" content=\"Hotel Indigo Verona - Grand Hotel Des Arts\" \/>\n<meta property=\"article:modified_time\" content=\"2024-05-07T08:45:04+00:00\" \/>\n<meta name=\"twitter:card\" content=\"summary_large_image\" \/>\n<meta name=\"twitter:label1\" content=\"Gesch\u00e4tzte Lesezeit\" \/>\n\t<meta name=\"twitter:data1\" content=\"1 Minute\" \/>\n<script type=\"application\/ld+json\" class=\"yoast-schema-graph\">{\"@context\":\"https:\/\/schema.org\",\"@graph\":[{\"@type\":\"WebPage\",\"@id\":\"https:\/\/www.indigoverona.com\/de\/wo-wir-sind\/wie-sie-uns-erreichen\/\",\"url\":\"https:\/\/www.indigoverona.com\/de\/wo-wir-sind\/wie-sie-uns-erreichen\/\",\"name\":\"Anfahrt | Hotel Indigo Verona\",\"isPartOf\":{\"@id\":\"https:\/\/www.indigoverona.com\/de\/#website\"},\"datePublished\":\"2020-05-14T14:45:02+00:00\",\"dateModified\":\"2024-05-07T08:45:04+00:00\",\"description\":\"Das Boutique Hotel Indigo Verona befindet sich nahe der Arena am Corso Porta Nuova, nur wenige Schritte vom Bahnhof entfernt.\",\"breadcrumb\":{\"@id\":\"https:\/\/www.indigoverona.com\/de\/wo-wir-sind\/wie-sie-uns-erreichen\/#breadcrumb\"},\"inLanguage\":\"de-DE\",\"potentialAction\":[{\"@type\":\"ReadAction\",\"target\":[\"https:\/\/www.indigoverona.com\/de\/wo-wir-sind\/wie-sie-uns-erreichen\/\"]}]},{\"@type\":\"BreadcrumbList\",\"@id\":\"https:\/\/www.indigoverona.com\/de\/wo-wir-sind\/wie-sie-uns-erreichen\/#breadcrumb\",\"itemListElement\":[{\"@type\":\"ListItem\",\"position\":1,\"name\":\"Home\",\"item\":\"https:\/\/www.indigoverona.com\/de\/\"},{\"@type\":\"ListItem\",\"position\":2,\"name\":\"Wo wir sind\",\"item\":\"https:\/\/www.indigoverona.com\/de\/wo-wir-sind\/\"},{\"@type\":\"ListItem\",\"position\":3,\"name\":\"Wie Sie Uns Erreichen\"}]},{\"@type\":\"WebSite\",\"@id\":\"https:\/\/www.indigoverona.com\/de\/#website\",\"url\":\"https:\/\/www.indigoverona.com\/de\/\",\"name\":\"Hotel Indigo Verona - Grand Hotel Des Arts\",\"description\":\"Just another ms.decms.eu site\",\"potentialAction\":[{\"@type\":\"SearchAction\",\"target\":{\"@type\":\"EntryPoint\",\"urlTemplate\":\"https:\/\/www.indigoverona.com\/de\/?s={search_term_string}\"},\"query-input\":{\"@type\":\"PropertyValueSpecification\",\"valueRequired\":true,\"valueName\":\"search_term_string\"}}],\"inLanguage\":\"de-DE\"}]}<\/script>\n<!-- \/ Yoast SEO plugin. -->","yoast_head_json":{"title":"Anfahrt | Hotel Indigo Verona","description":"Das Boutique Hotel Indigo Verona befindet sich nahe der Arena am Corso Porta Nuova, nur wenige Schritte vom Bahnhof entfernt.","robots":{"index":"index","follow":"follow","max-snippet":"max-snippet:-1","max-image-preview":"max-image-preview:large","max-video-preview":"max-video-preview:-1"},"canonical":"https:\/\/www.indigoverona.com\/de\/wo-wir-sind\/wie-sie-uns-erreichen\/","og_locale":"de_DE","og_type":"article","og_title":"Anfahrt | Hotel Indigo Verona","og_description":"Das Boutique Hotel Indigo Verona befindet sich nahe der Arena am Corso Porta Nuova, nur wenige Schritte vom Bahnhof entfernt.","og_url":"https:\/\/www.indigoverona.com\/de\/wo-wir-sind\/wie-sie-uns-erreichen\/","og_site_name":"Hotel Indigo Verona - Grand Hotel Des Arts","article_modified_time":"2024-05-07T08:45:04+00:00","twitter_card":"summary_large_image","twitter_misc":{"Gesch\u00e4tzte Lesezeit":"1 Minute"},"schema":{"@context":"https:\/\/schema.org","@graph":[{"@type":"WebPage","@id":"https:\/\/www.indigoverona.com\/de\/wo-wir-sind\/wie-sie-uns-erreichen\/","url":"https:\/\/www.indigoverona.com\/de\/wo-wir-sind\/wie-sie-uns-erreichen\/","name":"Anfahrt | Hotel Indigo Verona","isPartOf":{"@id":"https:\/\/www.indigoverona.com\/de\/#website"},"datePublished":"2020-05-14T14:45:02+00:00","dateModified":"2024-05-07T08:45:04+00:00","description":"Das Boutique Hotel Indigo Verona befindet sich nahe der Arena am Corso Porta Nuova, nur wenige Schritte vom Bahnhof entfernt.","breadcrumb":{"@id":"https:\/\/www.indigoverona.com\/de\/wo-wir-sind\/wie-sie-uns-erreichen\/#breadcrumb"},"inLanguage":"de-DE","potentialAction":[{"@type":"ReadAction","target":["https:\/\/www.indigoverona.com\/de\/wo-wir-sind\/wie-sie-uns-erreichen\/"]}]},{"@type":"BreadcrumbList","@id":"https:\/\/www.indigoverona.com\/de\/wo-wir-sind\/wie-sie-uns-erreichen\/#breadcrumb","itemListElement":[{"@type":"ListItem","position":1,"name":"Home","item":"https:\/\/www.indigoverona.com\/de\/"},{"@type":"ListItem","position":2,"name":"Wo wir sind","item":"https:\/\/www.indigoverona.com\/de\/wo-wir-sind\/"},{"@type":"ListItem","position":3,"name":"Wie Sie Uns Erreichen"}]},{"@type":"WebSite","@id":"https:\/\/www.indigoverona.com\/de\/#website","url":"https:\/\/www.indigoverona.com\/de\/","name":"Hotel Indigo Verona - Grand Hotel Des Arts","description":"Just another ms.decms.eu site","potentialAction":[{"@type":"SearchAction","target":{"@type":"EntryPoint","urlTemplate":"https:\/\/www.indigoverona.com\/de\/?s={search_term_string}"},"query-input":{"@type":"PropertyValueSpecification","valueRequired":true,"valueName":"search_term_string"}}],"inLanguage":"de-DE"}]}},"acf":[],"_links":{"self":[{"href":"https:\/\/www.indigoverona.com\/de\/wp-json\/wp\/v2\/pages\/769","targetHints":{"allow":["GET"]}}],"collection":[{"href":"https:\/\/www.indigoverona.com\/de\/wp-json\/wp\/v2\/pages"}],"about":[{"href":"https:\/\/www.indigoverona.com\/de\/wp-json\/wp\/v2\/types\/page"}],"author":[{"embeddable":true,"href":"https:\/\/www.indigoverona.com\/de\/wp-json\/wp\/v2\/users\/7"}],"replies":[{"embeddable":true,"href":"https:\/\/www.indigoverona.com\/de\/wp-json\/wp\/v2\/comments?post=769"}],"version-history":[{"count":0,"href":"https:\/\/www.indigoverona.com\/de\/wp-json\/wp\/v2\/pages\/769\/revisions"}],"up":[{"embeddable":true,"href":"https:\/\/www.indigoverona.com\/de\/wp-json\/wp\/v2\/pages\/765"}],"wp:attachment":[{"href":"https:\/\/www.indigoverona.com\/de\/wp-json\/wp\/v2\/media?parent=769"}],"curies":[{"name":"wp","href":"https:\/\/api.w.org\/{rel}","templated":true}]}}