{"id":777,"date":"2020-05-15T09:50:18","date_gmt":"2020-05-15T09:50:18","guid":{"rendered":"https:\/\/www.indigoverona.com\/wo-wir-sind\/discover-unique\/"},"modified":"2021-01-11T11:10:50","modified_gmt":"2021-01-11T11:10:50","slug":"discover-unique","status":"publish","type":"page","link":"https:\/\/www.indigoverona.com\/de\/wo-wir-sind\/discover-unique\/","title":{"rendered":"Discover unique"},"content":{"rendered":"<p><strong>Die Legende von Romeo und Julia<\/strong>, deren Trag\u00f6die sich laut Shakespeare direkt innerhalb der Mauern dieser Stadt abspielte, zieht jedes Jahr Tausende von Touristen nach Verona. Leid, Leidenschaft, und Devotion, aber paradoxerweise auch eine hartn\u00e4ckige Hoffnung, die sich nie ersticken l\u00e4sst, entflammt die Seelen der Veroneser und weckt jahrhundertelang die Fantasie der Besucher.<\/p>\n<p>Atmosph\u00e4ren und Einfl\u00fcsse, die insbesondere hier, in den Gemeinschaftsr\u00e4umen und Zimmern des <strong>Hotel Indigo Verona &#8211; Grand Hotel des Arts<\/strong>, sowie in den Stra\u00dfen und Gassen des Viertels eingeatmet werden k\u00f6nnen.<\/p>\n<p>Besondere Orte, reich an Geschichte, Kunst, Kultur und Traditionen, bewohnt von B\u00fcrgern, die in ihrer Verbundenheit mit dem Territorium &#8222;heldenhaft&#8220; sind, belebt von <strong>Ereignissen und Festen<\/strong>, die zu begeistern verm\u00f6gen, versch\u00f6nert durch Werke in st\u00e4ndiger Entwicklung, die von dem gemeinsamen Willen zur st\u00e4ndigen Verbesserung zeugen.<\/p>\n<p>Hier existieren historische Geb\u00e4ude und Museen, die religi\u00f6s die \u00dcberreste der Vergangenheit konservieren, und ein expandierendes Viertel, <strong>Porta Nuova<\/strong>, das vor Vitalit\u00e4t bebt und sich nicht scheut, der Zukunft ins Auge zu blicken. Ohne Angst, ohne Unsicherheit, mit beispiellosem Mut.<\/p>\n<p><strong>Es ist die Leidenschaft, die durch unsere Venen flie\u00dft und unsere Luft einatmet, das Geheimnis des Charmes von Verona.<\/strong><\/p>\n","protected":false},"excerpt":{"rendered":"<p>Die Legende von Romeo und Julia, deren Trag\u00f6die sich laut Shakespeare direkt innerhalb der Mauern dieser Stadt abspielte, zieht jedes Jahr Tausende von Touristen nach Verona. Leid, Leidenschaft, und Devotion, aber paradoxerweise auch eine hartn\u00e4ckige Hoffnung, die sich nie ersticken l\u00e4sst, entflammt die Seelen der Veroneser und weckt jahrhundertelang die Fantasie der Besucher. Atmosph\u00e4ren und [&hellip;]<\/p>\n","protected":false},"author":7,"featured_media":0,"parent":765,"menu_order":1,"comment_status":"closed","ping_status":"closed","template":"template-neighborhood.php","meta":{"footnotes":""},"class_list":["post-777","page","type-page","status-publish","hentry"],"yoast_head":"<!-- This site is optimized with the Yoast SEO plugin v26.9 - https:\/\/yoast.com\/product\/yoast-seo-wordpress\/ -->\n<title>Das einzigartige Hotel Des Arts | Hotel Indigo Verona<\/title>\n<meta name=\"description\" content=\"Das Hotel Indigo Grand Hotel Des Arts befindet sich in Verona, nahe der Arena. Das Boutique Hotel ist mit Bar, Garten und Meeting-R\u00e4umen ausgestattet.\" \/>\n<meta name=\"robots\" content=\"index, follow, max-snippet:-1, max-image-preview:large, max-video-preview:-1\" \/>\n<link rel=\"canonical\" href=\"https:\/\/www.indigoverona.com\/de\/wo-wir-sind\/discover-unique\/\" \/>\n<meta property=\"og:locale\" content=\"de_DE\" \/>\n<meta property=\"og:type\" content=\"article\" \/>\n<meta property=\"og:title\" content=\"Das einzigartige Hotel Des Arts | Hotel Indigo Verona\" \/>\n<meta property=\"og:description\" content=\"Das Hotel Indigo Grand Hotel Des Arts befindet sich in Verona, nahe der Arena. Das Boutique Hotel ist mit Bar, Garten und Meeting-R\u00e4umen ausgestattet.\" \/>\n<meta property=\"og:url\" content=\"https:\/\/www.indigoverona.com\/de\/wo-wir-sind\/discover-unique\/\" \/>\n<meta property=\"og:site_name\" content=\"Hotel Indigo Verona - Grand Hotel Des Arts\" \/>\n<meta property=\"article:modified_time\" content=\"2021-01-11T11:10:50+00:00\" \/>\n<meta name=\"twitter:card\" content=\"summary_large_image\" \/>\n<meta name=\"twitter:label1\" content=\"Gesch\u00e4tzte Lesezeit\" \/>\n\t<meta name=\"twitter:data1\" content=\"1 Minute\" \/>\n<script type=\"application\/ld+json\" class=\"yoast-schema-graph\">{\"@context\":\"https:\/\/schema.org\",\"@graph\":[{\"@type\":\"WebPage\",\"@id\":\"https:\/\/www.indigoverona.com\/de\/wo-wir-sind\/discover-unique\/\",\"url\":\"https:\/\/www.indigoverona.com\/de\/wo-wir-sind\/discover-unique\/\",\"name\":\"Das einzigartige Hotel Des Arts | Hotel Indigo Verona\",\"isPartOf\":{\"@id\":\"https:\/\/www.indigoverona.com\/de\/#website\"},\"datePublished\":\"2020-05-15T09:50:18+00:00\",\"dateModified\":\"2021-01-11T11:10:50+00:00\",\"description\":\"Das Hotel Indigo Grand Hotel Des Arts befindet sich in Verona, nahe der Arena. Das Boutique Hotel ist mit Bar, Garten und Meeting-R\u00e4umen ausgestattet.\",\"breadcrumb\":{\"@id\":\"https:\/\/www.indigoverona.com\/de\/wo-wir-sind\/discover-unique\/#breadcrumb\"},\"inLanguage\":\"de-DE\",\"potentialAction\":[{\"@type\":\"ReadAction\",\"target\":[\"https:\/\/www.indigoverona.com\/de\/wo-wir-sind\/discover-unique\/\"]}]},{\"@type\":\"BreadcrumbList\",\"@id\":\"https:\/\/www.indigoverona.com\/de\/wo-wir-sind\/discover-unique\/#breadcrumb\",\"itemListElement\":[{\"@type\":\"ListItem\",\"position\":1,\"name\":\"Home\",\"item\":\"https:\/\/www.indigoverona.com\/de\/\"},{\"@type\":\"ListItem\",\"position\":2,\"name\":\"Wo wir sind\",\"item\":\"https:\/\/www.indigoverona.com\/de\/wo-wir-sind\/\"},{\"@type\":\"ListItem\",\"position\":3,\"name\":\"Discover unique\"}]},{\"@type\":\"WebSite\",\"@id\":\"https:\/\/www.indigoverona.com\/de\/#website\",\"url\":\"https:\/\/www.indigoverona.com\/de\/\",\"name\":\"Hotel Indigo Verona - Grand Hotel Des Arts\",\"description\":\"Just another ms.decms.eu site\",\"potentialAction\":[{\"@type\":\"SearchAction\",\"target\":{\"@type\":\"EntryPoint\",\"urlTemplate\":\"https:\/\/www.indigoverona.com\/de\/?s={search_term_string}\"},\"query-input\":{\"@type\":\"PropertyValueSpecification\",\"valueRequired\":true,\"valueName\":\"search_term_string\"}}],\"inLanguage\":\"de-DE\"}]}<\/script>\n<!-- \/ Yoast SEO plugin. -->","yoast_head_json":{"title":"Das einzigartige Hotel Des Arts | Hotel Indigo Verona","description":"Das Hotel Indigo Grand Hotel Des Arts befindet sich in Verona, nahe der Arena. Das Boutique Hotel ist mit Bar, Garten und Meeting-R\u00e4umen ausgestattet.","robots":{"index":"index","follow":"follow","max-snippet":"max-snippet:-1","max-image-preview":"max-image-preview:large","max-video-preview":"max-video-preview:-1"},"canonical":"https:\/\/www.indigoverona.com\/de\/wo-wir-sind\/discover-unique\/","og_locale":"de_DE","og_type":"article","og_title":"Das einzigartige Hotel Des Arts | Hotel Indigo Verona","og_description":"Das Hotel Indigo Grand Hotel Des Arts befindet sich in Verona, nahe der Arena. Das Boutique Hotel ist mit Bar, Garten und Meeting-R\u00e4umen ausgestattet.","og_url":"https:\/\/www.indigoverona.com\/de\/wo-wir-sind\/discover-unique\/","og_site_name":"Hotel Indigo Verona - Grand Hotel Des Arts","article_modified_time":"2021-01-11T11:10:50+00:00","twitter_card":"summary_large_image","twitter_misc":{"Gesch\u00e4tzte Lesezeit":"1 Minute"},"schema":{"@context":"https:\/\/schema.org","@graph":[{"@type":"WebPage","@id":"https:\/\/www.indigoverona.com\/de\/wo-wir-sind\/discover-unique\/","url":"https:\/\/www.indigoverona.com\/de\/wo-wir-sind\/discover-unique\/","name":"Das einzigartige Hotel Des Arts | Hotel Indigo Verona","isPartOf":{"@id":"https:\/\/www.indigoverona.com\/de\/#website"},"datePublished":"2020-05-15T09:50:18+00:00","dateModified":"2021-01-11T11:10:50+00:00","description":"Das Hotel Indigo Grand Hotel Des Arts befindet sich in Verona, nahe der Arena. Das Boutique Hotel ist mit Bar, Garten und Meeting-R\u00e4umen ausgestattet.","breadcrumb":{"@id":"https:\/\/www.indigoverona.com\/de\/wo-wir-sind\/discover-unique\/#breadcrumb"},"inLanguage":"de-DE","potentialAction":[{"@type":"ReadAction","target":["https:\/\/www.indigoverona.com\/de\/wo-wir-sind\/discover-unique\/"]}]},{"@type":"BreadcrumbList","@id":"https:\/\/www.indigoverona.com\/de\/wo-wir-sind\/discover-unique\/#breadcrumb","itemListElement":[{"@type":"ListItem","position":1,"name":"Home","item":"https:\/\/www.indigoverona.com\/de\/"},{"@type":"ListItem","position":2,"name":"Wo wir sind","item":"https:\/\/www.indigoverona.com\/de\/wo-wir-sind\/"},{"@type":"ListItem","position":3,"name":"Discover unique"}]},{"@type":"WebSite","@id":"https:\/\/www.indigoverona.com\/de\/#website","url":"https:\/\/www.indigoverona.com\/de\/","name":"Hotel Indigo Verona - Grand Hotel Des Arts","description":"Just another ms.decms.eu site","potentialAction":[{"@type":"SearchAction","target":{"@type":"EntryPoint","urlTemplate":"https:\/\/www.indigoverona.com\/de\/?s={search_term_string}"},"query-input":{"@type":"PropertyValueSpecification","valueRequired":true,"valueName":"search_term_string"}}],"inLanguage":"de-DE"}]}},"acf":[],"_links":{"self":[{"href":"https:\/\/www.indigoverona.com\/de\/wp-json\/wp\/v2\/pages\/777","targetHints":{"allow":["GET"]}}],"collection":[{"href":"https:\/\/www.indigoverona.com\/de\/wp-json\/wp\/v2\/pages"}],"about":[{"href":"https:\/\/www.indigoverona.com\/de\/wp-json\/wp\/v2\/types\/page"}],"author":[{"embeddable":true,"href":"https:\/\/www.indigoverona.com\/de\/wp-json\/wp\/v2\/users\/7"}],"replies":[{"embeddable":true,"href":"https:\/\/www.indigoverona.com\/de\/wp-json\/wp\/v2\/comments?post=777"}],"version-history":[{"count":0,"href":"https:\/\/www.indigoverona.com\/de\/wp-json\/wp\/v2\/pages\/777\/revisions"}],"up":[{"embeddable":true,"href":"https:\/\/www.indigoverona.com\/de\/wp-json\/wp\/v2\/pages\/765"}],"wp:attachment":[{"href":"https:\/\/www.indigoverona.com\/de\/wp-json\/wp\/v2\/media?parent=777"}],"curies":[{"name":"wp","href":"https:\/\/api.w.org\/{rel}","templated":true}]}}