{"id":1088,"date":"2020-12-23T10:02:28","date_gmt":"2020-12-23T10:02:28","guid":{"rendered":"https:\/\/www.indigoverona.com\/?page_id=1088"},"modified":"2025-05-26T10:17:10","modified_gmt":"2025-05-26T10:17:10","slug":"los-ambientes","status":"publish","type":"page","link":"https:\/\/www.indigoverona.com\/es\/hotel\/los-ambientes\/","title":{"rendered":"Los Ambientes"},"content":{"rendered":"<p>Recientemente ha pasado por un \u00abretoque\u00bb renovando los ambientes sin modificar la atm\u00f3sfera refinada que lo caracteriza, el Hotel Indigo Verona dispone de <strong><a title=\"Habitaciones y Suite - Hotel Indigo Verona\" href=\"https:\/\/www.indigoverona.com\/es\/habitaciones-y-suites\/\"><u>62 habitaciones<\/u><\/a> de varios tipos, <a title=\"Salas de Reuniones - Hotel Indigo Verona\" href=\"https:\/\/www.indigoverona.com\/es\/reuniones\/salas-de-reuniones\/\"><u>3 salas de reuniones<\/u> <\/a>modulables, el <a title=\"Arya Bar &amp; Mixology - Hotel Indigo Verona\" href=\"https:\/\/www.indigoverona.com\/es\/arya-bar-mixology\/\"><u>Arya Bar &amp; Mixology<\/u><\/a>, un<a title=\"Jardin Interior - Hotel Indigo Verona\" href=\"https:\/\/www.indigoverona.com\/es\/hotel\/el-jardin-interno\/\"><u> jard\u00edn privado<\/u><\/a> con sol\u00e1rium<\/strong>, terraza y zonas equipadas con los servicios m\u00e1s adecuados para satisfacer a los clientes m\u00e1s exigentes.<\/p>\n<p>Los tonos del verde salvia y otros verdes y los grises luminosos elegantes de los ambientes estimulan la concentraci\u00f3n y dan serenidad: el estado de \u00e1nimo o \u00abmood\u00bb justo que se necesita para afrontar cada jornada de trabajo o de entretenimiento.<\/p>\n<p>Para acompa\u00f1arle en su estancia con inter\u00e9s, con la discreci\u00f3n y presencia evocativa que denotan, encontrar\u00e1 las <strong>obras de arte<\/strong> que \u00abreposan\u00bb en los espacios comunes del hotel. En el vest\u00edbulo al lado de la recepci\u00f3n, en el bar&#8230; nunca se sentir\u00e1 solo o aburrido. \u00a1Habr\u00e1 siempre un toque creativo que le inspirar\u00e1!<\/p>\n","protected":false},"excerpt":{"rendered":"<p>Recientemente ha pasado por un \u00abretoque\u00bb renovando los ambientes sin modificar la atm\u00f3sfera refinada que lo caracteriza, el Hotel Indigo Verona dispone de 62 habitaciones de varios tipos, 3 salas de reuniones modulables, el Arya Bar &amp; Mixology, un jard\u00edn privado con sol\u00e1rium, terraza y zonas equipadas con los servicios m\u00e1s adecuados para satisfacer a [&hellip;]<\/p>\n","protected":false},"author":4,"featured_media":0,"parent":1080,"menu_order":2,"comment_status":"closed","ping_status":"closed","template":"","meta":{"footnotes":""},"class_list":["post-1088","page","type-page","status-publish","hentry"],"yoast_head":"<!-- This site is optimized with the Yoast SEO plugin v26.9 - https:\/\/yoast.com\/product\/yoast-seo-wordpress\/ -->\n<title>Los Ambientes - Hotel Indigo Verona - Grand Hotel Des Arts<\/title>\n<meta name=\"robots\" content=\"index, follow, max-snippet:-1, max-image-preview:large, max-video-preview:-1\" \/>\n<link rel=\"canonical\" href=\"https:\/\/www.indigoverona.com\/es\/hotel\/los-ambientes\/\" \/>\n<meta property=\"og:locale\" content=\"es_ES\" \/>\n<meta property=\"og:type\" content=\"article\" \/>\n<meta property=\"og:title\" content=\"Los Ambientes - Hotel Indigo Verona - Grand Hotel Des Arts\" \/>\n<meta property=\"og:description\" content=\"Recientemente ha pasado por un \u00abretoque\u00bb renovando los ambientes sin modificar la atm\u00f3sfera refinada que lo caracteriza, el Hotel Indigo Verona dispone de 62 habitaciones de varios tipos, 3 salas de reuniones modulables, el Arya Bar &amp; Mixology, un jard\u00edn privado con sol\u00e1rium, terraza y zonas equipadas con los servicios m\u00e1s adecuados para satisfacer a [&hellip;]\" \/>\n<meta property=\"og:url\" content=\"https:\/\/www.indigoverona.com\/es\/hotel\/los-ambientes\/\" \/>\n<meta property=\"og:site_name\" content=\"Hotel Indigo Verona - Grand Hotel Des Arts\" \/>\n<meta property=\"article:modified_time\" content=\"2025-05-26T10:17:10+00:00\" \/>\n<meta name=\"twitter:card\" content=\"summary_large_image\" \/>\n<meta name=\"twitter:label1\" content=\"Tiempo de lectura\" \/>\n\t<meta name=\"twitter:data1\" content=\"1 minuto\" \/>\n<script type=\"application\/ld+json\" class=\"yoast-schema-graph\">{\"@context\":\"https:\/\/schema.org\",\"@graph\":[{\"@type\":\"WebPage\",\"@id\":\"https:\/\/www.indigoverona.com\/es\/hotel\/los-ambientes\/\",\"url\":\"https:\/\/www.indigoverona.com\/es\/hotel\/los-ambientes\/\",\"name\":\"Los Ambientes - Hotel Indigo Verona - Grand Hotel Des Arts\",\"isPartOf\":{\"@id\":\"https:\/\/www.indigoverona.com\/es\/#website\"},\"datePublished\":\"2020-12-23T10:02:28+00:00\",\"dateModified\":\"2025-05-26T10:17:10+00:00\",\"breadcrumb\":{\"@id\":\"https:\/\/www.indigoverona.com\/es\/hotel\/los-ambientes\/#breadcrumb\"},\"inLanguage\":\"es\",\"potentialAction\":[{\"@type\":\"ReadAction\",\"target\":[\"https:\/\/www.indigoverona.com\/es\/hotel\/los-ambientes\/\"]}]},{\"@type\":\"BreadcrumbList\",\"@id\":\"https:\/\/www.indigoverona.com\/es\/hotel\/los-ambientes\/#breadcrumb\",\"itemListElement\":[{\"@type\":\"ListItem\",\"position\":1,\"name\":\"Home\",\"item\":\"https:\/\/www.indigoverona.com\/es\/\"},{\"@type\":\"ListItem\",\"position\":2,\"name\":\"Hotel\",\"item\":\"https:\/\/www.indigoverona.com\/es\/hotel\/\"},{\"@type\":\"ListItem\",\"position\":3,\"name\":\"Los Ambientes\"}]},{\"@type\":\"WebSite\",\"@id\":\"https:\/\/www.indigoverona.com\/es\/#website\",\"url\":\"https:\/\/www.indigoverona.com\/es\/\",\"name\":\"Hotel Indigo Verona - Grand Hotel Des Arts\",\"description\":\"Just another ms.decms.eu site\",\"potentialAction\":[{\"@type\":\"SearchAction\",\"target\":{\"@type\":\"EntryPoint\",\"urlTemplate\":\"https:\/\/www.indigoverona.com\/es\/?s={search_term_string}\"},\"query-input\":{\"@type\":\"PropertyValueSpecification\",\"valueRequired\":true,\"valueName\":\"search_term_string\"}}],\"inLanguage\":\"es\"}]}<\/script>\n<!-- \/ Yoast SEO plugin. -->","yoast_head_json":{"title":"Los Ambientes - Hotel Indigo Verona - Grand Hotel Des Arts","robots":{"index":"index","follow":"follow","max-snippet":"max-snippet:-1","max-image-preview":"max-image-preview:large","max-video-preview":"max-video-preview:-1"},"canonical":"https:\/\/www.indigoverona.com\/es\/hotel\/los-ambientes\/","og_locale":"es_ES","og_type":"article","og_title":"Los Ambientes - Hotel Indigo Verona - Grand Hotel Des Arts","og_description":"Recientemente ha pasado por un \u00abretoque\u00bb renovando los ambientes sin modificar la atm\u00f3sfera refinada que lo caracteriza, el Hotel Indigo Verona dispone de 62 habitaciones de varios tipos, 3 salas de reuniones modulables, el Arya Bar &amp; Mixology, un jard\u00edn privado con sol\u00e1rium, terraza y zonas equipadas con los servicios m\u00e1s adecuados para satisfacer a [&hellip;]","og_url":"https:\/\/www.indigoverona.com\/es\/hotel\/los-ambientes\/","og_site_name":"Hotel Indigo Verona - Grand Hotel Des Arts","article_modified_time":"2025-05-26T10:17:10+00:00","twitter_card":"summary_large_image","twitter_misc":{"Tiempo de lectura":"1 minuto"},"schema":{"@context":"https:\/\/schema.org","@graph":[{"@type":"WebPage","@id":"https:\/\/www.indigoverona.com\/es\/hotel\/los-ambientes\/","url":"https:\/\/www.indigoverona.com\/es\/hotel\/los-ambientes\/","name":"Los Ambientes - Hotel Indigo Verona - Grand Hotel Des Arts","isPartOf":{"@id":"https:\/\/www.indigoverona.com\/es\/#website"},"datePublished":"2020-12-23T10:02:28+00:00","dateModified":"2025-05-26T10:17:10+00:00","breadcrumb":{"@id":"https:\/\/www.indigoverona.com\/es\/hotel\/los-ambientes\/#breadcrumb"},"inLanguage":"es","potentialAction":[{"@type":"ReadAction","target":["https:\/\/www.indigoverona.com\/es\/hotel\/los-ambientes\/"]}]},{"@type":"BreadcrumbList","@id":"https:\/\/www.indigoverona.com\/es\/hotel\/los-ambientes\/#breadcrumb","itemListElement":[{"@type":"ListItem","position":1,"name":"Home","item":"https:\/\/www.indigoverona.com\/es\/"},{"@type":"ListItem","position":2,"name":"Hotel","item":"https:\/\/www.indigoverona.com\/es\/hotel\/"},{"@type":"ListItem","position":3,"name":"Los Ambientes"}]},{"@type":"WebSite","@id":"https:\/\/www.indigoverona.com\/es\/#website","url":"https:\/\/www.indigoverona.com\/es\/","name":"Hotel Indigo Verona - Grand Hotel Des Arts","description":"Just another ms.decms.eu site","potentialAction":[{"@type":"SearchAction","target":{"@type":"EntryPoint","urlTemplate":"https:\/\/www.indigoverona.com\/es\/?s={search_term_string}"},"query-input":{"@type":"PropertyValueSpecification","valueRequired":true,"valueName":"search_term_string"}}],"inLanguage":"es"}]}},"acf":[],"_links":{"self":[{"href":"https:\/\/www.indigoverona.com\/es\/wp-json\/wp\/v2\/pages\/1088","targetHints":{"allow":["GET"]}}],"collection":[{"href":"https:\/\/www.indigoverona.com\/es\/wp-json\/wp\/v2\/pages"}],"about":[{"href":"https:\/\/www.indigoverona.com\/es\/wp-json\/wp\/v2\/types\/page"}],"author":[{"embeddable":true,"href":"https:\/\/www.indigoverona.com\/es\/wp-json\/wp\/v2\/users\/4"}],"replies":[{"embeddable":true,"href":"https:\/\/www.indigoverona.com\/es\/wp-json\/wp\/v2\/comments?post=1088"}],"version-history":[{"count":0,"href":"https:\/\/www.indigoverona.com\/es\/wp-json\/wp\/v2\/pages\/1088\/revisions"}],"up":[{"embeddable":true,"href":"https:\/\/www.indigoverona.com\/es\/wp-json\/wp\/v2\/pages\/1080"}],"wp:attachment":[{"href":"https:\/\/www.indigoverona.com\/es\/wp-json\/wp\/v2\/media?parent=1088"}],"curies":[{"name":"wp","href":"https:\/\/api.w.org\/{rel}","templated":true}]}}