{"id":1090,"date":"2020-12-23T10:21:58","date_gmt":"2020-12-23T10:21:58","guid":{"rendered":"https:\/\/www.indigoverona.com\/?page_id=1090"},"modified":"2025-08-18T11:04:45","modified_gmt":"2025-08-18T11:04:45","slug":"el-jardin-interno","status":"publish","type":"page","link":"https:\/\/www.indigoverona.com\/es\/hotel\/el-jardin-interno\/","title":{"rendered":"El Jard\u00edn interno"},"content":{"rendered":"<p>Si el tiempo lo permite, dese el lujo de pasear por nuestro jard\u00edn interno, rel\u00e1jese en el <strong>sol\u00e1rium<\/strong>, o pase unos minutos saboreando uno de los gustosos c\u00f3cteles de nuestro <strong><a title=\"Arya Bar &amp; Mixology - Hotel Indigo Verona\" href=\"https:\/\/www.indigoverona.com\/es\/arya-bar-mixology\/\">Arya Bar &amp; Mixology<\/a><u>.<\/u><\/strong> A la atm\u00f3sfera de calma y meditaci\u00f3n le acompa\u00f1ar\u00e1 el <strong>patio<\/strong>, con el crujido de las hojas y las obras de arte, que disfrutan de estas \u00abvacaciones\u00bb con total serenidad.<\/p>\n<p>Decorado con simp\u00e1ticas mesas, hamacas y sombrillas nuestro jard\u00edn interno ofrece un momento de <strong>relax \u00fanico, durante la primavera o en verano<\/strong>: un rinc\u00f3n tranquilo protegido del ruido y el traj\u00edn de la ciudad para pasar tardes al sol y relajarse.<\/p>\n","protected":false},"excerpt":{"rendered":"<p>Si el tiempo lo permite, dese el lujo de pasear por nuestro jard\u00edn interno, rel\u00e1jese en el sol\u00e1rium, o pase unos minutos saboreando uno de los gustosos c\u00f3cteles de nuestro Arya Bar &amp; Mixology. A la atm\u00f3sfera de calma y meditaci\u00f3n le acompa\u00f1ar\u00e1 el patio, con el crujido de las hojas y las obras de [&hellip;]<\/p>\n","protected":false},"author":4,"featured_media":0,"parent":1080,"menu_order":3,"comment_status":"closed","ping_status":"closed","template":"","meta":{"footnotes":""},"class_list":["post-1090","page","type-page","status-publish","hentry"],"yoast_head":"<!-- This site is optimized with the Yoast SEO plugin v26.9 - https:\/\/yoast.com\/product\/yoast-seo-wordpress\/ -->\n<title>El Jard\u00edn interno - Hotel Indigo Verona - Grand Hotel Des Arts<\/title>\n<meta name=\"robots\" content=\"index, follow, max-snippet:-1, max-image-preview:large, max-video-preview:-1\" \/>\n<link rel=\"canonical\" href=\"https:\/\/www.indigoverona.com\/es\/hotel\/el-jardin-interno\/\" \/>\n<meta property=\"og:locale\" content=\"es_ES\" \/>\n<meta property=\"og:type\" content=\"article\" \/>\n<meta property=\"og:title\" content=\"El Jard\u00edn interno - Hotel Indigo Verona - Grand Hotel Des Arts\" \/>\n<meta property=\"og:description\" content=\"Si el tiempo lo permite, dese el lujo de pasear por nuestro jard\u00edn interno, rel\u00e1jese en el sol\u00e1rium, o pase unos minutos saboreando uno de los gustosos c\u00f3cteles de nuestro Arya Bar &amp; Mixology. A la atm\u00f3sfera de calma y meditaci\u00f3n le acompa\u00f1ar\u00e1 el patio, con el crujido de las hojas y las obras de [&hellip;]\" \/>\n<meta property=\"og:url\" content=\"https:\/\/www.indigoverona.com\/es\/hotel\/el-jardin-interno\/\" \/>\n<meta property=\"og:site_name\" content=\"Hotel Indigo Verona - Grand Hotel Des Arts\" \/>\n<meta property=\"article:modified_time\" content=\"2025-08-18T11:04:45+00:00\" \/>\n<meta name=\"twitter:card\" content=\"summary_large_image\" \/>\n<meta name=\"twitter:label1\" content=\"Tiempo de lectura\" \/>\n\t<meta name=\"twitter:data1\" content=\"1 minuto\" \/>\n<script type=\"application\/ld+json\" class=\"yoast-schema-graph\">{\"@context\":\"https:\/\/schema.org\",\"@graph\":[{\"@type\":\"WebPage\",\"@id\":\"https:\/\/www.indigoverona.com\/es\/hotel\/el-jardin-interno\/\",\"url\":\"https:\/\/www.indigoverona.com\/es\/hotel\/el-jardin-interno\/\",\"name\":\"El Jard\u00edn interno - Hotel Indigo Verona - Grand Hotel Des Arts\",\"isPartOf\":{\"@id\":\"https:\/\/www.indigoverona.com\/es\/#website\"},\"datePublished\":\"2020-12-23T10:21:58+00:00\",\"dateModified\":\"2025-08-18T11:04:45+00:00\",\"breadcrumb\":{\"@id\":\"https:\/\/www.indigoverona.com\/es\/hotel\/el-jardin-interno\/#breadcrumb\"},\"inLanguage\":\"es\",\"potentialAction\":[{\"@type\":\"ReadAction\",\"target\":[\"https:\/\/www.indigoverona.com\/es\/hotel\/el-jardin-interno\/\"]}]},{\"@type\":\"BreadcrumbList\",\"@id\":\"https:\/\/www.indigoverona.com\/es\/hotel\/el-jardin-interno\/#breadcrumb\",\"itemListElement\":[{\"@type\":\"ListItem\",\"position\":1,\"name\":\"Home\",\"item\":\"https:\/\/www.indigoverona.com\/es\/\"},{\"@type\":\"ListItem\",\"position\":2,\"name\":\"Hotel\",\"item\":\"https:\/\/www.indigoverona.com\/es\/hotel\/\"},{\"@type\":\"ListItem\",\"position\":3,\"name\":\"El Jard\u00edn interno\"}]},{\"@type\":\"WebSite\",\"@id\":\"https:\/\/www.indigoverona.com\/es\/#website\",\"url\":\"https:\/\/www.indigoverona.com\/es\/\",\"name\":\"Hotel Indigo Verona - Grand Hotel Des Arts\",\"description\":\"Just another ms.decms.eu site\",\"potentialAction\":[{\"@type\":\"SearchAction\",\"target\":{\"@type\":\"EntryPoint\",\"urlTemplate\":\"https:\/\/www.indigoverona.com\/es\/?s={search_term_string}\"},\"query-input\":{\"@type\":\"PropertyValueSpecification\",\"valueRequired\":true,\"valueName\":\"search_term_string\"}}],\"inLanguage\":\"es\"}]}<\/script>\n<!-- \/ Yoast SEO plugin. -->","yoast_head_json":{"title":"El Jard\u00edn interno - Hotel Indigo Verona - Grand Hotel Des Arts","robots":{"index":"index","follow":"follow","max-snippet":"max-snippet:-1","max-image-preview":"max-image-preview:large","max-video-preview":"max-video-preview:-1"},"canonical":"https:\/\/www.indigoverona.com\/es\/hotel\/el-jardin-interno\/","og_locale":"es_ES","og_type":"article","og_title":"El Jard\u00edn interno - Hotel Indigo Verona - Grand Hotel Des Arts","og_description":"Si el tiempo lo permite, dese el lujo de pasear por nuestro jard\u00edn interno, rel\u00e1jese en el sol\u00e1rium, o pase unos minutos saboreando uno de los gustosos c\u00f3cteles de nuestro Arya Bar &amp; Mixology. A la atm\u00f3sfera de calma y meditaci\u00f3n le acompa\u00f1ar\u00e1 el patio, con el crujido de las hojas y las obras de [&hellip;]","og_url":"https:\/\/www.indigoverona.com\/es\/hotel\/el-jardin-interno\/","og_site_name":"Hotel Indigo Verona - Grand Hotel Des Arts","article_modified_time":"2025-08-18T11:04:45+00:00","twitter_card":"summary_large_image","twitter_misc":{"Tiempo de lectura":"1 minuto"},"schema":{"@context":"https:\/\/schema.org","@graph":[{"@type":"WebPage","@id":"https:\/\/www.indigoverona.com\/es\/hotel\/el-jardin-interno\/","url":"https:\/\/www.indigoverona.com\/es\/hotel\/el-jardin-interno\/","name":"El Jard\u00edn interno - Hotel Indigo Verona - Grand Hotel Des Arts","isPartOf":{"@id":"https:\/\/www.indigoverona.com\/es\/#website"},"datePublished":"2020-12-23T10:21:58+00:00","dateModified":"2025-08-18T11:04:45+00:00","breadcrumb":{"@id":"https:\/\/www.indigoverona.com\/es\/hotel\/el-jardin-interno\/#breadcrumb"},"inLanguage":"es","potentialAction":[{"@type":"ReadAction","target":["https:\/\/www.indigoverona.com\/es\/hotel\/el-jardin-interno\/"]}]},{"@type":"BreadcrumbList","@id":"https:\/\/www.indigoverona.com\/es\/hotel\/el-jardin-interno\/#breadcrumb","itemListElement":[{"@type":"ListItem","position":1,"name":"Home","item":"https:\/\/www.indigoverona.com\/es\/"},{"@type":"ListItem","position":2,"name":"Hotel","item":"https:\/\/www.indigoverona.com\/es\/hotel\/"},{"@type":"ListItem","position":3,"name":"El Jard\u00edn interno"}]},{"@type":"WebSite","@id":"https:\/\/www.indigoverona.com\/es\/#website","url":"https:\/\/www.indigoverona.com\/es\/","name":"Hotel Indigo Verona - Grand Hotel Des Arts","description":"Just another ms.decms.eu site","potentialAction":[{"@type":"SearchAction","target":{"@type":"EntryPoint","urlTemplate":"https:\/\/www.indigoverona.com\/es\/?s={search_term_string}"},"query-input":{"@type":"PropertyValueSpecification","valueRequired":true,"valueName":"search_term_string"}}],"inLanguage":"es"}]}},"acf":[],"_links":{"self":[{"href":"https:\/\/www.indigoverona.com\/es\/wp-json\/wp\/v2\/pages\/1090","targetHints":{"allow":["GET"]}}],"collection":[{"href":"https:\/\/www.indigoverona.com\/es\/wp-json\/wp\/v2\/pages"}],"about":[{"href":"https:\/\/www.indigoverona.com\/es\/wp-json\/wp\/v2\/types\/page"}],"author":[{"embeddable":true,"href":"https:\/\/www.indigoverona.com\/es\/wp-json\/wp\/v2\/users\/4"}],"replies":[{"embeddable":true,"href":"https:\/\/www.indigoverona.com\/es\/wp-json\/wp\/v2\/comments?post=1090"}],"version-history":[{"count":0,"href":"https:\/\/www.indigoverona.com\/es\/wp-json\/wp\/v2\/pages\/1090\/revisions"}],"up":[{"embeddable":true,"href":"https:\/\/www.indigoverona.com\/es\/wp-json\/wp\/v2\/pages\/1080"}],"wp:attachment":[{"href":"https:\/\/www.indigoverona.com\/es\/wp-json\/wp\/v2\/media?parent=1090"}],"curies":[{"name":"wp","href":"https:\/\/api.w.org\/{rel}","templated":true}]}}