{"id":1091,"date":"2020-12-23T10:25:13","date_gmt":"2020-12-23T10:25:13","guid":{"rendered":"https:\/\/www.indigoverona.com\/?page_id=1091"},"modified":"2025-07-11T10:23:54","modified_gmt":"2025-07-11T10:23:54","slug":"habitaciones-y-suites","status":"publish","type":"page","link":"https:\/\/www.indigoverona.com\/es\/habitaciones-y-suites\/","title":{"rendered":"Habitaciones y Suites"},"content":{"rendered":"<h1>Maravillosas habitaciones y suites muy cerca de la Arena<\/h1>\n<p>A pocos pasos de la Arena y del centro de Verona, sumergido en un espacio con infinitos lugares para visitar, pero lo suficientemente lejos del bullicio de la ciudad para que los viajeros que buscan silencio y relax puedan disfrutar de ellos, el <strong>Hotel Indigo Verona<\/strong> destaca por su oferta en cuanto a dise\u00f1o, comodidad y originalidad.<\/p>\n<p>El edificio de estilo modernista, cuya construcci\u00f3n se remonta a la d\u00e9cada de 1920, ha sido recientemente \u00abremodelado\u00bb para modernizar su dise\u00f1o conservando su atm\u00f3sfera. Una elecci\u00f3n que ha permitido que nuestras habitaciones combinen perfectamente confort y dinamismo, el lugar ideal donde refugiarse del estr\u00e9s diario y reponerse del cansancio de la jornada. Todas las habitaci\u00f3n, elegantemente renovadas y decoradas, disponen de mobiliario de estilo contempor\u00e1neo y de todas las comodidades para disfrutar de una estancia inolvidable en Verona. Adem\u00e1s, los techos altos combinados con el estilo ecl\u00e9ctico de la arquitectura original crean una atm\u00f3sfera \u00fanica. Las habitaciones destacan por fuertes contrastes de color entre las paredes y los cabeceros de la cama, caracterizados por grandes decoraciones que los convierten en un elemento esencial.<\/p>\n<p>En todas las habitaciones se aprecia el cuidado de los detalles:\u00a0<a href=\"https:\/\/www.indigoverona.com\/es\/habitaciones-y-suites\/habitaciones-standard\/\"><strong>Standard<\/strong><\/a>, <a href=\"https:\/\/www.indigoverona.com\/es\/habitaciones-y-suites\/habitaciones-premium\/\"><strong>Premium<\/strong><\/a> o <strong><a href=\"https:\/\/www.indigoverona.com\/es\/habitaciones-y-suites\/suite\/\">Suite<\/a><\/strong>, todas disponen de cuarto de ba\u00f1o privado, donde concederse largos momentos de relax, camas c\u00f3modas para un dulce sue\u00f1o reparador y servicios especiales, como almohadas adicionales y un hervidor para preparar t\u00e9 o caf\u00e9, que representan ese toque adicional para que su estancia sea todav\u00eda m\u00e1s especial.<\/p>\n","protected":false},"excerpt":{"rendered":"<p>Maravillosas habitaciones y suites muy cerca de la Arena A pocos pasos de la Arena y del centro de Verona, sumergido en un espacio con infinitos lugares para visitar, pero lo suficientemente lejos del bullicio de la ciudad para que los viajeros que buscan silencio y relax puedan disfrutar de ellos, el Hotel Indigo Verona [&hellip;]<\/p>\n","protected":false},"author":4,"featured_media":0,"parent":0,"menu_order":2,"comment_status":"closed","ping_status":"closed","template":"template-rooms.php","meta":{"footnotes":""},"class_list":["post-1091","page","type-page","status-publish","hentry"],"yoast_head":"<!-- This site is optimized with the Yoast SEO plugin v26.9 - https:\/\/yoast.com\/product\/yoast-seo-wordpress\/ -->\n<title>Habitaciones y Suites - Hotel Indigo Verona - Grand Hotel Des Arts<\/title>\n<meta name=\"robots\" content=\"index, follow, max-snippet:-1, max-image-preview:large, max-video-preview:-1\" \/>\n<link rel=\"canonical\" href=\"https:\/\/www.indigoverona.com\/es\/habitaciones-y-suites\/\" \/>\n<meta property=\"og:locale\" content=\"es_ES\" \/>\n<meta property=\"og:type\" content=\"article\" \/>\n<meta property=\"og:title\" content=\"Habitaciones y Suites - Hotel Indigo Verona - Grand Hotel Des Arts\" \/>\n<meta property=\"og:description\" content=\"Maravillosas habitaciones y suites muy cerca de la Arena A pocos pasos de la Arena y del centro de Verona, sumergido en un espacio con infinitos lugares para visitar, pero lo suficientemente lejos del bullicio de la ciudad para que los viajeros que buscan silencio y relax puedan disfrutar de ellos, el Hotel Indigo Verona [&hellip;]\" \/>\n<meta property=\"og:url\" content=\"https:\/\/www.indigoverona.com\/es\/habitaciones-y-suites\/\" \/>\n<meta property=\"og:site_name\" content=\"Hotel Indigo Verona - Grand Hotel Des Arts\" \/>\n<meta property=\"article:modified_time\" content=\"2025-07-11T10:23:54+00:00\" \/>\n<meta name=\"twitter:card\" content=\"summary_large_image\" \/>\n<meta name=\"twitter:label1\" content=\"Tiempo de lectura\" \/>\n\t<meta name=\"twitter:data1\" content=\"2 minutos\" \/>\n<script type=\"application\/ld+json\" class=\"yoast-schema-graph\">{\"@context\":\"https:\/\/schema.org\",\"@graph\":[{\"@type\":\"WebPage\",\"@id\":\"https:\/\/www.indigoverona.com\/es\/habitaciones-y-suites\/\",\"url\":\"https:\/\/www.indigoverona.com\/es\/habitaciones-y-suites\/\",\"name\":\"Habitaciones y Suites - Hotel Indigo Verona - Grand Hotel Des Arts\",\"isPartOf\":{\"@id\":\"https:\/\/www.indigoverona.com\/es\/#website\"},\"datePublished\":\"2020-12-23T10:25:13+00:00\",\"dateModified\":\"2025-07-11T10:23:54+00:00\",\"breadcrumb\":{\"@id\":\"https:\/\/www.indigoverona.com\/es\/habitaciones-y-suites\/#breadcrumb\"},\"inLanguage\":\"es\",\"potentialAction\":[{\"@type\":\"ReadAction\",\"target\":[\"https:\/\/www.indigoverona.com\/es\/habitaciones-y-suites\/\"]}]},{\"@type\":\"BreadcrumbList\",\"@id\":\"https:\/\/www.indigoverona.com\/es\/habitaciones-y-suites\/#breadcrumb\",\"itemListElement\":[{\"@type\":\"ListItem\",\"position\":1,\"name\":\"Home\",\"item\":\"https:\/\/www.indigoverona.com\/es\/\"},{\"@type\":\"ListItem\",\"position\":2,\"name\":\"Habitaciones y Suites\"}]},{\"@type\":\"WebSite\",\"@id\":\"https:\/\/www.indigoverona.com\/es\/#website\",\"url\":\"https:\/\/www.indigoverona.com\/es\/\",\"name\":\"Hotel Indigo Verona - Grand Hotel Des Arts\",\"description\":\"Just another ms.decms.eu site\",\"potentialAction\":[{\"@type\":\"SearchAction\",\"target\":{\"@type\":\"EntryPoint\",\"urlTemplate\":\"https:\/\/www.indigoverona.com\/es\/?s={search_term_string}\"},\"query-input\":{\"@type\":\"PropertyValueSpecification\",\"valueRequired\":true,\"valueName\":\"search_term_string\"}}],\"inLanguage\":\"es\"}]}<\/script>\n<!-- \/ Yoast SEO plugin. -->","yoast_head_json":{"title":"Habitaciones y Suites - Hotel Indigo Verona - Grand Hotel Des Arts","robots":{"index":"index","follow":"follow","max-snippet":"max-snippet:-1","max-image-preview":"max-image-preview:large","max-video-preview":"max-video-preview:-1"},"canonical":"https:\/\/www.indigoverona.com\/es\/habitaciones-y-suites\/","og_locale":"es_ES","og_type":"article","og_title":"Habitaciones y Suites - Hotel Indigo Verona - Grand Hotel Des Arts","og_description":"Maravillosas habitaciones y suites muy cerca de la Arena A pocos pasos de la Arena y del centro de Verona, sumergido en un espacio con infinitos lugares para visitar, pero lo suficientemente lejos del bullicio de la ciudad para que los viajeros que buscan silencio y relax puedan disfrutar de ellos, el Hotel Indigo Verona [&hellip;]","og_url":"https:\/\/www.indigoverona.com\/es\/habitaciones-y-suites\/","og_site_name":"Hotel Indigo Verona - Grand Hotel Des Arts","article_modified_time":"2025-07-11T10:23:54+00:00","twitter_card":"summary_large_image","twitter_misc":{"Tiempo de lectura":"2 minutos"},"schema":{"@context":"https:\/\/schema.org","@graph":[{"@type":"WebPage","@id":"https:\/\/www.indigoverona.com\/es\/habitaciones-y-suites\/","url":"https:\/\/www.indigoverona.com\/es\/habitaciones-y-suites\/","name":"Habitaciones y Suites - Hotel Indigo Verona - Grand Hotel Des Arts","isPartOf":{"@id":"https:\/\/www.indigoverona.com\/es\/#website"},"datePublished":"2020-12-23T10:25:13+00:00","dateModified":"2025-07-11T10:23:54+00:00","breadcrumb":{"@id":"https:\/\/www.indigoverona.com\/es\/habitaciones-y-suites\/#breadcrumb"},"inLanguage":"es","potentialAction":[{"@type":"ReadAction","target":["https:\/\/www.indigoverona.com\/es\/habitaciones-y-suites\/"]}]},{"@type":"BreadcrumbList","@id":"https:\/\/www.indigoverona.com\/es\/habitaciones-y-suites\/#breadcrumb","itemListElement":[{"@type":"ListItem","position":1,"name":"Home","item":"https:\/\/www.indigoverona.com\/es\/"},{"@type":"ListItem","position":2,"name":"Habitaciones y Suites"}]},{"@type":"WebSite","@id":"https:\/\/www.indigoverona.com\/es\/#website","url":"https:\/\/www.indigoverona.com\/es\/","name":"Hotel Indigo Verona - Grand Hotel Des Arts","description":"Just another ms.decms.eu site","potentialAction":[{"@type":"SearchAction","target":{"@type":"EntryPoint","urlTemplate":"https:\/\/www.indigoverona.com\/es\/?s={search_term_string}"},"query-input":{"@type":"PropertyValueSpecification","valueRequired":true,"valueName":"search_term_string"}}],"inLanguage":"es"}]}},"acf":[],"_links":{"self":[{"href":"https:\/\/www.indigoverona.com\/es\/wp-json\/wp\/v2\/pages\/1091","targetHints":{"allow":["GET"]}}],"collection":[{"href":"https:\/\/www.indigoverona.com\/es\/wp-json\/wp\/v2\/pages"}],"about":[{"href":"https:\/\/www.indigoverona.com\/es\/wp-json\/wp\/v2\/types\/page"}],"author":[{"embeddable":true,"href":"https:\/\/www.indigoverona.com\/es\/wp-json\/wp\/v2\/users\/4"}],"replies":[{"embeddable":true,"href":"https:\/\/www.indigoverona.com\/es\/wp-json\/wp\/v2\/comments?post=1091"}],"version-history":[{"count":0,"href":"https:\/\/www.indigoverona.com\/es\/wp-json\/wp\/v2\/pages\/1091\/revisions"}],"wp:attachment":[{"href":"https:\/\/www.indigoverona.com\/es\/wp-json\/wp\/v2\/media?parent=1091"}],"curies":[{"name":"wp","href":"https:\/\/api.w.org\/{rel}","templated":true}]}}