{"id":1094,"date":"2020-12-23T14:37:58","date_gmt":"2020-12-23T14:37:58","guid":{"rendered":"https:\/\/www.indigoverona.com\/?page_id=1094"},"modified":"2022-06-03T14:15:39","modified_gmt":"2022-06-03T14:15:39","slug":"habitaciones-premium","status":"publish","type":"page","link":"https:\/\/www.indigoverona.com\/es\/habitaciones-y-suites\/habitaciones-premium\/","title":{"rendered":"Habitaciones Premium"},"content":{"rendered":"<p>Decoradas de manera refinada, con tonos del rojo oscuro y del gris y con elegantes referencias a los famosos frescos de Paolo Veronese que reproducen la campi\u00f1a que rodea la ciudad, las <strong>habitaciones Premium <\/strong>son la opci\u00f3n ideal para los hu\u00e9spedes que desean <strong>un poco m\u00e1s de cuidados<\/strong>: m\u00e1s capacidad, una cama m\u00e1s grande y un peque\u00f1o balc\u00f3n con vistas a la ciudad.<\/p>\n<p>Est\u00e1n disponibles los tama\u00f1os de cama king size o camas individuales juntas, <strong>las habitaciones Premium<\/strong> tienen todas aire acondicionado, Wi-Fi gratuito, escritorio y silla, TV LCD con Chromecast y canales de Sky, hervidor para t\u00e9 o caf\u00e9 y minibar con agua gratis.<\/p>\n<p>Los ba\u00f1os est\u00e1n equipados con ba\u00f1era o con ducha, albornoz, zapatillas y l\u00ednea de cortes\u00eda.<\/p>\n<p>Amuebladas con dos\u00a0<strong>camas separadas<\/strong>\u00a0o una exclusiva cama\u00a0<strong>doble king-size<\/strong>.<\/p>\n","protected":false},"excerpt":{"rendered":"<p>Decoradas de manera refinada, con tonos del rojo oscuro y del gris y con elegantes referencias a los famosos frescos de Paolo Veronese que reproducen la campi\u00f1a que rodea la ciudad, las habitaciones Premium son la opci\u00f3n ideal para los hu\u00e9spedes que desean un poco m\u00e1s de cuidados: m\u00e1s capacidad, una cama m\u00e1s grande y [&hellip;]<\/p>\n","protected":false},"author":4,"featured_media":0,"parent":1091,"menu_order":2,"comment_status":"closed","ping_status":"closed","template":"template-single-room.php","meta":{"footnotes":""},"class_list":["post-1094","page","type-page","status-publish","hentry"],"yoast_head":"<!-- This site is optimized with the Yoast SEO plugin v26.9 - https:\/\/yoast.com\/product\/yoast-seo-wordpress\/ -->\n<title>Habitaciones Premium - Hotel Indigo Verona - Grand Hotel Des Arts<\/title>\n<meta name=\"robots\" content=\"index, follow, max-snippet:-1, max-image-preview:large, max-video-preview:-1\" \/>\n<link rel=\"canonical\" href=\"https:\/\/www.indigoverona.com\/es\/habitaciones-y-suites\/habitaciones-premium\/\" \/>\n<meta property=\"og:locale\" content=\"es_ES\" \/>\n<meta property=\"og:type\" content=\"article\" \/>\n<meta property=\"og:title\" content=\"Habitaciones Premium - Hotel Indigo Verona - Grand Hotel Des Arts\" \/>\n<meta property=\"og:description\" content=\"Decoradas de manera refinada, con tonos del rojo oscuro y del gris y con elegantes referencias a los famosos frescos de Paolo Veronese que reproducen la campi\u00f1a que rodea la ciudad, las habitaciones Premium son la opci\u00f3n ideal para los hu\u00e9spedes que desean un poco m\u00e1s de cuidados: m\u00e1s capacidad, una cama m\u00e1s grande y [&hellip;]\" \/>\n<meta property=\"og:url\" content=\"https:\/\/www.indigoverona.com\/es\/habitaciones-y-suites\/habitaciones-premium\/\" \/>\n<meta property=\"og:site_name\" content=\"Hotel Indigo Verona - Grand Hotel Des Arts\" \/>\n<meta property=\"article:modified_time\" content=\"2022-06-03T14:15:39+00:00\" \/>\n<meta name=\"twitter:card\" content=\"summary_large_image\" \/>\n<meta name=\"twitter:label1\" content=\"Tiempo de lectura\" \/>\n\t<meta name=\"twitter:data1\" content=\"1 minuto\" \/>\n<script type=\"application\/ld+json\" class=\"yoast-schema-graph\">{\"@context\":\"https:\/\/schema.org\",\"@graph\":[{\"@type\":\"WebPage\",\"@id\":\"https:\/\/www.indigoverona.com\/es\/habitaciones-y-suites\/habitaciones-premium\/\",\"url\":\"https:\/\/www.indigoverona.com\/es\/habitaciones-y-suites\/habitaciones-premium\/\",\"name\":\"Habitaciones Premium - Hotel Indigo Verona - Grand Hotel Des Arts\",\"isPartOf\":{\"@id\":\"https:\/\/www.indigoverona.com\/es\/#website\"},\"datePublished\":\"2020-12-23T14:37:58+00:00\",\"dateModified\":\"2022-06-03T14:15:39+00:00\",\"breadcrumb\":{\"@id\":\"https:\/\/www.indigoverona.com\/es\/habitaciones-y-suites\/habitaciones-premium\/#breadcrumb\"},\"inLanguage\":\"es\",\"potentialAction\":[{\"@type\":\"ReadAction\",\"target\":[\"https:\/\/www.indigoverona.com\/es\/habitaciones-y-suites\/habitaciones-premium\/\"]}]},{\"@type\":\"BreadcrumbList\",\"@id\":\"https:\/\/www.indigoverona.com\/es\/habitaciones-y-suites\/habitaciones-premium\/#breadcrumb\",\"itemListElement\":[{\"@type\":\"ListItem\",\"position\":1,\"name\":\"Home\",\"item\":\"https:\/\/www.indigoverona.com\/es\/\"},{\"@type\":\"ListItem\",\"position\":2,\"name\":\"Habitaciones y Suites\",\"item\":\"https:\/\/www.indigoverona.com\/es\/habitaciones-y-suites\/\"},{\"@type\":\"ListItem\",\"position\":3,\"name\":\"Habitaciones Premium\"}]},{\"@type\":\"WebSite\",\"@id\":\"https:\/\/www.indigoverona.com\/es\/#website\",\"url\":\"https:\/\/www.indigoverona.com\/es\/\",\"name\":\"Hotel Indigo Verona - Grand Hotel Des Arts\",\"description\":\"Just another ms.decms.eu site\",\"potentialAction\":[{\"@type\":\"SearchAction\",\"target\":{\"@type\":\"EntryPoint\",\"urlTemplate\":\"https:\/\/www.indigoverona.com\/es\/?s={search_term_string}\"},\"query-input\":{\"@type\":\"PropertyValueSpecification\",\"valueRequired\":true,\"valueName\":\"search_term_string\"}}],\"inLanguage\":\"es\"}]}<\/script>\n<!-- \/ Yoast SEO plugin. -->","yoast_head_json":{"title":"Habitaciones Premium - Hotel Indigo Verona - Grand Hotel Des Arts","robots":{"index":"index","follow":"follow","max-snippet":"max-snippet:-1","max-image-preview":"max-image-preview:large","max-video-preview":"max-video-preview:-1"},"canonical":"https:\/\/www.indigoverona.com\/es\/habitaciones-y-suites\/habitaciones-premium\/","og_locale":"es_ES","og_type":"article","og_title":"Habitaciones Premium - Hotel Indigo Verona - Grand Hotel Des Arts","og_description":"Decoradas de manera refinada, con tonos del rojo oscuro y del gris y con elegantes referencias a los famosos frescos de Paolo Veronese que reproducen la campi\u00f1a que rodea la ciudad, las habitaciones Premium son la opci\u00f3n ideal para los hu\u00e9spedes que desean un poco m\u00e1s de cuidados: m\u00e1s capacidad, una cama m\u00e1s grande y [&hellip;]","og_url":"https:\/\/www.indigoverona.com\/es\/habitaciones-y-suites\/habitaciones-premium\/","og_site_name":"Hotel Indigo Verona - Grand Hotel Des Arts","article_modified_time":"2022-06-03T14:15:39+00:00","twitter_card":"summary_large_image","twitter_misc":{"Tiempo de lectura":"1 minuto"},"schema":{"@context":"https:\/\/schema.org","@graph":[{"@type":"WebPage","@id":"https:\/\/www.indigoverona.com\/es\/habitaciones-y-suites\/habitaciones-premium\/","url":"https:\/\/www.indigoverona.com\/es\/habitaciones-y-suites\/habitaciones-premium\/","name":"Habitaciones Premium - Hotel Indigo Verona - Grand Hotel Des Arts","isPartOf":{"@id":"https:\/\/www.indigoverona.com\/es\/#website"},"datePublished":"2020-12-23T14:37:58+00:00","dateModified":"2022-06-03T14:15:39+00:00","breadcrumb":{"@id":"https:\/\/www.indigoverona.com\/es\/habitaciones-y-suites\/habitaciones-premium\/#breadcrumb"},"inLanguage":"es","potentialAction":[{"@type":"ReadAction","target":["https:\/\/www.indigoverona.com\/es\/habitaciones-y-suites\/habitaciones-premium\/"]}]},{"@type":"BreadcrumbList","@id":"https:\/\/www.indigoverona.com\/es\/habitaciones-y-suites\/habitaciones-premium\/#breadcrumb","itemListElement":[{"@type":"ListItem","position":1,"name":"Home","item":"https:\/\/www.indigoverona.com\/es\/"},{"@type":"ListItem","position":2,"name":"Habitaciones y Suites","item":"https:\/\/www.indigoverona.com\/es\/habitaciones-y-suites\/"},{"@type":"ListItem","position":3,"name":"Habitaciones Premium"}]},{"@type":"WebSite","@id":"https:\/\/www.indigoverona.com\/es\/#website","url":"https:\/\/www.indigoverona.com\/es\/","name":"Hotel Indigo Verona - Grand Hotel Des Arts","description":"Just another ms.decms.eu site","potentialAction":[{"@type":"SearchAction","target":{"@type":"EntryPoint","urlTemplate":"https:\/\/www.indigoverona.com\/es\/?s={search_term_string}"},"query-input":{"@type":"PropertyValueSpecification","valueRequired":true,"valueName":"search_term_string"}}],"inLanguage":"es"}]}},"acf":[],"_links":{"self":[{"href":"https:\/\/www.indigoverona.com\/es\/wp-json\/wp\/v2\/pages\/1094","targetHints":{"allow":["GET"]}}],"collection":[{"href":"https:\/\/www.indigoverona.com\/es\/wp-json\/wp\/v2\/pages"}],"about":[{"href":"https:\/\/www.indigoverona.com\/es\/wp-json\/wp\/v2\/types\/page"}],"author":[{"embeddable":true,"href":"https:\/\/www.indigoverona.com\/es\/wp-json\/wp\/v2\/users\/4"}],"replies":[{"embeddable":true,"href":"https:\/\/www.indigoverona.com\/es\/wp-json\/wp\/v2\/comments?post=1094"}],"version-history":[{"count":0,"href":"https:\/\/www.indigoverona.com\/es\/wp-json\/wp\/v2\/pages\/1094\/revisions"}],"up":[{"embeddable":true,"href":"https:\/\/www.indigoverona.com\/es\/wp-json\/wp\/v2\/pages\/1091"}],"wp:attachment":[{"href":"https:\/\/www.indigoverona.com\/es\/wp-json\/wp\/v2\/media?parent=1094"}],"curies":[{"name":"wp","href":"https:\/\/api.w.org\/{rel}","templated":true}]}}