{"id":1096,"date":"2020-12-23T14:43:26","date_gmt":"2020-12-23T14:43:26","guid":{"rendered":"https:\/\/www.indigoverona.com\/?page_id=1096"},"modified":"2022-06-03T14:23:55","modified_gmt":"2022-06-03T14:23:55","slug":"suite","status":"publish","type":"page","link":"https:\/\/www.indigoverona.com\/es\/habitaciones-y-suites\/suite\/","title":{"rendered":"Suite con zona de Estar"},"content":{"rendered":"<p>Amplias, luminosas, decoradas con un toque refinado, nuestras <strong>Suite<\/strong> son la opci\u00f3n ideal<strong> para qui\u00e9nes no renuncian al confort ni siquiera en los viajes.<\/strong><\/p>\n<p>Su gran capacidad (35 m2), la <strong>zona living separada con un c\u00f3modo sof\u00e1-cama<\/strong>, vistas al bonito jard\u00edn interno y las c\u00f3modas <strong>camas matrimoniales queen size<\/strong> son los puntos fuertes de nuestras <strong>Suites<\/strong>.<\/p>\n<p>Equipadas con aire acondicionado, Wi-Fi gratuito, escritorio y silla, minibar con agua gratis, TV LCD con Chromecast y canales de Sky, las <strong>Suite<\/strong> cuentan con servicios exclusivos: cada habitaci\u00f3n ofrece al hu\u00e9sped una <strong>m\u00e1quina de caf\u00e9 Nespresso<\/strong> con c\u00e1psulas y los ba\u00f1os incluyen suaves albornoces de toalla, c\u00f3modas zapatillas y l\u00ednea de cortes\u00eda especial.<\/p>\n<p>Amuebladas con\u00a0una exclusiva cama\u00a0<strong>doble king-size.<\/strong><\/p>\n","protected":false},"excerpt":{"rendered":"<p>Amplias, luminosas, decoradas con un toque refinado, nuestras Suite son la opci\u00f3n ideal para qui\u00e9nes no renuncian al confort ni siquiera en los viajes. Su gran capacidad (35 m2), la zona living separada con un c\u00f3modo sof\u00e1-cama, vistas al bonito jard\u00edn interno y las c\u00f3modas camas matrimoniales queen size son los puntos fuertes de nuestras [&hellip;]<\/p>\n","protected":false},"author":4,"featured_media":0,"parent":1091,"menu_order":4,"comment_status":"closed","ping_status":"closed","template":"template-single-room.php","meta":{"footnotes":""},"class_list":["post-1096","page","type-page","status-publish","hentry"],"yoast_head":"<!-- This site is optimized with the Yoast SEO plugin v26.9 - https:\/\/yoast.com\/product\/yoast-seo-wordpress\/ -->\n<title>Suite con zona de Estar - Hotel Indigo Verona - Grand Hotel Des Arts<\/title>\n<meta name=\"robots\" content=\"index, follow, max-snippet:-1, max-image-preview:large, max-video-preview:-1\" \/>\n<link rel=\"canonical\" href=\"https:\/\/www.indigoverona.com\/es\/habitaciones-y-suites\/suite\/\" \/>\n<meta property=\"og:locale\" content=\"es_ES\" \/>\n<meta property=\"og:type\" content=\"article\" \/>\n<meta property=\"og:title\" content=\"Suite con zona de Estar - Hotel Indigo Verona - Grand Hotel Des Arts\" \/>\n<meta property=\"og:description\" content=\"Amplias, luminosas, decoradas con un toque refinado, nuestras Suite son la opci\u00f3n ideal para qui\u00e9nes no renuncian al confort ni siquiera en los viajes. Su gran capacidad (35 m2), la zona living separada con un c\u00f3modo sof\u00e1-cama, vistas al bonito jard\u00edn interno y las c\u00f3modas camas matrimoniales queen size son los puntos fuertes de nuestras [&hellip;]\" \/>\n<meta property=\"og:url\" content=\"https:\/\/www.indigoverona.com\/es\/habitaciones-y-suites\/suite\/\" \/>\n<meta property=\"og:site_name\" content=\"Hotel Indigo Verona - Grand Hotel Des Arts\" \/>\n<meta property=\"article:modified_time\" content=\"2022-06-03T14:23:55+00:00\" \/>\n<meta name=\"twitter:card\" content=\"summary_large_image\" \/>\n<meta name=\"twitter:label1\" content=\"Tiempo de lectura\" \/>\n\t<meta name=\"twitter:data1\" content=\"1 minuto\" \/>\n<script type=\"application\/ld+json\" class=\"yoast-schema-graph\">{\"@context\":\"https:\/\/schema.org\",\"@graph\":[{\"@type\":\"WebPage\",\"@id\":\"https:\/\/www.indigoverona.com\/es\/habitaciones-y-suites\/suite\/\",\"url\":\"https:\/\/www.indigoverona.com\/es\/habitaciones-y-suites\/suite\/\",\"name\":\"Suite con zona de Estar - Hotel Indigo Verona - Grand Hotel Des Arts\",\"isPartOf\":{\"@id\":\"https:\/\/www.indigoverona.com\/es\/#website\"},\"datePublished\":\"2020-12-23T14:43:26+00:00\",\"dateModified\":\"2022-06-03T14:23:55+00:00\",\"breadcrumb\":{\"@id\":\"https:\/\/www.indigoverona.com\/es\/habitaciones-y-suites\/suite\/#breadcrumb\"},\"inLanguage\":\"es\",\"potentialAction\":[{\"@type\":\"ReadAction\",\"target\":[\"https:\/\/www.indigoverona.com\/es\/habitaciones-y-suites\/suite\/\"]}]},{\"@type\":\"BreadcrumbList\",\"@id\":\"https:\/\/www.indigoverona.com\/es\/habitaciones-y-suites\/suite\/#breadcrumb\",\"itemListElement\":[{\"@type\":\"ListItem\",\"position\":1,\"name\":\"Home\",\"item\":\"https:\/\/www.indigoverona.com\/es\/\"},{\"@type\":\"ListItem\",\"position\":2,\"name\":\"Habitaciones y Suites\",\"item\":\"https:\/\/www.indigoverona.com\/es\/habitaciones-y-suites\/\"},{\"@type\":\"ListItem\",\"position\":3,\"name\":\"Suite con zona de Estar\"}]},{\"@type\":\"WebSite\",\"@id\":\"https:\/\/www.indigoverona.com\/es\/#website\",\"url\":\"https:\/\/www.indigoverona.com\/es\/\",\"name\":\"Hotel Indigo Verona - Grand Hotel Des Arts\",\"description\":\"Just another ms.decms.eu site\",\"potentialAction\":[{\"@type\":\"SearchAction\",\"target\":{\"@type\":\"EntryPoint\",\"urlTemplate\":\"https:\/\/www.indigoverona.com\/es\/?s={search_term_string}\"},\"query-input\":{\"@type\":\"PropertyValueSpecification\",\"valueRequired\":true,\"valueName\":\"search_term_string\"}}],\"inLanguage\":\"es\"}]}<\/script>\n<!-- \/ Yoast SEO plugin. -->","yoast_head_json":{"title":"Suite con zona de Estar - Hotel Indigo Verona - Grand Hotel Des Arts","robots":{"index":"index","follow":"follow","max-snippet":"max-snippet:-1","max-image-preview":"max-image-preview:large","max-video-preview":"max-video-preview:-1"},"canonical":"https:\/\/www.indigoverona.com\/es\/habitaciones-y-suites\/suite\/","og_locale":"es_ES","og_type":"article","og_title":"Suite con zona de Estar - Hotel Indigo Verona - Grand Hotel Des Arts","og_description":"Amplias, luminosas, decoradas con un toque refinado, nuestras Suite son la opci\u00f3n ideal para qui\u00e9nes no renuncian al confort ni siquiera en los viajes. Su gran capacidad (35 m2), la zona living separada con un c\u00f3modo sof\u00e1-cama, vistas al bonito jard\u00edn interno y las c\u00f3modas camas matrimoniales queen size son los puntos fuertes de nuestras [&hellip;]","og_url":"https:\/\/www.indigoverona.com\/es\/habitaciones-y-suites\/suite\/","og_site_name":"Hotel Indigo Verona - Grand Hotel Des Arts","article_modified_time":"2022-06-03T14:23:55+00:00","twitter_card":"summary_large_image","twitter_misc":{"Tiempo de lectura":"1 minuto"},"schema":{"@context":"https:\/\/schema.org","@graph":[{"@type":"WebPage","@id":"https:\/\/www.indigoverona.com\/es\/habitaciones-y-suites\/suite\/","url":"https:\/\/www.indigoverona.com\/es\/habitaciones-y-suites\/suite\/","name":"Suite con zona de Estar - Hotel Indigo Verona - Grand Hotel Des Arts","isPartOf":{"@id":"https:\/\/www.indigoverona.com\/es\/#website"},"datePublished":"2020-12-23T14:43:26+00:00","dateModified":"2022-06-03T14:23:55+00:00","breadcrumb":{"@id":"https:\/\/www.indigoverona.com\/es\/habitaciones-y-suites\/suite\/#breadcrumb"},"inLanguage":"es","potentialAction":[{"@type":"ReadAction","target":["https:\/\/www.indigoverona.com\/es\/habitaciones-y-suites\/suite\/"]}]},{"@type":"BreadcrumbList","@id":"https:\/\/www.indigoverona.com\/es\/habitaciones-y-suites\/suite\/#breadcrumb","itemListElement":[{"@type":"ListItem","position":1,"name":"Home","item":"https:\/\/www.indigoverona.com\/es\/"},{"@type":"ListItem","position":2,"name":"Habitaciones y Suites","item":"https:\/\/www.indigoverona.com\/es\/habitaciones-y-suites\/"},{"@type":"ListItem","position":3,"name":"Suite con zona de Estar"}]},{"@type":"WebSite","@id":"https:\/\/www.indigoverona.com\/es\/#website","url":"https:\/\/www.indigoverona.com\/es\/","name":"Hotel Indigo Verona - Grand Hotel Des Arts","description":"Just another ms.decms.eu site","potentialAction":[{"@type":"SearchAction","target":{"@type":"EntryPoint","urlTemplate":"https:\/\/www.indigoverona.com\/es\/?s={search_term_string}"},"query-input":{"@type":"PropertyValueSpecification","valueRequired":true,"valueName":"search_term_string"}}],"inLanguage":"es"}]}},"acf":[],"_links":{"self":[{"href":"https:\/\/www.indigoverona.com\/es\/wp-json\/wp\/v2\/pages\/1096","targetHints":{"allow":["GET"]}}],"collection":[{"href":"https:\/\/www.indigoverona.com\/es\/wp-json\/wp\/v2\/pages"}],"about":[{"href":"https:\/\/www.indigoverona.com\/es\/wp-json\/wp\/v2\/types\/page"}],"author":[{"embeddable":true,"href":"https:\/\/www.indigoverona.com\/es\/wp-json\/wp\/v2\/users\/4"}],"replies":[{"embeddable":true,"href":"https:\/\/www.indigoverona.com\/es\/wp-json\/wp\/v2\/comments?post=1096"}],"version-history":[{"count":0,"href":"https:\/\/www.indigoverona.com\/es\/wp-json\/wp\/v2\/pages\/1096\/revisions"}],"up":[{"embeddable":true,"href":"https:\/\/www.indigoverona.com\/es\/wp-json\/wp\/v2\/pages\/1091"}],"wp:attachment":[{"href":"https:\/\/www.indigoverona.com\/es\/wp-json\/wp\/v2\/media?parent=1096"}],"curies":[{"name":"wp","href":"https:\/\/api.w.org\/{rel}","templated":true}]}}