{"id":1098,"date":"2020-12-23T14:52:14","date_gmt":"2020-12-23T14:52:14","guid":{"rendered":"https:\/\/www.indigoverona.com\/?page_id=1098"},"modified":"2025-07-11T10:13:48","modified_gmt":"2025-07-11T10:13:48","slug":"arya-bar-mixology","status":"publish","type":"page","link":"https:\/\/www.indigoverona.com\/es\/arya-bar-mixology\/","title":{"rendered":"Arya Bar &amp; Mixology"},"content":{"rendered":"<h3>Sabrosos c\u00f3cteles, vinos refinados y deliciosos platos de bistr\u00f3: esto y mucho m\u00e1s es el Arya<\/h3>\n<p><strong>Abierto todos los d\u00edas de las 7.00 de la ma\u00f1ana a las 11 de la noche<\/strong> Arya Bar &amp; Mixology\u00a0sorprender\u00e1 a los hu\u00e9spedes del <strong>Hotel Indigo Verona<\/strong> con una selecci\u00f3n de <strong>snacks, caf\u00e9s y t\u00e9s, servidos durante el d\u00eda y con<\/strong> <strong>una carta de degustaci\u00f3n de vinos, c\u00f3cteles y aperitivos <\/strong>pensados para despertar los sentidos como una sinfon\u00eda perfecta. Despu\u00e9s de un d\u00eda explorando Verona, d\u00e9jese tentar por los platos de la sabrosa selecci\u00f3n de nuestra <strong><a href=\"https:\/\/foodboard.it\/arya-bar\/menu-bistrot-arya-bar\/?language=en\" target=\"_blank\" rel=\"noopener\">cocina Bistrot<\/a><\/strong>.<\/p>\n<p><strong>Dise\u00f1o y concepto inspirados en las apasionantes atm\u00f3sferas l\u00edricas de la \u00d3pera<\/strong> y en la cautivadora historia de amor de \u00abRomeo y Julieta\u00bb y el cuidado por los detalles, hacen de nuestro bar un lugar perfecto donde refugiarse y reponer fuerzas del estr\u00e9s diario.<\/p>\n<p><em><strong>Arya Bar &amp; Mixology est\u00e1 abierto para los hu\u00e9spedes del hotel<\/strong><\/em><\/p>\n","protected":false},"excerpt":{"rendered":"<p>Sabrosos c\u00f3cteles, vinos refinados y deliciosos platos de bistr\u00f3: esto y mucho m\u00e1s es el Arya Abierto todos los d\u00edas de las 7.00 de la ma\u00f1ana a las 11 de la noche Arya Bar &amp; Mixology\u00a0sorprender\u00e1 a los hu\u00e9spedes del Hotel Indigo Verona con una selecci\u00f3n de snacks, caf\u00e9s y t\u00e9s, servidos durante el d\u00eda [&hellip;]<\/p>\n","protected":false},"author":4,"featured_media":0,"parent":0,"menu_order":3,"comment_status":"closed","ping_status":"closed","template":"","meta":{"footnotes":""},"class_list":["post-1098","page","type-page","status-publish","hentry"],"yoast_head":"<!-- This site is optimized with the Yoast SEO plugin v26.9 - https:\/\/yoast.com\/product\/yoast-seo-wordpress\/ -->\n<title>Arya Bar &amp; Mixology - Hotel Indigo Verona - Grand Hotel Des Arts<\/title>\n<meta name=\"robots\" content=\"index, follow, max-snippet:-1, max-image-preview:large, max-video-preview:-1\" \/>\n<link rel=\"canonical\" href=\"https:\/\/www.indigoverona.com\/es\/arya-bar-mixology\/\" \/>\n<meta property=\"og:locale\" content=\"es_ES\" \/>\n<meta property=\"og:type\" content=\"article\" \/>\n<meta property=\"og:title\" content=\"Arya Bar &amp; Mixology - Hotel Indigo Verona - Grand Hotel Des Arts\" \/>\n<meta property=\"og:description\" content=\"Sabrosos c\u00f3cteles, vinos refinados y deliciosos platos de bistr\u00f3: esto y mucho m\u00e1s es el Arya Abierto todos los d\u00edas de las 7.00 de la ma\u00f1ana a las 11 de la noche Arya Bar &amp; Mixology\u00a0sorprender\u00e1 a los hu\u00e9spedes del Hotel Indigo Verona con una selecci\u00f3n de snacks, caf\u00e9s y t\u00e9s, servidos durante el d\u00eda [&hellip;]\" \/>\n<meta property=\"og:url\" content=\"https:\/\/www.indigoverona.com\/es\/arya-bar-mixology\/\" \/>\n<meta property=\"og:site_name\" content=\"Hotel Indigo Verona - Grand Hotel Des Arts\" \/>\n<meta property=\"article:modified_time\" content=\"2025-07-11T10:13:48+00:00\" \/>\n<meta name=\"twitter:card\" content=\"summary_large_image\" \/>\n<meta name=\"twitter:label1\" content=\"Tiempo de lectura\" \/>\n\t<meta name=\"twitter:data1\" content=\"1 minuto\" \/>\n<script type=\"application\/ld+json\" class=\"yoast-schema-graph\">{\"@context\":\"https:\/\/schema.org\",\"@graph\":[{\"@type\":\"WebPage\",\"@id\":\"https:\/\/www.indigoverona.com\/es\/arya-bar-mixology\/\",\"url\":\"https:\/\/www.indigoverona.com\/es\/arya-bar-mixology\/\",\"name\":\"Arya Bar &amp; Mixology - Hotel Indigo Verona - Grand Hotel Des Arts\",\"isPartOf\":{\"@id\":\"https:\/\/www.indigoverona.com\/es\/#website\"},\"datePublished\":\"2020-12-23T14:52:14+00:00\",\"dateModified\":\"2025-07-11T10:13:48+00:00\",\"breadcrumb\":{\"@id\":\"https:\/\/www.indigoverona.com\/es\/arya-bar-mixology\/#breadcrumb\"},\"inLanguage\":\"es\",\"potentialAction\":[{\"@type\":\"ReadAction\",\"target\":[\"https:\/\/www.indigoverona.com\/es\/arya-bar-mixology\/\"]}]},{\"@type\":\"BreadcrumbList\",\"@id\":\"https:\/\/www.indigoverona.com\/es\/arya-bar-mixology\/#breadcrumb\",\"itemListElement\":[{\"@type\":\"ListItem\",\"position\":1,\"name\":\"Home\",\"item\":\"https:\/\/www.indigoverona.com\/es\/\"},{\"@type\":\"ListItem\",\"position\":2,\"name\":\"Arya Bar &amp; Mixology\"}]},{\"@type\":\"WebSite\",\"@id\":\"https:\/\/www.indigoverona.com\/es\/#website\",\"url\":\"https:\/\/www.indigoverona.com\/es\/\",\"name\":\"Hotel Indigo Verona - Grand Hotel Des Arts\",\"description\":\"Just another ms.decms.eu site\",\"potentialAction\":[{\"@type\":\"SearchAction\",\"target\":{\"@type\":\"EntryPoint\",\"urlTemplate\":\"https:\/\/www.indigoverona.com\/es\/?s={search_term_string}\"},\"query-input\":{\"@type\":\"PropertyValueSpecification\",\"valueRequired\":true,\"valueName\":\"search_term_string\"}}],\"inLanguage\":\"es\"}]}<\/script>\n<!-- \/ Yoast SEO plugin. -->","yoast_head_json":{"title":"Arya Bar &amp; Mixology - Hotel Indigo Verona - Grand Hotel Des Arts","robots":{"index":"index","follow":"follow","max-snippet":"max-snippet:-1","max-image-preview":"max-image-preview:large","max-video-preview":"max-video-preview:-1"},"canonical":"https:\/\/www.indigoverona.com\/es\/arya-bar-mixology\/","og_locale":"es_ES","og_type":"article","og_title":"Arya Bar &amp; Mixology - Hotel Indigo Verona - Grand Hotel Des Arts","og_description":"Sabrosos c\u00f3cteles, vinos refinados y deliciosos platos de bistr\u00f3: esto y mucho m\u00e1s es el Arya Abierto todos los d\u00edas de las 7.00 de la ma\u00f1ana a las 11 de la noche Arya Bar &amp; Mixology\u00a0sorprender\u00e1 a los hu\u00e9spedes del Hotel Indigo Verona con una selecci\u00f3n de snacks, caf\u00e9s y t\u00e9s, servidos durante el d\u00eda [&hellip;]","og_url":"https:\/\/www.indigoverona.com\/es\/arya-bar-mixology\/","og_site_name":"Hotel Indigo Verona - Grand Hotel Des Arts","article_modified_time":"2025-07-11T10:13:48+00:00","twitter_card":"summary_large_image","twitter_misc":{"Tiempo de lectura":"1 minuto"},"schema":{"@context":"https:\/\/schema.org","@graph":[{"@type":"WebPage","@id":"https:\/\/www.indigoverona.com\/es\/arya-bar-mixology\/","url":"https:\/\/www.indigoverona.com\/es\/arya-bar-mixology\/","name":"Arya Bar &amp; Mixology - Hotel Indigo Verona - Grand Hotel Des Arts","isPartOf":{"@id":"https:\/\/www.indigoverona.com\/es\/#website"},"datePublished":"2020-12-23T14:52:14+00:00","dateModified":"2025-07-11T10:13:48+00:00","breadcrumb":{"@id":"https:\/\/www.indigoverona.com\/es\/arya-bar-mixology\/#breadcrumb"},"inLanguage":"es","potentialAction":[{"@type":"ReadAction","target":["https:\/\/www.indigoverona.com\/es\/arya-bar-mixology\/"]}]},{"@type":"BreadcrumbList","@id":"https:\/\/www.indigoverona.com\/es\/arya-bar-mixology\/#breadcrumb","itemListElement":[{"@type":"ListItem","position":1,"name":"Home","item":"https:\/\/www.indigoverona.com\/es\/"},{"@type":"ListItem","position":2,"name":"Arya Bar &amp; Mixology"}]},{"@type":"WebSite","@id":"https:\/\/www.indigoverona.com\/es\/#website","url":"https:\/\/www.indigoverona.com\/es\/","name":"Hotel Indigo Verona - Grand Hotel Des Arts","description":"Just another ms.decms.eu site","potentialAction":[{"@type":"SearchAction","target":{"@type":"EntryPoint","urlTemplate":"https:\/\/www.indigoverona.com\/es\/?s={search_term_string}"},"query-input":{"@type":"PropertyValueSpecification","valueRequired":true,"valueName":"search_term_string"}}],"inLanguage":"es"}]}},"acf":[],"_links":{"self":[{"href":"https:\/\/www.indigoverona.com\/es\/wp-json\/wp\/v2\/pages\/1098","targetHints":{"allow":["GET"]}}],"collection":[{"href":"https:\/\/www.indigoverona.com\/es\/wp-json\/wp\/v2\/pages"}],"about":[{"href":"https:\/\/www.indigoverona.com\/es\/wp-json\/wp\/v2\/types\/page"}],"author":[{"embeddable":true,"href":"https:\/\/www.indigoverona.com\/es\/wp-json\/wp\/v2\/users\/4"}],"replies":[{"embeddable":true,"href":"https:\/\/www.indigoverona.com\/es\/wp-json\/wp\/v2\/comments?post=1098"}],"version-history":[{"count":0,"href":"https:\/\/www.indigoverona.com\/es\/wp-json\/wp\/v2\/pages\/1098\/revisions"}],"wp:attachment":[{"href":"https:\/\/www.indigoverona.com\/es\/wp-json\/wp\/v2\/media?parent=1098"}],"curies":[{"name":"wp","href":"https:\/\/api.w.org\/{rel}","templated":true}]}}