{"id":1105,"date":"2020-12-23T15:54:08","date_gmt":"2020-12-23T15:54:08","guid":{"rendered":"https:\/\/www.indigoverona.com\/?page_id=1105"},"modified":"2023-09-29T12:37:19","modified_gmt":"2023-09-29T12:37:19","slug":"nuestro-bistrot","status":"publish","type":"page","link":"https:\/\/www.indigoverona.com\/es\/arya-bar-mixology\/nuestro-bistrot\/","title":{"rendered":"Nuestro Bistrot"},"content":{"rendered":"<h3>D\u00e9jese tentar por la cocina bistrot del Arya Bar, el bar interno de nuestro Hotel Indigo Verona: no es el t\u00edpico restaurante.<\/h3>\n<p>\u00bfBusca un <strong>hotel con restaurante<\/strong>? El <strong>Arya Bar &amp; Mixology<\/strong> del Hotel Indigo Verona es un <strong>bistrot de aspecto elegante y refinado<\/strong>, donde degustar <strong>platos apetitosos<\/strong> ricos de sabores t\u00edpicos de la tradici\u00f3n culinaria italiana.<\/p>\n<p><strong>Abierto a los hu\u00e9spedes del hotel todos los d\u00edas de las 11.00<\/strong> de la ma\u00f1ana hasta las 11 de la noche, para una <strong>comida o una cena en el hotel<\/strong>, le permite no solo probar <strong>excelentes vinos<\/strong> cuidadosamente seleccionados y <strong>elaborados c\u00f3cteles<\/strong>, sino tambi\u00e9n probar<strong><a href=\"https:\/\/foodboard.it\/arya-bar\/menu-bistrot-arya-bar\/?language=en\" target=\"_blank\" rel=\"noopener\"> platos de bistr\u00f3 de <em>estilo Indigo<\/em>, acogedores y confortables<\/a>.<\/strong><\/p>\n<p>Todo ello rodeado de un ambiente refinado y de estilo inconfundible.<\/p>\n<p>Adem\u00e1s si desea un tentempi\u00e9 en su habitaci\u00f3n, podr\u00e1 utilizar nuestro <strong>servicio de habitaciones<\/strong>, para estar m\u00e1s c\u00f3modo y para tener m\u00e1s privacidad.<\/p>\n","protected":false},"excerpt":{"rendered":"<p>D\u00e9jese tentar por la cocina bistrot del Arya Bar, el bar interno de nuestro Hotel Indigo Verona: no es el t\u00edpico restaurante. \u00bfBusca un hotel con restaurante? El Arya Bar &amp; Mixology del Hotel Indigo Verona es un bistrot de aspecto elegante y refinado, donde degustar platos apetitosos ricos de sabores t\u00edpicos de la tradici\u00f3n [&hellip;]<\/p>\n","protected":false},"author":4,"featured_media":0,"parent":1098,"menu_order":1,"comment_status":"closed","ping_status":"closed","template":"","meta":{"footnotes":""},"class_list":["post-1105","page","type-page","status-publish","hentry"],"yoast_head":"<!-- This site is optimized with the Yoast SEO plugin v26.9 - https:\/\/yoast.com\/product\/yoast-seo-wordpress\/ -->\n<title>Hotel con Restaurante Bistrot | Hotel Indigo Verona - Grand Hotel Des Arts<\/title>\n<meta name=\"description\" content=\"El Hotel Indigo Verona da la bienvenida a sus hu\u00e9spedes para almorzar y cenar: \u00a1la tradici\u00f3n culinaria de Verona le espera en nuestro restaurante bistrot!\" \/>\n<meta name=\"robots\" content=\"index, follow, max-snippet:-1, max-image-preview:large, max-video-preview:-1\" \/>\n<link rel=\"canonical\" href=\"https:\/\/www.indigoverona.com\/es\/arya-bar-mixology\/nuestro-bistrot\/\" \/>\n<meta property=\"og:locale\" content=\"es_ES\" \/>\n<meta property=\"og:type\" content=\"article\" \/>\n<meta property=\"og:title\" content=\"Hotel con Restaurante Bistrot | Hotel Indigo Verona - Grand Hotel Des Arts\" \/>\n<meta property=\"og:description\" content=\"El Hotel Indigo Verona da la bienvenida a sus hu\u00e9spedes para almorzar y cenar: \u00a1la tradici\u00f3n culinaria de Verona le espera en nuestro restaurante bistrot!\" \/>\n<meta property=\"og:url\" content=\"https:\/\/www.indigoverona.com\/es\/arya-bar-mixology\/nuestro-bistrot\/\" \/>\n<meta property=\"og:site_name\" content=\"Hotel Indigo Verona - Grand Hotel Des Arts\" \/>\n<meta property=\"article:modified_time\" content=\"2023-09-29T12:37:19+00:00\" \/>\n<meta name=\"twitter:card\" content=\"summary_large_image\" \/>\n<meta name=\"twitter:label1\" content=\"Tiempo de lectura\" \/>\n\t<meta name=\"twitter:data1\" content=\"1 minuto\" \/>\n<script type=\"application\/ld+json\" class=\"yoast-schema-graph\">{\"@context\":\"https:\/\/schema.org\",\"@graph\":[{\"@type\":\"WebPage\",\"@id\":\"https:\/\/www.indigoverona.com\/es\/arya-bar-mixology\/nuestro-bistrot\/\",\"url\":\"https:\/\/www.indigoverona.com\/es\/arya-bar-mixology\/nuestro-bistrot\/\",\"name\":\"Hotel con Restaurante Bistrot | Hotel Indigo Verona - Grand Hotel Des Arts\",\"isPartOf\":{\"@id\":\"https:\/\/www.indigoverona.com\/es\/#website\"},\"datePublished\":\"2020-12-23T15:54:08+00:00\",\"dateModified\":\"2023-09-29T12:37:19+00:00\",\"description\":\"El Hotel Indigo Verona da la bienvenida a sus hu\u00e9spedes para almorzar y cenar: \u00a1la tradici\u00f3n culinaria de Verona le espera en nuestro restaurante bistrot!\",\"breadcrumb\":{\"@id\":\"https:\/\/www.indigoverona.com\/es\/arya-bar-mixology\/nuestro-bistrot\/#breadcrumb\"},\"inLanguage\":\"es\",\"potentialAction\":[{\"@type\":\"ReadAction\",\"target\":[\"https:\/\/www.indigoverona.com\/es\/arya-bar-mixology\/nuestro-bistrot\/\"]}]},{\"@type\":\"BreadcrumbList\",\"@id\":\"https:\/\/www.indigoverona.com\/es\/arya-bar-mixology\/nuestro-bistrot\/#breadcrumb\",\"itemListElement\":[{\"@type\":\"ListItem\",\"position\":1,\"name\":\"Home\",\"item\":\"https:\/\/www.indigoverona.com\/es\/\"},{\"@type\":\"ListItem\",\"position\":2,\"name\":\"Arya Bar &amp; Mixology\",\"item\":\"https:\/\/www.indigoverona.com\/es\/arya-bar-mixology\/\"},{\"@type\":\"ListItem\",\"position\":3,\"name\":\"Nuestro Bistrot\"}]},{\"@type\":\"WebSite\",\"@id\":\"https:\/\/www.indigoverona.com\/es\/#website\",\"url\":\"https:\/\/www.indigoverona.com\/es\/\",\"name\":\"Hotel Indigo Verona - Grand Hotel Des Arts\",\"description\":\"Just another ms.decms.eu site\",\"potentialAction\":[{\"@type\":\"SearchAction\",\"target\":{\"@type\":\"EntryPoint\",\"urlTemplate\":\"https:\/\/www.indigoverona.com\/es\/?s={search_term_string}\"},\"query-input\":{\"@type\":\"PropertyValueSpecification\",\"valueRequired\":true,\"valueName\":\"search_term_string\"}}],\"inLanguage\":\"es\"}]}<\/script>\n<!-- \/ Yoast SEO plugin. -->","yoast_head_json":{"title":"Hotel con Restaurante Bistrot | Hotel Indigo Verona - Grand Hotel Des Arts","description":"El Hotel Indigo Verona da la bienvenida a sus hu\u00e9spedes para almorzar y cenar: \u00a1la tradici\u00f3n culinaria de Verona le espera en nuestro restaurante bistrot!","robots":{"index":"index","follow":"follow","max-snippet":"max-snippet:-1","max-image-preview":"max-image-preview:large","max-video-preview":"max-video-preview:-1"},"canonical":"https:\/\/www.indigoverona.com\/es\/arya-bar-mixology\/nuestro-bistrot\/","og_locale":"es_ES","og_type":"article","og_title":"Hotel con Restaurante Bistrot | Hotel Indigo Verona - Grand Hotel Des Arts","og_description":"El Hotel Indigo Verona da la bienvenida a sus hu\u00e9spedes para almorzar y cenar: \u00a1la tradici\u00f3n culinaria de Verona le espera en nuestro restaurante bistrot!","og_url":"https:\/\/www.indigoverona.com\/es\/arya-bar-mixology\/nuestro-bistrot\/","og_site_name":"Hotel Indigo Verona - Grand Hotel Des Arts","article_modified_time":"2023-09-29T12:37:19+00:00","twitter_card":"summary_large_image","twitter_misc":{"Tiempo de lectura":"1 minuto"},"schema":{"@context":"https:\/\/schema.org","@graph":[{"@type":"WebPage","@id":"https:\/\/www.indigoverona.com\/es\/arya-bar-mixology\/nuestro-bistrot\/","url":"https:\/\/www.indigoverona.com\/es\/arya-bar-mixology\/nuestro-bistrot\/","name":"Hotel con Restaurante Bistrot | Hotel Indigo Verona - Grand Hotel Des Arts","isPartOf":{"@id":"https:\/\/www.indigoverona.com\/es\/#website"},"datePublished":"2020-12-23T15:54:08+00:00","dateModified":"2023-09-29T12:37:19+00:00","description":"El Hotel Indigo Verona da la bienvenida a sus hu\u00e9spedes para almorzar y cenar: \u00a1la tradici\u00f3n culinaria de Verona le espera en nuestro restaurante bistrot!","breadcrumb":{"@id":"https:\/\/www.indigoverona.com\/es\/arya-bar-mixology\/nuestro-bistrot\/#breadcrumb"},"inLanguage":"es","potentialAction":[{"@type":"ReadAction","target":["https:\/\/www.indigoverona.com\/es\/arya-bar-mixology\/nuestro-bistrot\/"]}]},{"@type":"BreadcrumbList","@id":"https:\/\/www.indigoverona.com\/es\/arya-bar-mixology\/nuestro-bistrot\/#breadcrumb","itemListElement":[{"@type":"ListItem","position":1,"name":"Home","item":"https:\/\/www.indigoverona.com\/es\/"},{"@type":"ListItem","position":2,"name":"Arya Bar &amp; Mixology","item":"https:\/\/www.indigoverona.com\/es\/arya-bar-mixology\/"},{"@type":"ListItem","position":3,"name":"Nuestro Bistrot"}]},{"@type":"WebSite","@id":"https:\/\/www.indigoverona.com\/es\/#website","url":"https:\/\/www.indigoverona.com\/es\/","name":"Hotel Indigo Verona - Grand Hotel Des Arts","description":"Just another ms.decms.eu site","potentialAction":[{"@type":"SearchAction","target":{"@type":"EntryPoint","urlTemplate":"https:\/\/www.indigoverona.com\/es\/?s={search_term_string}"},"query-input":{"@type":"PropertyValueSpecification","valueRequired":true,"valueName":"search_term_string"}}],"inLanguage":"es"}]}},"acf":[],"_links":{"self":[{"href":"https:\/\/www.indigoverona.com\/es\/wp-json\/wp\/v2\/pages\/1105","targetHints":{"allow":["GET"]}}],"collection":[{"href":"https:\/\/www.indigoverona.com\/es\/wp-json\/wp\/v2\/pages"}],"about":[{"href":"https:\/\/www.indigoverona.com\/es\/wp-json\/wp\/v2\/types\/page"}],"author":[{"embeddable":true,"href":"https:\/\/www.indigoverona.com\/es\/wp-json\/wp\/v2\/users\/4"}],"replies":[{"embeddable":true,"href":"https:\/\/www.indigoverona.com\/es\/wp-json\/wp\/v2\/comments?post=1105"}],"version-history":[{"count":0,"href":"https:\/\/www.indigoverona.com\/es\/wp-json\/wp\/v2\/pages\/1105\/revisions"}],"up":[{"embeddable":true,"href":"https:\/\/www.indigoverona.com\/es\/wp-json\/wp\/v2\/pages\/1098"}],"wp:attachment":[{"href":"https:\/\/www.indigoverona.com\/es\/wp-json\/wp\/v2\/media?parent=1105"}],"curies":[{"name":"wp","href":"https:\/\/api.w.org\/{rel}","templated":true}]}}