{"id":1107,"date":"2020-12-23T16:42:00","date_gmt":"2020-12-23T16:42:00","guid":{"rendered":"https:\/\/www.indigoverona.com\/?page_id=1107"},"modified":"2025-07-15T10:20:33","modified_gmt":"2025-07-15T10:20:33","slug":"salas-de-reuniones","status":"publish","type":"page","link":"https:\/\/www.indigoverona.com\/es\/reuniones\/salas-de-reuniones\/","title":{"rendered":"Salas de reuniones"},"content":{"rendered":"<p>En el <strong>Hotel Indigo Verona \u2013 Grand Hotel des Arts <\/strong>ponemos mucho empe\u00f1o en los peque\u00f1os detalles y nos esforzamos mucho en proporcionar <strong>los mejores y m\u00e1s vers\u00e1tiles servicios de congresos.<\/strong><\/p>\n<p>Todas nuestras salas est\u00e1n <strong>equipadas con tecnolog\u00eda de vanguardia <\/strong>y son <strong>modulables<\/strong> tanto en cuanto a capacidad como en la disposici\u00f3n: en <strong>platea, sillas con pala de escritura, tipo escuela, con disposici\u00f3n en U o cuadro real<\/strong>, estamos listos para cualquier elecci\u00f3n que usted escoja. Y no solo en los momentos de trabajo, sino tambi\u00e9n durante las pausas que le recargan durante la jornada:<strong> aperitivos, pausas para el caf\u00e9, almuerzos de trabajo, <\/strong>ponemos a su disposici\u00f3n nuestra<strong> amplia combinaci\u00f3n de opciones<\/strong>, para todos los gustos y en cualquier momento.<\/p>\n","protected":false},"excerpt":{"rendered":"<p>En el Hotel Indigo Verona \u2013 Grand Hotel des Arts ponemos mucho empe\u00f1o en los peque\u00f1os detalles y nos esforzamos mucho en proporcionar los mejores y m\u00e1s vers\u00e1tiles servicios de congresos. Todas nuestras salas est\u00e1n equipadas con tecnolog\u00eda de vanguardia y son modulables tanto en cuanto a capacidad como en la disposici\u00f3n: en platea, sillas [&hellip;]<\/p>\n","protected":false},"author":4,"featured_media":0,"parent":1106,"menu_order":0,"comment_status":"closed","ping_status":"closed","template":"template-meeting-form.php","meta":{"footnotes":""},"class_list":["post-1107","page","type-page","status-publish","hentry"],"yoast_head":"<!-- This site is optimized with the Yoast SEO plugin v26.9 - https:\/\/yoast.com\/product\/yoast-seo-wordpress\/ -->\n<title>Salas de reuniones - Hotel Indigo Verona - Grand Hotel Des Arts<\/title>\n<meta name=\"robots\" content=\"index, follow, max-snippet:-1, max-image-preview:large, max-video-preview:-1\" \/>\n<link rel=\"canonical\" href=\"https:\/\/www.indigoverona.com\/es\/reuniones\/salas-de-reuniones\/\" \/>\n<meta property=\"og:locale\" content=\"es_ES\" \/>\n<meta property=\"og:type\" content=\"article\" \/>\n<meta property=\"og:title\" content=\"Salas de reuniones - Hotel Indigo Verona - Grand Hotel Des Arts\" \/>\n<meta property=\"og:description\" content=\"En el Hotel Indigo Verona \u2013 Grand Hotel des Arts ponemos mucho empe\u00f1o en los peque\u00f1os detalles y nos esforzamos mucho en proporcionar los mejores y m\u00e1s vers\u00e1tiles servicios de congresos. Todas nuestras salas est\u00e1n equipadas con tecnolog\u00eda de vanguardia y son modulables tanto en cuanto a capacidad como en la disposici\u00f3n: en platea, sillas [&hellip;]\" \/>\n<meta property=\"og:url\" content=\"https:\/\/www.indigoverona.com\/es\/reuniones\/salas-de-reuniones\/\" \/>\n<meta property=\"og:site_name\" content=\"Hotel Indigo Verona - Grand Hotel Des Arts\" \/>\n<meta property=\"article:modified_time\" content=\"2025-07-15T10:20:33+00:00\" \/>\n<meta name=\"twitter:card\" content=\"summary_large_image\" \/>\n<meta name=\"twitter:label1\" content=\"Tiempo de lectura\" \/>\n\t<meta name=\"twitter:data1\" content=\"1 minuto\" \/>\n<script type=\"application\/ld+json\" class=\"yoast-schema-graph\">{\"@context\":\"https:\/\/schema.org\",\"@graph\":[{\"@type\":\"WebPage\",\"@id\":\"https:\/\/www.indigoverona.com\/es\/reuniones\/salas-de-reuniones\/\",\"url\":\"https:\/\/www.indigoverona.com\/es\/reuniones\/salas-de-reuniones\/\",\"name\":\"Salas de reuniones - Hotel Indigo Verona - Grand Hotel Des Arts\",\"isPartOf\":{\"@id\":\"https:\/\/www.indigoverona.com\/es\/#website\"},\"datePublished\":\"2020-12-23T16:42:00+00:00\",\"dateModified\":\"2025-07-15T10:20:33+00:00\",\"breadcrumb\":{\"@id\":\"https:\/\/www.indigoverona.com\/es\/reuniones\/salas-de-reuniones\/#breadcrumb\"},\"inLanguage\":\"es\",\"potentialAction\":[{\"@type\":\"ReadAction\",\"target\":[\"https:\/\/www.indigoverona.com\/es\/reuniones\/salas-de-reuniones\/\"]}]},{\"@type\":\"BreadcrumbList\",\"@id\":\"https:\/\/www.indigoverona.com\/es\/reuniones\/salas-de-reuniones\/#breadcrumb\",\"itemListElement\":[{\"@type\":\"ListItem\",\"position\":1,\"name\":\"Home\",\"item\":\"https:\/\/www.indigoverona.com\/es\/\"},{\"@type\":\"ListItem\",\"position\":2,\"name\":\"Reuniones\",\"item\":\"https:\/\/www.indigoverona.com\/es\/reuniones\/\"},{\"@type\":\"ListItem\",\"position\":3,\"name\":\"Salas de reuniones\"}]},{\"@type\":\"WebSite\",\"@id\":\"https:\/\/www.indigoverona.com\/es\/#website\",\"url\":\"https:\/\/www.indigoverona.com\/es\/\",\"name\":\"Hotel Indigo Verona - Grand Hotel Des Arts\",\"description\":\"Just another ms.decms.eu site\",\"potentialAction\":[{\"@type\":\"SearchAction\",\"target\":{\"@type\":\"EntryPoint\",\"urlTemplate\":\"https:\/\/www.indigoverona.com\/es\/?s={search_term_string}\"},\"query-input\":{\"@type\":\"PropertyValueSpecification\",\"valueRequired\":true,\"valueName\":\"search_term_string\"}}],\"inLanguage\":\"es\"}]}<\/script>\n<!-- \/ Yoast SEO plugin. -->","yoast_head_json":{"title":"Salas de reuniones - Hotel Indigo Verona - Grand Hotel Des Arts","robots":{"index":"index","follow":"follow","max-snippet":"max-snippet:-1","max-image-preview":"max-image-preview:large","max-video-preview":"max-video-preview:-1"},"canonical":"https:\/\/www.indigoverona.com\/es\/reuniones\/salas-de-reuniones\/","og_locale":"es_ES","og_type":"article","og_title":"Salas de reuniones - Hotel Indigo Verona - Grand Hotel Des Arts","og_description":"En el Hotel Indigo Verona \u2013 Grand Hotel des Arts ponemos mucho empe\u00f1o en los peque\u00f1os detalles y nos esforzamos mucho en proporcionar los mejores y m\u00e1s vers\u00e1tiles servicios de congresos. Todas nuestras salas est\u00e1n equipadas con tecnolog\u00eda de vanguardia y son modulables tanto en cuanto a capacidad como en la disposici\u00f3n: en platea, sillas [&hellip;]","og_url":"https:\/\/www.indigoverona.com\/es\/reuniones\/salas-de-reuniones\/","og_site_name":"Hotel Indigo Verona - Grand Hotel Des Arts","article_modified_time":"2025-07-15T10:20:33+00:00","twitter_card":"summary_large_image","twitter_misc":{"Tiempo de lectura":"1 minuto"},"schema":{"@context":"https:\/\/schema.org","@graph":[{"@type":"WebPage","@id":"https:\/\/www.indigoverona.com\/es\/reuniones\/salas-de-reuniones\/","url":"https:\/\/www.indigoverona.com\/es\/reuniones\/salas-de-reuniones\/","name":"Salas de reuniones - Hotel Indigo Verona - Grand Hotel Des Arts","isPartOf":{"@id":"https:\/\/www.indigoverona.com\/es\/#website"},"datePublished":"2020-12-23T16:42:00+00:00","dateModified":"2025-07-15T10:20:33+00:00","breadcrumb":{"@id":"https:\/\/www.indigoverona.com\/es\/reuniones\/salas-de-reuniones\/#breadcrumb"},"inLanguage":"es","potentialAction":[{"@type":"ReadAction","target":["https:\/\/www.indigoverona.com\/es\/reuniones\/salas-de-reuniones\/"]}]},{"@type":"BreadcrumbList","@id":"https:\/\/www.indigoverona.com\/es\/reuniones\/salas-de-reuniones\/#breadcrumb","itemListElement":[{"@type":"ListItem","position":1,"name":"Home","item":"https:\/\/www.indigoverona.com\/es\/"},{"@type":"ListItem","position":2,"name":"Reuniones","item":"https:\/\/www.indigoverona.com\/es\/reuniones\/"},{"@type":"ListItem","position":3,"name":"Salas de reuniones"}]},{"@type":"WebSite","@id":"https:\/\/www.indigoverona.com\/es\/#website","url":"https:\/\/www.indigoverona.com\/es\/","name":"Hotel Indigo Verona - Grand Hotel Des Arts","description":"Just another ms.decms.eu site","potentialAction":[{"@type":"SearchAction","target":{"@type":"EntryPoint","urlTemplate":"https:\/\/www.indigoverona.com\/es\/?s={search_term_string}"},"query-input":{"@type":"PropertyValueSpecification","valueRequired":true,"valueName":"search_term_string"}}],"inLanguage":"es"}]}},"acf":[],"_links":{"self":[{"href":"https:\/\/www.indigoverona.com\/es\/wp-json\/wp\/v2\/pages\/1107","targetHints":{"allow":["GET"]}}],"collection":[{"href":"https:\/\/www.indigoverona.com\/es\/wp-json\/wp\/v2\/pages"}],"about":[{"href":"https:\/\/www.indigoverona.com\/es\/wp-json\/wp\/v2\/types\/page"}],"author":[{"embeddable":true,"href":"https:\/\/www.indigoverona.com\/es\/wp-json\/wp\/v2\/users\/4"}],"replies":[{"embeddable":true,"href":"https:\/\/www.indigoverona.com\/es\/wp-json\/wp\/v2\/comments?post=1107"}],"version-history":[{"count":0,"href":"https:\/\/www.indigoverona.com\/es\/wp-json\/wp\/v2\/pages\/1107\/revisions"}],"up":[{"embeddable":true,"href":"https:\/\/www.indigoverona.com\/es\/wp-json\/wp\/v2\/pages\/1106"}],"wp:attachment":[{"href":"https:\/\/www.indigoverona.com\/es\/wp-json\/wp\/v2\/media?parent=1107"}],"curies":[{"name":"wp","href":"https:\/\/api.w.org\/{rel}","templated":true}]}}