{"id":1118,"date":"2020-12-24T09:56:29","date_gmt":"2020-12-24T09:56:29","guid":{"rendered":"https:\/\/www.indigoverona.com\/?page_id=1118"},"modified":"2022-07-22T13:18:29","modified_gmt":"2022-07-22T13:18:29","slug":"donde-puede-encontrarnos","status":"publish","type":"page","link":"https:\/\/www.indigoverona.com\/es\/donde-puede-encontrarnos\/","title":{"rendered":"D\u00f3nde puede encontrarnos"},"content":{"rendered":"<p>El hotel est\u00e1 situado en <a title=\"Corso Porta Nuova - Hotel Indigo Verona\" href=\"https:\/\/www.indigoverona.com\/es\/donde-puede-encontrarnos\/un-barrio-por-descubrir\/\"><strong><u>Corso Porta Nuova<\/u><\/strong><\/a>, la avenida con la puerta con el mismo nombre que conduce a la <a title=\"La Arena y Piazza Bra - Hotel Indigo Verona\" href=\"https:\/\/www.indigoverona.com\/es\/verona\/que-ver\/la-arena-y-piazza-bra\/\"><strong><u>Arena y a<\/u><\/strong> <strong><u>Piazza Bra<\/u><\/strong><\/a>, y a la <a title=\"Palazzo della Gran Guardia - Hotel Indigo Verona\" href=\"https:\/\/www.indigoverona.com\/es\/verona\/que-ver\/palazzo-gran-guardia\/\"><strong><u>Gran Guardia<\/u><\/strong><\/a>.<\/p>\n<p>Paseando tranquilamente por esta calle se llega en pocos minutos al centro, a <a title=\"Piazza delle Erbe - Hotel Indigo Verona\" href=\"https:\/\/www.indigoverona.com\/es\/verona\/que-ver\/piazza-delle-erbe\/\"><strong><u>Piazza delle Erbe<\/u><\/strong><\/a> y a <a title=\"Piazza dei Signori - Hotel Indigo Verona\" href=\"https:\/\/www.indigoverona.com\/es\/verona\/que-ver\/piazza-dei-signori\/\"><strong><u>Piazza dei Signori<\/u><\/strong><\/a>, donde hay restaurantes, tiendas, bares y enotecas y donde se encuentran los principales puntos de inter\u00e9s hist\u00f3rico y cultural de la ciudad.<\/p>\n<p><strong>Hotel Indigo Verona<\/strong> adem\u00e1s est\u00e1 muy cerca de la estaci\u00f3n de trenes Porta Nuova y de la circunvalaci\u00f3n de la autopista que lleva directamente a la ciudad y a las afueras, hacia los principales aeropuertos y capitales de regi\u00f3n.<\/p>\n","protected":false},"excerpt":{"rendered":"<p>El hotel est\u00e1 situado en Corso Porta Nuova, la avenida con la puerta con el mismo nombre que conduce a la Arena y a Piazza Bra, y a la Gran Guardia. Paseando tranquilamente por esta calle se llega en pocos minutos al centro, a Piazza delle Erbe y a Piazza dei Signori, donde hay restaurantes, [&hellip;]<\/p>\n","protected":false},"author":4,"featured_media":0,"parent":0,"menu_order":6,"comment_status":"closed","ping_status":"closed","template":"template-location.php","meta":{"footnotes":""},"class_list":["post-1118","page","type-page","status-publish","hentry"],"yoast_head":"<!-- This site is optimized with the Yoast SEO plugin v26.9 - https:\/\/yoast.com\/product\/yoast-seo-wordpress\/ -->\n<title>D\u00f3nde puede encontrarnos - Hotel Indigo Verona - Grand Hotel Des Arts<\/title>\n<meta name=\"robots\" content=\"index, follow, max-snippet:-1, max-image-preview:large, max-video-preview:-1\" \/>\n<link rel=\"canonical\" href=\"https:\/\/www.indigoverona.com\/es\/donde-puede-encontrarnos\/\" \/>\n<meta property=\"og:locale\" content=\"es_ES\" \/>\n<meta property=\"og:type\" content=\"article\" \/>\n<meta property=\"og:title\" content=\"D\u00f3nde puede encontrarnos - Hotel Indigo Verona - Grand Hotel Des Arts\" \/>\n<meta property=\"og:description\" content=\"El hotel est\u00e1 situado en Corso Porta Nuova, la avenida con la puerta con el mismo nombre que conduce a la Arena y a Piazza Bra, y a la Gran Guardia. Paseando tranquilamente por esta calle se llega en pocos minutos al centro, a Piazza delle Erbe y a Piazza dei Signori, donde hay restaurantes, [&hellip;]\" \/>\n<meta property=\"og:url\" content=\"https:\/\/www.indigoverona.com\/es\/donde-puede-encontrarnos\/\" \/>\n<meta property=\"og:site_name\" content=\"Hotel Indigo Verona - Grand Hotel Des Arts\" \/>\n<meta property=\"article:modified_time\" content=\"2022-07-22T13:18:29+00:00\" \/>\n<meta name=\"twitter:card\" content=\"summary_large_image\" \/>\n<meta name=\"twitter:label1\" content=\"Tiempo de lectura\" \/>\n\t<meta name=\"twitter:data1\" content=\"1 minuto\" \/>\n<script type=\"application\/ld+json\" class=\"yoast-schema-graph\">{\"@context\":\"https:\/\/schema.org\",\"@graph\":[{\"@type\":\"WebPage\",\"@id\":\"https:\/\/www.indigoverona.com\/es\/donde-puede-encontrarnos\/\",\"url\":\"https:\/\/www.indigoverona.com\/es\/donde-puede-encontrarnos\/\",\"name\":\"D\u00f3nde puede encontrarnos - Hotel Indigo Verona - Grand Hotel Des Arts\",\"isPartOf\":{\"@id\":\"https:\/\/www.indigoverona.com\/es\/#website\"},\"datePublished\":\"2020-12-24T09:56:29+00:00\",\"dateModified\":\"2022-07-22T13:18:29+00:00\",\"breadcrumb\":{\"@id\":\"https:\/\/www.indigoverona.com\/es\/donde-puede-encontrarnos\/#breadcrumb\"},\"inLanguage\":\"es\",\"potentialAction\":[{\"@type\":\"ReadAction\",\"target\":[\"https:\/\/www.indigoverona.com\/es\/donde-puede-encontrarnos\/\"]}]},{\"@type\":\"BreadcrumbList\",\"@id\":\"https:\/\/www.indigoverona.com\/es\/donde-puede-encontrarnos\/#breadcrumb\",\"itemListElement\":[{\"@type\":\"ListItem\",\"position\":1,\"name\":\"Home\",\"item\":\"https:\/\/www.indigoverona.com\/es\/\"},{\"@type\":\"ListItem\",\"position\":2,\"name\":\"D\u00f3nde puede encontrarnos\"}]},{\"@type\":\"WebSite\",\"@id\":\"https:\/\/www.indigoverona.com\/es\/#website\",\"url\":\"https:\/\/www.indigoverona.com\/es\/\",\"name\":\"Hotel Indigo Verona - Grand Hotel Des Arts\",\"description\":\"Just another ms.decms.eu site\",\"potentialAction\":[{\"@type\":\"SearchAction\",\"target\":{\"@type\":\"EntryPoint\",\"urlTemplate\":\"https:\/\/www.indigoverona.com\/es\/?s={search_term_string}\"},\"query-input\":{\"@type\":\"PropertyValueSpecification\",\"valueRequired\":true,\"valueName\":\"search_term_string\"}}],\"inLanguage\":\"es\"}]}<\/script>\n<!-- \/ Yoast SEO plugin. -->","yoast_head_json":{"title":"D\u00f3nde puede encontrarnos - Hotel Indigo Verona - Grand Hotel Des Arts","robots":{"index":"index","follow":"follow","max-snippet":"max-snippet:-1","max-image-preview":"max-image-preview:large","max-video-preview":"max-video-preview:-1"},"canonical":"https:\/\/www.indigoverona.com\/es\/donde-puede-encontrarnos\/","og_locale":"es_ES","og_type":"article","og_title":"D\u00f3nde puede encontrarnos - Hotel Indigo Verona - Grand Hotel Des Arts","og_description":"El hotel est\u00e1 situado en Corso Porta Nuova, la avenida con la puerta con el mismo nombre que conduce a la Arena y a Piazza Bra, y a la Gran Guardia. Paseando tranquilamente por esta calle se llega en pocos minutos al centro, a Piazza delle Erbe y a Piazza dei Signori, donde hay restaurantes, [&hellip;]","og_url":"https:\/\/www.indigoverona.com\/es\/donde-puede-encontrarnos\/","og_site_name":"Hotel Indigo Verona - Grand Hotel Des Arts","article_modified_time":"2022-07-22T13:18:29+00:00","twitter_card":"summary_large_image","twitter_misc":{"Tiempo de lectura":"1 minuto"},"schema":{"@context":"https:\/\/schema.org","@graph":[{"@type":"WebPage","@id":"https:\/\/www.indigoverona.com\/es\/donde-puede-encontrarnos\/","url":"https:\/\/www.indigoverona.com\/es\/donde-puede-encontrarnos\/","name":"D\u00f3nde puede encontrarnos - Hotel Indigo Verona - Grand Hotel Des Arts","isPartOf":{"@id":"https:\/\/www.indigoverona.com\/es\/#website"},"datePublished":"2020-12-24T09:56:29+00:00","dateModified":"2022-07-22T13:18:29+00:00","breadcrumb":{"@id":"https:\/\/www.indigoverona.com\/es\/donde-puede-encontrarnos\/#breadcrumb"},"inLanguage":"es","potentialAction":[{"@type":"ReadAction","target":["https:\/\/www.indigoverona.com\/es\/donde-puede-encontrarnos\/"]}]},{"@type":"BreadcrumbList","@id":"https:\/\/www.indigoverona.com\/es\/donde-puede-encontrarnos\/#breadcrumb","itemListElement":[{"@type":"ListItem","position":1,"name":"Home","item":"https:\/\/www.indigoverona.com\/es\/"},{"@type":"ListItem","position":2,"name":"D\u00f3nde puede encontrarnos"}]},{"@type":"WebSite","@id":"https:\/\/www.indigoverona.com\/es\/#website","url":"https:\/\/www.indigoverona.com\/es\/","name":"Hotel Indigo Verona - Grand Hotel Des Arts","description":"Just another ms.decms.eu site","potentialAction":[{"@type":"SearchAction","target":{"@type":"EntryPoint","urlTemplate":"https:\/\/www.indigoverona.com\/es\/?s={search_term_string}"},"query-input":{"@type":"PropertyValueSpecification","valueRequired":true,"valueName":"search_term_string"}}],"inLanguage":"es"}]}},"acf":[],"_links":{"self":[{"href":"https:\/\/www.indigoverona.com\/es\/wp-json\/wp\/v2\/pages\/1118","targetHints":{"allow":["GET"]}}],"collection":[{"href":"https:\/\/www.indigoverona.com\/es\/wp-json\/wp\/v2\/pages"}],"about":[{"href":"https:\/\/www.indigoverona.com\/es\/wp-json\/wp\/v2\/types\/page"}],"author":[{"embeddable":true,"href":"https:\/\/www.indigoverona.com\/es\/wp-json\/wp\/v2\/users\/4"}],"replies":[{"embeddable":true,"href":"https:\/\/www.indigoverona.com\/es\/wp-json\/wp\/v2\/comments?post=1118"}],"version-history":[{"count":0,"href":"https:\/\/www.indigoverona.com\/es\/wp-json\/wp\/v2\/pages\/1118\/revisions"}],"wp:attachment":[{"href":"https:\/\/www.indigoverona.com\/es\/wp-json\/wp\/v2\/media?parent=1118"}],"curies":[{"name":"wp","href":"https:\/\/api.w.org\/{rel}","templated":true}]}}