{"id":1123,"date":"2020-12-24T11:08:29","date_gmt":"2020-12-24T11:08:29","guid":{"rendered":"https:\/\/www.indigoverona.com\/?page_id=1123"},"modified":"2024-06-05T15:02:52","modified_gmt":"2024-06-05T15:02:52","slug":"verona","status":"publish","type":"page","link":"https:\/\/www.indigoverona.com\/es\/verona\/","title":{"rendered":"Verona"},"content":{"rendered":"<p>M\u00e1gica en invierno, inquieta en verano, perezosa, pero llena de promesas en primavera y despreocupada en oto\u00f1o: <strong>Verona es la ciudad del amor, <\/strong>pero sobre todo <strong>es una ciudad que se deja querer.<\/strong> En concreto por qui\u00e9nes no tienen miedo en afrontarla cara a cara, o mejor dicho paso tras paso.<\/p>\n<p>Pasee por sus calles disfrutando de la peculiar atm\u00f3sfera que se respira; d\u00e9jese encandilar por las plazas principales, con los edificios hist\u00f3ricos con magn\u00edficas fachadas decoradas, las estatuas, las fuentes y las torres almenadas que sobresalen por encima de los tejados. Pi\u00e9rdase en las perspectivas que se abren camino <strong>a lo largo de las orillas del r\u00edo Adige<\/strong>, siguiendo el recorrido del r\u00edo hasta los famosos puentes que lo atraviesan, sum\u00e9rjase en el coraz\u00f3n de la ciudad y emerja con esp\u00edritu renovado. Pero sobre todo t\u00f3mese su tiempo para descubrir la ciudad, poco a poco.<\/p>\n<p>\u00a1D\u00e9jese sorprender y conquistar por la bella Verona!<\/p>\n","protected":false},"excerpt":{"rendered":"<p>M\u00e1gica en invierno, inquieta en verano, perezosa, pero llena de promesas en primavera y despreocupada en oto\u00f1o: Verona es la ciudad del amor, pero sobre todo es una ciudad que se deja querer. En concreto por qui\u00e9nes no tienen miedo en afrontarla cara a cara, o mejor dicho paso tras paso. Pasee por sus calles [&hellip;]<\/p>\n","protected":false},"author":4,"featured_media":0,"parent":0,"menu_order":7,"comment_status":"closed","ping_status":"closed","template":"","meta":{"footnotes":""},"class_list":["post-1123","page","type-page","status-publish","hentry"],"yoast_head":"<!-- This site is optimized with the Yoast SEO plugin v26.9 - https:\/\/yoast.com\/product\/yoast-seo-wordpress\/ -->\n<title>Verona - Hotel Indigo Verona - Grand Hotel Des Arts<\/title>\n<meta name=\"robots\" content=\"index, follow, max-snippet:-1, max-image-preview:large, max-video-preview:-1\" \/>\n<link rel=\"canonical\" href=\"https:\/\/www.indigoverona.com\/es\/verona\/\" \/>\n<meta property=\"og:locale\" content=\"es_ES\" \/>\n<meta property=\"og:type\" content=\"article\" \/>\n<meta property=\"og:title\" content=\"Verona - Hotel Indigo Verona - Grand Hotel Des Arts\" \/>\n<meta property=\"og:description\" content=\"M\u00e1gica en invierno, inquieta en verano, perezosa, pero llena de promesas en primavera y despreocupada en oto\u00f1o: Verona es la ciudad del amor, pero sobre todo es una ciudad que se deja querer. En concreto por qui\u00e9nes no tienen miedo en afrontarla cara a cara, o mejor dicho paso tras paso. Pasee por sus calles [&hellip;]\" \/>\n<meta property=\"og:url\" content=\"https:\/\/www.indigoverona.com\/es\/verona\/\" \/>\n<meta property=\"og:site_name\" content=\"Hotel Indigo Verona - Grand Hotel Des Arts\" \/>\n<meta property=\"article:modified_time\" content=\"2024-06-05T15:02:52+00:00\" \/>\n<meta name=\"twitter:card\" content=\"summary_large_image\" \/>\n<meta name=\"twitter:label1\" content=\"Tiempo de lectura\" \/>\n\t<meta name=\"twitter:data1\" content=\"1 minuto\" \/>\n<script type=\"application\/ld+json\" class=\"yoast-schema-graph\">{\"@context\":\"https:\/\/schema.org\",\"@graph\":[{\"@type\":\"WebPage\",\"@id\":\"https:\/\/www.indigoverona.com\/es\/verona\/\",\"url\":\"https:\/\/www.indigoverona.com\/es\/verona\/\",\"name\":\"Verona - Hotel Indigo Verona - Grand Hotel Des Arts\",\"isPartOf\":{\"@id\":\"https:\/\/www.indigoverona.com\/es\/#website\"},\"datePublished\":\"2020-12-24T11:08:29+00:00\",\"dateModified\":\"2024-06-05T15:02:52+00:00\",\"breadcrumb\":{\"@id\":\"https:\/\/www.indigoverona.com\/es\/verona\/#breadcrumb\"},\"inLanguage\":\"es\",\"potentialAction\":[{\"@type\":\"ReadAction\",\"target\":[\"https:\/\/www.indigoverona.com\/es\/verona\/\"]}]},{\"@type\":\"BreadcrumbList\",\"@id\":\"https:\/\/www.indigoverona.com\/es\/verona\/#breadcrumb\",\"itemListElement\":[{\"@type\":\"ListItem\",\"position\":1,\"name\":\"Home\",\"item\":\"https:\/\/www.indigoverona.com\/es\/\"},{\"@type\":\"ListItem\",\"position\":2,\"name\":\"Verona\"}]},{\"@type\":\"WebSite\",\"@id\":\"https:\/\/www.indigoverona.com\/es\/#website\",\"url\":\"https:\/\/www.indigoverona.com\/es\/\",\"name\":\"Hotel Indigo Verona - Grand Hotel Des Arts\",\"description\":\"Just another ms.decms.eu site\",\"potentialAction\":[{\"@type\":\"SearchAction\",\"target\":{\"@type\":\"EntryPoint\",\"urlTemplate\":\"https:\/\/www.indigoverona.com\/es\/?s={search_term_string}\"},\"query-input\":{\"@type\":\"PropertyValueSpecification\",\"valueRequired\":true,\"valueName\":\"search_term_string\"}}],\"inLanguage\":\"es\"}]}<\/script>\n<!-- \/ Yoast SEO plugin. -->","yoast_head_json":{"title":"Verona - Hotel Indigo Verona - Grand Hotel Des Arts","robots":{"index":"index","follow":"follow","max-snippet":"max-snippet:-1","max-image-preview":"max-image-preview:large","max-video-preview":"max-video-preview:-1"},"canonical":"https:\/\/www.indigoverona.com\/es\/verona\/","og_locale":"es_ES","og_type":"article","og_title":"Verona - Hotel Indigo Verona - Grand Hotel Des Arts","og_description":"M\u00e1gica en invierno, inquieta en verano, perezosa, pero llena de promesas en primavera y despreocupada en oto\u00f1o: Verona es la ciudad del amor, pero sobre todo es una ciudad que se deja querer. En concreto por qui\u00e9nes no tienen miedo en afrontarla cara a cara, o mejor dicho paso tras paso. Pasee por sus calles [&hellip;]","og_url":"https:\/\/www.indigoverona.com\/es\/verona\/","og_site_name":"Hotel Indigo Verona - Grand Hotel Des Arts","article_modified_time":"2024-06-05T15:02:52+00:00","twitter_card":"summary_large_image","twitter_misc":{"Tiempo de lectura":"1 minuto"},"schema":{"@context":"https:\/\/schema.org","@graph":[{"@type":"WebPage","@id":"https:\/\/www.indigoverona.com\/es\/verona\/","url":"https:\/\/www.indigoverona.com\/es\/verona\/","name":"Verona - Hotel Indigo Verona - Grand Hotel Des Arts","isPartOf":{"@id":"https:\/\/www.indigoverona.com\/es\/#website"},"datePublished":"2020-12-24T11:08:29+00:00","dateModified":"2024-06-05T15:02:52+00:00","breadcrumb":{"@id":"https:\/\/www.indigoverona.com\/es\/verona\/#breadcrumb"},"inLanguage":"es","potentialAction":[{"@type":"ReadAction","target":["https:\/\/www.indigoverona.com\/es\/verona\/"]}]},{"@type":"BreadcrumbList","@id":"https:\/\/www.indigoverona.com\/es\/verona\/#breadcrumb","itemListElement":[{"@type":"ListItem","position":1,"name":"Home","item":"https:\/\/www.indigoverona.com\/es\/"},{"@type":"ListItem","position":2,"name":"Verona"}]},{"@type":"WebSite","@id":"https:\/\/www.indigoverona.com\/es\/#website","url":"https:\/\/www.indigoverona.com\/es\/","name":"Hotel Indigo Verona - Grand Hotel Des Arts","description":"Just another ms.decms.eu site","potentialAction":[{"@type":"SearchAction","target":{"@type":"EntryPoint","urlTemplate":"https:\/\/www.indigoverona.com\/es\/?s={search_term_string}"},"query-input":{"@type":"PropertyValueSpecification","valueRequired":true,"valueName":"search_term_string"}}],"inLanguage":"es"}]}},"acf":[],"_links":{"self":[{"href":"https:\/\/www.indigoverona.com\/es\/wp-json\/wp\/v2\/pages\/1123","targetHints":{"allow":["GET"]}}],"collection":[{"href":"https:\/\/www.indigoverona.com\/es\/wp-json\/wp\/v2\/pages"}],"about":[{"href":"https:\/\/www.indigoverona.com\/es\/wp-json\/wp\/v2\/types\/page"}],"author":[{"embeddable":true,"href":"https:\/\/www.indigoverona.com\/es\/wp-json\/wp\/v2\/users\/4"}],"replies":[{"embeddable":true,"href":"https:\/\/www.indigoverona.com\/es\/wp-json\/wp\/v2\/comments?post=1123"}],"version-history":[{"count":0,"href":"https:\/\/www.indigoverona.com\/es\/wp-json\/wp\/v2\/pages\/1123\/revisions"}],"wp:attachment":[{"href":"https:\/\/www.indigoverona.com\/es\/wp-json\/wp\/v2\/media?parent=1123"}],"curies":[{"name":"wp","href":"https:\/\/api.w.org\/{rel}","templated":true}]}}