{"id":1124,"date":"2020-12-24T11:11:19","date_gmt":"2020-12-24T11:11:19","guid":{"rendered":"https:\/\/www.indigoverona.com\/?page_id=1124"},"modified":"2023-09-29T15:49:43","modified_gmt":"2023-09-29T15:49:43","slug":"que-ver","status":"publish","type":"page","link":"https:\/\/www.indigoverona.com\/es\/verona\/que-ver\/","title":{"rendered":"Qu\u00e9 ver"},"content":{"rendered":"<p>En <strong>Verona<\/strong> existe solo el problema de qu\u00e9 elegir: monumentos apreciados por los turistas como las <a title=\"Romeo y Julieta - Hotel Indigo Verona\" href=\"https:\/\/www.indigoverona.com\/es\/verona\/que-ver\/romeo-y-julieta\/\"><strong><u>casas de Romeo y Julieta<\/u><\/strong><\/a>; castillos, fortificaciones, puentes y palacios medievales, el anfiteatro romano conocido como la <a title=\"La Arena y Piazza Bra - Hotel Indigo Verona\" href=\"https:\/\/www.indigoverona.com\/es\/verona\/que-ver\/la-arena-y-piazza-bra\/\"><strong><u>Arena<\/u><\/strong><\/a>, plazas con amplias perspectivas como la Bra o claustros con atractivo eterno como <a title=\"Piazza delle Erbe - Hotel Indigo Verona\" href=\"https:\/\/www.indigoverona.com\/es\/verona\/que-ver\/piazza-delle-erbe\/\"><strong><u>Piazza delle Erbe<\/u><\/strong><\/a> o <a title=\"Piazza dei Signori - Hotel Indigo Verona\" href=\"https:\/\/www.indigoverona.com\/es\/verona\/que-ver\/piazza-dei-signori\/\"><strong><u>Piazza dei Signori<\/u><\/strong><\/a>, museos que albergan cert\u00e1menes y exposiciones de arte antiguo y moderno como la <a title=\"Palazzo della Gran Guardia - Hotel Indigo Verona\" href=\"https:\/\/www.indigoverona.com\/es\/verona\/que-ver\/palazzo-gran-guardia\/\"><strong><u>Gran Guardia<\/u><\/strong><\/a> o <strong><u><a title=\"Castelvecchio - Hotel Indigo Verona\" href=\"https:\/\/www.indigoverona.com\/es\/verona\/que-ver\/museo-de-castelvecchio\/\">Castelvecchio<\/a>;<\/u><\/strong> iglesias y los sepulcros famosos o como colof\u00f3n final, en posici\u00f3n panor\u00e1mica para dejarle sin aliento, como <a title=\"Castel San Pietro - Hotel Indigo Verona\" href=\"https:\/\/www.indigoverona.com\/es\/verona\/que-ver\/castel-san-pietro\/\"><strong><u>Castel San Pietro<\/u><\/strong><\/a>.<\/p>\n<p>\u00a1En fin, no se aburrir\u00e1 seguramente si pasa su tiempo libre en la ciudad de los Escal\u00edgeros!<\/p>\n","protected":false},"excerpt":{"rendered":"<p>En Verona existe solo el problema de qu\u00e9 elegir: monumentos apreciados por los turistas como las casas de Romeo y Julieta; castillos, fortificaciones, puentes y palacios medievales, el anfiteatro romano conocido como la Arena, plazas con amplias perspectivas como la Bra o claustros con atractivo eterno como Piazza delle Erbe o Piazza dei Signori, museos [&hellip;]<\/p>\n","protected":false},"author":4,"featured_media":0,"parent":1123,"menu_order":0,"comment_status":"closed","ping_status":"closed","template":"template-venice.php","meta":{"footnotes":""},"class_list":["post-1124","page","type-page","status-publish","hentry"],"yoast_head":"<!-- This site is optimized with the Yoast SEO plugin v26.9 - https:\/\/yoast.com\/product\/yoast-seo-wordpress\/ -->\n<title>Qu\u00e9 ver - Hotel Indigo Verona - Grand Hotel Des Arts<\/title>\n<meta name=\"robots\" content=\"index, follow, max-snippet:-1, max-image-preview:large, max-video-preview:-1\" \/>\n<link rel=\"canonical\" href=\"https:\/\/www.indigoverona.com\/es\/verona\/que-ver\/\" \/>\n<meta property=\"og:locale\" content=\"es_ES\" \/>\n<meta property=\"og:type\" content=\"article\" \/>\n<meta property=\"og:title\" content=\"Qu\u00e9 ver - Hotel Indigo Verona - Grand Hotel Des Arts\" \/>\n<meta property=\"og:description\" content=\"En Verona existe solo el problema de qu\u00e9 elegir: monumentos apreciados por los turistas como las casas de Romeo y Julieta; castillos, fortificaciones, puentes y palacios medievales, el anfiteatro romano conocido como la Arena, plazas con amplias perspectivas como la Bra o claustros con atractivo eterno como Piazza delle Erbe o Piazza dei Signori, museos [&hellip;]\" \/>\n<meta property=\"og:url\" content=\"https:\/\/www.indigoverona.com\/es\/verona\/que-ver\/\" \/>\n<meta property=\"og:site_name\" content=\"Hotel Indigo Verona - Grand Hotel Des Arts\" \/>\n<meta property=\"article:modified_time\" content=\"2023-09-29T15:49:43+00:00\" \/>\n<meta name=\"twitter:card\" content=\"summary_large_image\" \/>\n<meta name=\"twitter:label1\" content=\"Tiempo de lectura\" \/>\n\t<meta name=\"twitter:data1\" content=\"1 minuto\" \/>\n<script type=\"application\/ld+json\" class=\"yoast-schema-graph\">{\"@context\":\"https:\/\/schema.org\",\"@graph\":[{\"@type\":\"WebPage\",\"@id\":\"https:\/\/www.indigoverona.com\/es\/verona\/que-ver\/\",\"url\":\"https:\/\/www.indigoverona.com\/es\/verona\/que-ver\/\",\"name\":\"Qu\u00e9 ver - Hotel Indigo Verona - Grand Hotel Des Arts\",\"isPartOf\":{\"@id\":\"https:\/\/www.indigoverona.com\/es\/#website\"},\"datePublished\":\"2020-12-24T11:11:19+00:00\",\"dateModified\":\"2023-09-29T15:49:43+00:00\",\"breadcrumb\":{\"@id\":\"https:\/\/www.indigoverona.com\/es\/verona\/que-ver\/#breadcrumb\"},\"inLanguage\":\"es\",\"potentialAction\":[{\"@type\":\"ReadAction\",\"target\":[\"https:\/\/www.indigoverona.com\/es\/verona\/que-ver\/\"]}]},{\"@type\":\"BreadcrumbList\",\"@id\":\"https:\/\/www.indigoverona.com\/es\/verona\/que-ver\/#breadcrumb\",\"itemListElement\":[{\"@type\":\"ListItem\",\"position\":1,\"name\":\"Home\",\"item\":\"https:\/\/www.indigoverona.com\/es\/\"},{\"@type\":\"ListItem\",\"position\":2,\"name\":\"Verona\",\"item\":\"https:\/\/www.indigoverona.com\/es\/verona\/\"},{\"@type\":\"ListItem\",\"position\":3,\"name\":\"Qu\u00e9 ver\"}]},{\"@type\":\"WebSite\",\"@id\":\"https:\/\/www.indigoverona.com\/es\/#website\",\"url\":\"https:\/\/www.indigoverona.com\/es\/\",\"name\":\"Hotel Indigo Verona - Grand Hotel Des Arts\",\"description\":\"Just another ms.decms.eu site\",\"potentialAction\":[{\"@type\":\"SearchAction\",\"target\":{\"@type\":\"EntryPoint\",\"urlTemplate\":\"https:\/\/www.indigoverona.com\/es\/?s={search_term_string}\"},\"query-input\":{\"@type\":\"PropertyValueSpecification\",\"valueRequired\":true,\"valueName\":\"search_term_string\"}}],\"inLanguage\":\"es\"}]}<\/script>\n<!-- \/ Yoast SEO plugin. -->","yoast_head_json":{"title":"Qu\u00e9 ver - Hotel Indigo Verona - Grand Hotel Des Arts","robots":{"index":"index","follow":"follow","max-snippet":"max-snippet:-1","max-image-preview":"max-image-preview:large","max-video-preview":"max-video-preview:-1"},"canonical":"https:\/\/www.indigoverona.com\/es\/verona\/que-ver\/","og_locale":"es_ES","og_type":"article","og_title":"Qu\u00e9 ver - Hotel Indigo Verona - Grand Hotel Des Arts","og_description":"En Verona existe solo el problema de qu\u00e9 elegir: monumentos apreciados por los turistas como las casas de Romeo y Julieta; castillos, fortificaciones, puentes y palacios medievales, el anfiteatro romano conocido como la Arena, plazas con amplias perspectivas como la Bra o claustros con atractivo eterno como Piazza delle Erbe o Piazza dei Signori, museos [&hellip;]","og_url":"https:\/\/www.indigoverona.com\/es\/verona\/que-ver\/","og_site_name":"Hotel Indigo Verona - Grand Hotel Des Arts","article_modified_time":"2023-09-29T15:49:43+00:00","twitter_card":"summary_large_image","twitter_misc":{"Tiempo de lectura":"1 minuto"},"schema":{"@context":"https:\/\/schema.org","@graph":[{"@type":"WebPage","@id":"https:\/\/www.indigoverona.com\/es\/verona\/que-ver\/","url":"https:\/\/www.indigoverona.com\/es\/verona\/que-ver\/","name":"Qu\u00e9 ver - Hotel Indigo Verona - Grand Hotel Des Arts","isPartOf":{"@id":"https:\/\/www.indigoverona.com\/es\/#website"},"datePublished":"2020-12-24T11:11:19+00:00","dateModified":"2023-09-29T15:49:43+00:00","breadcrumb":{"@id":"https:\/\/www.indigoverona.com\/es\/verona\/que-ver\/#breadcrumb"},"inLanguage":"es","potentialAction":[{"@type":"ReadAction","target":["https:\/\/www.indigoverona.com\/es\/verona\/que-ver\/"]}]},{"@type":"BreadcrumbList","@id":"https:\/\/www.indigoverona.com\/es\/verona\/que-ver\/#breadcrumb","itemListElement":[{"@type":"ListItem","position":1,"name":"Home","item":"https:\/\/www.indigoverona.com\/es\/"},{"@type":"ListItem","position":2,"name":"Verona","item":"https:\/\/www.indigoverona.com\/es\/verona\/"},{"@type":"ListItem","position":3,"name":"Qu\u00e9 ver"}]},{"@type":"WebSite","@id":"https:\/\/www.indigoverona.com\/es\/#website","url":"https:\/\/www.indigoverona.com\/es\/","name":"Hotel Indigo Verona - Grand Hotel Des Arts","description":"Just another ms.decms.eu site","potentialAction":[{"@type":"SearchAction","target":{"@type":"EntryPoint","urlTemplate":"https:\/\/www.indigoverona.com\/es\/?s={search_term_string}"},"query-input":{"@type":"PropertyValueSpecification","valueRequired":true,"valueName":"search_term_string"}}],"inLanguage":"es"}]}},"acf":[],"_links":{"self":[{"href":"https:\/\/www.indigoverona.com\/es\/wp-json\/wp\/v2\/pages\/1124","targetHints":{"allow":["GET"]}}],"collection":[{"href":"https:\/\/www.indigoverona.com\/es\/wp-json\/wp\/v2\/pages"}],"about":[{"href":"https:\/\/www.indigoverona.com\/es\/wp-json\/wp\/v2\/types\/page"}],"author":[{"embeddable":true,"href":"https:\/\/www.indigoverona.com\/es\/wp-json\/wp\/v2\/users\/4"}],"replies":[{"embeddable":true,"href":"https:\/\/www.indigoverona.com\/es\/wp-json\/wp\/v2\/comments?post=1124"}],"version-history":[{"count":0,"href":"https:\/\/www.indigoverona.com\/es\/wp-json\/wp\/v2\/pages\/1124\/revisions"}],"up":[{"embeddable":true,"href":"https:\/\/www.indigoverona.com\/es\/wp-json\/wp\/v2\/pages\/1123"}],"wp:attachment":[{"href":"https:\/\/www.indigoverona.com\/es\/wp-json\/wp\/v2\/media?parent=1124"}],"curies":[{"name":"wp","href":"https:\/\/api.w.org\/{rel}","templated":true}]}}