{"id":1138,"date":"2020-12-24T12:07:52","date_gmt":"2020-12-24T12:07:52","guid":{"rendered":"https:\/\/www.indigoverona.com\/?page_id=1138"},"modified":"2021-01-18T16:10:14","modified_gmt":"2021-01-18T16:10:14","slug":"castel-san-pietro","status":"publish","type":"page","link":"https:\/\/www.indigoverona.com\/es\/verona\/que-ver\/castel-san-pietro\/","title":{"rendered":"Castel San Pietro"},"content":{"rendered":"<p>Surgido como edificio militar, <strong>Castel San Pietro<\/strong> es una construcci\u00f3n fortificada que se erige en el monte de Verona que lleva su nombre, en una posici\u00f3n privilegiada para vigilar a toda la ciudad desde arriba. Por ello a menudo a lo largo de los siglos es objeto de escaramuzas y ri\u00f1as por el control de la zona: desde la \u00e9poca de los romanos hasta la Edad media, de la dominaci\u00f3n como Vizcondado al asentamiento de la Seren\u00edsima Rep\u00fablica de Venecia, de los ataques de la \u00e9poca de Napole\u00f3n, hasta convertirse en cuartel para acoger a las tropas del Mariscal Radetzky, en la segunda mitad del siglo XIX.<\/p>\n<p>El interior del castillo est\u00e1 dedicado a <strong>parque p\u00fablico<\/strong>, los exteriores son meta muy amada de los turistas y de los habitantes de la ciudad, que suben a la monta\u00f1a para apreciar las vistas.<\/p>\n","protected":false},"excerpt":{"rendered":"<p>Surgido como edificio militar, Castel San Pietro es una construcci\u00f3n fortificada que se erige en el monte de Verona que lleva su nombre, en una posici\u00f3n privilegiada para vigilar a toda la ciudad desde arriba. Por ello a menudo a lo largo de los siglos es objeto de escaramuzas y ri\u00f1as por el control de [&hellip;]<\/p>\n","protected":false},"author":4,"featured_media":0,"parent":1124,"menu_order":6,"comment_status":"closed","ping_status":"closed","template":"template-venice-theme.php","meta":{"footnotes":""},"class_list":["post-1138","page","type-page","status-publish","hentry"],"yoast_head":"<!-- This site is optimized with the Yoast SEO plugin v26.9 - https:\/\/yoast.com\/product\/yoast-seo-wordpress\/ -->\n<title>Castel San Pietro - Hotel Indigo Verona - Grand Hotel Des Arts<\/title>\n<meta name=\"robots\" content=\"index, follow, max-snippet:-1, max-image-preview:large, max-video-preview:-1\" \/>\n<link rel=\"canonical\" href=\"https:\/\/www.indigoverona.com\/es\/verona\/que-ver\/castel-san-pietro\/\" \/>\n<meta property=\"og:locale\" content=\"es_ES\" \/>\n<meta property=\"og:type\" content=\"article\" \/>\n<meta property=\"og:title\" content=\"Castel San Pietro - Hotel Indigo Verona - Grand Hotel Des Arts\" \/>\n<meta property=\"og:description\" content=\"Surgido como edificio militar, Castel San Pietro es una construcci\u00f3n fortificada que se erige en el monte de Verona que lleva su nombre, en una posici\u00f3n privilegiada para vigilar a toda la ciudad desde arriba. Por ello a menudo a lo largo de los siglos es objeto de escaramuzas y ri\u00f1as por el control de [&hellip;]\" \/>\n<meta property=\"og:url\" content=\"https:\/\/www.indigoverona.com\/es\/verona\/que-ver\/castel-san-pietro\/\" \/>\n<meta property=\"og:site_name\" content=\"Hotel Indigo Verona - Grand Hotel Des Arts\" \/>\n<meta property=\"article:modified_time\" content=\"2021-01-18T16:10:14+00:00\" \/>\n<meta name=\"twitter:card\" content=\"summary_large_image\" \/>\n<meta name=\"twitter:label1\" content=\"Tiempo de lectura\" \/>\n\t<meta name=\"twitter:data1\" content=\"1 minuto\" \/>\n<script type=\"application\/ld+json\" class=\"yoast-schema-graph\">{\"@context\":\"https:\/\/schema.org\",\"@graph\":[{\"@type\":\"WebPage\",\"@id\":\"https:\/\/www.indigoverona.com\/es\/verona\/que-ver\/castel-san-pietro\/\",\"url\":\"https:\/\/www.indigoverona.com\/es\/verona\/que-ver\/castel-san-pietro\/\",\"name\":\"Castel San Pietro - Hotel Indigo Verona - Grand Hotel Des Arts\",\"isPartOf\":{\"@id\":\"https:\/\/www.indigoverona.com\/es\/#website\"},\"datePublished\":\"2020-12-24T12:07:52+00:00\",\"dateModified\":\"2021-01-18T16:10:14+00:00\",\"breadcrumb\":{\"@id\":\"https:\/\/www.indigoverona.com\/es\/verona\/que-ver\/castel-san-pietro\/#breadcrumb\"},\"inLanguage\":\"es\",\"potentialAction\":[{\"@type\":\"ReadAction\",\"target\":[\"https:\/\/www.indigoverona.com\/es\/verona\/que-ver\/castel-san-pietro\/\"]}]},{\"@type\":\"BreadcrumbList\",\"@id\":\"https:\/\/www.indigoverona.com\/es\/verona\/que-ver\/castel-san-pietro\/#breadcrumb\",\"itemListElement\":[{\"@type\":\"ListItem\",\"position\":1,\"name\":\"Home\",\"item\":\"https:\/\/www.indigoverona.com\/es\/\"},{\"@type\":\"ListItem\",\"position\":2,\"name\":\"Verona\",\"item\":\"https:\/\/www.indigoverona.com\/es\/verona\/\"},{\"@type\":\"ListItem\",\"position\":3,\"name\":\"Qu\u00e9 ver\",\"item\":\"https:\/\/www.indigoverona.com\/es\/verona\/que-ver\/\"},{\"@type\":\"ListItem\",\"position\":4,\"name\":\"Castel San Pietro\"}]},{\"@type\":\"WebSite\",\"@id\":\"https:\/\/www.indigoverona.com\/es\/#website\",\"url\":\"https:\/\/www.indigoverona.com\/es\/\",\"name\":\"Hotel Indigo Verona - Grand Hotel Des Arts\",\"description\":\"Just another ms.decms.eu site\",\"potentialAction\":[{\"@type\":\"SearchAction\",\"target\":{\"@type\":\"EntryPoint\",\"urlTemplate\":\"https:\/\/www.indigoverona.com\/es\/?s={search_term_string}\"},\"query-input\":{\"@type\":\"PropertyValueSpecification\",\"valueRequired\":true,\"valueName\":\"search_term_string\"}}],\"inLanguage\":\"es\"}]}<\/script>\n<!-- \/ Yoast SEO plugin. -->","yoast_head_json":{"title":"Castel San Pietro - Hotel Indigo Verona - Grand Hotel Des Arts","robots":{"index":"index","follow":"follow","max-snippet":"max-snippet:-1","max-image-preview":"max-image-preview:large","max-video-preview":"max-video-preview:-1"},"canonical":"https:\/\/www.indigoverona.com\/es\/verona\/que-ver\/castel-san-pietro\/","og_locale":"es_ES","og_type":"article","og_title":"Castel San Pietro - Hotel Indigo Verona - Grand Hotel Des Arts","og_description":"Surgido como edificio militar, Castel San Pietro es una construcci\u00f3n fortificada que se erige en el monte de Verona que lleva su nombre, en una posici\u00f3n privilegiada para vigilar a toda la ciudad desde arriba. Por ello a menudo a lo largo de los siglos es objeto de escaramuzas y ri\u00f1as por el control de [&hellip;]","og_url":"https:\/\/www.indigoverona.com\/es\/verona\/que-ver\/castel-san-pietro\/","og_site_name":"Hotel Indigo Verona - Grand Hotel Des Arts","article_modified_time":"2021-01-18T16:10:14+00:00","twitter_card":"summary_large_image","twitter_misc":{"Tiempo de lectura":"1 minuto"},"schema":{"@context":"https:\/\/schema.org","@graph":[{"@type":"WebPage","@id":"https:\/\/www.indigoverona.com\/es\/verona\/que-ver\/castel-san-pietro\/","url":"https:\/\/www.indigoverona.com\/es\/verona\/que-ver\/castel-san-pietro\/","name":"Castel San Pietro - Hotel Indigo Verona - Grand Hotel Des Arts","isPartOf":{"@id":"https:\/\/www.indigoverona.com\/es\/#website"},"datePublished":"2020-12-24T12:07:52+00:00","dateModified":"2021-01-18T16:10:14+00:00","breadcrumb":{"@id":"https:\/\/www.indigoverona.com\/es\/verona\/que-ver\/castel-san-pietro\/#breadcrumb"},"inLanguage":"es","potentialAction":[{"@type":"ReadAction","target":["https:\/\/www.indigoverona.com\/es\/verona\/que-ver\/castel-san-pietro\/"]}]},{"@type":"BreadcrumbList","@id":"https:\/\/www.indigoverona.com\/es\/verona\/que-ver\/castel-san-pietro\/#breadcrumb","itemListElement":[{"@type":"ListItem","position":1,"name":"Home","item":"https:\/\/www.indigoverona.com\/es\/"},{"@type":"ListItem","position":2,"name":"Verona","item":"https:\/\/www.indigoverona.com\/es\/verona\/"},{"@type":"ListItem","position":3,"name":"Qu\u00e9 ver","item":"https:\/\/www.indigoverona.com\/es\/verona\/que-ver\/"},{"@type":"ListItem","position":4,"name":"Castel San Pietro"}]},{"@type":"WebSite","@id":"https:\/\/www.indigoverona.com\/es\/#website","url":"https:\/\/www.indigoverona.com\/es\/","name":"Hotel Indigo Verona - Grand Hotel Des Arts","description":"Just another ms.decms.eu site","potentialAction":[{"@type":"SearchAction","target":{"@type":"EntryPoint","urlTemplate":"https:\/\/www.indigoverona.com\/es\/?s={search_term_string}"},"query-input":{"@type":"PropertyValueSpecification","valueRequired":true,"valueName":"search_term_string"}}],"inLanguage":"es"}]}},"acf":[],"_links":{"self":[{"href":"https:\/\/www.indigoverona.com\/es\/wp-json\/wp\/v2\/pages\/1138","targetHints":{"allow":["GET"]}}],"collection":[{"href":"https:\/\/www.indigoverona.com\/es\/wp-json\/wp\/v2\/pages"}],"about":[{"href":"https:\/\/www.indigoverona.com\/es\/wp-json\/wp\/v2\/types\/page"}],"author":[{"embeddable":true,"href":"https:\/\/www.indigoverona.com\/es\/wp-json\/wp\/v2\/users\/4"}],"replies":[{"embeddable":true,"href":"https:\/\/www.indigoverona.com\/es\/wp-json\/wp\/v2\/comments?post=1138"}],"version-history":[{"count":0,"href":"https:\/\/www.indigoverona.com\/es\/wp-json\/wp\/v2\/pages\/1138\/revisions"}],"up":[{"embeddable":true,"href":"https:\/\/www.indigoverona.com\/es\/wp-json\/wp\/v2\/pages\/1124"}],"wp:attachment":[{"href":"https:\/\/www.indigoverona.com\/es\/wp-json\/wp\/v2\/media?parent=1138"}],"curies":[{"name":"wp","href":"https:\/\/api.w.org\/{rel}","templated":true}]}}