{"id":1140,"date":"2020-12-24T13:52:15","date_gmt":"2020-12-24T13:52:15","guid":{"rendered":"https:\/\/www.indigoverona.com\/?page_id=1140"},"modified":"2021-01-18T16:13:44","modified_gmt":"2021-01-18T16:13:44","slug":"feria-de-verona","status":"publish","type":"page","link":"https:\/\/www.indigoverona.com\/es\/verona\/que-ver\/feria-de-verona\/","title":{"rendered":"Feria de Verona"},"content":{"rendered":"<p><strong>Un Recinto ferial a la vanguardia<\/strong>, 309.000 metros cuadrados de superficie bruta expositiva, divida de manera proporcionada entre zonas externas e internas, con 13 pabellones, 10.000 plazas de aparcamiento, servicios exclusivos a disposici\u00f3n de los <strong>expositores y de los visitantes<\/strong> facilidad de acceso y localizaci\u00f3n envidiables: es por ello que <strong>las m\u00e1s importantes ferias nacionales e internacionales de sector se dan cita en Verona.<\/strong><\/p>\n<p>La clave de acceso para las principales directivas que llevan del norte al sur de Europa (De Estocolmo a Palermo) y de este a oeste (Barcelona-Kiev), <strong>Verona es un nodo log\u00edstico fundamental, una referencia imprescindible.<\/strong><\/p>\n","protected":false},"excerpt":{"rendered":"<p>Un Recinto ferial a la vanguardia, 309.000 metros cuadrados de superficie bruta expositiva, divida de manera proporcionada entre zonas externas e internas, con 13 pabellones, 10.000 plazas de aparcamiento, servicios exclusivos a disposici\u00f3n de los expositores y de los visitantes facilidad de acceso y localizaci\u00f3n envidiables: es por ello que las m\u00e1s importantes ferias nacionales [&hellip;]<\/p>\n","protected":false},"author":4,"featured_media":0,"parent":1124,"menu_order":7,"comment_status":"closed","ping_status":"closed","template":"template-venice-theme.php","meta":{"footnotes":""},"class_list":["post-1140","page","type-page","status-publish","hentry"],"yoast_head":"<!-- This site is optimized with the Yoast SEO plugin v26.9 - https:\/\/yoast.com\/product\/yoast-seo-wordpress\/ -->\n<title>Feria de Verona - Hotel Indigo Verona - Grand Hotel Des Arts<\/title>\n<meta name=\"robots\" content=\"index, follow, max-snippet:-1, max-image-preview:large, max-video-preview:-1\" \/>\n<link rel=\"canonical\" href=\"https:\/\/www.indigoverona.com\/es\/verona\/que-ver\/feria-de-verona\/\" \/>\n<meta property=\"og:locale\" content=\"es_ES\" \/>\n<meta property=\"og:type\" content=\"article\" \/>\n<meta property=\"og:title\" content=\"Feria de Verona - Hotel Indigo Verona - Grand Hotel Des Arts\" \/>\n<meta property=\"og:description\" content=\"Un Recinto ferial a la vanguardia, 309.000 metros cuadrados de superficie bruta expositiva, divida de manera proporcionada entre zonas externas e internas, con 13 pabellones, 10.000 plazas de aparcamiento, servicios exclusivos a disposici\u00f3n de los expositores y de los visitantes facilidad de acceso y localizaci\u00f3n envidiables: es por ello que las m\u00e1s importantes ferias nacionales [&hellip;]\" \/>\n<meta property=\"og:url\" content=\"https:\/\/www.indigoverona.com\/es\/verona\/que-ver\/feria-de-verona\/\" \/>\n<meta property=\"og:site_name\" content=\"Hotel Indigo Verona - Grand Hotel Des Arts\" \/>\n<meta property=\"article:modified_time\" content=\"2021-01-18T16:13:44+00:00\" \/>\n<meta name=\"twitter:card\" content=\"summary_large_image\" \/>\n<meta name=\"twitter:label1\" content=\"Tiempo de lectura\" \/>\n\t<meta name=\"twitter:data1\" content=\"1 minuto\" \/>\n<script type=\"application\/ld+json\" class=\"yoast-schema-graph\">{\"@context\":\"https:\/\/schema.org\",\"@graph\":[{\"@type\":\"WebPage\",\"@id\":\"https:\/\/www.indigoverona.com\/es\/verona\/que-ver\/feria-de-verona\/\",\"url\":\"https:\/\/www.indigoverona.com\/es\/verona\/que-ver\/feria-de-verona\/\",\"name\":\"Feria de Verona - Hotel Indigo Verona - Grand Hotel Des Arts\",\"isPartOf\":{\"@id\":\"https:\/\/www.indigoverona.com\/es\/#website\"},\"datePublished\":\"2020-12-24T13:52:15+00:00\",\"dateModified\":\"2021-01-18T16:13:44+00:00\",\"breadcrumb\":{\"@id\":\"https:\/\/www.indigoverona.com\/es\/verona\/que-ver\/feria-de-verona\/#breadcrumb\"},\"inLanguage\":\"es\",\"potentialAction\":[{\"@type\":\"ReadAction\",\"target\":[\"https:\/\/www.indigoverona.com\/es\/verona\/que-ver\/feria-de-verona\/\"]}]},{\"@type\":\"BreadcrumbList\",\"@id\":\"https:\/\/www.indigoverona.com\/es\/verona\/que-ver\/feria-de-verona\/#breadcrumb\",\"itemListElement\":[{\"@type\":\"ListItem\",\"position\":1,\"name\":\"Home\",\"item\":\"https:\/\/www.indigoverona.com\/es\/\"},{\"@type\":\"ListItem\",\"position\":2,\"name\":\"Verona\",\"item\":\"https:\/\/www.indigoverona.com\/es\/verona\/\"},{\"@type\":\"ListItem\",\"position\":3,\"name\":\"Qu\u00e9 ver\",\"item\":\"https:\/\/www.indigoverona.com\/es\/verona\/que-ver\/\"},{\"@type\":\"ListItem\",\"position\":4,\"name\":\"Feria de Verona\"}]},{\"@type\":\"WebSite\",\"@id\":\"https:\/\/www.indigoverona.com\/es\/#website\",\"url\":\"https:\/\/www.indigoverona.com\/es\/\",\"name\":\"Hotel Indigo Verona - Grand Hotel Des Arts\",\"description\":\"Just another ms.decms.eu site\",\"potentialAction\":[{\"@type\":\"SearchAction\",\"target\":{\"@type\":\"EntryPoint\",\"urlTemplate\":\"https:\/\/www.indigoverona.com\/es\/?s={search_term_string}\"},\"query-input\":{\"@type\":\"PropertyValueSpecification\",\"valueRequired\":true,\"valueName\":\"search_term_string\"}}],\"inLanguage\":\"es\"}]}<\/script>\n<!-- \/ Yoast SEO plugin. -->","yoast_head_json":{"title":"Feria de Verona - Hotel Indigo Verona - Grand Hotel Des Arts","robots":{"index":"index","follow":"follow","max-snippet":"max-snippet:-1","max-image-preview":"max-image-preview:large","max-video-preview":"max-video-preview:-1"},"canonical":"https:\/\/www.indigoverona.com\/es\/verona\/que-ver\/feria-de-verona\/","og_locale":"es_ES","og_type":"article","og_title":"Feria de Verona - Hotel Indigo Verona - Grand Hotel Des Arts","og_description":"Un Recinto ferial a la vanguardia, 309.000 metros cuadrados de superficie bruta expositiva, divida de manera proporcionada entre zonas externas e internas, con 13 pabellones, 10.000 plazas de aparcamiento, servicios exclusivos a disposici\u00f3n de los expositores y de los visitantes facilidad de acceso y localizaci\u00f3n envidiables: es por ello que las m\u00e1s importantes ferias nacionales [&hellip;]","og_url":"https:\/\/www.indigoverona.com\/es\/verona\/que-ver\/feria-de-verona\/","og_site_name":"Hotel Indigo Verona - Grand Hotel Des Arts","article_modified_time":"2021-01-18T16:13:44+00:00","twitter_card":"summary_large_image","twitter_misc":{"Tiempo de lectura":"1 minuto"},"schema":{"@context":"https:\/\/schema.org","@graph":[{"@type":"WebPage","@id":"https:\/\/www.indigoverona.com\/es\/verona\/que-ver\/feria-de-verona\/","url":"https:\/\/www.indigoverona.com\/es\/verona\/que-ver\/feria-de-verona\/","name":"Feria de Verona - Hotel Indigo Verona - Grand Hotel Des Arts","isPartOf":{"@id":"https:\/\/www.indigoverona.com\/es\/#website"},"datePublished":"2020-12-24T13:52:15+00:00","dateModified":"2021-01-18T16:13:44+00:00","breadcrumb":{"@id":"https:\/\/www.indigoverona.com\/es\/verona\/que-ver\/feria-de-verona\/#breadcrumb"},"inLanguage":"es","potentialAction":[{"@type":"ReadAction","target":["https:\/\/www.indigoverona.com\/es\/verona\/que-ver\/feria-de-verona\/"]}]},{"@type":"BreadcrumbList","@id":"https:\/\/www.indigoverona.com\/es\/verona\/que-ver\/feria-de-verona\/#breadcrumb","itemListElement":[{"@type":"ListItem","position":1,"name":"Home","item":"https:\/\/www.indigoverona.com\/es\/"},{"@type":"ListItem","position":2,"name":"Verona","item":"https:\/\/www.indigoverona.com\/es\/verona\/"},{"@type":"ListItem","position":3,"name":"Qu\u00e9 ver","item":"https:\/\/www.indigoverona.com\/es\/verona\/que-ver\/"},{"@type":"ListItem","position":4,"name":"Feria de Verona"}]},{"@type":"WebSite","@id":"https:\/\/www.indigoverona.com\/es\/#website","url":"https:\/\/www.indigoverona.com\/es\/","name":"Hotel Indigo Verona - Grand Hotel Des Arts","description":"Just another ms.decms.eu site","potentialAction":[{"@type":"SearchAction","target":{"@type":"EntryPoint","urlTemplate":"https:\/\/www.indigoverona.com\/es\/?s={search_term_string}"},"query-input":{"@type":"PropertyValueSpecification","valueRequired":true,"valueName":"search_term_string"}}],"inLanguage":"es"}]}},"acf":[],"_links":{"self":[{"href":"https:\/\/www.indigoverona.com\/es\/wp-json\/wp\/v2\/pages\/1140","targetHints":{"allow":["GET"]}}],"collection":[{"href":"https:\/\/www.indigoverona.com\/es\/wp-json\/wp\/v2\/pages"}],"about":[{"href":"https:\/\/www.indigoverona.com\/es\/wp-json\/wp\/v2\/types\/page"}],"author":[{"embeddable":true,"href":"https:\/\/www.indigoverona.com\/es\/wp-json\/wp\/v2\/users\/4"}],"replies":[{"embeddable":true,"href":"https:\/\/www.indigoverona.com\/es\/wp-json\/wp\/v2\/comments?post=1140"}],"version-history":[{"count":0,"href":"https:\/\/www.indigoverona.com\/es\/wp-json\/wp\/v2\/pages\/1140\/revisions"}],"up":[{"embeddable":true,"href":"https:\/\/www.indigoverona.com\/es\/wp-json\/wp\/v2\/pages\/1124"}],"wp:attachment":[{"href":"https:\/\/www.indigoverona.com\/es\/wp-json\/wp\/v2\/media?parent=1140"}],"curies":[{"name":"wp","href":"https:\/\/api.w.org\/{rel}","templated":true}]}}