{"id":1144,"date":"2020-12-24T14:13:07","date_gmt":"2020-12-24T14:13:07","guid":{"rendered":"https:\/\/www.indigoverona.com\/?page_id=1144"},"modified":"2021-01-11T11:47:07","modified_gmt":"2021-01-11T11:47:07","slug":"eventos-en-verona","status":"publish","type":"page","link":"https:\/\/www.indigoverona.com\/es\/verona\/eventos-en-verona\/","title":{"rendered":"Eventos en Verona"},"content":{"rendered":"<p><strong>Verona, ciudad del Amor, de monumentos y museos, de arte y de cultura<\/strong>&#8230; y mucho m\u00e1s. Verona sobre todo es <strong>una ciudad rica de eventos <\/strong>que la animan todo el a\u00f1o. Desde el Carnaval, hermano gemelo del conocido carnaval de Venecia y no menos fascinante, hasta las temporadas de L\u00edrica y de Teatro que avivan el verano, que se ofertan en escenarios de excelencia como <a title=\"La Arena y Piazza Bra - Hotel Indigo Verona\" href=\"https:\/\/www.indigoverona.com\/es\/verona\/que-ver\/la-arena-y-piazza-bra\/\"><strong><u>la Arena<\/u><\/strong><\/a>, el <strong>Teatro Romano<\/strong> y el <strong>Teatro Filarm\u00f3nico<\/strong>; de los<strong> festivales internacionales<\/strong> a las <strong>ferias de sector m\u00e1s famosas<\/strong>&#8230;<br \/>\nen fin: Verona se oferta como meta que satisface incluso a los visitantes m\u00e1s ecl\u00e9cticos y con los gustos m\u00e1s dif\u00edciles.<\/p>\n<p>&nbsp;<\/p>\n<p><strong>Nuestro equipo <\/strong>le ayudar\u00e1 a descubrir la variedad de oportunidades que le ofrece la ciudad durante el a\u00f1o, para aprovechar su estancia lo mejor posible.<\/p>\n","protected":false},"excerpt":{"rendered":"<p>Verona, ciudad del Amor, de monumentos y museos, de arte y de cultura&#8230; y mucho m\u00e1s. Verona sobre todo es una ciudad rica de eventos que la animan todo el a\u00f1o. Desde el Carnaval, hermano gemelo del conocido carnaval de Venecia y no menos fascinante, hasta las temporadas de L\u00edrica y de Teatro que avivan [&hellip;]<\/p>\n","protected":false},"author":4,"featured_media":0,"parent":1123,"menu_order":2,"comment_status":"closed","ping_status":"closed","template":"template-venice-theme.php","meta":{"footnotes":""},"class_list":["post-1144","page","type-page","status-publish","hentry"],"yoast_head":"<!-- This site is optimized with the Yoast SEO plugin v26.9 - https:\/\/yoast.com\/product\/yoast-seo-wordpress\/ -->\n<title>Eventos en Verona - Hotel Indigo Verona - Grand Hotel Des Arts<\/title>\n<meta name=\"robots\" content=\"index, follow, max-snippet:-1, max-image-preview:large, max-video-preview:-1\" \/>\n<link rel=\"canonical\" href=\"https:\/\/www.indigoverona.com\/es\/verona\/eventos-en-verona\/\" \/>\n<meta property=\"og:locale\" content=\"es_ES\" \/>\n<meta property=\"og:type\" content=\"article\" \/>\n<meta property=\"og:title\" content=\"Eventos en Verona - Hotel Indigo Verona - Grand Hotel Des Arts\" \/>\n<meta property=\"og:description\" content=\"Verona, ciudad del Amor, de monumentos y museos, de arte y de cultura&#8230; y mucho m\u00e1s. Verona sobre todo es una ciudad rica de eventos que la animan todo el a\u00f1o. Desde el Carnaval, hermano gemelo del conocido carnaval de Venecia y no menos fascinante, hasta las temporadas de L\u00edrica y de Teatro que avivan [&hellip;]\" \/>\n<meta property=\"og:url\" content=\"https:\/\/www.indigoverona.com\/es\/verona\/eventos-en-verona\/\" \/>\n<meta property=\"og:site_name\" content=\"Hotel Indigo Verona - Grand Hotel Des Arts\" \/>\n<meta property=\"article:modified_time\" content=\"2021-01-11T11:47:07+00:00\" \/>\n<meta name=\"twitter:card\" content=\"summary_large_image\" \/>\n<meta name=\"twitter:label1\" content=\"Tiempo de lectura\" \/>\n\t<meta name=\"twitter:data1\" content=\"1 minuto\" \/>\n<script type=\"application\/ld+json\" class=\"yoast-schema-graph\">{\"@context\":\"https:\/\/schema.org\",\"@graph\":[{\"@type\":\"WebPage\",\"@id\":\"https:\/\/www.indigoverona.com\/es\/verona\/eventos-en-verona\/\",\"url\":\"https:\/\/www.indigoverona.com\/es\/verona\/eventos-en-verona\/\",\"name\":\"Eventos en Verona - Hotel Indigo Verona - Grand Hotel Des Arts\",\"isPartOf\":{\"@id\":\"https:\/\/www.indigoverona.com\/es\/#website\"},\"datePublished\":\"2020-12-24T14:13:07+00:00\",\"dateModified\":\"2021-01-11T11:47:07+00:00\",\"breadcrumb\":{\"@id\":\"https:\/\/www.indigoverona.com\/es\/verona\/eventos-en-verona\/#breadcrumb\"},\"inLanguage\":\"es\",\"potentialAction\":[{\"@type\":\"ReadAction\",\"target\":[\"https:\/\/www.indigoverona.com\/es\/verona\/eventos-en-verona\/\"]}]},{\"@type\":\"BreadcrumbList\",\"@id\":\"https:\/\/www.indigoverona.com\/es\/verona\/eventos-en-verona\/#breadcrumb\",\"itemListElement\":[{\"@type\":\"ListItem\",\"position\":1,\"name\":\"Home\",\"item\":\"https:\/\/www.indigoverona.com\/es\/\"},{\"@type\":\"ListItem\",\"position\":2,\"name\":\"Verona\",\"item\":\"https:\/\/www.indigoverona.com\/es\/verona\/\"},{\"@type\":\"ListItem\",\"position\":3,\"name\":\"Eventos en Verona\"}]},{\"@type\":\"WebSite\",\"@id\":\"https:\/\/www.indigoverona.com\/es\/#website\",\"url\":\"https:\/\/www.indigoverona.com\/es\/\",\"name\":\"Hotel Indigo Verona - Grand Hotel Des Arts\",\"description\":\"Just another ms.decms.eu site\",\"potentialAction\":[{\"@type\":\"SearchAction\",\"target\":{\"@type\":\"EntryPoint\",\"urlTemplate\":\"https:\/\/www.indigoverona.com\/es\/?s={search_term_string}\"},\"query-input\":{\"@type\":\"PropertyValueSpecification\",\"valueRequired\":true,\"valueName\":\"search_term_string\"}}],\"inLanguage\":\"es\"}]}<\/script>\n<!-- \/ Yoast SEO plugin. -->","yoast_head_json":{"title":"Eventos en Verona - Hotel Indigo Verona - Grand Hotel Des Arts","robots":{"index":"index","follow":"follow","max-snippet":"max-snippet:-1","max-image-preview":"max-image-preview:large","max-video-preview":"max-video-preview:-1"},"canonical":"https:\/\/www.indigoverona.com\/es\/verona\/eventos-en-verona\/","og_locale":"es_ES","og_type":"article","og_title":"Eventos en Verona - Hotel Indigo Verona - Grand Hotel Des Arts","og_description":"Verona, ciudad del Amor, de monumentos y museos, de arte y de cultura&#8230; y mucho m\u00e1s. Verona sobre todo es una ciudad rica de eventos que la animan todo el a\u00f1o. Desde el Carnaval, hermano gemelo del conocido carnaval de Venecia y no menos fascinante, hasta las temporadas de L\u00edrica y de Teatro que avivan [&hellip;]","og_url":"https:\/\/www.indigoverona.com\/es\/verona\/eventos-en-verona\/","og_site_name":"Hotel Indigo Verona - Grand Hotel Des Arts","article_modified_time":"2021-01-11T11:47:07+00:00","twitter_card":"summary_large_image","twitter_misc":{"Tiempo de lectura":"1 minuto"},"schema":{"@context":"https:\/\/schema.org","@graph":[{"@type":"WebPage","@id":"https:\/\/www.indigoverona.com\/es\/verona\/eventos-en-verona\/","url":"https:\/\/www.indigoverona.com\/es\/verona\/eventos-en-verona\/","name":"Eventos en Verona - Hotel Indigo Verona - Grand Hotel Des Arts","isPartOf":{"@id":"https:\/\/www.indigoverona.com\/es\/#website"},"datePublished":"2020-12-24T14:13:07+00:00","dateModified":"2021-01-11T11:47:07+00:00","breadcrumb":{"@id":"https:\/\/www.indigoverona.com\/es\/verona\/eventos-en-verona\/#breadcrumb"},"inLanguage":"es","potentialAction":[{"@type":"ReadAction","target":["https:\/\/www.indigoverona.com\/es\/verona\/eventos-en-verona\/"]}]},{"@type":"BreadcrumbList","@id":"https:\/\/www.indigoverona.com\/es\/verona\/eventos-en-verona\/#breadcrumb","itemListElement":[{"@type":"ListItem","position":1,"name":"Home","item":"https:\/\/www.indigoverona.com\/es\/"},{"@type":"ListItem","position":2,"name":"Verona","item":"https:\/\/www.indigoverona.com\/es\/verona\/"},{"@type":"ListItem","position":3,"name":"Eventos en Verona"}]},{"@type":"WebSite","@id":"https:\/\/www.indigoverona.com\/es\/#website","url":"https:\/\/www.indigoverona.com\/es\/","name":"Hotel Indigo Verona - Grand Hotel Des Arts","description":"Just another ms.decms.eu site","potentialAction":[{"@type":"SearchAction","target":{"@type":"EntryPoint","urlTemplate":"https:\/\/www.indigoverona.com\/es\/?s={search_term_string}"},"query-input":{"@type":"PropertyValueSpecification","valueRequired":true,"valueName":"search_term_string"}}],"inLanguage":"es"}]}},"acf":[],"_links":{"self":[{"href":"https:\/\/www.indigoverona.com\/es\/wp-json\/wp\/v2\/pages\/1144","targetHints":{"allow":["GET"]}}],"collection":[{"href":"https:\/\/www.indigoverona.com\/es\/wp-json\/wp\/v2\/pages"}],"about":[{"href":"https:\/\/www.indigoverona.com\/es\/wp-json\/wp\/v2\/types\/page"}],"author":[{"embeddable":true,"href":"https:\/\/www.indigoverona.com\/es\/wp-json\/wp\/v2\/users\/4"}],"replies":[{"embeddable":true,"href":"https:\/\/www.indigoverona.com\/es\/wp-json\/wp\/v2\/comments?post=1144"}],"version-history":[{"count":0,"href":"https:\/\/www.indigoverona.com\/es\/wp-json\/wp\/v2\/pages\/1144\/revisions"}],"up":[{"embeddable":true,"href":"https:\/\/www.indigoverona.com\/es\/wp-json\/wp\/v2\/pages\/1123"}],"wp:attachment":[{"href":"https:\/\/www.indigoverona.com\/es\/wp-json\/wp\/v2\/media?parent=1144"}],"curies":[{"name":"wp","href":"https:\/\/api.w.org\/{rel}","templated":true}]}}