{"id":1515,"date":"2022-05-13T14:52:36","date_gmt":"2022-05-13T14:52:36","guid":{"rendered":"https:\/\/www.indigoverona.com\/?page_id=1515"},"modified":"2022-05-30T15:51:04","modified_gmt":"2022-05-30T15:51:04","slug":"habitaciones-standard-con-balcon","status":"publish","type":"page","link":"https:\/\/www.indigoverona.com\/es\/habitaciones-y-suites\/habitaciones-standard-con-balcon\/","title":{"rendered":"Habitaciones Standard con balc\u00f2n"},"content":{"rendered":"<h1>Unas vistas impresionantes de la ciudad<\/h1>\n<p>Una Verona desconocida, entre la tranquilidad del jard\u00edn interior y el bullicio de la vida de la ciudad: gracias a nuestras habitaciones Est\u00e1ndar con balc\u00f3n podr\u00e1 disfrutar de nuestra vida cotidiana con momentos de\u00a0 completo relax y confort.<\/p>\n<p>Con vistas a la ciudad, todas disponen de conexi\u00f3n wifi gratuita, aire acondicionado, escritorio y silla, televisi\u00f3n LCD con Chromecast y canales de Sky, hervidor para t\u00e9 o caf\u00e9 y minibar con agua gratis.<\/p>\n<p>Los ba\u00f1os disponen de ba\u00f1era o ducha y l\u00ednea de cortes\u00eda.<\/p>\n<p>Amuebladas con <strong>cama doble grande<\/strong>.<\/p>\n","protected":false},"excerpt":{"rendered":"<p>Unas vistas impresionantes de la ciudad Una Verona desconocida, entre la tranquilidad del jard\u00edn interior y el bullicio de la vida de la ciudad: gracias a nuestras habitaciones Est\u00e1ndar con balc\u00f3n podr\u00e1 disfrutar de nuestra vida cotidiana con momentos de\u00a0 completo relax y confort. Con vistas a la ciudad, todas disponen de conexi\u00f3n wifi gratuita, [&hellip;]<\/p>\n","protected":false},"author":157,"featured_media":0,"parent":1091,"menu_order":2,"comment_status":"closed","ping_status":"closed","template":"template-single-room.php","meta":{"footnotes":""},"class_list":["post-1515","page","type-page","status-publish","hentry"],"yoast_head":"<!-- This site is optimized with the Yoast SEO plugin v26.9 - https:\/\/yoast.com\/product\/yoast-seo-wordpress\/ -->\n<title>Habitaciones Standard con balc\u00f2n - Hotel Indigo Verona - Grand Hotel Des Arts<\/title>\n<meta name=\"description\" content=\"El boutique Hotel des Arts Verona ofrece habitaciones est\u00e1ndar con balc\u00f2n amuebladas con un estilo inconfundiblemente elegante y con el m\u00e1ximo confort.\" \/>\n<meta name=\"robots\" content=\"index, follow, max-snippet:-1, max-image-preview:large, max-video-preview:-1\" \/>\n<link rel=\"canonical\" href=\"https:\/\/www.indigoverona.com\/es\/habitaciones-y-suites\/habitaciones-standard-con-balcon\/\" \/>\n<meta property=\"og:locale\" content=\"es_ES\" \/>\n<meta property=\"og:type\" content=\"article\" \/>\n<meta property=\"og:title\" content=\"Habitaciones Standard con balc\u00f2n - Hotel Indigo Verona - Grand Hotel Des Arts\" \/>\n<meta property=\"og:description\" content=\"El boutique Hotel des Arts Verona ofrece habitaciones est\u00e1ndar con balc\u00f2n amuebladas con un estilo inconfundiblemente elegante y con el m\u00e1ximo confort.\" \/>\n<meta property=\"og:url\" content=\"https:\/\/www.indigoverona.com\/es\/habitaciones-y-suites\/habitaciones-standard-con-balcon\/\" \/>\n<meta property=\"og:site_name\" content=\"Hotel Indigo Verona - Grand Hotel Des Arts\" \/>\n<meta property=\"article:modified_time\" content=\"2022-05-30T15:51:04+00:00\" \/>\n<meta name=\"twitter:card\" content=\"summary_large_image\" \/>\n<meta name=\"twitter:label1\" content=\"Tiempo de lectura\" \/>\n\t<meta name=\"twitter:data1\" content=\"1 minuto\" \/>\n<script type=\"application\/ld+json\" class=\"yoast-schema-graph\">{\"@context\":\"https:\/\/schema.org\",\"@graph\":[{\"@type\":\"WebPage\",\"@id\":\"https:\/\/www.indigoverona.com\/es\/habitaciones-y-suites\/habitaciones-standard-con-balcon\/\",\"url\":\"https:\/\/www.indigoverona.com\/es\/habitaciones-y-suites\/habitaciones-standard-con-balcon\/\",\"name\":\"Habitaciones Standard con balc\u00f2n - Hotel Indigo Verona - Grand Hotel Des Arts\",\"isPartOf\":{\"@id\":\"https:\/\/www.indigoverona.com\/es\/#website\"},\"datePublished\":\"2022-05-13T14:52:36+00:00\",\"dateModified\":\"2022-05-30T15:51:04+00:00\",\"description\":\"El boutique Hotel des Arts Verona ofrece habitaciones est\u00e1ndar con balc\u00f2n amuebladas con un estilo inconfundiblemente elegante y con el m\u00e1ximo confort.\",\"breadcrumb\":{\"@id\":\"https:\/\/www.indigoverona.com\/es\/habitaciones-y-suites\/habitaciones-standard-con-balcon\/#breadcrumb\"},\"inLanguage\":\"es\",\"potentialAction\":[{\"@type\":\"ReadAction\",\"target\":[\"https:\/\/www.indigoverona.com\/es\/habitaciones-y-suites\/habitaciones-standard-con-balcon\/\"]}]},{\"@type\":\"BreadcrumbList\",\"@id\":\"https:\/\/www.indigoverona.com\/es\/habitaciones-y-suites\/habitaciones-standard-con-balcon\/#breadcrumb\",\"itemListElement\":[{\"@type\":\"ListItem\",\"position\":1,\"name\":\"Home\",\"item\":\"https:\/\/www.indigoverona.com\/es\/\"},{\"@type\":\"ListItem\",\"position\":2,\"name\":\"Habitaciones y Suites\",\"item\":\"https:\/\/www.indigoverona.com\/es\/habitaciones-y-suites\/\"},{\"@type\":\"ListItem\",\"position\":3,\"name\":\"Habitaciones Standard con balc\u00f2n\"}]},{\"@type\":\"WebSite\",\"@id\":\"https:\/\/www.indigoverona.com\/es\/#website\",\"url\":\"https:\/\/www.indigoverona.com\/es\/\",\"name\":\"Hotel Indigo Verona - Grand Hotel Des Arts\",\"description\":\"Just another ms.decms.eu site\",\"potentialAction\":[{\"@type\":\"SearchAction\",\"target\":{\"@type\":\"EntryPoint\",\"urlTemplate\":\"https:\/\/www.indigoverona.com\/es\/?s={search_term_string}\"},\"query-input\":{\"@type\":\"PropertyValueSpecification\",\"valueRequired\":true,\"valueName\":\"search_term_string\"}}],\"inLanguage\":\"es\"}]}<\/script>\n<!-- \/ Yoast SEO plugin. -->","yoast_head_json":{"title":"Habitaciones Standard con balc\u00f2n - Hotel Indigo Verona - Grand Hotel Des Arts","description":"El boutique Hotel des Arts Verona ofrece habitaciones est\u00e1ndar con balc\u00f2n amuebladas con un estilo inconfundiblemente elegante y con el m\u00e1ximo confort.","robots":{"index":"index","follow":"follow","max-snippet":"max-snippet:-1","max-image-preview":"max-image-preview:large","max-video-preview":"max-video-preview:-1"},"canonical":"https:\/\/www.indigoverona.com\/es\/habitaciones-y-suites\/habitaciones-standard-con-balcon\/","og_locale":"es_ES","og_type":"article","og_title":"Habitaciones Standard con balc\u00f2n - Hotel Indigo Verona - Grand Hotel Des Arts","og_description":"El boutique Hotel des Arts Verona ofrece habitaciones est\u00e1ndar con balc\u00f2n amuebladas con un estilo inconfundiblemente elegante y con el m\u00e1ximo confort.","og_url":"https:\/\/www.indigoverona.com\/es\/habitaciones-y-suites\/habitaciones-standard-con-balcon\/","og_site_name":"Hotel Indigo Verona - Grand Hotel Des Arts","article_modified_time":"2022-05-30T15:51:04+00:00","twitter_card":"summary_large_image","twitter_misc":{"Tiempo de lectura":"1 minuto"},"schema":{"@context":"https:\/\/schema.org","@graph":[{"@type":"WebPage","@id":"https:\/\/www.indigoverona.com\/es\/habitaciones-y-suites\/habitaciones-standard-con-balcon\/","url":"https:\/\/www.indigoverona.com\/es\/habitaciones-y-suites\/habitaciones-standard-con-balcon\/","name":"Habitaciones Standard con balc\u00f2n - Hotel Indigo Verona - Grand Hotel Des Arts","isPartOf":{"@id":"https:\/\/www.indigoverona.com\/es\/#website"},"datePublished":"2022-05-13T14:52:36+00:00","dateModified":"2022-05-30T15:51:04+00:00","description":"El boutique Hotel des Arts Verona ofrece habitaciones est\u00e1ndar con balc\u00f2n amuebladas con un estilo inconfundiblemente elegante y con el m\u00e1ximo confort.","breadcrumb":{"@id":"https:\/\/www.indigoverona.com\/es\/habitaciones-y-suites\/habitaciones-standard-con-balcon\/#breadcrumb"},"inLanguage":"es","potentialAction":[{"@type":"ReadAction","target":["https:\/\/www.indigoverona.com\/es\/habitaciones-y-suites\/habitaciones-standard-con-balcon\/"]}]},{"@type":"BreadcrumbList","@id":"https:\/\/www.indigoverona.com\/es\/habitaciones-y-suites\/habitaciones-standard-con-balcon\/#breadcrumb","itemListElement":[{"@type":"ListItem","position":1,"name":"Home","item":"https:\/\/www.indigoverona.com\/es\/"},{"@type":"ListItem","position":2,"name":"Habitaciones y Suites","item":"https:\/\/www.indigoverona.com\/es\/habitaciones-y-suites\/"},{"@type":"ListItem","position":3,"name":"Habitaciones Standard con balc\u00f2n"}]},{"@type":"WebSite","@id":"https:\/\/www.indigoverona.com\/es\/#website","url":"https:\/\/www.indigoverona.com\/es\/","name":"Hotel Indigo Verona - Grand Hotel Des Arts","description":"Just another ms.decms.eu site","potentialAction":[{"@type":"SearchAction","target":{"@type":"EntryPoint","urlTemplate":"https:\/\/www.indigoverona.com\/es\/?s={search_term_string}"},"query-input":{"@type":"PropertyValueSpecification","valueRequired":true,"valueName":"search_term_string"}}],"inLanguage":"es"}]}},"acf":[],"_links":{"self":[{"href":"https:\/\/www.indigoverona.com\/es\/wp-json\/wp\/v2\/pages\/1515","targetHints":{"allow":["GET"]}}],"collection":[{"href":"https:\/\/www.indigoverona.com\/es\/wp-json\/wp\/v2\/pages"}],"about":[{"href":"https:\/\/www.indigoverona.com\/es\/wp-json\/wp\/v2\/types\/page"}],"author":[{"embeddable":true,"href":"https:\/\/www.indigoverona.com\/es\/wp-json\/wp\/v2\/users\/157"}],"replies":[{"embeddable":true,"href":"https:\/\/www.indigoverona.com\/es\/wp-json\/wp\/v2\/comments?post=1515"}],"version-history":[{"count":0,"href":"https:\/\/www.indigoverona.com\/es\/wp-json\/wp\/v2\/pages\/1515\/revisions"}],"up":[{"embeddable":true,"href":"https:\/\/www.indigoverona.com\/es\/wp-json\/wp\/v2\/pages\/1091"}],"wp:attachment":[{"href":"https:\/\/www.indigoverona.com\/es\/wp-json\/wp\/v2\/media?parent=1515"}],"curies":[{"name":"wp","href":"https:\/\/api.w.org\/{rel}","templated":true}]}}