{"id":2481,"date":"2025-04-01T11:24:13","date_gmt":"2025-04-01T11:24:13","guid":{"rendered":"https:\/\/www.indigoverona.com\/neighborhood-story\/"},"modified":"2025-04-01T12:49:00","modified_gmt":"2025-04-01T12:49:00","slug":"neighborhood-story","status":"publish","type":"page","link":"https:\/\/www.indigoverona.com\/es\/hotel\/neighborhood-story\/","title":{"rendered":"The Neighbourhood Story"},"content":{"rendered":"<p class=\"\" data-start=\"141\" data-end=\"368\"><strong data-start=\"141\" data-end=\"257\">Bienvenido al barrio Porta Nuova de Verona, donde los monumentos ic\u00f3nicos se encuentran con rincones escondidos.<\/strong><br data-start=\"257\" data-end=\"260\" \/>Aqu\u00ed descubrir\u00e1s el lado m\u00e1s aut\u00e9ntico de la ciudad, lleno de <strong data-start=\"322\" data-end=\"334\">historia<\/strong>, <strong data-start=\"336\" data-end=\"347\">cultura<\/strong> y <strong data-start=\"350\" data-end=\"367\">encanto local<\/strong>.<\/p>\n<p class=\"\" data-start=\"370\" data-end=\"711\">En el <strong data-start=\"376\" data-end=\"422\">Hotel Indigo Verona \u2013 Grand Hotel Des Arts<\/strong>, te sumergir\u00e1s en el verdadero esp\u00edritu de Porta Nuova, un barrio que ha evolucionado con los siglos sin perder su alma.<br data-start=\"543\" data-end=\"546\" \/>Es un lugar donde la <strong data-start=\"567\" data-end=\"607\">elegancia de los palacios hist\u00f3ricos<\/strong> se fusiona con la <strong data-start=\"626\" data-end=\"646\">energ\u00eda vibrante<\/strong> de una ciudad moderna, llena de arte, arquitectura y vida local.<\/p>\n<p class=\"\" data-start=\"713\" data-end=\"1176\">Pasear por estas calles es entrar en la esencia misma de Verona.<br data-start=\"777\" data-end=\"780\" \/>A pocos pasos del hotel encontrar\u00e1s el <strong data-start=\"819\" data-end=\"857\">Museo de Frescos B.G. Cavalcaselle<\/strong>, ubicado en un convento del siglo XIII y que alberga la legendaria <strong data-start=\"925\" data-end=\"945\">Tumba de Julieta<\/strong>.<br data-start=\"946\" data-end=\"949\" \/>Desde all\u00ed, sigue el <strong data-start=\"970\" data-end=\"991\">Corso Porta Nuova<\/strong> hasta llegar a la impresionante <strong data-start=\"1024\" data-end=\"1038\">Piazza Bra<\/strong>, coronada por la mundialmente famosa <strong data-start=\"1076\" data-end=\"1095\">Arena de Verona<\/strong>, uno de los anfiteatros romanos mejor conservados y a\u00fan en uso en la actualidad.<\/p>\n","protected":false},"excerpt":{"rendered":"<p>Bienvenido al barrio Porta Nuova de Verona, donde los monumentos ic\u00f3nicos se encuentran con rincones escondidos.Aqu\u00ed descubrir\u00e1s el lado m\u00e1s aut\u00e9ntico de la ciudad, lleno de historia, cultura y encanto local. En el Hotel Indigo Verona \u2013 Grand Hotel Des Arts, te sumergir\u00e1s en el verdadero esp\u00edritu de Porta Nuova, un barrio que ha evolucionado [&hellip;]<\/p>\n","protected":false},"author":157,"featured_media":0,"parent":1080,"menu_order":6,"comment_status":"closed","ping_status":"closed","template":"","meta":{"footnotes":""},"class_list":["post-2481","page","type-page","status-publish","hentry"],"yoast_head":"<!-- This site is optimized with the Yoast SEO plugin v26.9 - https:\/\/yoast.com\/product\/yoast-seo-wordpress\/ -->\n<title>The Neighbourhood Story | Hotel Indigo Verona - Grand Hotel Des Arts<\/title>\n<meta name=\"description\" content=\"Explora el barrio Porta Nuova de Verona con Hotel Indigo: historia, cultura y \u00f3pera a solo unos pasos de la Arena y la tumba de Julieta. Vive la ciudad al estilo Indigo.\" \/>\n<meta name=\"robots\" content=\"index, follow, max-snippet:-1, max-image-preview:large, max-video-preview:-1\" \/>\n<link rel=\"canonical\" href=\"https:\/\/www.indigoverona.com\/es\/hotel\/neighborhood-story\/\" \/>\n<meta property=\"og:locale\" content=\"es_ES\" \/>\n<meta property=\"og:type\" content=\"article\" \/>\n<meta property=\"og:title\" content=\"The Neighbourhood Story | Hotel Indigo Verona - Grand Hotel Des Arts\" \/>\n<meta property=\"og:description\" content=\"Explora el barrio Porta Nuova de Verona con Hotel Indigo: historia, cultura y \u00f3pera a solo unos pasos de la Arena y la tumba de Julieta. Vive la ciudad al estilo Indigo.\" \/>\n<meta property=\"og:url\" content=\"https:\/\/www.indigoverona.com\/es\/hotel\/neighborhood-story\/\" \/>\n<meta property=\"og:site_name\" content=\"Hotel Indigo Verona - Grand Hotel Des Arts\" \/>\n<meta property=\"article:modified_time\" content=\"2025-04-01T12:49:00+00:00\" \/>\n<meta name=\"twitter:card\" content=\"summary_large_image\" \/>\n<meta name=\"twitter:label1\" content=\"Tiempo de lectura\" \/>\n\t<meta name=\"twitter:data1\" content=\"1 minuto\" \/>\n<script type=\"application\/ld+json\" class=\"yoast-schema-graph\">{\"@context\":\"https:\/\/schema.org\",\"@graph\":[{\"@type\":\"WebPage\",\"@id\":\"https:\/\/www.indigoverona.com\/es\/hotel\/neighborhood-story\/\",\"url\":\"https:\/\/www.indigoverona.com\/es\/hotel\/neighborhood-story\/\",\"name\":\"The Neighbourhood Story | Hotel Indigo Verona - Grand Hotel Des Arts\",\"isPartOf\":{\"@id\":\"https:\/\/www.indigoverona.com\/es\/#website\"},\"datePublished\":\"2025-04-01T11:24:13+00:00\",\"dateModified\":\"2025-04-01T12:49:00+00:00\",\"description\":\"Explora el barrio Porta Nuova de Verona con Hotel Indigo: historia, cultura y \u00f3pera a solo unos pasos de la Arena y la tumba de Julieta. Vive la ciudad al estilo Indigo.\",\"breadcrumb\":{\"@id\":\"https:\/\/www.indigoverona.com\/es\/hotel\/neighborhood-story\/#breadcrumb\"},\"inLanguage\":\"es\",\"potentialAction\":[{\"@type\":\"ReadAction\",\"target\":[\"https:\/\/www.indigoverona.com\/es\/hotel\/neighborhood-story\/\"]}]},{\"@type\":\"BreadcrumbList\",\"@id\":\"https:\/\/www.indigoverona.com\/es\/hotel\/neighborhood-story\/#breadcrumb\",\"itemListElement\":[{\"@type\":\"ListItem\",\"position\":1,\"name\":\"Home\",\"item\":\"https:\/\/www.indigoverona.com\/es\/\"},{\"@type\":\"ListItem\",\"position\":2,\"name\":\"The Neighbourhood Story\"}]},{\"@type\":\"WebSite\",\"@id\":\"https:\/\/www.indigoverona.com\/es\/#website\",\"url\":\"https:\/\/www.indigoverona.com\/es\/\",\"name\":\"Hotel Indigo Verona - Grand Hotel Des Arts\",\"description\":\"Just another ms.decms.eu site\",\"potentialAction\":[{\"@type\":\"SearchAction\",\"target\":{\"@type\":\"EntryPoint\",\"urlTemplate\":\"https:\/\/www.indigoverona.com\/es\/?s={search_term_string}\"},\"query-input\":{\"@type\":\"PropertyValueSpecification\",\"valueRequired\":true,\"valueName\":\"search_term_string\"}}],\"inLanguage\":\"es\"}]}<\/script>\n<!-- \/ Yoast SEO plugin. -->","yoast_head_json":{"title":"The Neighbourhood Story | Hotel Indigo Verona - Grand Hotel Des Arts","description":"Explora el barrio Porta Nuova de Verona con Hotel Indigo: historia, cultura y \u00f3pera a solo unos pasos de la Arena y la tumba de Julieta. Vive la ciudad al estilo Indigo.","robots":{"index":"index","follow":"follow","max-snippet":"max-snippet:-1","max-image-preview":"max-image-preview:large","max-video-preview":"max-video-preview:-1"},"canonical":"https:\/\/www.indigoverona.com\/es\/hotel\/neighborhood-story\/","og_locale":"es_ES","og_type":"article","og_title":"The Neighbourhood Story | Hotel Indigo Verona - Grand Hotel Des Arts","og_description":"Explora el barrio Porta Nuova de Verona con Hotel Indigo: historia, cultura y \u00f3pera a solo unos pasos de la Arena y la tumba de Julieta. Vive la ciudad al estilo Indigo.","og_url":"https:\/\/www.indigoverona.com\/es\/hotel\/neighborhood-story\/","og_site_name":"Hotel Indigo Verona - Grand Hotel Des Arts","article_modified_time":"2025-04-01T12:49:00+00:00","twitter_card":"summary_large_image","twitter_misc":{"Tiempo de lectura":"1 minuto"},"schema":{"@context":"https:\/\/schema.org","@graph":[{"@type":"WebPage","@id":"https:\/\/www.indigoverona.com\/es\/hotel\/neighborhood-story\/","url":"https:\/\/www.indigoverona.com\/es\/hotel\/neighborhood-story\/","name":"The Neighbourhood Story | Hotel Indigo Verona - Grand Hotel Des Arts","isPartOf":{"@id":"https:\/\/www.indigoverona.com\/es\/#website"},"datePublished":"2025-04-01T11:24:13+00:00","dateModified":"2025-04-01T12:49:00+00:00","description":"Explora el barrio Porta Nuova de Verona con Hotel Indigo: historia, cultura y \u00f3pera a solo unos pasos de la Arena y la tumba de Julieta. Vive la ciudad al estilo Indigo.","breadcrumb":{"@id":"https:\/\/www.indigoverona.com\/es\/hotel\/neighborhood-story\/#breadcrumb"},"inLanguage":"es","potentialAction":[{"@type":"ReadAction","target":["https:\/\/www.indigoverona.com\/es\/hotel\/neighborhood-story\/"]}]},{"@type":"BreadcrumbList","@id":"https:\/\/www.indigoverona.com\/es\/hotel\/neighborhood-story\/#breadcrumb","itemListElement":[{"@type":"ListItem","position":1,"name":"Home","item":"https:\/\/www.indigoverona.com\/es\/"},{"@type":"ListItem","position":2,"name":"The Neighbourhood Story"}]},{"@type":"WebSite","@id":"https:\/\/www.indigoverona.com\/es\/#website","url":"https:\/\/www.indigoverona.com\/es\/","name":"Hotel Indigo Verona - Grand Hotel Des Arts","description":"Just another ms.decms.eu site","potentialAction":[{"@type":"SearchAction","target":{"@type":"EntryPoint","urlTemplate":"https:\/\/www.indigoverona.com\/es\/?s={search_term_string}"},"query-input":{"@type":"PropertyValueSpecification","valueRequired":true,"valueName":"search_term_string"}}],"inLanguage":"es"}]}},"acf":[],"_links":{"self":[{"href":"https:\/\/www.indigoverona.com\/es\/wp-json\/wp\/v2\/pages\/2481","targetHints":{"allow":["GET"]}}],"collection":[{"href":"https:\/\/www.indigoverona.com\/es\/wp-json\/wp\/v2\/pages"}],"about":[{"href":"https:\/\/www.indigoverona.com\/es\/wp-json\/wp\/v2\/types\/page"}],"author":[{"embeddable":true,"href":"https:\/\/www.indigoverona.com\/es\/wp-json\/wp\/v2\/users\/157"}],"replies":[{"embeddable":true,"href":"https:\/\/www.indigoverona.com\/es\/wp-json\/wp\/v2\/comments?post=2481"}],"version-history":[{"count":0,"href":"https:\/\/www.indigoverona.com\/es\/wp-json\/wp\/v2\/pages\/2481\/revisions"}],"up":[{"embeddable":true,"href":"https:\/\/www.indigoverona.com\/es\/wp-json\/wp\/v2\/pages\/1080"}],"wp:attachment":[{"href":"https:\/\/www.indigoverona.com\/es\/wp-json\/wp\/v2\/media?parent=2481"}],"curies":[{"name":"wp","href":"https:\/\/api.w.org\/{rel}","templated":true}]}}