{"id":740,"date":"2020-07-24T10:40:33","date_gmt":"2020-07-24T10:40:33","guid":{"rendered":"https:\/\/www.indigoverona.com\/?page_id=740"},"modified":"2020-07-24T10:42:25","modified_gmt":"2020-07-24T10:42:25","slug":"galeria","status":"publish","type":"page","link":"https:\/\/www.indigoverona.com\/es\/galeria\/","title":{"rendered":"Galer\u00eda"},"content":{"rendered":"","protected":false},"excerpt":{"rendered":"","protected":false},"author":7,"featured_media":0,"parent":0,"menu_order":9,"comment_status":"closed","ping_status":"closed","template":"template-gallery.php","meta":{"footnotes":""},"class_list":["post-740","page","type-page","status-publish","hentry"],"yoast_head":"<!-- This site is optimized with the Yoast SEO plugin v26.9 - https:\/\/yoast.com\/product\/yoast-seo-wordpress\/ -->\n<title>Descubre nuestra Galer\u00eda Exclusiva | Hotel Indigo Verona<\/title>\n<meta name=\"description\" content=\"Descubre las im\u00e1genes y fotograf\u00edas del Hotel Indigo Verona, hotel boutique de 4 estrellas en Verona pr\u00f3ximo al Arena.\" \/>\n<meta name=\"robots\" content=\"index, follow, max-snippet:-1, max-image-preview:large, max-video-preview:-1\" \/>\n<link rel=\"canonical\" href=\"https:\/\/www.indigoverona.com\/es\/galeria\/\" \/>\n<meta property=\"og:locale\" content=\"es_ES\" \/>\n<meta property=\"og:type\" content=\"article\" \/>\n<meta property=\"og:title\" content=\"Descubre nuestra Galer\u00eda Exclusiva | Hotel Indigo Verona\" \/>\n<meta property=\"og:description\" content=\"Descubre las im\u00e1genes y fotograf\u00edas del Hotel Indigo Verona, hotel boutique de 4 estrellas en Verona pr\u00f3ximo al Arena.\" \/>\n<meta property=\"og:url\" content=\"https:\/\/www.indigoverona.com\/es\/galeria\/\" \/>\n<meta property=\"og:site_name\" content=\"Hotel Indigo Verona - Grand Hotel Des Arts\" \/>\n<meta property=\"article:modified_time\" content=\"2020-07-24T10:42:25+00:00\" \/>\n<meta name=\"twitter:card\" content=\"summary_large_image\" \/>\n<script type=\"application\/ld+json\" class=\"yoast-schema-graph\">{\"@context\":\"https:\/\/schema.org\",\"@graph\":[{\"@type\":\"WebPage\",\"@id\":\"https:\/\/www.indigoverona.com\/es\/galeria\/\",\"url\":\"https:\/\/www.indigoverona.com\/es\/galeria\/\",\"name\":\"Descubre nuestra Galer\u00eda Exclusiva | Hotel Indigo Verona\",\"isPartOf\":{\"@id\":\"https:\/\/www.indigoverona.com\/es\/#website\"},\"datePublished\":\"2020-07-24T10:40:33+00:00\",\"dateModified\":\"2020-07-24T10:42:25+00:00\",\"description\":\"Descubre las im\u00e1genes y fotograf\u00edas del Hotel Indigo Verona, hotel boutique de 4 estrellas en Verona pr\u00f3ximo al Arena.\",\"breadcrumb\":{\"@id\":\"https:\/\/www.indigoverona.com\/es\/galeria\/#breadcrumb\"},\"inLanguage\":\"es\",\"potentialAction\":[{\"@type\":\"ReadAction\",\"target\":[\"https:\/\/www.indigoverona.com\/es\/galeria\/\"]}]},{\"@type\":\"BreadcrumbList\",\"@id\":\"https:\/\/www.indigoverona.com\/es\/galeria\/#breadcrumb\",\"itemListElement\":[{\"@type\":\"ListItem\",\"position\":1,\"name\":\"Home\",\"item\":\"https:\/\/www.indigoverona.com\/es\/\"},{\"@type\":\"ListItem\",\"position\":2,\"name\":\"Galer\u00eda\"}]},{\"@type\":\"WebSite\",\"@id\":\"https:\/\/www.indigoverona.com\/es\/#website\",\"url\":\"https:\/\/www.indigoverona.com\/es\/\",\"name\":\"Hotel Indigo Verona - Grand Hotel Des Arts\",\"description\":\"Just another ms.decms.eu site\",\"potentialAction\":[{\"@type\":\"SearchAction\",\"target\":{\"@type\":\"EntryPoint\",\"urlTemplate\":\"https:\/\/www.indigoverona.com\/es\/?s={search_term_string}\"},\"query-input\":{\"@type\":\"PropertyValueSpecification\",\"valueRequired\":true,\"valueName\":\"search_term_string\"}}],\"inLanguage\":\"es\"}]}<\/script>\n<!-- \/ Yoast SEO plugin. -->","yoast_head_json":{"title":"Descubre nuestra Galer\u00eda Exclusiva | Hotel Indigo Verona","description":"Descubre las im\u00e1genes y fotograf\u00edas del Hotel Indigo Verona, hotel boutique de 4 estrellas en Verona pr\u00f3ximo al Arena.","robots":{"index":"index","follow":"follow","max-snippet":"max-snippet:-1","max-image-preview":"max-image-preview:large","max-video-preview":"max-video-preview:-1"},"canonical":"https:\/\/www.indigoverona.com\/es\/galeria\/","og_locale":"es_ES","og_type":"article","og_title":"Descubre nuestra Galer\u00eda Exclusiva | Hotel Indigo Verona","og_description":"Descubre las im\u00e1genes y fotograf\u00edas del Hotel Indigo Verona, hotel boutique de 4 estrellas en Verona pr\u00f3ximo al Arena.","og_url":"https:\/\/www.indigoverona.com\/es\/galeria\/","og_site_name":"Hotel Indigo Verona - Grand Hotel Des Arts","article_modified_time":"2020-07-24T10:42:25+00:00","twitter_card":"summary_large_image","schema":{"@context":"https:\/\/schema.org","@graph":[{"@type":"WebPage","@id":"https:\/\/www.indigoverona.com\/es\/galeria\/","url":"https:\/\/www.indigoverona.com\/es\/galeria\/","name":"Descubre nuestra Galer\u00eda Exclusiva | Hotel Indigo Verona","isPartOf":{"@id":"https:\/\/www.indigoverona.com\/es\/#website"},"datePublished":"2020-07-24T10:40:33+00:00","dateModified":"2020-07-24T10:42:25+00:00","description":"Descubre las im\u00e1genes y fotograf\u00edas del Hotel Indigo Verona, hotel boutique de 4 estrellas en Verona pr\u00f3ximo al Arena.","breadcrumb":{"@id":"https:\/\/www.indigoverona.com\/es\/galeria\/#breadcrumb"},"inLanguage":"es","potentialAction":[{"@type":"ReadAction","target":["https:\/\/www.indigoverona.com\/es\/galeria\/"]}]},{"@type":"BreadcrumbList","@id":"https:\/\/www.indigoverona.com\/es\/galeria\/#breadcrumb","itemListElement":[{"@type":"ListItem","position":1,"name":"Home","item":"https:\/\/www.indigoverona.com\/es\/"},{"@type":"ListItem","position":2,"name":"Galer\u00eda"}]},{"@type":"WebSite","@id":"https:\/\/www.indigoverona.com\/es\/#website","url":"https:\/\/www.indigoverona.com\/es\/","name":"Hotel Indigo Verona - Grand Hotel Des Arts","description":"Just another ms.decms.eu site","potentialAction":[{"@type":"SearchAction","target":{"@type":"EntryPoint","urlTemplate":"https:\/\/www.indigoverona.com\/es\/?s={search_term_string}"},"query-input":{"@type":"PropertyValueSpecification","valueRequired":true,"valueName":"search_term_string"}}],"inLanguage":"es"}]}},"acf":[],"_links":{"self":[{"href":"https:\/\/www.indigoverona.com\/es\/wp-json\/wp\/v2\/pages\/740","targetHints":{"allow":["GET"]}}],"collection":[{"href":"https:\/\/www.indigoverona.com\/es\/wp-json\/wp\/v2\/pages"}],"about":[{"href":"https:\/\/www.indigoverona.com\/es\/wp-json\/wp\/v2\/types\/page"}],"author":[{"embeddable":true,"href":"https:\/\/www.indigoverona.com\/es\/wp-json\/wp\/v2\/users\/7"}],"replies":[{"embeddable":true,"href":"https:\/\/www.indigoverona.com\/es\/wp-json\/wp\/v2\/comments?post=740"}],"version-history":[{"count":0,"href":"https:\/\/www.indigoverona.com\/es\/wp-json\/wp\/v2\/pages\/740\/revisions"}],"wp:attachment":[{"href":"https:\/\/www.indigoverona.com\/es\/wp-json\/wp\/v2\/media?parent=740"}],"curies":[{"name":"wp","href":"https:\/\/api.w.org\/{rel}","templated":true}]}}