{"id":1100,"date":"2020-12-23T15:07:30","date_gmt":"2020-12-23T15:07:30","guid":{"rendered":"https:\/\/www.indigoverona.com\/?page_id=1100"},"modified":"2023-09-29T12:36:43","modified_gmt":"2023-09-29T12:36:43","slug":"notre-bistrot","status":"publish","type":"page","link":"https:\/\/www.indigoverona.com\/fr\/arya-bar-mixology\/notre-bistrot\/","title":{"rendered":"Notre Bistrot"},"content":{"rendered":"<h3>Laissez-vous tenter par la cuisine bistronomique de l\u2019Arya Bar, le bar de notre Hotel Indigo Verona\u00a0: plus qu\u2019un simple restaurant<\/h3>\n<p>Vous cherchez un<strong> h\u00f4tel avec restaurant<\/strong>\u00a0? Le <strong>Arya Bar &amp; Mixology<\/strong> de l\u2019Hotel Indigo Verona est un <strong>bistrot au look \u00e9l\u00e9gant et sophistiqu\u00e9<\/strong>, o\u00f9 d\u00e9guster de <strong>d\u00e9licieux mets<\/strong> aux saveurs typiques de la tradition culinaire italienne.<\/p>\n<p><strong>Ouvert aux h\u00f4tes de l\u2019h\u00f4tel tous les jours de 11h00 \u00e0 23h00<\/strong>, \u00e9galement pour un <strong>d\u00e9jeuner ou un d\u00eener \u00e0 l\u2019h\u00f4tel<\/strong>, il permet en effet de d\u00e9guster d\u2019<strong>excellents vins<\/strong> soigneusement choisis et des c<strong>ocktails \u00e9labor\u00e9s<\/strong>, autour des <strong><a href=\"https:\/\/foodboard.it\/arya-bar\/menu-bistrot-arya-bar\/?language=en\" target=\"_blank\" rel=\"noopener\">plats de bistro de <em>style Indigo<\/em><\/a>, conviviaux et confortables<\/strong>.<\/p>\n<p>Le tout au c\u0153ur d\u2019un environnement raffin\u00e9 au style incomparable.<\/p>\n<p>De plus, pour un en-cas app\u00e9tissant dans la commodit\u00e9 et l\u2019intimit\u00e9 de votre chambre, notre <strong>room service<\/strong> se tient \u00e0 votre disposition.<\/p>\n","protected":false},"excerpt":{"rendered":"<p>Laissez-vous tenter par la cuisine bistronomique de l\u2019Arya Bar, le bar de notre Hotel Indigo Verona\u00a0: plus qu\u2019un simple restaurant Vous cherchez un h\u00f4tel avec restaurant\u00a0? Le Arya Bar &amp; Mixology de l\u2019Hotel Indigo Verona est un bistrot au look \u00e9l\u00e9gant et sophistiqu\u00e9, o\u00f9 d\u00e9guster de d\u00e9licieux mets aux saveurs typiques de la tradition culinaire [&hellip;]<\/p>\n","protected":false},"author":4,"featured_media":0,"parent":647,"menu_order":1,"comment_status":"closed","ping_status":"closed","template":"","meta":{"footnotes":""},"class_list":["post-1100","page","type-page","status-publish","hentry"],"yoast_head":"<!-- This site is optimized with the Yoast SEO plugin v26.9 - https:\/\/yoast.com\/product\/yoast-seo-wordpress\/ -->\n<title>H\u00f4tel avec bistrot restaurant | Hotel Indigo Verona - Grand Hotel Des Arts<\/title>\n<meta name=\"description\" content=\"L\u2019H\u00f4tel Indigo Verona accueille ses h\u00f4tes pour le d\u00e9jeuner et le d\u00eener: la tradition culinaire de V\u00e9rone vous attend dans notre restaurant bistrot!\" \/>\n<meta name=\"robots\" content=\"index, follow, max-snippet:-1, max-image-preview:large, max-video-preview:-1\" \/>\n<link rel=\"canonical\" href=\"https:\/\/www.indigoverona.com\/fr\/arya-bar-mixology\/notre-bistrot\/\" \/>\n<meta property=\"og:locale\" content=\"fr_FR\" \/>\n<meta property=\"og:type\" content=\"article\" \/>\n<meta property=\"og:title\" content=\"H\u00f4tel avec bistrot restaurant | Hotel Indigo Verona - Grand Hotel Des Arts\" \/>\n<meta property=\"og:description\" content=\"L\u2019H\u00f4tel Indigo Verona accueille ses h\u00f4tes pour le d\u00e9jeuner et le d\u00eener: la tradition culinaire de V\u00e9rone vous attend dans notre restaurant bistrot!\" \/>\n<meta property=\"og:url\" content=\"https:\/\/www.indigoverona.com\/fr\/arya-bar-mixology\/notre-bistrot\/\" \/>\n<meta property=\"og:site_name\" content=\"Hotel Indigo Verona - Grand Hotel Des Arts\" \/>\n<meta property=\"article:modified_time\" content=\"2023-09-29T12:36:43+00:00\" \/>\n<meta name=\"twitter:card\" content=\"summary_large_image\" \/>\n<meta name=\"twitter:label1\" content=\"Dur\u00e9e de lecture estim\u00e9e\" \/>\n\t<meta name=\"twitter:data1\" content=\"1 minute\" \/>\n<script type=\"application\/ld+json\" class=\"yoast-schema-graph\">{\"@context\":\"https:\/\/schema.org\",\"@graph\":[{\"@type\":\"WebPage\",\"@id\":\"https:\/\/www.indigoverona.com\/fr\/arya-bar-mixology\/notre-bistrot\/\",\"url\":\"https:\/\/www.indigoverona.com\/fr\/arya-bar-mixology\/notre-bistrot\/\",\"name\":\"H\u00f4tel avec bistrot restaurant | Hotel Indigo Verona - Grand Hotel Des Arts\",\"isPartOf\":{\"@id\":\"https:\/\/www.indigoverona.com\/fr\/#website\"},\"datePublished\":\"2020-12-23T15:07:30+00:00\",\"dateModified\":\"2023-09-29T12:36:43+00:00\",\"description\":\"L\u2019H\u00f4tel Indigo Verona accueille ses h\u00f4tes pour le d\u00e9jeuner et le d\u00eener: la tradition culinaire de V\u00e9rone vous attend dans notre restaurant bistrot!\",\"breadcrumb\":{\"@id\":\"https:\/\/www.indigoverona.com\/fr\/arya-bar-mixology\/notre-bistrot\/#breadcrumb\"},\"inLanguage\":\"fr-FR\",\"potentialAction\":[{\"@type\":\"ReadAction\",\"target\":[\"https:\/\/www.indigoverona.com\/fr\/arya-bar-mixology\/notre-bistrot\/\"]}]},{\"@type\":\"BreadcrumbList\",\"@id\":\"https:\/\/www.indigoverona.com\/fr\/arya-bar-mixology\/notre-bistrot\/#breadcrumb\",\"itemListElement\":[{\"@type\":\"ListItem\",\"position\":1,\"name\":\"Home\",\"item\":\"https:\/\/www.indigoverona.com\/fr\/\"},{\"@type\":\"ListItem\",\"position\":2,\"name\":\"Arya Bar &amp; Mixology\",\"item\":\"https:\/\/www.indigoverona.com\/fr\/arya-bar-mixology\/\"},{\"@type\":\"ListItem\",\"position\":3,\"name\":\"Notre Bistrot\"}]},{\"@type\":\"WebSite\",\"@id\":\"https:\/\/www.indigoverona.com\/fr\/#website\",\"url\":\"https:\/\/www.indigoverona.com\/fr\/\",\"name\":\"Hotel Indigo Verona - Grand Hotel Des Arts\",\"description\":\"Just another ms.decms.eu site\",\"potentialAction\":[{\"@type\":\"SearchAction\",\"target\":{\"@type\":\"EntryPoint\",\"urlTemplate\":\"https:\/\/www.indigoverona.com\/fr\/?s={search_term_string}\"},\"query-input\":{\"@type\":\"PropertyValueSpecification\",\"valueRequired\":true,\"valueName\":\"search_term_string\"}}],\"inLanguage\":\"fr-FR\"}]}<\/script>\n<!-- \/ Yoast SEO plugin. -->","yoast_head_json":{"title":"H\u00f4tel avec bistrot restaurant | Hotel Indigo Verona - Grand Hotel Des Arts","description":"L\u2019H\u00f4tel Indigo Verona accueille ses h\u00f4tes pour le d\u00e9jeuner et le d\u00eener: la tradition culinaire de V\u00e9rone vous attend dans notre restaurant bistrot!","robots":{"index":"index","follow":"follow","max-snippet":"max-snippet:-1","max-image-preview":"max-image-preview:large","max-video-preview":"max-video-preview:-1"},"canonical":"https:\/\/www.indigoverona.com\/fr\/arya-bar-mixology\/notre-bistrot\/","og_locale":"fr_FR","og_type":"article","og_title":"H\u00f4tel avec bistrot restaurant | Hotel Indigo Verona - Grand Hotel Des Arts","og_description":"L\u2019H\u00f4tel Indigo Verona accueille ses h\u00f4tes pour le d\u00e9jeuner et le d\u00eener: la tradition culinaire de V\u00e9rone vous attend dans notre restaurant bistrot!","og_url":"https:\/\/www.indigoverona.com\/fr\/arya-bar-mixology\/notre-bistrot\/","og_site_name":"Hotel Indigo Verona - Grand Hotel Des Arts","article_modified_time":"2023-09-29T12:36:43+00:00","twitter_card":"summary_large_image","twitter_misc":{"Dur\u00e9e de lecture estim\u00e9e":"1 minute"},"schema":{"@context":"https:\/\/schema.org","@graph":[{"@type":"WebPage","@id":"https:\/\/www.indigoverona.com\/fr\/arya-bar-mixology\/notre-bistrot\/","url":"https:\/\/www.indigoverona.com\/fr\/arya-bar-mixology\/notre-bistrot\/","name":"H\u00f4tel avec bistrot restaurant | Hotel Indigo Verona - Grand Hotel Des Arts","isPartOf":{"@id":"https:\/\/www.indigoverona.com\/fr\/#website"},"datePublished":"2020-12-23T15:07:30+00:00","dateModified":"2023-09-29T12:36:43+00:00","description":"L\u2019H\u00f4tel Indigo Verona accueille ses h\u00f4tes pour le d\u00e9jeuner et le d\u00eener: la tradition culinaire de V\u00e9rone vous attend dans notre restaurant bistrot!","breadcrumb":{"@id":"https:\/\/www.indigoverona.com\/fr\/arya-bar-mixology\/notre-bistrot\/#breadcrumb"},"inLanguage":"fr-FR","potentialAction":[{"@type":"ReadAction","target":["https:\/\/www.indigoverona.com\/fr\/arya-bar-mixology\/notre-bistrot\/"]}]},{"@type":"BreadcrumbList","@id":"https:\/\/www.indigoverona.com\/fr\/arya-bar-mixology\/notre-bistrot\/#breadcrumb","itemListElement":[{"@type":"ListItem","position":1,"name":"Home","item":"https:\/\/www.indigoverona.com\/fr\/"},{"@type":"ListItem","position":2,"name":"Arya Bar &amp; Mixology","item":"https:\/\/www.indigoverona.com\/fr\/arya-bar-mixology\/"},{"@type":"ListItem","position":3,"name":"Notre Bistrot"}]},{"@type":"WebSite","@id":"https:\/\/www.indigoverona.com\/fr\/#website","url":"https:\/\/www.indigoverona.com\/fr\/","name":"Hotel Indigo Verona - Grand Hotel Des Arts","description":"Just another ms.decms.eu site","potentialAction":[{"@type":"SearchAction","target":{"@type":"EntryPoint","urlTemplate":"https:\/\/www.indigoverona.com\/fr\/?s={search_term_string}"},"query-input":{"@type":"PropertyValueSpecification","valueRequired":true,"valueName":"search_term_string"}}],"inLanguage":"fr-FR"}]}},"acf":[],"_links":{"self":[{"href":"https:\/\/www.indigoverona.com\/fr\/wp-json\/wp\/v2\/pages\/1100","targetHints":{"allow":["GET"]}}],"collection":[{"href":"https:\/\/www.indigoverona.com\/fr\/wp-json\/wp\/v2\/pages"}],"about":[{"href":"https:\/\/www.indigoverona.com\/fr\/wp-json\/wp\/v2\/types\/page"}],"author":[{"embeddable":true,"href":"https:\/\/www.indigoverona.com\/fr\/wp-json\/wp\/v2\/users\/4"}],"replies":[{"embeddable":true,"href":"https:\/\/www.indigoverona.com\/fr\/wp-json\/wp\/v2\/comments?post=1100"}],"version-history":[{"count":0,"href":"https:\/\/www.indigoverona.com\/fr\/wp-json\/wp\/v2\/pages\/1100\/revisions"}],"up":[{"embeddable":true,"href":"https:\/\/www.indigoverona.com\/fr\/wp-json\/wp\/v2\/pages\/647"}],"wp:attachment":[{"href":"https:\/\/www.indigoverona.com\/fr\/wp-json\/wp\/v2\/media?parent=1100"}],"curies":[{"name":"wp","href":"https:\/\/api.w.org\/{rel}","templated":true}]}}