{"id":2166,"date":"2022-06-13T10:56:55","date_gmt":"2022-06-13T10:56:55","guid":{"rendered":"https:\/\/www.indigoverona.com\/arya-bar-mixology\/arya-cocktail-experience\/"},"modified":"2025-06-27T07:24:39","modified_gmt":"2025-06-27T07:24:39","slug":"arya-cocktail-experience","status":"publish","type":"page","link":"https:\/\/www.indigoverona.com\/fr\/arya-bar-mixology\/arya-cocktail-experience\/","title":{"rendered":"Arya Cocktail Experience"},"content":{"rendered":"<p>\u00c0 <strong>Arya Bar &amp; Mixology<\/strong>, nous sommes toujours \u00e0 la recherche d&rsquo;un m\u00e9lange entre l&rsquo;agitation de la vie urbaine et l&rsquo;atmosph\u00e8re vibrante de l&rsquo;h\u00f4tel, pour emmener nos clients dans un voyage \u00e0 travers l&rsquo;art, la culture et la tradition culinaire et vinicole italienne r\u00e9interpr\u00e9t\u00e9e avec une touche de cr\u00e9ativit\u00e9.<\/p>\n<p>Vivez une exp\u00e9rience unique et inoubliable \u00e0 l&rsquo;Hotel Indigo Verona &#8211; Grand Hotel Des Arts, laissez-nous vous guider \u00e0 travers l&rsquo;Arya Cocktail Experience.<\/p>\n","protected":false},"excerpt":{"rendered":"<p>\u00c0 Arya Bar &amp; Mixology, nous sommes toujours \u00e0 la recherche d&rsquo;un m\u00e9lange entre l&rsquo;agitation de la vie urbaine et l&rsquo;atmosph\u00e8re vibrante de l&rsquo;h\u00f4tel, pour emmener nos clients dans un voyage \u00e0 travers l&rsquo;art, la culture et la tradition culinaire et vinicole italienne r\u00e9interpr\u00e9t\u00e9e avec une touche de cr\u00e9ativit\u00e9. Vivez une exp\u00e9rience unique et inoubliable [&hellip;]<\/p>\n","protected":false},"author":157,"featured_media":0,"parent":647,"menu_order":2,"comment_status":"closed","ping_status":"closed","template":"","meta":{"footnotes":""},"class_list":["post-2166","page","type-page","status-publish","hentry"],"yoast_head":"<!-- This site is optimized with the Yoast SEO plugin v26.9 - https:\/\/yoast.com\/product\/yoast-seo-wordpress\/ -->\n<title>Hotel Indigo Verona | Arya Cocktail Experience<\/title>\n<meta name=\"description\" content=\"Vivez une exp\u00e9rience unique et inoubliable \u00e0 l&#039;Hotel Indigo Verona - Grand Hotel Des Arts, laissez-nous vous guider \u00e0 travers l&#039;Arya Cocktail Experience.\" \/>\n<meta name=\"robots\" content=\"index, follow, max-snippet:-1, max-image-preview:large, max-video-preview:-1\" \/>\n<link rel=\"canonical\" href=\"https:\/\/www.indigoverona.com\/fr\/arya-bar-mixology\/arya-cocktail-experience\/\" \/>\n<meta property=\"og:locale\" content=\"fr_FR\" \/>\n<meta property=\"og:type\" content=\"article\" \/>\n<meta property=\"og:title\" content=\"Hotel Indigo Verona | Arya Cocktail Experience\" \/>\n<meta property=\"og:description\" content=\"Vivez une exp\u00e9rience unique et inoubliable \u00e0 l&#039;Hotel Indigo Verona - Grand Hotel Des Arts, laissez-nous vous guider \u00e0 travers l&#039;Arya Cocktail Experience.\" \/>\n<meta property=\"og:url\" content=\"https:\/\/www.indigoverona.com\/fr\/arya-bar-mixology\/arya-cocktail-experience\/\" \/>\n<meta property=\"og:site_name\" content=\"Hotel Indigo Verona - Grand Hotel Des Arts\" \/>\n<meta property=\"article:modified_time\" content=\"2025-06-27T07:24:39+00:00\" \/>\n<meta name=\"twitter:card\" content=\"summary_large_image\" \/>\n<meta name=\"twitter:label1\" content=\"Dur\u00e9e de lecture estim\u00e9e\" \/>\n\t<meta name=\"twitter:data1\" content=\"1 minute\" \/>\n<script type=\"application\/ld+json\" class=\"yoast-schema-graph\">{\"@context\":\"https:\/\/schema.org\",\"@graph\":[{\"@type\":\"WebPage\",\"@id\":\"https:\/\/www.indigoverona.com\/fr\/arya-bar-mixology\/arya-cocktail-experience\/\",\"url\":\"https:\/\/www.indigoverona.com\/fr\/arya-bar-mixology\/arya-cocktail-experience\/\",\"name\":\"Hotel Indigo Verona | Arya Cocktail Experience\",\"isPartOf\":{\"@id\":\"https:\/\/www.indigoverona.com\/fr\/#website\"},\"datePublished\":\"2022-06-13T10:56:55+00:00\",\"dateModified\":\"2025-06-27T07:24:39+00:00\",\"description\":\"Vivez une exp\u00e9rience unique et inoubliable \u00e0 l'Hotel Indigo Verona - Grand Hotel Des Arts, laissez-nous vous guider \u00e0 travers l'Arya Cocktail Experience.\",\"breadcrumb\":{\"@id\":\"https:\/\/www.indigoverona.com\/fr\/arya-bar-mixology\/arya-cocktail-experience\/#breadcrumb\"},\"inLanguage\":\"fr-FR\",\"potentialAction\":[{\"@type\":\"ReadAction\",\"target\":[\"https:\/\/www.indigoverona.com\/fr\/arya-bar-mixology\/arya-cocktail-experience\/\"]}]},{\"@type\":\"BreadcrumbList\",\"@id\":\"https:\/\/www.indigoverona.com\/fr\/arya-bar-mixology\/arya-cocktail-experience\/#breadcrumb\",\"itemListElement\":[{\"@type\":\"ListItem\",\"position\":1,\"name\":\"Home\",\"item\":\"https:\/\/www.indigoverona.com\/fr\/\"},{\"@type\":\"ListItem\",\"position\":2,\"name\":\"Arya Bar &amp; Mixology\",\"item\":\"https:\/\/www.indigoverona.com\/fr\/arya-bar-mixology\/\"},{\"@type\":\"ListItem\",\"position\":3,\"name\":\"Arya Cocktail Experience\"}]},{\"@type\":\"WebSite\",\"@id\":\"https:\/\/www.indigoverona.com\/fr\/#website\",\"url\":\"https:\/\/www.indigoverona.com\/fr\/\",\"name\":\"Hotel Indigo Verona - Grand Hotel Des Arts\",\"description\":\"Just another ms.decms.eu site\",\"potentialAction\":[{\"@type\":\"SearchAction\",\"target\":{\"@type\":\"EntryPoint\",\"urlTemplate\":\"https:\/\/www.indigoverona.com\/fr\/?s={search_term_string}\"},\"query-input\":{\"@type\":\"PropertyValueSpecification\",\"valueRequired\":true,\"valueName\":\"search_term_string\"}}],\"inLanguage\":\"fr-FR\"}]}<\/script>\n<!-- \/ Yoast SEO plugin. -->","yoast_head_json":{"title":"Hotel Indigo Verona | Arya Cocktail Experience","description":"Vivez une exp\u00e9rience unique et inoubliable \u00e0 l'Hotel Indigo Verona - Grand Hotel Des Arts, laissez-nous vous guider \u00e0 travers l'Arya Cocktail Experience.","robots":{"index":"index","follow":"follow","max-snippet":"max-snippet:-1","max-image-preview":"max-image-preview:large","max-video-preview":"max-video-preview:-1"},"canonical":"https:\/\/www.indigoverona.com\/fr\/arya-bar-mixology\/arya-cocktail-experience\/","og_locale":"fr_FR","og_type":"article","og_title":"Hotel Indigo Verona | Arya Cocktail Experience","og_description":"Vivez une exp\u00e9rience unique et inoubliable \u00e0 l'Hotel Indigo Verona - Grand Hotel Des Arts, laissez-nous vous guider \u00e0 travers l'Arya Cocktail Experience.","og_url":"https:\/\/www.indigoverona.com\/fr\/arya-bar-mixology\/arya-cocktail-experience\/","og_site_name":"Hotel Indigo Verona - Grand Hotel Des Arts","article_modified_time":"2025-06-27T07:24:39+00:00","twitter_card":"summary_large_image","twitter_misc":{"Dur\u00e9e de lecture estim\u00e9e":"1 minute"},"schema":{"@context":"https:\/\/schema.org","@graph":[{"@type":"WebPage","@id":"https:\/\/www.indigoverona.com\/fr\/arya-bar-mixology\/arya-cocktail-experience\/","url":"https:\/\/www.indigoverona.com\/fr\/arya-bar-mixology\/arya-cocktail-experience\/","name":"Hotel Indigo Verona | Arya Cocktail Experience","isPartOf":{"@id":"https:\/\/www.indigoverona.com\/fr\/#website"},"datePublished":"2022-06-13T10:56:55+00:00","dateModified":"2025-06-27T07:24:39+00:00","description":"Vivez une exp\u00e9rience unique et inoubliable \u00e0 l'Hotel Indigo Verona - Grand Hotel Des Arts, laissez-nous vous guider \u00e0 travers l'Arya Cocktail Experience.","breadcrumb":{"@id":"https:\/\/www.indigoverona.com\/fr\/arya-bar-mixology\/arya-cocktail-experience\/#breadcrumb"},"inLanguage":"fr-FR","potentialAction":[{"@type":"ReadAction","target":["https:\/\/www.indigoverona.com\/fr\/arya-bar-mixology\/arya-cocktail-experience\/"]}]},{"@type":"BreadcrumbList","@id":"https:\/\/www.indigoverona.com\/fr\/arya-bar-mixology\/arya-cocktail-experience\/#breadcrumb","itemListElement":[{"@type":"ListItem","position":1,"name":"Home","item":"https:\/\/www.indigoverona.com\/fr\/"},{"@type":"ListItem","position":2,"name":"Arya Bar &amp; Mixology","item":"https:\/\/www.indigoverona.com\/fr\/arya-bar-mixology\/"},{"@type":"ListItem","position":3,"name":"Arya Cocktail Experience"}]},{"@type":"WebSite","@id":"https:\/\/www.indigoverona.com\/fr\/#website","url":"https:\/\/www.indigoverona.com\/fr\/","name":"Hotel Indigo Verona - Grand Hotel Des Arts","description":"Just another ms.decms.eu site","potentialAction":[{"@type":"SearchAction","target":{"@type":"EntryPoint","urlTemplate":"https:\/\/www.indigoverona.com\/fr\/?s={search_term_string}"},"query-input":{"@type":"PropertyValueSpecification","valueRequired":true,"valueName":"search_term_string"}}],"inLanguage":"fr-FR"}]}},"acf":[],"_links":{"self":[{"href":"https:\/\/www.indigoverona.com\/fr\/wp-json\/wp\/v2\/pages\/2166","targetHints":{"allow":["GET"]}}],"collection":[{"href":"https:\/\/www.indigoverona.com\/fr\/wp-json\/wp\/v2\/pages"}],"about":[{"href":"https:\/\/www.indigoverona.com\/fr\/wp-json\/wp\/v2\/types\/page"}],"author":[{"embeddable":true,"href":"https:\/\/www.indigoverona.com\/fr\/wp-json\/wp\/v2\/users\/157"}],"replies":[{"embeddable":true,"href":"https:\/\/www.indigoverona.com\/fr\/wp-json\/wp\/v2\/comments?post=2166"}],"version-history":[{"count":0,"href":"https:\/\/www.indigoverona.com\/fr\/wp-json\/wp\/v2\/pages\/2166\/revisions"}],"up":[{"embeddable":true,"href":"https:\/\/www.indigoverona.com\/fr\/wp-json\/wp\/v2\/pages\/647"}],"wp:attachment":[{"href":"https:\/\/www.indigoverona.com\/fr\/wp-json\/wp\/v2\/media?parent=2166"}],"curies":[{"name":"wp","href":"https:\/\/api.w.org\/{rel}","templated":true}]}}