{"id":2477,"date":"2025-04-01T11:24:13","date_gmt":"2025-04-01T11:24:13","guid":{"rendered":"https:\/\/www.indigoverona.com\/neighborhood-story\/"},"modified":"2025-04-01T12:39:24","modified_gmt":"2025-04-01T12:39:24","slug":"neighborhood-story","status":"publish","type":"page","link":"https:\/\/www.indigoverona.com\/fr\/hotel\/neighborhood-story\/","title":{"rendered":"The Neighbourhood Story"},"content":{"rendered":"<p class=\"\" data-start=\"142\" data-end=\"378\"><strong data-start=\"142\" data-end=\"254\">Bienvenue dans le quartier Porta Nuova de V\u00e9rone, o\u00f9 les sites embl\u00e9matiques rencontrent les tr\u00e9sors cach\u00e9s.<\/strong><br data-start=\"254\" data-end=\"257\" \/>Ici, vous d\u00e9couvrirez le visage le plus authentique de la ville \u2013 riche en <strong data-start=\"332\" data-end=\"344\">histoire<\/strong>, <strong data-start=\"346\" data-end=\"357\">culture<\/strong> et <strong data-start=\"361\" data-end=\"377\">charme local<\/strong>.<\/p>\n<p class=\"\" data-start=\"380\" data-end=\"727\">\u00c0 l\u2019<strong data-start=\"384\" data-end=\"430\">Hotel Indigo Verona \u2013 Grand Hotel Des Arts<\/strong>, vous serez plong\u00e9 dans l\u2019esprit v\u00e9ritable de Porta Nuova \u2013 un quartier qui a su \u00e9voluer au fil des si\u00e8cles sans jamais perdre son \u00e2me.<br data-start=\"566\" data-end=\"569\" \/>C\u2019est un lieu o\u00f9 l\u2019<strong data-start=\"588\" data-end=\"623\">\u00e9l\u00e9gance des palais historiques<\/strong> s\u2019allie \u00e0 l\u2019<strong data-start=\"636\" data-end=\"656\">\u00e9nergie vibrante<\/strong> d\u2019une ville moderne, impr\u00e9gn\u00e9e d\u2019art, d\u2019architecture et de vie locale.<\/p>\n<p class=\"\" data-start=\"729\" data-end=\"1204\">Fl\u00e2ner dans ces rues, c\u2019est entrer dans l\u2019essence m\u00eame de V\u00e9rone.<br data-start=\"794\" data-end=\"797\" \/>\u00c0 quelques pas de l\u2019h\u00f4tel, vous trouverez le <strong data-start=\"842\" data-end=\"882\">Mus\u00e9e des Fresques B.G. Cavalcaselle<\/strong>, install\u00e9 dans un ancien couvent du XIIIe si\u00e8cle et abritant la l\u00e9gendaire <strong data-start=\"958\" data-end=\"979\">tombe de Juliette<\/strong>.<br data-start=\"980\" data-end=\"983\" \/>Depuis ce lieu, suivez le <strong data-start=\"1009\" data-end=\"1030\">Corso Porta Nuova<\/strong> jusqu\u2019\u00e0 l\u2019impressionnante <strong data-start=\"1057\" data-end=\"1071\">Piazza Bra<\/strong>, couronn\u00e9e par la c\u00e9l\u00e8bre <strong data-start=\"1098\" data-end=\"1117\">Ar\u00e8ne de V\u00e9rone<\/strong>, l\u2019un des amphith\u00e9\u00e2tres romains les mieux conserv\u00e9s et encore en activit\u00e9 aujourd\u2019hui.<\/p>\n","protected":false},"excerpt":{"rendered":"<p>Bienvenue dans le quartier Porta Nuova de V\u00e9rone, o\u00f9 les sites embl\u00e9matiques rencontrent les tr\u00e9sors cach\u00e9s.Ici, vous d\u00e9couvrirez le visage le plus authentique de la ville \u2013 riche en histoire, culture et charme local. \u00c0 l\u2019Hotel Indigo Verona \u2013 Grand Hotel Des Arts, vous serez plong\u00e9 dans l\u2019esprit v\u00e9ritable de Porta Nuova \u2013 un quartier [&hellip;]<\/p>\n","protected":false},"author":157,"featured_media":0,"parent":596,"menu_order":6,"comment_status":"closed","ping_status":"closed","template":"","meta":{"footnotes":""},"class_list":["post-2477","page","type-page","status-publish","hentry"],"yoast_head":"<!-- This site is optimized with the Yoast SEO plugin v26.9 - https:\/\/yoast.com\/product\/yoast-seo-wordpress\/ -->\n<title>The Neighbourhood Story | Hotel Indigo Verona - Grand Hotel Des Arts<\/title>\n<meta name=\"description\" content=\"Explorez le quartier Porta Nuova de V\u00e9rone avec l\u2019Hotel Indigo : histoire, culture et op\u00e9ra \u00e0 deux pas de l\u2019Ar\u00e8ne et du tombeau de Juliette. Vivez la ville \u00e0 la mani\u00e8re Indigo.\" \/>\n<meta name=\"robots\" content=\"index, follow, max-snippet:-1, max-image-preview:large, max-video-preview:-1\" \/>\n<link rel=\"canonical\" href=\"https:\/\/www.indigoverona.com\/fr\/hotel\/neighborhood-story\/\" \/>\n<meta property=\"og:locale\" content=\"fr_FR\" \/>\n<meta property=\"og:type\" content=\"article\" \/>\n<meta property=\"og:title\" content=\"The Neighbourhood Story | Hotel Indigo Verona - Grand Hotel Des Arts\" \/>\n<meta property=\"og:description\" content=\"Explorez le quartier Porta Nuova de V\u00e9rone avec l\u2019Hotel Indigo : histoire, culture et op\u00e9ra \u00e0 deux pas de l\u2019Ar\u00e8ne et du tombeau de Juliette. Vivez la ville \u00e0 la mani\u00e8re Indigo.\" \/>\n<meta property=\"og:url\" content=\"https:\/\/www.indigoverona.com\/fr\/hotel\/neighborhood-story\/\" \/>\n<meta property=\"og:site_name\" content=\"Hotel Indigo Verona - Grand Hotel Des Arts\" \/>\n<meta property=\"article:modified_time\" content=\"2025-04-01T12:39:24+00:00\" \/>\n<meta name=\"twitter:card\" content=\"summary_large_image\" \/>\n<meta name=\"twitter:label1\" content=\"Dur\u00e9e de lecture estim\u00e9e\" \/>\n\t<meta name=\"twitter:data1\" content=\"1 minute\" \/>\n<script type=\"application\/ld+json\" class=\"yoast-schema-graph\">{\"@context\":\"https:\/\/schema.org\",\"@graph\":[{\"@type\":\"WebPage\",\"@id\":\"https:\/\/www.indigoverona.com\/fr\/hotel\/neighborhood-story\/\",\"url\":\"https:\/\/www.indigoverona.com\/fr\/hotel\/neighborhood-story\/\",\"name\":\"The Neighbourhood Story | Hotel Indigo Verona - Grand Hotel Des Arts\",\"isPartOf\":{\"@id\":\"https:\/\/www.indigoverona.com\/fr\/#website\"},\"datePublished\":\"2025-04-01T11:24:13+00:00\",\"dateModified\":\"2025-04-01T12:39:24+00:00\",\"description\":\"Explorez le quartier Porta Nuova de V\u00e9rone avec l\u2019Hotel Indigo : histoire, culture et op\u00e9ra \u00e0 deux pas de l\u2019Ar\u00e8ne et du tombeau de Juliette. Vivez la ville \u00e0 la mani\u00e8re Indigo.\",\"breadcrumb\":{\"@id\":\"https:\/\/www.indigoverona.com\/fr\/hotel\/neighborhood-story\/#breadcrumb\"},\"inLanguage\":\"fr-FR\",\"potentialAction\":[{\"@type\":\"ReadAction\",\"target\":[\"https:\/\/www.indigoverona.com\/fr\/hotel\/neighborhood-story\/\"]}]},{\"@type\":\"BreadcrumbList\",\"@id\":\"https:\/\/www.indigoverona.com\/fr\/hotel\/neighborhood-story\/#breadcrumb\",\"itemListElement\":[{\"@type\":\"ListItem\",\"position\":1,\"name\":\"Home\",\"item\":\"https:\/\/www.indigoverona.com\/fr\/\"},{\"@type\":\"ListItem\",\"position\":2,\"name\":\"The Neighbourhood Story\"}]},{\"@type\":\"WebSite\",\"@id\":\"https:\/\/www.indigoverona.com\/fr\/#website\",\"url\":\"https:\/\/www.indigoverona.com\/fr\/\",\"name\":\"Hotel Indigo Verona - Grand Hotel Des Arts\",\"description\":\"Just another ms.decms.eu site\",\"potentialAction\":[{\"@type\":\"SearchAction\",\"target\":{\"@type\":\"EntryPoint\",\"urlTemplate\":\"https:\/\/www.indigoverona.com\/fr\/?s={search_term_string}\"},\"query-input\":{\"@type\":\"PropertyValueSpecification\",\"valueRequired\":true,\"valueName\":\"search_term_string\"}}],\"inLanguage\":\"fr-FR\"}]}<\/script>\n<!-- \/ Yoast SEO plugin. -->","yoast_head_json":{"title":"The Neighbourhood Story | Hotel Indigo Verona - Grand Hotel Des Arts","description":"Explorez le quartier Porta Nuova de V\u00e9rone avec l\u2019Hotel Indigo : histoire, culture et op\u00e9ra \u00e0 deux pas de l\u2019Ar\u00e8ne et du tombeau de Juliette. Vivez la ville \u00e0 la mani\u00e8re Indigo.","robots":{"index":"index","follow":"follow","max-snippet":"max-snippet:-1","max-image-preview":"max-image-preview:large","max-video-preview":"max-video-preview:-1"},"canonical":"https:\/\/www.indigoverona.com\/fr\/hotel\/neighborhood-story\/","og_locale":"fr_FR","og_type":"article","og_title":"The Neighbourhood Story | Hotel Indigo Verona - Grand Hotel Des Arts","og_description":"Explorez le quartier Porta Nuova de V\u00e9rone avec l\u2019Hotel Indigo : histoire, culture et op\u00e9ra \u00e0 deux pas de l\u2019Ar\u00e8ne et du tombeau de Juliette. Vivez la ville \u00e0 la mani\u00e8re Indigo.","og_url":"https:\/\/www.indigoverona.com\/fr\/hotel\/neighborhood-story\/","og_site_name":"Hotel Indigo Verona - Grand Hotel Des Arts","article_modified_time":"2025-04-01T12:39:24+00:00","twitter_card":"summary_large_image","twitter_misc":{"Dur\u00e9e de lecture estim\u00e9e":"1 minute"},"schema":{"@context":"https:\/\/schema.org","@graph":[{"@type":"WebPage","@id":"https:\/\/www.indigoverona.com\/fr\/hotel\/neighborhood-story\/","url":"https:\/\/www.indigoverona.com\/fr\/hotel\/neighborhood-story\/","name":"The Neighbourhood Story | Hotel Indigo Verona - Grand Hotel Des Arts","isPartOf":{"@id":"https:\/\/www.indigoverona.com\/fr\/#website"},"datePublished":"2025-04-01T11:24:13+00:00","dateModified":"2025-04-01T12:39:24+00:00","description":"Explorez le quartier Porta Nuova de V\u00e9rone avec l\u2019Hotel Indigo : histoire, culture et op\u00e9ra \u00e0 deux pas de l\u2019Ar\u00e8ne et du tombeau de Juliette. Vivez la ville \u00e0 la mani\u00e8re Indigo.","breadcrumb":{"@id":"https:\/\/www.indigoverona.com\/fr\/hotel\/neighborhood-story\/#breadcrumb"},"inLanguage":"fr-FR","potentialAction":[{"@type":"ReadAction","target":["https:\/\/www.indigoverona.com\/fr\/hotel\/neighborhood-story\/"]}]},{"@type":"BreadcrumbList","@id":"https:\/\/www.indigoverona.com\/fr\/hotel\/neighborhood-story\/#breadcrumb","itemListElement":[{"@type":"ListItem","position":1,"name":"Home","item":"https:\/\/www.indigoverona.com\/fr\/"},{"@type":"ListItem","position":2,"name":"The Neighbourhood Story"}]},{"@type":"WebSite","@id":"https:\/\/www.indigoverona.com\/fr\/#website","url":"https:\/\/www.indigoverona.com\/fr\/","name":"Hotel Indigo Verona - Grand Hotel Des Arts","description":"Just another ms.decms.eu site","potentialAction":[{"@type":"SearchAction","target":{"@type":"EntryPoint","urlTemplate":"https:\/\/www.indigoverona.com\/fr\/?s={search_term_string}"},"query-input":{"@type":"PropertyValueSpecification","valueRequired":true,"valueName":"search_term_string"}}],"inLanguage":"fr-FR"}]}},"acf":[],"_links":{"self":[{"href":"https:\/\/www.indigoverona.com\/fr\/wp-json\/wp\/v2\/pages\/2477","targetHints":{"allow":["GET"]}}],"collection":[{"href":"https:\/\/www.indigoverona.com\/fr\/wp-json\/wp\/v2\/pages"}],"about":[{"href":"https:\/\/www.indigoverona.com\/fr\/wp-json\/wp\/v2\/types\/page"}],"author":[{"embeddable":true,"href":"https:\/\/www.indigoverona.com\/fr\/wp-json\/wp\/v2\/users\/157"}],"replies":[{"embeddable":true,"href":"https:\/\/www.indigoverona.com\/fr\/wp-json\/wp\/v2\/comments?post=2477"}],"version-history":[{"count":0,"href":"https:\/\/www.indigoverona.com\/fr\/wp-json\/wp\/v2\/pages\/2477\/revisions"}],"up":[{"embeddable":true,"href":"https:\/\/www.indigoverona.com\/fr\/wp-json\/wp\/v2\/pages\/596"}],"wp:attachment":[{"href":"https:\/\/www.indigoverona.com\/fr\/wp-json\/wp\/v2\/media?parent=2477"}],"curies":[{"name":"wp","href":"https:\/\/api.w.org\/{rel}","templated":true}]}}